{"id":13091,"date":"2018-07-24T17:51:39","date_gmt":"2018-07-24T15:51:39","guid":{"rendered":"https:\/\/my-french-grocery.com\/product\/loriginal-chocolate-negro-cote-dor\/"},"modified":"2018-07-24T17:51:39","modified_gmt":"2018-07-24T15:51:39","slug":"loriginal-chocolate-negro-cote-dor","status":"publish","type":"product","link":"https:\/\/my-french-grocery.com\/es\/producto\/loriginal-chocolate-negro-cote-dor\/","title":{"rendered":"&#8220;L&#8217;Original&#8221; Chocolate Negro C\u00f4te d&#8217;Or"},"content":{"rendered":"<p>&#8220;L&#8217;Original&#8221; Chocolate Negro C\u00f4te d&#8217;Or<\/p>\n<p>Tableta de 200 g<\/p>\n<p>C\u00f4te d&#8217;Or fue fundada en 1883 por Charles Neuhaus, un fabricante de chocolate que utiliz\u00f3 el nombre C\u00f4te d&#8217;Or (pseudo-franc\u00e9s para Gold Coast) en referencia al antiguo nombre de la Ghana contempor\u00e1nea, la fuente de muchos de los granos de cacao utilizados en fabricaci\u00f3n de chocolate.<\/p>\n","protected":false},"excerpt":{"rendered":"<p>&#8220;L&#8217;Original&#8221; Chocolate Negro C\u00f4te d&#8217;Or<\/p>\n<p>Tableta de 200 g<\/p>\n","protected":false},"featured_media":35781,"comment_status":"open","ping_status":"closed","template":"","meta":[],"pwb-brand":[591],"product_brand":[],"product_cat":[1740],"product_tag":[1808],"class_list":{"0":"post-13091","1":"product","2":"type-product","3":"status-publish","4":"has-post-thumbnail","6":"pwb-brand-cote-dor-es","7":"product_cat-chocolate-es","8":"product_tag-chocolate-negro","9":"product_shipping_class-expedicion-mundial","11":"first","12":"instock","13":"taxable","14":"shipping-taxable","15":"purchasable","16":"product-type-simple"},"yoast_head":"<!-- This site is optimized with the Yoast SEO plugin v27.3 - https:\/\/yoast.com\/product\/yoast-seo-wordpress\/ -->\n<title>&quot;L&#039;Original&quot; Chocolate Negro C\u00f4te d&#039;Or | Comprar En Linea | My French Grocery<\/title>\n<meta name=\"description\" content=\"&quot;L&#039;Original&quot; Chocolate Negro C\u00f4te d&#039;Or - Tableta de 200 g - C\u00f4te d&#039;Or fue fundada en 1883 por Charles Neuhaus, un fabricante de chocolate que utiliz\u00f3 el nombre C\u00f4te d&#039;Or (pseudo-franc\u00e9s para Gold Coast) en referencia al antiguo nombre de la Ghana contempor\u00e1nea, la fuente de muchos de los granos de cacao utilizados en fabricaci\u00f3n de chocolate.\" \/>\n<meta name=\"robots\" content=\"index, follow, max-snippet:-1, max-image-preview:large, max-video-preview:-1\" \/>\n<link rel=\"canonical\" href=\"https:\/\/my-french-grocery.com\/es\/producto\/loriginal-chocolate-negro-cote-dor\/\" \/>\n<meta property=\"og:locale\" content=\"es_ES\" \/>\n<meta property=\"og:type\" content=\"article\" \/>\n<meta property=\"og:title\" content=\"&quot;L&#039;Original&quot; Chocolate Negro C\u00f4te d&#039;Or | Comprar En Linea | My French Grocery\" \/>\n<meta property=\"og:description\" content=\"&quot;L&#039;Original&quot; Chocolate Negro C\u00f4te d&#039;Or - Tableta de 200 g - C\u00f4te d&#039;Or fue fundada en 1883 por Charles Neuhaus, un fabricante de chocolate que utiliz\u00f3 el nombre C\u00f4te d&#039;Or (pseudo-franc\u00e9s para Gold Coast) en referencia al antiguo nombre de la Ghana contempor\u00e1nea, la fuente de muchos de los granos de cacao utilizados en fabricaci\u00f3n de chocolate.\" \/>\n<meta property=\"og:url\" content=\"https:\/\/my-french-grocery.com\/es\/producto\/loriginal-chocolate-negro-cote-dor\/\" \/>\n<meta property=\"og:site_name\" content=\"My French Grocery\" \/>\n<meta property=\"article:publisher\" content=\"https:\/\/www.facebook.com\/myfrenchgrocery\/\" \/>\n<meta property=\"og:image\" content=\"https:\/\/my-french-grocery.com\/wp-content\/uploads\/2018\/07\/cote-dor-original-noir.jpg\" \/>\n\t<meta property=\"og:image:width\" content=\"1500\" \/>\n\t<meta property=\"og:image:height\" content=\"1500\" \/>\n\t<meta property=\"og:image:type\" content=\"image\/jpeg\" \/>\n<meta name=\"twitter:card\" content=\"summary_large_image\" \/>\n<script type=\"application\/ld+json\" class=\"yoast-schema-graph\">{\"@context\":\"https:\\\/\\\/schema.org\",\"@graph\":[{\"@type\":\"WebPage\",\"@id\":\"https:\\\/\\\/my-french-grocery.com\\\/es\\\/producto\\\/loriginal-chocolate-negro-cote-dor\\\/\",\"url\":\"https:\\\/\\\/my-french-grocery.com\\\/es\\\/producto\\\/loriginal-chocolate-negro-cote-dor\\\/\",\"name\":\"\\\"L'Original\\\" Chocolate Negro C\u00f4te d'Or | Comprar En Linea | My French Grocery\",\"isPartOf\":{\"@id\":\"https:\\\/\\\/my-french-grocery.com\\\/es\\\/#website\"},\"primaryImageOfPage\":{\"@id\":\"https:\\\/\\\/my-french-grocery.com\\\/es\\\/producto\\\/loriginal-chocolate-negro-cote-dor\\\/#primaryimage\"},\"image\":{\"@id\":\"https:\\\/\\\/my-french-grocery.com\\\/es\\\/producto\\\/loriginal-chocolate-negro-cote-dor\\\/#primaryimage\"},\"thumbnailUrl\":\"https:\\\/\\\/my-french-grocery.com\\\/wp-content\\\/uploads\\\/2018\\\/07\\\/Cote-dor-Original-Noir2.jpeg\",\"datePublished\":\"2018-07-24T15:51:39+00:00\",\"description\":\"\\\"L'Original\\\" Chocolate Negro C\u00f4te d'Or - Tableta de 200 g - C\u00f4te d'Or fue fundada en 1883 por Charles Neuhaus, un fabricante de chocolate que utiliz\u00f3 el nombre C\u00f4te d'Or (pseudo-franc\u00e9s para Gold Coast) en referencia al antiguo nombre de la Ghana contempor\u00e1nea, la fuente de muchos de los granos de cacao utilizados en fabricaci\u00f3n de chocolate.\",\"breadcrumb\":{\"@id\":\"https:\\\/\\\/my-french-grocery.com\\\/es\\\/producto\\\/loriginal-chocolate-negro-cote-dor\\\/#breadcrumb\"},\"inLanguage\":\"es-ES\",\"potentialAction\":[{\"@type\":\"ReadAction\",\"target\":[\"https:\\\/\\\/my-french-grocery.com\\\/es\\\/producto\\\/loriginal-chocolate-negro-cote-dor\\\/\"]}]},{\"@type\":\"ImageObject\",\"inLanguage\":\"es-ES\",\"@id\":\"https:\\\/\\\/my-french-grocery.com\\\/es\\\/producto\\\/loriginal-chocolate-negro-cote-dor\\\/#primaryimage\",\"url\":\"https:\\\/\\\/my-french-grocery.com\\\/wp-content\\\/uploads\\\/2018\\\/07\\\/Cote-dor-Original-Noir2.jpeg\",\"contentUrl\":\"https:\\\/\\\/my-french-grocery.com\\\/wp-content\\\/uploads\\\/2018\\\/07\\\/Cote-dor-Original-Noir2.jpeg\",\"width\":1200,\"height\":1200},{\"@type\":\"BreadcrumbList\",\"@id\":\"https:\\\/\\\/my-french-grocery.com\\\/es\\\/producto\\\/loriginal-chocolate-negro-cote-dor\\\/#breadcrumb\",\"itemListElement\":[{\"@type\":\"ListItem\",\"position\":1,\"name\":\"Home\",\"item\":\"https:\\\/\\\/my-french-grocery.com\\\/es\\\/tienda-2\\\/\"},{\"@type\":\"ListItem\",\"position\":2,\"name\":\"Shop\",\"item\":\"https:\\\/\\\/my-french-grocery.com\\\/shop\\\/\"},{\"@type\":\"ListItem\",\"position\":3,\"name\":\"Comida\",\"item\":\"https:\\\/\\\/my-french-grocery.com\\\/es\\\/categoria-producto\\\/comida\\\/\"},{\"@type\":\"ListItem\",\"position\":4,\"name\":\"Dulces - Chocolates\",\"item\":\"https:\\\/\\\/my-french-grocery.com\\\/es\\\/categoria-producto\\\/comida\\\/dulces-chocolates\\\/\"},{\"@type\":\"ListItem\",\"position\":5,\"name\":\"Chocolate\",\"item\":\"https:\\\/\\\/my-french-grocery.com\\\/es\\\/categoria-producto\\\/comida\\\/dulces-chocolates\\\/chocolate-es\\\/\"},{\"@type\":\"ListItem\",\"position\":6,\"name\":\"&#8220;L&#8217;Original&#8221; Chocolate Negro C\u00f4te d&#8217;Or\"}]},{\"@type\":\"WebSite\",\"@id\":\"https:\\\/\\\/my-french-grocery.com\\\/es\\\/#website\",\"url\":\"https:\\\/\\\/my-french-grocery.com\\\/es\\\/\",\"name\":\"My French Grocery\",\"description\":\"Your Online French Grocery  !\",\"publisher\":{\"@id\":\"https:\\\/\\\/my-french-grocery.com\\\/es\\\/#organization\"},\"potentialAction\":[{\"@type\":\"SearchAction\",\"target\":{\"@type\":\"EntryPoint\",\"urlTemplate\":\"https:\\\/\\\/my-french-grocery.com\\\/es\\\/?s={search_term_string}\"},\"query-input\":{\"@type\":\"PropertyValueSpecification\",\"valueRequired\":true,\"valueName\":\"search_term_string\"}}],\"inLanguage\":\"es-ES\"},{\"@type\":\"Organization\",\"@id\":\"https:\\\/\\\/my-french-grocery.com\\\/es\\\/#organization\",\"name\":\"MY FRENCH GROCERY\",\"url\":\"https:\\\/\\\/my-french-grocery.com\\\/es\\\/\",\"logo\":{\"@type\":\"ImageObject\",\"inLanguage\":\"es-ES\",\"@id\":\"https:\\\/\\\/my-french-grocery.com\\\/es\\\/#\\\/schema\\\/logo\\\/image\\\/\",\"url\":\"https:\\\/\\\/my-french-grocery.com\\\/wp-content\\\/uploads\\\/2021\\\/11\\\/My-French-Grocery-Online-French-Grocery.png\",\"contentUrl\":\"https:\\\/\\\/my-french-grocery.com\\\/wp-content\\\/uploads\\\/2021\\\/11\\\/My-French-Grocery-Online-French-Grocery.png\",\"width\":100,\"height\":100,\"caption\":\"MY FRENCH GROCERY\"},\"image\":{\"@id\":\"https:\\\/\\\/my-french-grocery.com\\\/es\\\/#\\\/schema\\\/logo\\\/image\\\/\"},\"sameAs\":[\"https:\\\/\\\/www.facebook.com\\\/myfrenchgrocery\\\/\"]}]}<\/script>\n<!-- \/ Yoast SEO plugin. -->","yoast_head_json":{"title":"\"L'Original\" Chocolate Negro C\u00f4te d'Or | Comprar En Linea | My French Grocery","description":"\"L'Original\" Chocolate Negro C\u00f4te d'Or - Tableta de 200 g - C\u00f4te d'Or fue fundada en 1883 por Charles Neuhaus, un fabricante de chocolate que utiliz\u00f3 el nombre C\u00f4te d'Or (pseudo-franc\u00e9s para Gold Coast) en referencia al antiguo nombre de la Ghana contempor\u00e1nea, la fuente de muchos de los granos de cacao utilizados en fabricaci\u00f3n de chocolate.","robots":{"index":"index","follow":"follow","max-snippet":"max-snippet:-1","max-image-preview":"max-image-preview:large","max-video-preview":"max-video-preview:-1"},"canonical":"https:\/\/my-french-grocery.com\/es\/producto\/loriginal-chocolate-negro-cote-dor\/","og_locale":"es_ES","og_type":"article","og_title":"\"L'Original\" Chocolate Negro C\u00f4te d'Or | Comprar En Linea | My French Grocery","og_description":"\"L'Original\" Chocolate Negro C\u00f4te d'Or - Tableta de 200 g - C\u00f4te d'Or fue fundada en 1883 por Charles Neuhaus, un fabricante de chocolate que utiliz\u00f3 el nombre C\u00f4te d'Or (pseudo-franc\u00e9s para Gold Coast) en referencia al antiguo nombre de la Ghana contempor\u00e1nea, la fuente de muchos de los granos de cacao utilizados en fabricaci\u00f3n de chocolate.","og_url":"https:\/\/my-french-grocery.com\/es\/producto\/loriginal-chocolate-negro-cote-dor\/","og_site_name":"My French Grocery","article_publisher":"https:\/\/www.facebook.com\/myfrenchgrocery\/","og_image":[{"width":1500,"height":1500,"url":"https:\/\/my-french-grocery.com\/wp-content\/uploads\/2018\/07\/cote-dor-original-noir.jpg","type":"image\/jpeg"}],"twitter_card":"summary_large_image","schema":{"@context":"https:\/\/schema.org","@graph":[{"@type":"WebPage","@id":"https:\/\/my-french-grocery.com\/es\/producto\/loriginal-chocolate-negro-cote-dor\/","url":"https:\/\/my-french-grocery.com\/es\/producto\/loriginal-chocolate-negro-cote-dor\/","name":"\"L'Original\" Chocolate Negro C\u00f4te d'Or | Comprar En Linea | My French Grocery","isPartOf":{"@id":"https:\/\/my-french-grocery.com\/es\/#website"},"primaryImageOfPage":{"@id":"https:\/\/my-french-grocery.com\/es\/producto\/loriginal-chocolate-negro-cote-dor\/#primaryimage"},"image":{"@id":"https:\/\/my-french-grocery.com\/es\/producto\/loriginal-chocolate-negro-cote-dor\/#primaryimage"},"thumbnailUrl":"https:\/\/my-french-grocery.com\/wp-content\/uploads\/2018\/07\/Cote-dor-Original-Noir2.jpeg","datePublished":"2018-07-24T15:51:39+00:00","description":"\"L'Original\" Chocolate Negro C\u00f4te d'Or - Tableta de 200 g - C\u00f4te d'Or fue fundada en 1883 por Charles Neuhaus, un fabricante de chocolate que utiliz\u00f3 el nombre C\u00f4te d'Or (pseudo-franc\u00e9s para Gold Coast) en referencia al antiguo nombre de la Ghana contempor\u00e1nea, la fuente de muchos de los granos de cacao utilizados en fabricaci\u00f3n de chocolate.","breadcrumb":{"@id":"https:\/\/my-french-grocery.com\/es\/producto\/loriginal-chocolate-negro-cote-dor\/#breadcrumb"},"inLanguage":"es-ES","potentialAction":[{"@type":"ReadAction","target":["https:\/\/my-french-grocery.com\/es\/producto\/loriginal-chocolate-negro-cote-dor\/"]}]},{"@type":"ImageObject","inLanguage":"es-ES","@id":"https:\/\/my-french-grocery.com\/es\/producto\/loriginal-chocolate-negro-cote-dor\/#primaryimage","url":"https:\/\/my-french-grocery.com\/wp-content\/uploads\/2018\/07\/Cote-dor-Original-Noir2.jpeg","contentUrl":"https:\/\/my-french-grocery.com\/wp-content\/uploads\/2018\/07\/Cote-dor-Original-Noir2.jpeg","width":1200,"height":1200},{"@type":"BreadcrumbList","@id":"https:\/\/my-french-grocery.com\/es\/producto\/loriginal-chocolate-negro-cote-dor\/#breadcrumb","itemListElement":[{"@type":"ListItem","position":1,"name":"Home","item":"https:\/\/my-french-grocery.com\/es\/tienda-2\/"},{"@type":"ListItem","position":2,"name":"Shop","item":"https:\/\/my-french-grocery.com\/shop\/"},{"@type":"ListItem","position":3,"name":"Comida","item":"https:\/\/my-french-grocery.com\/es\/categoria-producto\/comida\/"},{"@type":"ListItem","position":4,"name":"Dulces - Chocolates","item":"https:\/\/my-french-grocery.com\/es\/categoria-producto\/comida\/dulces-chocolates\/"},{"@type":"ListItem","position":5,"name":"Chocolate","item":"https:\/\/my-french-grocery.com\/es\/categoria-producto\/comida\/dulces-chocolates\/chocolate-es\/"},{"@type":"ListItem","position":6,"name":"&#8220;L&#8217;Original&#8221; Chocolate Negro C\u00f4te d&#8217;Or"}]},{"@type":"WebSite","@id":"https:\/\/my-french-grocery.com\/es\/#website","url":"https:\/\/my-french-grocery.com\/es\/","name":"My French Grocery","description":"Your Online French Grocery  !","publisher":{"@id":"https:\/\/my-french-grocery.com\/es\/#organization"},"potentialAction":[{"@type":"SearchAction","target":{"@type":"EntryPoint","urlTemplate":"https:\/\/my-french-grocery.com\/es\/?s={search_term_string}"},"query-input":{"@type":"PropertyValueSpecification","valueRequired":true,"valueName":"search_term_string"}}],"inLanguage":"es-ES"},{"@type":"Organization","@id":"https:\/\/my-french-grocery.com\/es\/#organization","name":"MY FRENCH GROCERY","url":"https:\/\/my-french-grocery.com\/es\/","logo":{"@type":"ImageObject","inLanguage":"es-ES","@id":"https:\/\/my-french-grocery.com\/es\/#\/schema\/logo\/image\/","url":"https:\/\/my-french-grocery.com\/wp-content\/uploads\/2021\/11\/My-French-Grocery-Online-French-Grocery.png","contentUrl":"https:\/\/my-french-grocery.com\/wp-content\/uploads\/2021\/11\/My-French-Grocery-Online-French-Grocery.png","width":100,"height":100,"caption":"MY FRENCH GROCERY"},"image":{"@id":"https:\/\/my-french-grocery.com\/es\/#\/schema\/logo\/image\/"},"sameAs":["https:\/\/www.facebook.com\/myfrenchgrocery\/"]}]}},"brands":[{"id":591,"name":"C\u00f4te D'Or","slug":"cote-dor-es"}],"_links":{"self":[{"href":"https:\/\/my-french-grocery.com\/es\/wp-json\/wp\/v2\/product\/13091","targetHints":{"allow":["GET"]}}],"collection":[{"href":"https:\/\/my-french-grocery.com\/es\/wp-json\/wp\/v2\/product"}],"about":[{"href":"https:\/\/my-french-grocery.com\/es\/wp-json\/wp\/v2\/types\/product"}],"replies":[{"embeddable":true,"href":"https:\/\/my-french-grocery.com\/es\/wp-json\/wp\/v2\/comments?post=13091"}],"wp:featuredmedia":[{"embeddable":true,"href":"https:\/\/my-french-grocery.com\/es\/wp-json\/wp\/v2\/media\/35781"}],"wp:attachment":[{"href":"https:\/\/my-french-grocery.com\/es\/wp-json\/wp\/v2\/media?parent=13091"}],"wp:term":[{"taxonomy":"pwb-brand","embeddable":true,"href":"https:\/\/my-french-grocery.com\/es\/wp-json\/wp\/v2\/pwb-brand?post=13091"},{"taxonomy":"product_brand","embeddable":true,"href":"https:\/\/my-french-grocery.com\/es\/wp-json\/wp\/v2\/product_brand?post=13091"},{"taxonomy":"product_cat","embeddable":true,"href":"https:\/\/my-french-grocery.com\/es\/wp-json\/wp\/v2\/product_cat?post=13091"},{"taxonomy":"product_tag","embeddable":true,"href":"https:\/\/my-french-grocery.com\/es\/wp-json\/wp\/v2\/product_tag?post=13091"}],"curies":[{"name":"wp","href":"https:\/\/api.w.org\/{rel}","templated":true}]}}