{"id":13093,"date":"2018-07-24T17:58:32","date_gmt":"2018-07-24T15:58:32","guid":{"rendered":"https:\/\/my-french-grocery.com\/product\/chocolate-negro-avellanas-enteras-cote-dor\/"},"modified":"2018-07-24T17:58:32","modified_gmt":"2018-07-24T15:58:32","slug":"chocolate-negro-avellanas-enteras-cote-dor","status":"publish","type":"product","link":"https:\/\/my-french-grocery.com\/es\/producto\/chocolate-negro-avellanas-enteras-cote-dor\/","title":{"rendered":"Chocolate Negro Avellanas Enteras C\u00f4te d&#8217;Or"},"content":{"rendered":"<p>Chocolate Negro Avellanas Enteras C\u00f4te d\u2019Or<\/p>\n<p>Tableta de 180 g<\/p>\n<p>C\u00f4te d\u2019Or fue fundada en 1883 por Charles Neuhaus, un fabricante de chocolate que utiliz\u00f3 el nombre C\u00f4te d\u2019Or (pseudo-franc\u00e9s para Gold Coast) en referencia al antiguo nombre de la Ghana contempor\u00e1nea, la fuente de muchos de los granos de cacao utilizados en fabricaci\u00f3n de chocolate.<\/p>\n","protected":false},"excerpt":{"rendered":"<p>Chocolate Negro Avellanas Enteras C\u00f4te d&#8217;Or<\/p>\n<p>Tableta de 180 g<\/p>\n","protected":false},"featured_media":13094,"comment_status":"open","ping_status":"closed","template":"","meta":[],"pwb-brand":[591],"product_brand":[],"product_cat":[1740],"product_tag":[1807,1805],"class_list":{"0":"post-13093","1":"product","2":"type-product","3":"status-publish","4":"has-post-thumbnail","6":"pwb-brand-cote-dor-es","7":"product_cat-chocolate-es","8":"product_tag-avellana","9":"product_tag-chocolate-es","10":"product_shipping_class-expedicion-mundial","12":"first","13":"instock","14":"taxable","15":"shipping-taxable","16":"purchasable","17":"product-type-simple"},"brands":[{"id":591,"name":"C\u00f4te D'Or","slug":"cote-dor-es"}],"_links":{"self":[{"href":"https:\/\/my-french-grocery.com\/es\/wp-json\/wp\/v2\/product\/13093","targetHints":{"allow":["GET"]}}],"collection":[{"href":"https:\/\/my-french-grocery.com\/es\/wp-json\/wp\/v2\/product"}],"about":[{"href":"https:\/\/my-french-grocery.com\/es\/wp-json\/wp\/v2\/types\/product"}],"replies":[{"embeddable":true,"href":"https:\/\/my-french-grocery.com\/es\/wp-json\/wp\/v2\/comments?post=13093"}],"wp:featuredmedia":[{"embeddable":true,"href":"https:\/\/my-french-grocery.com\/es\/wp-json\/wp\/v2\/media\/13094"}],"wp:attachment":[{"href":"https:\/\/my-french-grocery.com\/es\/wp-json\/wp\/v2\/media?parent=13093"}],"wp:term":[{"taxonomy":"pwb-brand","embeddable":true,"href":"https:\/\/my-french-grocery.com\/es\/wp-json\/wp\/v2\/pwb-brand?post=13093"},{"taxonomy":"product_brand","embeddable":true,"href":"https:\/\/my-french-grocery.com\/es\/wp-json\/wp\/v2\/product_brand?post=13093"},{"taxonomy":"product_cat","embeddable":true,"href":"https:\/\/my-french-grocery.com\/es\/wp-json\/wp\/v2\/product_cat?post=13093"},{"taxonomy":"product_tag","embeddable":true,"href":"https:\/\/my-french-grocery.com\/es\/wp-json\/wp\/v2\/product_tag?post=13093"}],"curies":[{"name":"wp","href":"https:\/\/api.w.org\/{rel}","templated":true}]}}