{"id":13117,"date":"2018-07-30T16:25:23","date_gmt":"2018-07-30T14:25:23","guid":{"rendered":"https:\/\/my-french-grocery.com\/product\/chocolate-con-leche-de-jengibre-y-linaza-organico-de-peru-ethiquable\/"},"modified":"2018-07-30T16:25:23","modified_gmt":"2018-07-30T14:25:23","slug":"chocolate-con-leche-de-jengibre-y-linaza-organico-de-peru-ethiquable","status":"publish","type":"product","link":"https:\/\/my-french-grocery.com\/es\/producto\/chocolate-con-leche-de-jengibre-y-linaza-organico-de-peru-ethiquable\/","title":{"rendered":"Chocolate Con Leche De Jengibre y Linaza Org\u00e1nico de Per\u00fa Ethiquable"},"content":{"rendered":"<p>Chocolate Con Leche De Jengibre y Linaza Org\u00e1nico de Per\u00fa Ethiquable<\/p>\n<div class=\"pdp-card__header--text\"><span class=\"ds-body-text ds-body-text--weight-bold ds-body-text--size-m ds-body-text--color-standard-2\"><span>Tableta de 100 g<\/span><\/span><\/div>\n<div class=\"main-details__shoppinglist\">\u00a0<\/div>\n<div>Ethiquable es una empresa cooperativa francesa comprometida, especializada en la venta de productos org\u00e1nicos de comercio justo con base en Fleurance en el Gers.<\/div>\n","protected":false},"excerpt":{"rendered":"<p>Chocolate Con Leche De Jengibre y Linaza Org\u00e1nico de Per\u00fa Ethiquable<\/p>\n<div class=\"pdp-card__header--text\"><span class=\"ds-body-text ds-body-text--weight-bold ds-body-text--size-m ds-body-text--color-standard-2\">Tableta de 100 g<\/span><\/div>\n","protected":false},"featured_media":13118,"comment_status":"open","ping_status":"closed","template":"","meta":[],"pwb-brand":[],"product_brand":[],"product_cat":[1740,1728],"product_tag":[1805,1804],"class_list":{"0":"post-13117","1":"product","2":"type-product","3":"status-publish","4":"has-post-thumbnail","6":"product_cat-chocolate-es","7":"product_cat-chocolate-organico","8":"product_tag-chocolate-es","9":"product_tag-organico","10":"product_shipping_class-expedicion-mundial","12":"first","13":"outofstock","14":"taxable","15":"shipping-taxable","16":"purchasable","17":"product-type-simple"},"brands":[],"_links":{"self":[{"href":"https:\/\/my-french-grocery.com\/es\/wp-json\/wp\/v2\/product\/13117","targetHints":{"allow":["GET"]}}],"collection":[{"href":"https:\/\/my-french-grocery.com\/es\/wp-json\/wp\/v2\/product"}],"about":[{"href":"https:\/\/my-french-grocery.com\/es\/wp-json\/wp\/v2\/types\/product"}],"replies":[{"embeddable":true,"href":"https:\/\/my-french-grocery.com\/es\/wp-json\/wp\/v2\/comments?post=13117"}],"wp:featuredmedia":[{"embeddable":true,"href":"https:\/\/my-french-grocery.com\/es\/wp-json\/wp\/v2\/media\/13118"}],"wp:attachment":[{"href":"https:\/\/my-french-grocery.com\/es\/wp-json\/wp\/v2\/media?parent=13117"}],"wp:term":[{"taxonomy":"pwb-brand","embeddable":true,"href":"https:\/\/my-french-grocery.com\/es\/wp-json\/wp\/v2\/pwb-brand?post=13117"},{"taxonomy":"product_brand","embeddable":true,"href":"https:\/\/my-french-grocery.com\/es\/wp-json\/wp\/v2\/product_brand?post=13117"},{"taxonomy":"product_cat","embeddable":true,"href":"https:\/\/my-french-grocery.com\/es\/wp-json\/wp\/v2\/product_cat?post=13117"},{"taxonomy":"product_tag","embeddable":true,"href":"https:\/\/my-french-grocery.com\/es\/wp-json\/wp\/v2\/product_tag?post=13117"}],"curies":[{"name":"wp","href":"https:\/\/api.w.org\/{rel}","templated":true}]}}