{"id":13142,"date":"2018-08-01T15:23:13","date_gmt":"2018-08-01T13:23:13","guid":{"rendered":"https:\/\/my-french-grocery.com\/product\/chicle-tutti-frutti-malabar\/"},"modified":"2018-08-01T15:23:13","modified_gmt":"2018-08-01T13:23:13","slug":"chicle-tutti-frutti-malabar","status":"publish","type":"product","link":"https:\/\/my-french-grocery.com\/es\/producto\/chicle-tutti-frutti-malabar\/","title":{"rendered":"Chicle Tutti Frutti Malabar"},"content":{"rendered":"<p>Chicle Tutti Frutti Malabar<\/p>\n<div class=\"pdp-card__header--text\"><span class=\"ds-body-text ds-body-text--weight-bold ds-body-text--size-m ds-body-text--color-standard-2\"><span>paquete de 214 g<\/span><\/span><\/div>\n<div>\u00a0<\/div>\n<div class=\"main-details__shoppinglist\">En 1959, la marca lanz\u00f3 las primeras vi\u00f1etas pero no fue hasta 1969 que apareci\u00f3 el famoso personaje rubio vestido con una camiseta amarilla y luciendo en el pecho una &#8220;M&#8221; rodeada de un \u00f3valo rojo. Las aventuras de Malabar (m\u00e1s tarde rebautizado como &#8220;Monsieur Malabar&#8221;) han declinado durante mucho tiempo en las miniaturas contenidas en el paquete, en forma de c\u00f3mics cortos.<\/div>\n<div>\u00a0<\/div>\n","protected":false},"excerpt":{"rendered":"<p>Chicle Tutti Frutti Malabar<\/p>\n<div class=\"pdp-card__header--text\"><span class=\"ds-body-text ds-body-text--weight-bold ds-body-text--size-m ds-body-text--color-standard-2\">paquete de 214 g<\/span><\/div>\n","protected":false},"featured_media":13143,"comment_status":"open","ping_status":"closed","template":"","meta":[],"pwb-brand":[791],"product_brand":[],"product_cat":[1739],"product_tag":[1522],"class_list":{"0":"post-13142","1":"product","2":"type-product","3":"status-publish","4":"has-post-thumbnail","6":"pwb-brand-malabar-es","7":"product_cat-chicle-pastillas","8":"product_tag-chewing-gum-es","9":"product_shipping_class-expedicion-mundial","11":"first","12":"instock","13":"taxable","14":"shipping-taxable","15":"purchasable","16":"product-type-simple"},"yoast_head":"<!-- This site is optimized with the Yoast SEO plugin v27.3 - https:\/\/yoast.com\/product\/yoast-seo-wordpress\/ -->\n<title>Chicle Tutti Frutti Malabar | Comprar En Linea | My French Grocery<\/title>\n<meta name=\"description\" content=\"Chicle Tutti Frutti Malabar - paquete de 214 g - En 1959, la marca lanz\u00f3 las primeras vi\u00f1etas pero no fue hasta 1969 que apareci\u00f3 el famoso personaje rubio vestido con una camiseta amarilla y luciendo en el pecho una &quot;M&quot; rodeada de un \u00f3valo rojo. Las aventuras de Malabar (m\u00e1s tarde rebautizado como &quot;Monsieur Malabar&quot;) han declinado durante mucho tiempo en las miniaturas contenidas en el paquete, en forma de c\u00f3mics cortos.\" \/>\n<meta name=\"robots\" content=\"index, follow, max-snippet:-1, max-image-preview:large, max-video-preview:-1\" \/>\n<link rel=\"canonical\" href=\"https:\/\/my-french-grocery.com\/es\/producto\/chicle-tutti-frutti-malabar\/\" \/>\n<meta property=\"og:locale\" content=\"es_ES\" \/>\n<meta property=\"og:type\" content=\"article\" \/>\n<meta property=\"og:title\" content=\"Chicle Tutti Frutti Malabar | Comprar En Linea | My French Grocery\" \/>\n<meta property=\"og:description\" content=\"Chicle Tutti Frutti Malabar - paquete de 214 g - En 1959, la marca lanz\u00f3 las primeras vi\u00f1etas pero no fue hasta 1969 que apareci\u00f3 el famoso personaje rubio vestido con una camiseta amarilla y luciendo en el pecho una &quot;M&quot; rodeada de un \u00f3valo rojo. Las aventuras de Malabar (m\u00e1s tarde rebautizado como &quot;Monsieur Malabar&quot;) han declinado durante mucho tiempo en las miniaturas contenidas en el paquete, en forma de c\u00f3mics cortos.\" \/>\n<meta property=\"og:url\" content=\"https:\/\/my-french-grocery.com\/es\/producto\/chicle-tutti-frutti-malabar\/\" \/>\n<meta property=\"og:site_name\" content=\"My French Grocery\" \/>\n<meta property=\"article:publisher\" content=\"https:\/\/www.facebook.com\/myfrenchgrocery\/\" \/>\n<meta property=\"og:image\" content=\"https:\/\/my-french-grocery.com\/wp-content\/uploads\/2018\/08\/MALABAR.jpg\" \/>\n\t<meta property=\"og:image:width\" content=\"1500\" \/>\n\t<meta property=\"og:image:height\" content=\"1500\" \/>\n\t<meta property=\"og:image:type\" content=\"image\/jpeg\" \/>\n<meta name=\"twitter:card\" content=\"summary_large_image\" \/>\n<script type=\"application\/ld+json\" class=\"yoast-schema-graph\">{\"@context\":\"https:\\\/\\\/schema.org\",\"@graph\":[{\"@type\":\"WebPage\",\"@id\":\"https:\\\/\\\/my-french-grocery.com\\\/es\\\/producto\\\/chicle-tutti-frutti-malabar\\\/\",\"url\":\"https:\\\/\\\/my-french-grocery.com\\\/es\\\/producto\\\/chicle-tutti-frutti-malabar\\\/\",\"name\":\"Chicle Tutti Frutti Malabar | Comprar En Linea | My French Grocery\",\"isPartOf\":{\"@id\":\"https:\\\/\\\/my-french-grocery.com\\\/es\\\/#website\"},\"primaryImageOfPage\":{\"@id\":\"https:\\\/\\\/my-french-grocery.com\\\/es\\\/producto\\\/chicle-tutti-frutti-malabar\\\/#primaryimage\"},\"image\":{\"@id\":\"https:\\\/\\\/my-french-grocery.com\\\/es\\\/producto\\\/chicle-tutti-frutti-malabar\\\/#primaryimage\"},\"thumbnailUrl\":\"https:\\\/\\\/my-french-grocery.com\\\/wp-content\\\/uploads\\\/2018\\\/08\\\/MALABAR.jpg\",\"datePublished\":\"2018-08-01T13:23:13+00:00\",\"description\":\"Chicle Tutti Frutti Malabar - paquete de 214 g - En 1959, la marca lanz\u00f3 las primeras vi\u00f1etas pero no fue hasta 1969 que apareci\u00f3 el famoso personaje rubio vestido con una camiseta amarilla y luciendo en el pecho una \\\"M\\\" rodeada de un \u00f3valo rojo. Las aventuras de Malabar (m\u00e1s tarde rebautizado como \\\"Monsieur Malabar\\\") han declinado durante mucho tiempo en las miniaturas contenidas en el paquete, en forma de c\u00f3mics cortos.\",\"breadcrumb\":{\"@id\":\"https:\\\/\\\/my-french-grocery.com\\\/es\\\/producto\\\/chicle-tutti-frutti-malabar\\\/#breadcrumb\"},\"inLanguage\":\"es-ES\",\"potentialAction\":[{\"@type\":\"ReadAction\",\"target\":[\"https:\\\/\\\/my-french-grocery.com\\\/es\\\/producto\\\/chicle-tutti-frutti-malabar\\\/\"]}]},{\"@type\":\"ImageObject\",\"inLanguage\":\"es-ES\",\"@id\":\"https:\\\/\\\/my-french-grocery.com\\\/es\\\/producto\\\/chicle-tutti-frutti-malabar\\\/#primaryimage\",\"url\":\"https:\\\/\\\/my-french-grocery.com\\\/wp-content\\\/uploads\\\/2018\\\/08\\\/MALABAR.jpg\",\"contentUrl\":\"https:\\\/\\\/my-french-grocery.com\\\/wp-content\\\/uploads\\\/2018\\\/08\\\/MALABAR.jpg\",\"width\":1500,\"height\":1500,\"caption\":\"Chicle Tutti Frutti Malabar\"},{\"@type\":\"BreadcrumbList\",\"@id\":\"https:\\\/\\\/my-french-grocery.com\\\/es\\\/producto\\\/chicle-tutti-frutti-malabar\\\/#breadcrumb\",\"itemListElement\":[{\"@type\":\"ListItem\",\"position\":1,\"name\":\"Home\",\"item\":\"https:\\\/\\\/my-french-grocery.com\\\/es\\\/tienda-2\\\/\"},{\"@type\":\"ListItem\",\"position\":2,\"name\":\"Shop\",\"item\":\"https:\\\/\\\/my-french-grocery.com\\\/shop\\\/\"},{\"@type\":\"ListItem\",\"position\":3,\"name\":\"Comida\",\"item\":\"https:\\\/\\\/my-french-grocery.com\\\/es\\\/categoria-producto\\\/comida\\\/\"},{\"@type\":\"ListItem\",\"position\":4,\"name\":\"Dulces - Chocolates\",\"item\":\"https:\\\/\\\/my-french-grocery.com\\\/es\\\/categoria-producto\\\/comida\\\/dulces-chocolates\\\/\"},{\"@type\":\"ListItem\",\"position\":5,\"name\":\"Chicle &amp; Pastillas\",\"item\":\"https:\\\/\\\/my-french-grocery.com\\\/es\\\/categoria-producto\\\/comida\\\/dulces-chocolates\\\/chicle-pastillas\\\/\"},{\"@type\":\"ListItem\",\"position\":6,\"name\":\"Chicle Tutti Frutti Malabar\"}]},{\"@type\":\"WebSite\",\"@id\":\"https:\\\/\\\/my-french-grocery.com\\\/es\\\/#website\",\"url\":\"https:\\\/\\\/my-french-grocery.com\\\/es\\\/\",\"name\":\"My French Grocery\",\"description\":\"Your Online French Grocery  !\",\"publisher\":{\"@id\":\"https:\\\/\\\/my-french-grocery.com\\\/es\\\/#organization\"},\"potentialAction\":[{\"@type\":\"SearchAction\",\"target\":{\"@type\":\"EntryPoint\",\"urlTemplate\":\"https:\\\/\\\/my-french-grocery.com\\\/es\\\/?s={search_term_string}\"},\"query-input\":{\"@type\":\"PropertyValueSpecification\",\"valueRequired\":true,\"valueName\":\"search_term_string\"}}],\"inLanguage\":\"es-ES\"},{\"@type\":\"Organization\",\"@id\":\"https:\\\/\\\/my-french-grocery.com\\\/es\\\/#organization\",\"name\":\"MY FRENCH GROCERY\",\"url\":\"https:\\\/\\\/my-french-grocery.com\\\/es\\\/\",\"logo\":{\"@type\":\"ImageObject\",\"inLanguage\":\"es-ES\",\"@id\":\"https:\\\/\\\/my-french-grocery.com\\\/es\\\/#\\\/schema\\\/logo\\\/image\\\/\",\"url\":\"https:\\\/\\\/my-french-grocery.com\\\/wp-content\\\/uploads\\\/2021\\\/11\\\/My-French-Grocery-Online-French-Grocery.png\",\"contentUrl\":\"https:\\\/\\\/my-french-grocery.com\\\/wp-content\\\/uploads\\\/2021\\\/11\\\/My-French-Grocery-Online-French-Grocery.png\",\"width\":100,\"height\":100,\"caption\":\"MY FRENCH GROCERY\"},\"image\":{\"@id\":\"https:\\\/\\\/my-french-grocery.com\\\/es\\\/#\\\/schema\\\/logo\\\/image\\\/\"},\"sameAs\":[\"https:\\\/\\\/www.facebook.com\\\/myfrenchgrocery\\\/\"]}]}<\/script>\n<!-- \/ Yoast SEO plugin. -->","yoast_head_json":{"title":"Chicle Tutti Frutti Malabar | Comprar En Linea | My French Grocery","description":"Chicle Tutti Frutti Malabar - paquete de 214 g - En 1959, la marca lanz\u00f3 las primeras vi\u00f1etas pero no fue hasta 1969 que apareci\u00f3 el famoso personaje rubio vestido con una camiseta amarilla y luciendo en el pecho una \"M\" rodeada de un \u00f3valo rojo. Las aventuras de Malabar (m\u00e1s tarde rebautizado como \"Monsieur Malabar\") han declinado durante mucho tiempo en las miniaturas contenidas en el paquete, en forma de c\u00f3mics cortos.","robots":{"index":"index","follow":"follow","max-snippet":"max-snippet:-1","max-image-preview":"max-image-preview:large","max-video-preview":"max-video-preview:-1"},"canonical":"https:\/\/my-french-grocery.com\/es\/producto\/chicle-tutti-frutti-malabar\/","og_locale":"es_ES","og_type":"article","og_title":"Chicle Tutti Frutti Malabar | Comprar En Linea | My French Grocery","og_description":"Chicle Tutti Frutti Malabar - paquete de 214 g - En 1959, la marca lanz\u00f3 las primeras vi\u00f1etas pero no fue hasta 1969 que apareci\u00f3 el famoso personaje rubio vestido con una camiseta amarilla y luciendo en el pecho una \"M\" rodeada de un \u00f3valo rojo. Las aventuras de Malabar (m\u00e1s tarde rebautizado como \"Monsieur Malabar\") han declinado durante mucho tiempo en las miniaturas contenidas en el paquete, en forma de c\u00f3mics cortos.","og_url":"https:\/\/my-french-grocery.com\/es\/producto\/chicle-tutti-frutti-malabar\/","og_site_name":"My French Grocery","article_publisher":"https:\/\/www.facebook.com\/myfrenchgrocery\/","og_image":[{"width":1500,"height":1500,"url":"https:\/\/my-french-grocery.com\/wp-content\/uploads\/2018\/08\/MALABAR.jpg","type":"image\/jpeg"}],"twitter_card":"summary_large_image","schema":{"@context":"https:\/\/schema.org","@graph":[{"@type":"WebPage","@id":"https:\/\/my-french-grocery.com\/es\/producto\/chicle-tutti-frutti-malabar\/","url":"https:\/\/my-french-grocery.com\/es\/producto\/chicle-tutti-frutti-malabar\/","name":"Chicle Tutti Frutti Malabar | Comprar En Linea | My French Grocery","isPartOf":{"@id":"https:\/\/my-french-grocery.com\/es\/#website"},"primaryImageOfPage":{"@id":"https:\/\/my-french-grocery.com\/es\/producto\/chicle-tutti-frutti-malabar\/#primaryimage"},"image":{"@id":"https:\/\/my-french-grocery.com\/es\/producto\/chicle-tutti-frutti-malabar\/#primaryimage"},"thumbnailUrl":"https:\/\/my-french-grocery.com\/wp-content\/uploads\/2018\/08\/MALABAR.jpg","datePublished":"2018-08-01T13:23:13+00:00","description":"Chicle Tutti Frutti Malabar - paquete de 214 g - En 1959, la marca lanz\u00f3 las primeras vi\u00f1etas pero no fue hasta 1969 que apareci\u00f3 el famoso personaje rubio vestido con una camiseta amarilla y luciendo en el pecho una \"M\" rodeada de un \u00f3valo rojo. Las aventuras de Malabar (m\u00e1s tarde rebautizado como \"Monsieur Malabar\") han declinado durante mucho tiempo en las miniaturas contenidas en el paquete, en forma de c\u00f3mics cortos.","breadcrumb":{"@id":"https:\/\/my-french-grocery.com\/es\/producto\/chicle-tutti-frutti-malabar\/#breadcrumb"},"inLanguage":"es-ES","potentialAction":[{"@type":"ReadAction","target":["https:\/\/my-french-grocery.com\/es\/producto\/chicle-tutti-frutti-malabar\/"]}]},{"@type":"ImageObject","inLanguage":"es-ES","@id":"https:\/\/my-french-grocery.com\/es\/producto\/chicle-tutti-frutti-malabar\/#primaryimage","url":"https:\/\/my-french-grocery.com\/wp-content\/uploads\/2018\/08\/MALABAR.jpg","contentUrl":"https:\/\/my-french-grocery.com\/wp-content\/uploads\/2018\/08\/MALABAR.jpg","width":1500,"height":1500,"caption":"Chicle Tutti Frutti Malabar"},{"@type":"BreadcrumbList","@id":"https:\/\/my-french-grocery.com\/es\/producto\/chicle-tutti-frutti-malabar\/#breadcrumb","itemListElement":[{"@type":"ListItem","position":1,"name":"Home","item":"https:\/\/my-french-grocery.com\/es\/tienda-2\/"},{"@type":"ListItem","position":2,"name":"Shop","item":"https:\/\/my-french-grocery.com\/shop\/"},{"@type":"ListItem","position":3,"name":"Comida","item":"https:\/\/my-french-grocery.com\/es\/categoria-producto\/comida\/"},{"@type":"ListItem","position":4,"name":"Dulces - Chocolates","item":"https:\/\/my-french-grocery.com\/es\/categoria-producto\/comida\/dulces-chocolates\/"},{"@type":"ListItem","position":5,"name":"Chicle &amp; Pastillas","item":"https:\/\/my-french-grocery.com\/es\/categoria-producto\/comida\/dulces-chocolates\/chicle-pastillas\/"},{"@type":"ListItem","position":6,"name":"Chicle Tutti Frutti Malabar"}]},{"@type":"WebSite","@id":"https:\/\/my-french-grocery.com\/es\/#website","url":"https:\/\/my-french-grocery.com\/es\/","name":"My French Grocery","description":"Your Online French Grocery  !","publisher":{"@id":"https:\/\/my-french-grocery.com\/es\/#organization"},"potentialAction":[{"@type":"SearchAction","target":{"@type":"EntryPoint","urlTemplate":"https:\/\/my-french-grocery.com\/es\/?s={search_term_string}"},"query-input":{"@type":"PropertyValueSpecification","valueRequired":true,"valueName":"search_term_string"}}],"inLanguage":"es-ES"},{"@type":"Organization","@id":"https:\/\/my-french-grocery.com\/es\/#organization","name":"MY FRENCH GROCERY","url":"https:\/\/my-french-grocery.com\/es\/","logo":{"@type":"ImageObject","inLanguage":"es-ES","@id":"https:\/\/my-french-grocery.com\/es\/#\/schema\/logo\/image\/","url":"https:\/\/my-french-grocery.com\/wp-content\/uploads\/2021\/11\/My-French-Grocery-Online-French-Grocery.png","contentUrl":"https:\/\/my-french-grocery.com\/wp-content\/uploads\/2021\/11\/My-French-Grocery-Online-French-Grocery.png","width":100,"height":100,"caption":"MY FRENCH GROCERY"},"image":{"@id":"https:\/\/my-french-grocery.com\/es\/#\/schema\/logo\/image\/"},"sameAs":["https:\/\/www.facebook.com\/myfrenchgrocery\/"]}]}},"brands":[{"id":791,"name":"Malabar","slug":"malabar-es"}],"_links":{"self":[{"href":"https:\/\/my-french-grocery.com\/es\/wp-json\/wp\/v2\/product\/13142","targetHints":{"allow":["GET"]}}],"collection":[{"href":"https:\/\/my-french-grocery.com\/es\/wp-json\/wp\/v2\/product"}],"about":[{"href":"https:\/\/my-french-grocery.com\/es\/wp-json\/wp\/v2\/types\/product"}],"replies":[{"embeddable":true,"href":"https:\/\/my-french-grocery.com\/es\/wp-json\/wp\/v2\/comments?post=13142"}],"wp:featuredmedia":[{"embeddable":true,"href":"https:\/\/my-french-grocery.com\/es\/wp-json\/wp\/v2\/media\/13143"}],"wp:attachment":[{"href":"https:\/\/my-french-grocery.com\/es\/wp-json\/wp\/v2\/media?parent=13142"}],"wp:term":[{"taxonomy":"pwb-brand","embeddable":true,"href":"https:\/\/my-french-grocery.com\/es\/wp-json\/wp\/v2\/pwb-brand?post=13142"},{"taxonomy":"product_brand","embeddable":true,"href":"https:\/\/my-french-grocery.com\/es\/wp-json\/wp\/v2\/product_brand?post=13142"},{"taxonomy":"product_cat","embeddable":true,"href":"https:\/\/my-french-grocery.com\/es\/wp-json\/wp\/v2\/product_cat?post=13142"},{"taxonomy":"product_tag","embeddable":true,"href":"https:\/\/my-french-grocery.com\/es\/wp-json\/wp\/v2\/product_tag?post=13142"}],"curies":[{"name":"wp","href":"https:\/\/api.w.org\/{rel}","templated":true}]}}