{"id":13152,"date":"2018-08-01T16:31:27","date_gmt":"2018-08-01T14:31:27","guid":{"rendered":"https:\/\/my-french-grocery.com\/product\/caramelos-grosella-negra-ricola\/"},"modified":"2018-08-01T16:31:27","modified_gmt":"2018-08-01T14:31:27","slug":"caramelos-grosella-negra-ricola","status":"publish","type":"product","link":"https:\/\/my-french-grocery.com\/es\/producto\/caramelos-grosella-negra-ricola\/","title":{"rendered":"Caramelos Grosella Negra Ricola"},"content":{"rendered":"<p>Caramelos Grosella Negra Ricola<\/p>\n<p>Caja de 50 g<\/p>\n<p>En 1924, Emil Richterich compr\u00f3 una panader\u00eda en Laufon. Entre el centenar de especialidades que se elaboran en este negocio se encuentra el \u201cboule \u00e0 cinq\u201d, un dulce con sabor a caramelo.<\/p>\n<p>En 1930, el empresario fund\u00f3 la f\u00e1brica de confiter\u00eda \u201dRIchterich & CO. LA UFEN \u201d. Este nombre de empresa da posteriormente el acr\u00f3nimo RICOLA.<\/p>\n","protected":false},"excerpt":{"rendered":"<p>Caramelos Grosella Negra Ricola<\/p>\n<p>Caja de 50 g<\/p>\n","protected":false},"featured_media":37191,"comment_status":"open","ping_status":"closed","template":"","meta":[],"pwb-brand":[2749],"product_brand":[],"product_cat":[1654,1739],"product_tag":[1813],"class_list":{"0":"post-13152","1":"product","2":"type-product","3":"status-publish","4":"has-post-thumbnail","6":"pwb-brand-ricola-es","7":"product_cat-caramelos","8":"product_cat-chicle-pastillas","9":"product_tag-pastillas-ricola","10":"product_shipping_class-expedicion-mundial","12":"first","13":"instock","14":"taxable","15":"shipping-taxable","16":"purchasable","17":"product-type-simple"},"brands":[{"id":2749,"name":"Ricola","slug":"ricola-es"}],"_links":{"self":[{"href":"https:\/\/my-french-grocery.com\/es\/wp-json\/wp\/v2\/product\/13152","targetHints":{"allow":["GET"]}}],"collection":[{"href":"https:\/\/my-french-grocery.com\/es\/wp-json\/wp\/v2\/product"}],"about":[{"href":"https:\/\/my-french-grocery.com\/es\/wp-json\/wp\/v2\/types\/product"}],"replies":[{"embeddable":true,"href":"https:\/\/my-french-grocery.com\/es\/wp-json\/wp\/v2\/comments?post=13152"}],"wp:featuredmedia":[{"embeddable":true,"href":"https:\/\/my-french-grocery.com\/es\/wp-json\/wp\/v2\/media\/37191"}],"wp:attachment":[{"href":"https:\/\/my-french-grocery.com\/es\/wp-json\/wp\/v2\/media?parent=13152"}],"wp:term":[{"taxonomy":"pwb-brand","embeddable":true,"href":"https:\/\/my-french-grocery.com\/es\/wp-json\/wp\/v2\/pwb-brand?post=13152"},{"taxonomy":"product_brand","embeddable":true,"href":"https:\/\/my-french-grocery.com\/es\/wp-json\/wp\/v2\/product_brand?post=13152"},{"taxonomy":"product_cat","embeddable":true,"href":"https:\/\/my-french-grocery.com\/es\/wp-json\/wp\/v2\/product_cat?post=13152"},{"taxonomy":"product_tag","embeddable":true,"href":"https:\/\/my-french-grocery.com\/es\/wp-json\/wp\/v2\/product_tag?post=13152"}],"curies":[{"name":"wp","href":"https:\/\/api.w.org\/{rel}","templated":true}]}}