{"id":13166,"date":"2018-08-01T17:00:36","date_gmt":"2018-08-01T15:00:36","guid":{"rendered":"https:\/\/my-french-grocery.com\/product\/caramelos-de-regaliz-stoptou\/"},"modified":"2018-08-01T17:00:36","modified_gmt":"2018-08-01T15:00:36","slug":"caramelos-de-regaliz-stoptou","status":"publish","type":"product","link":"https:\/\/my-french-grocery.com\/es\/producto\/caramelos-de-regaliz-stoptou\/","title":{"rendered":"Caramelos De Regaliz StopTou"},"content":{"rendered":"<p>Caramelos De Regaliz StopTou<\/p>\n<div class=\"pdp-card__header--text\"><span class=\"ds-body-text ds-body-text--weight-bold ds-body-text--size-m ds-body-text--color-standard-2\"><span>Bolsita de 450 g<\/span><\/span><\/div>\n<div class=\"main-details__shoppinglist\">\u00a0<\/div>\n<div>Los famosos caramelos Stoptou con regaliz, una receta heredada de m\u00e1s de 50 a\u00f1os de saber hacer que le da a Stoptou un sabor muy espec\u00edfico, que combina el poder del regaliz con una fresca sensaci\u00f3n de frescor. El regaliz proviene de la ra\u00edz de una planta perenne llamada regaliz.<\/div>\n<div>\u00a0<\/div>\n","protected":false},"excerpt":{"rendered":"<p>Caramelos De Regaliz StopTou<\/p>\n<div class=\"pdp-card__header--text\"><span class=\"ds-body-text ds-body-text--weight-bold ds-body-text--size-m ds-body-text--color-standard-2\">Bolsita de 450 g<\/span><\/div>\n","protected":false},"featured_media":13167,"comment_status":"open","ping_status":"closed","template":"","meta":[],"pwb-brand":[708],"product_brand":[],"product_cat":[1739],"product_tag":[1815],"class_list":{"0":"post-13166","1":"product","2":"type-product","3":"status-publish","4":"has-post-thumbnail","6":"pwb-brand-la-pie-qui-chante-es","7":"product_cat-chicle-pastillas","8":"product_tag-pastillas-stoptou","9":"product_shipping_class-expedicion-mundial","11":"first","12":"instock","13":"taxable","14":"shipping-taxable","15":"purchasable","16":"product-type-simple"},"brands":[{"id":708,"name":"La Pie Qui Chante","slug":"la-pie-qui-chante-es"}],"_links":{"self":[{"href":"https:\/\/my-french-grocery.com\/es\/wp-json\/wp\/v2\/product\/13166","targetHints":{"allow":["GET"]}}],"collection":[{"href":"https:\/\/my-french-grocery.com\/es\/wp-json\/wp\/v2\/product"}],"about":[{"href":"https:\/\/my-french-grocery.com\/es\/wp-json\/wp\/v2\/types\/product"}],"replies":[{"embeddable":true,"href":"https:\/\/my-french-grocery.com\/es\/wp-json\/wp\/v2\/comments?post=13166"}],"wp:featuredmedia":[{"embeddable":true,"href":"https:\/\/my-french-grocery.com\/es\/wp-json\/wp\/v2\/media\/13167"}],"wp:attachment":[{"href":"https:\/\/my-french-grocery.com\/es\/wp-json\/wp\/v2\/media?parent=13166"}],"wp:term":[{"taxonomy":"pwb-brand","embeddable":true,"href":"https:\/\/my-french-grocery.com\/es\/wp-json\/wp\/v2\/pwb-brand?post=13166"},{"taxonomy":"product_brand","embeddable":true,"href":"https:\/\/my-french-grocery.com\/es\/wp-json\/wp\/v2\/product_brand?post=13166"},{"taxonomy":"product_cat","embeddable":true,"href":"https:\/\/my-french-grocery.com\/es\/wp-json\/wp\/v2\/product_cat?post=13166"},{"taxonomy":"product_tag","embeddable":true,"href":"https:\/\/my-french-grocery.com\/es\/wp-json\/wp\/v2\/product_tag?post=13166"}],"curies":[{"name":"wp","href":"https:\/\/api.w.org\/{rel}","templated":true}]}}