{"id":13260,"date":"2018-08-07T13:56:49","date_gmt":"2018-08-07T11:56:49","guid":{"rendered":"https:\/\/my-french-grocery.com\/product\/empanadillas-de-salmon-con-salsa-de-mar-petitjean\/"},"modified":"2018-08-07T13:56:49","modified_gmt":"2018-08-07T11:56:49","slug":"empanadillas-de-salmon-con-salsa-de-mar-petitjean","status":"publish","type":"product","link":"https:\/\/my-french-grocery.com\/es\/producto\/empanadillas-de-salmon-con-salsa-de-mar-petitjean\/","title":{"rendered":"Empanadillas De Salm\u00f3n Con Salsa De Mar Petitjean"},"content":{"rendered":"<p>Empanadillas De Salm\u00f3n Con Salsa De Mar Petitjean<\/p>\n<p>Caja de 400 g<\/p>\n<p>Este es el a\u00f1o en que el Sr. Petitjean, fabricante de quenelles frescas en Lyon, va a Par\u00eds para abrir una tienda en la rue Pierre Lescot, y presenta su nuevo concepto: la quenelle enlatada.<br \/>Las posibilidades de oferta que ofrece la proximidad de Les Halles, le permiten desarrollarse m\u00e1s all\u00e1 de la quenelle ofreciendo multitud de especialidades culinarias: platos cocinados, bases culinarias, salsas y pat\u00e9s.<\/p>\n","protected":false},"excerpt":{"rendered":"<p>Empanadillas De Salm\u00f3n Con Salsa De Mar Petitjean<\/p>\n<p>Caja de 400 g<\/p>\n","protected":false},"featured_media":13261,"comment_status":"open","ping_status":"closed","template":"","meta":[],"pwb-brand":[868],"product_brand":[],"product_cat":[1724],"product_tag":[1821],"class_list":{"0":"post-13260","1":"product","2":"type-product","3":"status-publish","4":"has-post-thumbnail","6":"pwb-brand-petitjean-es","7":"product_cat-comidas-preparadas","8":"product_tag-empanadillas","9":"product_shipping_class-expedicion-mundial","11":"first","12":"outofstock","13":"taxable","14":"shipping-taxable","15":"purchasable","16":"product-type-simple"},"yoast_head":"<!-- This site is optimized with the Yoast SEO plugin v27.4 - https:\/\/yoast.com\/product\/yoast-seo-wordpress\/ -->\n<title>Empanadillas De Salm\u00f3n Con Salsa De Mar Petitjean | Comprar En Linea | My French Grocery<\/title>\n<meta name=\"description\" content=\"Empanadillas De Salm\u00f3n Con Salsa De Mar Petitjean - Caja de 400 g - Este es el a\u00f1o en que el Sr. Petitjean, fabricante de quenelles frescas en Lyon, va a Par\u00eds para abrir una tienda en la rue Pierre Lescot, y presenta su nuevo concepto: la quenelle enlatada.\" \/>\n<meta name=\"robots\" content=\"index, follow, max-snippet:-1, max-image-preview:large, max-video-preview:-1\" \/>\n<link rel=\"canonical\" href=\"https:\/\/my-french-grocery.com\/es\/producto\/empanadillas-de-salmon-con-salsa-de-mar-petitjean\/\" \/>\n<meta property=\"og:locale\" content=\"es_ES\" \/>\n<meta property=\"og:type\" content=\"article\" \/>\n<meta property=\"og:title\" content=\"Empanadillas De Salm\u00f3n Con Salsa De Mar Petitjean | Comprar En Linea | My French Grocery\" \/>\n<meta property=\"og:description\" content=\"Empanadillas De Salm\u00f3n Con Salsa De Mar Petitjean - Caja de 400 g - Este es el a\u00f1o en que el Sr. Petitjean, fabricante de quenelles frescas en Lyon, va a Par\u00eds para abrir una tienda en la rue Pierre Lescot, y presenta su nuevo concepto: la quenelle enlatada.\" \/>\n<meta property=\"og:url\" content=\"https:\/\/my-french-grocery.com\/es\/producto\/empanadillas-de-salmon-con-salsa-de-mar-petitjean\/\" \/>\n<meta property=\"og:site_name\" content=\"My French Grocery\" \/>\n<meta property=\"article:publisher\" content=\"https:\/\/www.facebook.com\/myfrenchgrocery\/\" \/>\n<meta property=\"og:image\" content=\"https:\/\/my-french-grocery.com\/wp-content\/uploads\/2018\/08\/QUENELLES-OCEANES.jpg\" \/>\n\t<meta property=\"og:image:width\" content=\"1500\" \/>\n\t<meta property=\"og:image:height\" content=\"1500\" \/>\n\t<meta property=\"og:image:type\" content=\"image\/jpeg\" \/>\n<meta name=\"twitter:card\" content=\"summary_large_image\" \/>\n<script type=\"application\/ld+json\" class=\"yoast-schema-graph\">{\"@context\":\"https:\\\/\\\/schema.org\",\"@graph\":[{\"@type\":\"WebPage\",\"@id\":\"https:\\\/\\\/my-french-grocery.com\\\/es\\\/producto\\\/empanadillas-de-salmon-con-salsa-de-mar-petitjean\\\/\",\"url\":\"https:\\\/\\\/my-french-grocery.com\\\/es\\\/producto\\\/empanadillas-de-salmon-con-salsa-de-mar-petitjean\\\/\",\"name\":\"Empanadillas De Salm\u00f3n Con Salsa De Mar Petitjean | Comprar En Linea | My French Grocery\",\"isPartOf\":{\"@id\":\"https:\\\/\\\/my-french-grocery.com\\\/es\\\/#website\"},\"primaryImageOfPage\":{\"@id\":\"https:\\\/\\\/my-french-grocery.com\\\/es\\\/producto\\\/empanadillas-de-salmon-con-salsa-de-mar-petitjean\\\/#primaryimage\"},\"image\":{\"@id\":\"https:\\\/\\\/my-french-grocery.com\\\/es\\\/producto\\\/empanadillas-de-salmon-con-salsa-de-mar-petitjean\\\/#primaryimage\"},\"thumbnailUrl\":\"https:\\\/\\\/my-french-grocery.com\\\/wp-content\\\/uploads\\\/2018\\\/08\\\/QUENELLES-OCEANES.jpg\",\"datePublished\":\"2018-08-07T11:56:49+00:00\",\"description\":\"Empanadillas De Salm\u00f3n Con Salsa De Mar Petitjean - Caja de 400 g - Este es el a\u00f1o en que el Sr. Petitjean, fabricante de quenelles frescas en Lyon, va a Par\u00eds para abrir una tienda en la rue Pierre Lescot, y presenta su nuevo concepto: la quenelle enlatada.\",\"breadcrumb\":{\"@id\":\"https:\\\/\\\/my-french-grocery.com\\\/es\\\/producto\\\/empanadillas-de-salmon-con-salsa-de-mar-petitjean\\\/#breadcrumb\"},\"inLanguage\":\"es-ES\",\"potentialAction\":[{\"@type\":\"ReadAction\",\"target\":[\"https:\\\/\\\/my-french-grocery.com\\\/es\\\/producto\\\/empanadillas-de-salmon-con-salsa-de-mar-petitjean\\\/\"]}]},{\"@type\":\"ImageObject\",\"inLanguage\":\"es-ES\",\"@id\":\"https:\\\/\\\/my-french-grocery.com\\\/es\\\/producto\\\/empanadillas-de-salmon-con-salsa-de-mar-petitjean\\\/#primaryimage\",\"url\":\"https:\\\/\\\/my-french-grocery.com\\\/wp-content\\\/uploads\\\/2018\\\/08\\\/QUENELLES-OCEANES.jpg\",\"contentUrl\":\"https:\\\/\\\/my-french-grocery.com\\\/wp-content\\\/uploads\\\/2018\\\/08\\\/QUENELLES-OCEANES.jpg\",\"width\":1500,\"height\":1500,\"caption\":\"Empanadillas De Salm\u00f3n Con Salsa De Mar Petitjean\"},{\"@type\":\"BreadcrumbList\",\"@id\":\"https:\\\/\\\/my-french-grocery.com\\\/es\\\/producto\\\/empanadillas-de-salmon-con-salsa-de-mar-petitjean\\\/#breadcrumb\",\"itemListElement\":[{\"@type\":\"ListItem\",\"position\":1,\"name\":\"Home\",\"item\":\"https:\\\/\\\/my-french-grocery.com\\\/es\\\/tienda-2\\\/\"},{\"@type\":\"ListItem\",\"position\":2,\"name\":\"Shop\",\"item\":\"https:\\\/\\\/my-french-grocery.com\\\/shop\\\/\"},{\"@type\":\"ListItem\",\"position\":3,\"name\":\"Comida\",\"item\":\"https:\\\/\\\/my-french-grocery.com\\\/es\\\/categoria-producto\\\/comida\\\/\"},{\"@type\":\"ListItem\",\"position\":4,\"name\":\"Conservas &amp; Comidas Preparadas\",\"item\":\"https:\\\/\\\/my-french-grocery.com\\\/es\\\/categoria-producto\\\/comida\\\/conservas-comidas-preparadas\\\/\"},{\"@type\":\"ListItem\",\"position\":5,\"name\":\"Comidas Preparadas\",\"item\":\"https:\\\/\\\/my-french-grocery.com\\\/es\\\/categoria-producto\\\/comida\\\/conservas-comidas-preparadas\\\/comidas-preparadas\\\/\"},{\"@type\":\"ListItem\",\"position\":6,\"name\":\"Empanadillas De Salm\u00f3n Con Salsa De Mar Petitjean\"}]},{\"@type\":\"WebSite\",\"@id\":\"https:\\\/\\\/my-french-grocery.com\\\/es\\\/#website\",\"url\":\"https:\\\/\\\/my-french-grocery.com\\\/es\\\/\",\"name\":\"My French Grocery\",\"description\":\"Your Online French Grocery  !\",\"publisher\":{\"@id\":\"https:\\\/\\\/my-french-grocery.com\\\/es\\\/#organization\"},\"potentialAction\":[{\"@type\":\"SearchAction\",\"target\":{\"@type\":\"EntryPoint\",\"urlTemplate\":\"https:\\\/\\\/my-french-grocery.com\\\/es\\\/?s={search_term_string}\"},\"query-input\":{\"@type\":\"PropertyValueSpecification\",\"valueRequired\":true,\"valueName\":\"search_term_string\"}}],\"inLanguage\":\"es-ES\"},{\"@type\":\"Organization\",\"@id\":\"https:\\\/\\\/my-french-grocery.com\\\/es\\\/#organization\",\"name\":\"MY FRENCH GROCERY\",\"url\":\"https:\\\/\\\/my-french-grocery.com\\\/es\\\/\",\"logo\":{\"@type\":\"ImageObject\",\"inLanguage\":\"es-ES\",\"@id\":\"https:\\\/\\\/my-french-grocery.com\\\/es\\\/#\\\/schema\\\/logo\\\/image\\\/\",\"url\":\"https:\\\/\\\/my-french-grocery.com\\\/wp-content\\\/uploads\\\/2021\\\/11\\\/My-French-Grocery-Online-French-Grocery.png\",\"contentUrl\":\"https:\\\/\\\/my-french-grocery.com\\\/wp-content\\\/uploads\\\/2021\\\/11\\\/My-French-Grocery-Online-French-Grocery.png\",\"width\":100,\"height\":100,\"caption\":\"MY FRENCH GROCERY\"},\"image\":{\"@id\":\"https:\\\/\\\/my-french-grocery.com\\\/es\\\/#\\\/schema\\\/logo\\\/image\\\/\"},\"sameAs\":[\"https:\\\/\\\/www.facebook.com\\\/myfrenchgrocery\\\/\"]}]}<\/script>\n<!-- \/ Yoast SEO plugin. -->","yoast_head_json":{"title":"Empanadillas De Salm\u00f3n Con Salsa De Mar Petitjean | Comprar En Linea | My French Grocery","description":"Empanadillas De Salm\u00f3n Con Salsa De Mar Petitjean - Caja de 400 g - Este es el a\u00f1o en que el Sr. Petitjean, fabricante de quenelles frescas en Lyon, va a Par\u00eds para abrir una tienda en la rue Pierre Lescot, y presenta su nuevo concepto: la quenelle enlatada.","robots":{"index":"index","follow":"follow","max-snippet":"max-snippet:-1","max-image-preview":"max-image-preview:large","max-video-preview":"max-video-preview:-1"},"canonical":"https:\/\/my-french-grocery.com\/es\/producto\/empanadillas-de-salmon-con-salsa-de-mar-petitjean\/","og_locale":"es_ES","og_type":"article","og_title":"Empanadillas De Salm\u00f3n Con Salsa De Mar Petitjean | Comprar En Linea | My French Grocery","og_description":"Empanadillas De Salm\u00f3n Con Salsa De Mar Petitjean - Caja de 400 g - Este es el a\u00f1o en que el Sr. Petitjean, fabricante de quenelles frescas en Lyon, va a Par\u00eds para abrir una tienda en la rue Pierre Lescot, y presenta su nuevo concepto: la quenelle enlatada.","og_url":"https:\/\/my-french-grocery.com\/es\/producto\/empanadillas-de-salmon-con-salsa-de-mar-petitjean\/","og_site_name":"My French Grocery","article_publisher":"https:\/\/www.facebook.com\/myfrenchgrocery\/","og_image":[{"width":1500,"height":1500,"url":"https:\/\/my-french-grocery.com\/wp-content\/uploads\/2018\/08\/QUENELLES-OCEANES.jpg","type":"image\/jpeg"}],"twitter_card":"summary_large_image","schema":{"@context":"https:\/\/schema.org","@graph":[{"@type":"WebPage","@id":"https:\/\/my-french-grocery.com\/es\/producto\/empanadillas-de-salmon-con-salsa-de-mar-petitjean\/","url":"https:\/\/my-french-grocery.com\/es\/producto\/empanadillas-de-salmon-con-salsa-de-mar-petitjean\/","name":"Empanadillas De Salm\u00f3n Con Salsa De Mar Petitjean | Comprar En Linea | My French Grocery","isPartOf":{"@id":"https:\/\/my-french-grocery.com\/es\/#website"},"primaryImageOfPage":{"@id":"https:\/\/my-french-grocery.com\/es\/producto\/empanadillas-de-salmon-con-salsa-de-mar-petitjean\/#primaryimage"},"image":{"@id":"https:\/\/my-french-grocery.com\/es\/producto\/empanadillas-de-salmon-con-salsa-de-mar-petitjean\/#primaryimage"},"thumbnailUrl":"https:\/\/my-french-grocery.com\/wp-content\/uploads\/2018\/08\/QUENELLES-OCEANES.jpg","datePublished":"2018-08-07T11:56:49+00:00","description":"Empanadillas De Salm\u00f3n Con Salsa De Mar Petitjean - Caja de 400 g - Este es el a\u00f1o en que el Sr. Petitjean, fabricante de quenelles frescas en Lyon, va a Par\u00eds para abrir una tienda en la rue Pierre Lescot, y presenta su nuevo concepto: la quenelle enlatada.","breadcrumb":{"@id":"https:\/\/my-french-grocery.com\/es\/producto\/empanadillas-de-salmon-con-salsa-de-mar-petitjean\/#breadcrumb"},"inLanguage":"es-ES","potentialAction":[{"@type":"ReadAction","target":["https:\/\/my-french-grocery.com\/es\/producto\/empanadillas-de-salmon-con-salsa-de-mar-petitjean\/"]}]},{"@type":"ImageObject","inLanguage":"es-ES","@id":"https:\/\/my-french-grocery.com\/es\/producto\/empanadillas-de-salmon-con-salsa-de-mar-petitjean\/#primaryimage","url":"https:\/\/my-french-grocery.com\/wp-content\/uploads\/2018\/08\/QUENELLES-OCEANES.jpg","contentUrl":"https:\/\/my-french-grocery.com\/wp-content\/uploads\/2018\/08\/QUENELLES-OCEANES.jpg","width":1500,"height":1500,"caption":"Empanadillas De Salm\u00f3n Con Salsa De Mar Petitjean"},{"@type":"BreadcrumbList","@id":"https:\/\/my-french-grocery.com\/es\/producto\/empanadillas-de-salmon-con-salsa-de-mar-petitjean\/#breadcrumb","itemListElement":[{"@type":"ListItem","position":1,"name":"Home","item":"https:\/\/my-french-grocery.com\/es\/tienda-2\/"},{"@type":"ListItem","position":2,"name":"Shop","item":"https:\/\/my-french-grocery.com\/shop\/"},{"@type":"ListItem","position":3,"name":"Comida","item":"https:\/\/my-french-grocery.com\/es\/categoria-producto\/comida\/"},{"@type":"ListItem","position":4,"name":"Conservas &amp; Comidas Preparadas","item":"https:\/\/my-french-grocery.com\/es\/categoria-producto\/comida\/conservas-comidas-preparadas\/"},{"@type":"ListItem","position":5,"name":"Comidas Preparadas","item":"https:\/\/my-french-grocery.com\/es\/categoria-producto\/comida\/conservas-comidas-preparadas\/comidas-preparadas\/"},{"@type":"ListItem","position":6,"name":"Empanadillas De Salm\u00f3n Con Salsa De Mar Petitjean"}]},{"@type":"WebSite","@id":"https:\/\/my-french-grocery.com\/es\/#website","url":"https:\/\/my-french-grocery.com\/es\/","name":"My French Grocery","description":"Your Online French Grocery  !","publisher":{"@id":"https:\/\/my-french-grocery.com\/es\/#organization"},"potentialAction":[{"@type":"SearchAction","target":{"@type":"EntryPoint","urlTemplate":"https:\/\/my-french-grocery.com\/es\/?s={search_term_string}"},"query-input":{"@type":"PropertyValueSpecification","valueRequired":true,"valueName":"search_term_string"}}],"inLanguage":"es-ES"},{"@type":"Organization","@id":"https:\/\/my-french-grocery.com\/es\/#organization","name":"MY FRENCH GROCERY","url":"https:\/\/my-french-grocery.com\/es\/","logo":{"@type":"ImageObject","inLanguage":"es-ES","@id":"https:\/\/my-french-grocery.com\/es\/#\/schema\/logo\/image\/","url":"https:\/\/my-french-grocery.com\/wp-content\/uploads\/2021\/11\/My-French-Grocery-Online-French-Grocery.png","contentUrl":"https:\/\/my-french-grocery.com\/wp-content\/uploads\/2021\/11\/My-French-Grocery-Online-French-Grocery.png","width":100,"height":100,"caption":"MY FRENCH GROCERY"},"image":{"@id":"https:\/\/my-french-grocery.com\/es\/#\/schema\/logo\/image\/"},"sameAs":["https:\/\/www.facebook.com\/myfrenchgrocery\/"]}]}},"brands":[{"id":868,"name":"Petitjean","slug":"petitjean-es"}],"_links":{"self":[{"href":"https:\/\/my-french-grocery.com\/es\/wp-json\/wp\/v2\/product\/13260","targetHints":{"allow":["GET"]}}],"collection":[{"href":"https:\/\/my-french-grocery.com\/es\/wp-json\/wp\/v2\/product"}],"about":[{"href":"https:\/\/my-french-grocery.com\/es\/wp-json\/wp\/v2\/types\/product"}],"replies":[{"embeddable":true,"href":"https:\/\/my-french-grocery.com\/es\/wp-json\/wp\/v2\/comments?post=13260"}],"wp:featuredmedia":[{"embeddable":true,"href":"https:\/\/my-french-grocery.com\/es\/wp-json\/wp\/v2\/media\/13261"}],"wp:attachment":[{"href":"https:\/\/my-french-grocery.com\/es\/wp-json\/wp\/v2\/media?parent=13260"}],"wp:term":[{"taxonomy":"pwb-brand","embeddable":true,"href":"https:\/\/my-french-grocery.com\/es\/wp-json\/wp\/v2\/pwb-brand?post=13260"},{"taxonomy":"product_brand","embeddable":true,"href":"https:\/\/my-french-grocery.com\/es\/wp-json\/wp\/v2\/product_brand?post=13260"},{"taxonomy":"product_cat","embeddable":true,"href":"https:\/\/my-french-grocery.com\/es\/wp-json\/wp\/v2\/product_cat?post=13260"},{"taxonomy":"product_tag","embeddable":true,"href":"https:\/\/my-french-grocery.com\/es\/wp-json\/wp\/v2\/product_tag?post=13260"}],"curies":[{"name":"wp","href":"https:\/\/api.w.org\/{rel}","templated":true}]}}