{"id":13318,"date":"2018-08-08T17:02:10","date_gmt":"2018-08-08T15:02:10","guid":{"rendered":"https:\/\/my-french-grocery.com\/product\/nectar-de-manzana-melocoton-y-cereza-organico-pressade\/"},"modified":"2024-06-18T18:26:07","modified_gmt":"2024-06-18T16:26:07","slug":"nectar-de-manzana-melocoton-y-cereza-organico-pressade","status":"publish","type":"product","link":"https:\/\/my-french-grocery.com\/es\/producto\/nectar-de-manzana-melocoton-y-cereza-organico-pressade\/","title":{"rendered":"N\u00e9ctar De Manzana, Melocot\u00f3n y Cereza Org\u00e1nico Pressade"},"content":{"rendered":"<p>N\u00e9ctar De Manzana, Melocot\u00f3n y Cereza Org\u00e1nico Pressade<\/p>\n<p>Botella De 1,5 L<\/p>\n<p>La historia de Pressade: La marca naci\u00f3 en 1983 en el oeste de Francia y, por lo tanto, reivindica su posicionamiento de jugos de frutas aut\u00e9nticos y de calidad.<\/p>\n<p>Pressade ofrece una gama de zumos de frutas con los sabores m\u00e1s cercanos de frutas prensadas y se distingue por su botella blanca de 6 capas que conserva el sabor y las cualidades nutricionales de los zumos.<\/p>\n","protected":false},"excerpt":{"rendered":"<p>N\u00e9ctar De Manzana, Melocot\u00f3n y Cereza Org\u00e1nico Pressade<\/p>\n<p>Botella De 1,5 L<\/p>\n","protected":false},"featured_media":13319,"comment_status":"open","ping_status":"closed","template":"","meta":[],"pwb-brand":[884],"product_brand":[],"product_cat":[1705,1732],"product_tag":[1825],"class_list":{"0":"post-13318","1":"product","2":"type-product","3":"status-publish","4":"has-post-thumbnail","6":"pwb-brand-pressade-es","7":"product_cat-agua-jugo-de-fruta-refrescos-jarabes","8":"product_cat-jugos-de-frutas-refrescos-jarabes-organicas","9":"product_tag-jugo-de-fruta-organico","10":"product_shipping_class-expedicion-mundial","12":"first","13":"outofstock","14":"taxable","15":"shipping-taxable","16":"purchasable","17":"product-type-simple"},"brands":[{"id":884,"name":"Pressade","slug":"pressade-es"}],"_links":{"self":[{"href":"https:\/\/my-french-grocery.com\/es\/wp-json\/wp\/v2\/product\/13318","targetHints":{"allow":["GET"]}}],"collection":[{"href":"https:\/\/my-french-grocery.com\/es\/wp-json\/wp\/v2\/product"}],"about":[{"href":"https:\/\/my-french-grocery.com\/es\/wp-json\/wp\/v2\/types\/product"}],"replies":[{"embeddable":true,"href":"https:\/\/my-french-grocery.com\/es\/wp-json\/wp\/v2\/comments?post=13318"}],"wp:featuredmedia":[{"embeddable":true,"href":"https:\/\/my-french-grocery.com\/es\/wp-json\/wp\/v2\/media\/13319"}],"wp:attachment":[{"href":"https:\/\/my-french-grocery.com\/es\/wp-json\/wp\/v2\/media?parent=13318"}],"wp:term":[{"taxonomy":"pwb-brand","embeddable":true,"href":"https:\/\/my-french-grocery.com\/es\/wp-json\/wp\/v2\/pwb-brand?post=13318"},{"taxonomy":"product_brand","embeddable":true,"href":"https:\/\/my-french-grocery.com\/es\/wp-json\/wp\/v2\/product_brand?post=13318"},{"taxonomy":"product_cat","embeddable":true,"href":"https:\/\/my-french-grocery.com\/es\/wp-json\/wp\/v2\/product_cat?post=13318"},{"taxonomy":"product_tag","embeddable":true,"href":"https:\/\/my-french-grocery.com\/es\/wp-json\/wp\/v2\/product_tag?post=13318"}],"curies":[{"name":"wp","href":"https:\/\/api.w.org\/{rel}","templated":true}]}}