{"id":13351,"date":"2018-08-11T18:06:55","date_gmt":"2018-08-11T16:06:55","guid":{"rendered":"https:\/\/my-french-grocery.com\/product\/pate-de-pato-con-magret-lucien-georgelin\/"},"modified":"2018-08-11T18:06:55","modified_gmt":"2018-08-11T16:06:55","slug":"pate-de-pato-con-magret-lucien-georgelin","status":"publish","type":"product","link":"https:\/\/my-french-grocery.com\/es\/producto\/pate-de-pato-con-magret-lucien-georgelin\/","title":{"rendered":"Pat\u00e9 De Pato Con Magret Lucien Georgelin"},"content":{"rendered":"<p>Pat\u00e9 De Pato Con Magret Lucien Georgelin<\/p>\n<p>Tarro de 220g<\/p>\n<p><span>Cada pat\u00e9 tiene su propia historia &#8230; por descubrir en la olla.<\/span><br \/><span>Partiendo de nuevo del recuerdo de las recetas de su madre, Lucien Georgelin desarroll\u00f3 esta gama sin a\u00f1adir conservantes ni aditivos.<\/span><\/p>\n","protected":false},"excerpt":{"rendered":"<p>Pat\u00e9 De Pato Con Magret Lucien Georgelin<\/p>\n<p>Tarro de 220g<\/p>\n","protected":false},"featured_media":13352,"comment_status":"open","ping_status":"closed","template":"","meta":[],"pwb-brand":[768],"product_brand":[],"product_cat":[1747],"product_tag":[1827],"class_list":{"0":"post-13351","1":"product","2":"type-product","3":"status-publish","4":"has-post-thumbnail","6":"pwb-brand-lucien-georgelin-es","7":"product_cat-pates-terrinas","8":"product_tag-pate-es","9":"product_shipping_class-expedicion-mundial","11":"first","12":"outofstock","13":"taxable","14":"shipping-taxable","15":"purchasable","16":"product-type-simple"},"yoast_head":"<!-- This site is optimized with the Yoast SEO plugin v27.3 - https:\/\/yoast.com\/product\/yoast-seo-wordpress\/ -->\n<title>Pat\u00e9 De Pato Con Magret Lucien Georgelin | Comprar En Linea | My French Grocery<\/title>\n<meta name=\"description\" content=\"Pat\u00e9 De Pato Con Magret Lucien Georgelin -Tarro de 220g - Cada pat\u00e9 tiene su propia historia ... por descubrir en la olla. Partiendo de nuevo del recuerdo de las recetas de su madre, Lucien Georgelin desarroll\u00f3 esta gama sin a\u00f1adir conservantes ni aditivos.\" \/>\n<meta name=\"robots\" content=\"index, follow, max-snippet:-1, max-image-preview:large, max-video-preview:-1\" \/>\n<link rel=\"canonical\" href=\"https:\/\/my-french-grocery.com\/es\/producto\/pate-de-pato-con-magret-lucien-georgelin\/\" \/>\n<meta property=\"og:locale\" content=\"es_ES\" \/>\n<meta property=\"og:type\" content=\"article\" \/>\n<meta property=\"og:title\" content=\"Pat\u00e9 De Pato Con Magret Lucien Georgelin | Comprar En Linea | My French Grocery\" \/>\n<meta property=\"og:description\" content=\"Pat\u00e9 De Pato Con Magret Lucien Georgelin -Tarro de 220g - Cada pat\u00e9 tiene su propia historia ... por descubrir en la olla. Partiendo de nuevo del recuerdo de las recetas de su madre, Lucien Georgelin desarroll\u00f3 esta gama sin a\u00f1adir conservantes ni aditivos.\" \/>\n<meta property=\"og:url\" content=\"https:\/\/my-french-grocery.com\/es\/producto\/pate-de-pato-con-magret-lucien-georgelin\/\" \/>\n<meta property=\"og:site_name\" content=\"My French Grocery\" \/>\n<meta property=\"article:publisher\" content=\"https:\/\/www.facebook.com\/myfrenchgrocery\/\" \/>\n<meta property=\"og:image\" content=\"https:\/\/my-french-grocery.com\/wp-content\/uploads\/2018\/08\/pat\u00e9-canard.jpg\" \/>\n\t<meta property=\"og:image:width\" content=\"1500\" \/>\n\t<meta property=\"og:image:height\" content=\"1500\" \/>\n\t<meta property=\"og:image:type\" content=\"image\/jpeg\" \/>\n<meta name=\"twitter:card\" content=\"summary_large_image\" \/>\n<script type=\"application\/ld+json\" class=\"yoast-schema-graph\">{\"@context\":\"https:\\\/\\\/schema.org\",\"@graph\":[{\"@type\":\"WebPage\",\"@id\":\"https:\\\/\\\/my-french-grocery.com\\\/es\\\/producto\\\/pate-de-pato-con-magret-lucien-georgelin\\\/\",\"url\":\"https:\\\/\\\/my-french-grocery.com\\\/es\\\/producto\\\/pate-de-pato-con-magret-lucien-georgelin\\\/\",\"name\":\"Pat\u00e9 De Pato Con Magret Lucien Georgelin | Comprar En Linea | My French Grocery\",\"isPartOf\":{\"@id\":\"https:\\\/\\\/my-french-grocery.com\\\/es\\\/#website\"},\"primaryImageOfPage\":{\"@id\":\"https:\\\/\\\/my-french-grocery.com\\\/es\\\/producto\\\/pate-de-pato-con-magret-lucien-georgelin\\\/#primaryimage\"},\"image\":{\"@id\":\"https:\\\/\\\/my-french-grocery.com\\\/es\\\/producto\\\/pate-de-pato-con-magret-lucien-georgelin\\\/#primaryimage\"},\"thumbnailUrl\":\"https:\\\/\\\/my-french-grocery.com\\\/wp-content\\\/uploads\\\/2018\\\/08\\\/pat\u00e9-canard.jpg\",\"datePublished\":\"2018-08-11T16:06:55+00:00\",\"description\":\"Pat\u00e9 De Pato Con Magret Lucien Georgelin -Tarro de 220g - Cada pat\u00e9 tiene su propia historia ... por descubrir en la olla. Partiendo de nuevo del recuerdo de las recetas de su madre, Lucien Georgelin desarroll\u00f3 esta gama sin a\u00f1adir conservantes ni aditivos.\",\"breadcrumb\":{\"@id\":\"https:\\\/\\\/my-french-grocery.com\\\/es\\\/producto\\\/pate-de-pato-con-magret-lucien-georgelin\\\/#breadcrumb\"},\"inLanguage\":\"es-ES\",\"potentialAction\":[{\"@type\":\"ReadAction\",\"target\":[\"https:\\\/\\\/my-french-grocery.com\\\/es\\\/producto\\\/pate-de-pato-con-magret-lucien-georgelin\\\/\"]}]},{\"@type\":\"ImageObject\",\"inLanguage\":\"es-ES\",\"@id\":\"https:\\\/\\\/my-french-grocery.com\\\/es\\\/producto\\\/pate-de-pato-con-magret-lucien-georgelin\\\/#primaryimage\",\"url\":\"https:\\\/\\\/my-french-grocery.com\\\/wp-content\\\/uploads\\\/2018\\\/08\\\/pat\u00e9-canard.jpg\",\"contentUrl\":\"https:\\\/\\\/my-french-grocery.com\\\/wp-content\\\/uploads\\\/2018\\\/08\\\/pat\u00e9-canard.jpg\",\"width\":1500,\"height\":1500,\"caption\":\"Pat\u00e9 De Pato Con Magret Lucien Georgelin\"},{\"@type\":\"BreadcrumbList\",\"@id\":\"https:\\\/\\\/my-french-grocery.com\\\/es\\\/producto\\\/pate-de-pato-con-magret-lucien-georgelin\\\/#breadcrumb\",\"itemListElement\":[{\"@type\":\"ListItem\",\"position\":1,\"name\":\"Home\",\"item\":\"https:\\\/\\\/my-french-grocery.com\\\/es\\\/tienda-2\\\/\"},{\"@type\":\"ListItem\",\"position\":2,\"name\":\"Shop\",\"item\":\"https:\\\/\\\/my-french-grocery.com\\\/shop\\\/\"},{\"@type\":\"ListItem\",\"position\":3,\"name\":\"Comida\",\"item\":\"https:\\\/\\\/my-french-grocery.com\\\/es\\\/categoria-producto\\\/comida\\\/\"},{\"@type\":\"ListItem\",\"position\":4,\"name\":\"Foie Gras - Pat\u00e9 - Salchichas\",\"item\":\"https:\\\/\\\/my-french-grocery.com\\\/es\\\/categoria-producto\\\/comida\\\/foie-gras-pate-salchichas\\\/\"},{\"@type\":\"ListItem\",\"position\":5,\"name\":\"Pat\u00e9s &amp; Terrinas\",\"item\":\"https:\\\/\\\/my-french-grocery.com\\\/es\\\/categoria-producto\\\/comida\\\/foie-gras-pate-salchichas\\\/pates-terrinas\\\/\"},{\"@type\":\"ListItem\",\"position\":6,\"name\":\"Pat\u00e9 De Pato Con Magret Lucien Georgelin\"}]},{\"@type\":\"WebSite\",\"@id\":\"https:\\\/\\\/my-french-grocery.com\\\/es\\\/#website\",\"url\":\"https:\\\/\\\/my-french-grocery.com\\\/es\\\/\",\"name\":\"My French Grocery\",\"description\":\"Your Online French Grocery  !\",\"publisher\":{\"@id\":\"https:\\\/\\\/my-french-grocery.com\\\/es\\\/#organization\"},\"potentialAction\":[{\"@type\":\"SearchAction\",\"target\":{\"@type\":\"EntryPoint\",\"urlTemplate\":\"https:\\\/\\\/my-french-grocery.com\\\/es\\\/?s={search_term_string}\"},\"query-input\":{\"@type\":\"PropertyValueSpecification\",\"valueRequired\":true,\"valueName\":\"search_term_string\"}}],\"inLanguage\":\"es-ES\"},{\"@type\":\"Organization\",\"@id\":\"https:\\\/\\\/my-french-grocery.com\\\/es\\\/#organization\",\"name\":\"MY FRENCH GROCERY\",\"url\":\"https:\\\/\\\/my-french-grocery.com\\\/es\\\/\",\"logo\":{\"@type\":\"ImageObject\",\"inLanguage\":\"es-ES\",\"@id\":\"https:\\\/\\\/my-french-grocery.com\\\/es\\\/#\\\/schema\\\/logo\\\/image\\\/\",\"url\":\"https:\\\/\\\/my-french-grocery.com\\\/wp-content\\\/uploads\\\/2021\\\/11\\\/My-French-Grocery-Online-French-Grocery.png\",\"contentUrl\":\"https:\\\/\\\/my-french-grocery.com\\\/wp-content\\\/uploads\\\/2021\\\/11\\\/My-French-Grocery-Online-French-Grocery.png\",\"width\":100,\"height\":100,\"caption\":\"MY FRENCH GROCERY\"},\"image\":{\"@id\":\"https:\\\/\\\/my-french-grocery.com\\\/es\\\/#\\\/schema\\\/logo\\\/image\\\/\"},\"sameAs\":[\"https:\\\/\\\/www.facebook.com\\\/myfrenchgrocery\\\/\"]}]}<\/script>\n<!-- \/ Yoast SEO plugin. -->","yoast_head_json":{"title":"Pat\u00e9 De Pato Con Magret Lucien Georgelin | Comprar En Linea | My French Grocery","description":"Pat\u00e9 De Pato Con Magret Lucien Georgelin -Tarro de 220g - Cada pat\u00e9 tiene su propia historia ... por descubrir en la olla. Partiendo de nuevo del recuerdo de las recetas de su madre, Lucien Georgelin desarroll\u00f3 esta gama sin a\u00f1adir conservantes ni aditivos.","robots":{"index":"index","follow":"follow","max-snippet":"max-snippet:-1","max-image-preview":"max-image-preview:large","max-video-preview":"max-video-preview:-1"},"canonical":"https:\/\/my-french-grocery.com\/es\/producto\/pate-de-pato-con-magret-lucien-georgelin\/","og_locale":"es_ES","og_type":"article","og_title":"Pat\u00e9 De Pato Con Magret Lucien Georgelin | Comprar En Linea | My French Grocery","og_description":"Pat\u00e9 De Pato Con Magret Lucien Georgelin -Tarro de 220g - Cada pat\u00e9 tiene su propia historia ... por descubrir en la olla. Partiendo de nuevo del recuerdo de las recetas de su madre, Lucien Georgelin desarroll\u00f3 esta gama sin a\u00f1adir conservantes ni aditivos.","og_url":"https:\/\/my-french-grocery.com\/es\/producto\/pate-de-pato-con-magret-lucien-georgelin\/","og_site_name":"My French Grocery","article_publisher":"https:\/\/www.facebook.com\/myfrenchgrocery\/","og_image":[{"width":1500,"height":1500,"url":"https:\/\/my-french-grocery.com\/wp-content\/uploads\/2018\/08\/pat\u00e9-canard.jpg","type":"image\/jpeg"}],"twitter_card":"summary_large_image","schema":{"@context":"https:\/\/schema.org","@graph":[{"@type":"WebPage","@id":"https:\/\/my-french-grocery.com\/es\/producto\/pate-de-pato-con-magret-lucien-georgelin\/","url":"https:\/\/my-french-grocery.com\/es\/producto\/pate-de-pato-con-magret-lucien-georgelin\/","name":"Pat\u00e9 De Pato Con Magret Lucien Georgelin | Comprar En Linea | My French Grocery","isPartOf":{"@id":"https:\/\/my-french-grocery.com\/es\/#website"},"primaryImageOfPage":{"@id":"https:\/\/my-french-grocery.com\/es\/producto\/pate-de-pato-con-magret-lucien-georgelin\/#primaryimage"},"image":{"@id":"https:\/\/my-french-grocery.com\/es\/producto\/pate-de-pato-con-magret-lucien-georgelin\/#primaryimage"},"thumbnailUrl":"https:\/\/my-french-grocery.com\/wp-content\/uploads\/2018\/08\/pat\u00e9-canard.jpg","datePublished":"2018-08-11T16:06:55+00:00","description":"Pat\u00e9 De Pato Con Magret Lucien Georgelin -Tarro de 220g - Cada pat\u00e9 tiene su propia historia ... por descubrir en la olla. Partiendo de nuevo del recuerdo de las recetas de su madre, Lucien Georgelin desarroll\u00f3 esta gama sin a\u00f1adir conservantes ni aditivos.","breadcrumb":{"@id":"https:\/\/my-french-grocery.com\/es\/producto\/pate-de-pato-con-magret-lucien-georgelin\/#breadcrumb"},"inLanguage":"es-ES","potentialAction":[{"@type":"ReadAction","target":["https:\/\/my-french-grocery.com\/es\/producto\/pate-de-pato-con-magret-lucien-georgelin\/"]}]},{"@type":"ImageObject","inLanguage":"es-ES","@id":"https:\/\/my-french-grocery.com\/es\/producto\/pate-de-pato-con-magret-lucien-georgelin\/#primaryimage","url":"https:\/\/my-french-grocery.com\/wp-content\/uploads\/2018\/08\/pat\u00e9-canard.jpg","contentUrl":"https:\/\/my-french-grocery.com\/wp-content\/uploads\/2018\/08\/pat\u00e9-canard.jpg","width":1500,"height":1500,"caption":"Pat\u00e9 De Pato Con Magret Lucien Georgelin"},{"@type":"BreadcrumbList","@id":"https:\/\/my-french-grocery.com\/es\/producto\/pate-de-pato-con-magret-lucien-georgelin\/#breadcrumb","itemListElement":[{"@type":"ListItem","position":1,"name":"Home","item":"https:\/\/my-french-grocery.com\/es\/tienda-2\/"},{"@type":"ListItem","position":2,"name":"Shop","item":"https:\/\/my-french-grocery.com\/shop\/"},{"@type":"ListItem","position":3,"name":"Comida","item":"https:\/\/my-french-grocery.com\/es\/categoria-producto\/comida\/"},{"@type":"ListItem","position":4,"name":"Foie Gras - Pat\u00e9 - Salchichas","item":"https:\/\/my-french-grocery.com\/es\/categoria-producto\/comida\/foie-gras-pate-salchichas\/"},{"@type":"ListItem","position":5,"name":"Pat\u00e9s &amp; Terrinas","item":"https:\/\/my-french-grocery.com\/es\/categoria-producto\/comida\/foie-gras-pate-salchichas\/pates-terrinas\/"},{"@type":"ListItem","position":6,"name":"Pat\u00e9 De Pato Con Magret Lucien Georgelin"}]},{"@type":"WebSite","@id":"https:\/\/my-french-grocery.com\/es\/#website","url":"https:\/\/my-french-grocery.com\/es\/","name":"My French Grocery","description":"Your Online French Grocery  !","publisher":{"@id":"https:\/\/my-french-grocery.com\/es\/#organization"},"potentialAction":[{"@type":"SearchAction","target":{"@type":"EntryPoint","urlTemplate":"https:\/\/my-french-grocery.com\/es\/?s={search_term_string}"},"query-input":{"@type":"PropertyValueSpecification","valueRequired":true,"valueName":"search_term_string"}}],"inLanguage":"es-ES"},{"@type":"Organization","@id":"https:\/\/my-french-grocery.com\/es\/#organization","name":"MY FRENCH GROCERY","url":"https:\/\/my-french-grocery.com\/es\/","logo":{"@type":"ImageObject","inLanguage":"es-ES","@id":"https:\/\/my-french-grocery.com\/es\/#\/schema\/logo\/image\/","url":"https:\/\/my-french-grocery.com\/wp-content\/uploads\/2021\/11\/My-French-Grocery-Online-French-Grocery.png","contentUrl":"https:\/\/my-french-grocery.com\/wp-content\/uploads\/2021\/11\/My-French-Grocery-Online-French-Grocery.png","width":100,"height":100,"caption":"MY FRENCH GROCERY"},"image":{"@id":"https:\/\/my-french-grocery.com\/es\/#\/schema\/logo\/image\/"},"sameAs":["https:\/\/www.facebook.com\/myfrenchgrocery\/"]}]}},"brands":[{"id":768,"name":"Lucien Georgelin","slug":"lucien-georgelin-es"}],"_links":{"self":[{"href":"https:\/\/my-french-grocery.com\/es\/wp-json\/wp\/v2\/product\/13351","targetHints":{"allow":["GET"]}}],"collection":[{"href":"https:\/\/my-french-grocery.com\/es\/wp-json\/wp\/v2\/product"}],"about":[{"href":"https:\/\/my-french-grocery.com\/es\/wp-json\/wp\/v2\/types\/product"}],"replies":[{"embeddable":true,"href":"https:\/\/my-french-grocery.com\/es\/wp-json\/wp\/v2\/comments?post=13351"}],"wp:featuredmedia":[{"embeddable":true,"href":"https:\/\/my-french-grocery.com\/es\/wp-json\/wp\/v2\/media\/13352"}],"wp:attachment":[{"href":"https:\/\/my-french-grocery.com\/es\/wp-json\/wp\/v2\/media?parent=13351"}],"wp:term":[{"taxonomy":"pwb-brand","embeddable":true,"href":"https:\/\/my-french-grocery.com\/es\/wp-json\/wp\/v2\/pwb-brand?post=13351"},{"taxonomy":"product_brand","embeddable":true,"href":"https:\/\/my-french-grocery.com\/es\/wp-json\/wp\/v2\/product_brand?post=13351"},{"taxonomy":"product_cat","embeddable":true,"href":"https:\/\/my-french-grocery.com\/es\/wp-json\/wp\/v2\/product_cat?post=13351"},{"taxonomy":"product_tag","embeddable":true,"href":"https:\/\/my-french-grocery.com\/es\/wp-json\/wp\/v2\/product_tag?post=13351"}],"curies":[{"name":"wp","href":"https:\/\/api.w.org\/{rel}","templated":true}]}}