{"id":13446,"date":"2020-10-24T14:35:17","date_gmt":"2020-10-24T12:35:17","guid":{"rendered":"https:\/\/my-french-grocery.com\/product\/patrelle-aroma\/"},"modified":"2020-10-24T14:35:17","modified_gmt":"2020-10-24T12:35:17","slug":"patrelle-aroma","status":"publish","type":"product","link":"https:\/\/my-french-grocery.com\/es\/producto\/patrelle-aroma\/","title":{"rendered":"Patrelle Aroma"},"content":{"rendered":"<p>Patrelle Aroma<\/p>\n<p>Botella De 140 g<\/p>\n<p align=\"justify\"><span>El \u201cSaveur des Soupages\u00a0<\/span><sup><span>\u00ae\u00a0<\/span><\/sup><span>\u00a0Patrelle\u201d es un colorante alimentario para sopas, caldos, embutidos, salsas.<\/span><\/p>\n<p align=\"justify\"><span>Por su tama\u00f1o, esta peque\u00f1a botella encontrar\u00e1 muy f\u00e1cilmente su lugar en los armarios de tu cocina y se convertir\u00e1 en el ingrediente imprescindible de todos tus platos.<\/span><\/p>\n","protected":false},"excerpt":{"rendered":"<p>Patrelle Aroma<\/p>\n<p>Botella De 140 g<\/p>\n","protected":false},"featured_media":13445,"comment_status":"open","ping_status":"closed","template":"","meta":[],"pwb-brand":[],"product_brand":[],"product_cat":[1655,1657],"product_tag":[1834],"class_list":{"0":"post-13446","1":"product","2":"type-product","3":"status-publish","4":"has-post-thumbnail","6":"product_cat-condimentos","7":"product_cat-salsas","8":"product_tag-patrelle-es","9":"product_shipping_class-expedicion-mundial","11":"first","12":"instock","13":"taxable","14":"shipping-taxable","15":"purchasable","16":"product-type-simple"},"brands":[],"_links":{"self":[{"href":"https:\/\/my-french-grocery.com\/es\/wp-json\/wp\/v2\/product\/13446","targetHints":{"allow":["GET"]}}],"collection":[{"href":"https:\/\/my-french-grocery.com\/es\/wp-json\/wp\/v2\/product"}],"about":[{"href":"https:\/\/my-french-grocery.com\/es\/wp-json\/wp\/v2\/types\/product"}],"replies":[{"embeddable":true,"href":"https:\/\/my-french-grocery.com\/es\/wp-json\/wp\/v2\/comments?post=13446"}],"wp:featuredmedia":[{"embeddable":true,"href":"https:\/\/my-french-grocery.com\/es\/wp-json\/wp\/v2\/media\/13445"}],"wp:attachment":[{"href":"https:\/\/my-french-grocery.com\/es\/wp-json\/wp\/v2\/media?parent=13446"}],"wp:term":[{"taxonomy":"pwb-brand","embeddable":true,"href":"https:\/\/my-french-grocery.com\/es\/wp-json\/wp\/v2\/pwb-brand?post=13446"},{"taxonomy":"product_brand","embeddable":true,"href":"https:\/\/my-french-grocery.com\/es\/wp-json\/wp\/v2\/product_brand?post=13446"},{"taxonomy":"product_cat","embeddable":true,"href":"https:\/\/my-french-grocery.com\/es\/wp-json\/wp\/v2\/product_cat?post=13446"},{"taxonomy":"product_tag","embeddable":true,"href":"https:\/\/my-french-grocery.com\/es\/wp-json\/wp\/v2\/product_tag?post=13446"}],"curies":[{"name":"wp","href":"https:\/\/api.w.org\/{rel}","templated":true}]}}