{"id":13492,"date":"2023-07-01T17:01:19","date_gmt":"2018-08-25T09:29:19","guid":{"rendered":"https:\/\/my-french-grocery.com\/product\/vinagre-de-vino-amora\/"},"modified":"2018-08-25T11:29:19","modified_gmt":"2018-08-25T09:29:19","slug":"vinagre-de-vino-amora","status":"publish","type":"product","link":"https:\/\/my-french-grocery.com\/es\/producto\/vinagre-de-vino-amora\/","title":{"rendered":"Vinagre De Vino Amora"},"content":{"rendered":"<p>Vinagre De Vino Amora<\/p>\n<div class=\"pdp-card__header--text\"><span class=\"ds-body-text ds-body-text--weight-bold ds-body-text--size-m ds-body-text--color-standard-2\"><span>Botella de 250 ml<\/span><\/span><\/div>\n<div>\u00a0<\/div>\n<div class=\"main-details__shoppinglist\">En 1919, Armand Bizouard, descendiente de una larga l\u00ednea de fabricantes de mostaza desde Fran\u00e7ois Naigeon, recibi\u00f3 maestro-vinagrero en 1703, deposita la marca Amora en el registro del tribunal comercial de Dijon. Pero no lo usa y vende su empresa a Raymond Sachot en 1931.<\/div>\n","protected":false},"excerpt":{"rendered":"<p>Vinagre De Vino Amora<\/p>\n<div class=\"pdp-card__header--text\"><span class=\"ds-body-text ds-body-text--weight-bold ds-body-text--size-m ds-body-text--color-standard-2\">Botella de 250 ml<\/span><\/div>\n","protected":false},"featured_media":13493,"comment_status":"open","ping_status":"closed","template":"","meta":[],"pwb-brand":[468],"product_brand":[],"product_cat":[1655],"product_tag":[1837],"class_list":{"0":"post-13492","1":"product","2":"type-product","3":"status-publish","4":"has-post-thumbnail","6":"pwb-brand-amora-es","7":"product_cat-condimentos","8":"product_tag-vinagre","9":"product_shipping_class-expedicion-mundial","11":"first","12":"outofstock","13":"taxable","14":"shipping-taxable","15":"purchasable","16":"product-type-simple"},"brands":[{"id":468,"name":"Amora","slug":"amora-es"}],"_links":{"self":[{"href":"https:\/\/my-french-grocery.com\/es\/wp-json\/wp\/v2\/product\/13492","targetHints":{"allow":["GET"]}}],"collection":[{"href":"https:\/\/my-french-grocery.com\/es\/wp-json\/wp\/v2\/product"}],"about":[{"href":"https:\/\/my-french-grocery.com\/es\/wp-json\/wp\/v2\/types\/product"}],"replies":[{"embeddable":true,"href":"https:\/\/my-french-grocery.com\/es\/wp-json\/wp\/v2\/comments?post=13492"}],"wp:featuredmedia":[{"embeddable":true,"href":"https:\/\/my-french-grocery.com\/es\/wp-json\/wp\/v2\/media\/13493"}],"wp:attachment":[{"href":"https:\/\/my-french-grocery.com\/es\/wp-json\/wp\/v2\/media?parent=13492"}],"wp:term":[{"taxonomy":"pwb-brand","embeddable":true,"href":"https:\/\/my-french-grocery.com\/es\/wp-json\/wp\/v2\/pwb-brand?post=13492"},{"taxonomy":"product_brand","embeddable":true,"href":"https:\/\/my-french-grocery.com\/es\/wp-json\/wp\/v2\/product_brand?post=13492"},{"taxonomy":"product_cat","embeddable":true,"href":"https:\/\/my-french-grocery.com\/es\/wp-json\/wp\/v2\/product_cat?post=13492"},{"taxonomy":"product_tag","embeddable":true,"href":"https:\/\/my-french-grocery.com\/es\/wp-json\/wp\/v2\/product_tag?post=13492"}],"curies":[{"name":"wp","href":"https:\/\/api.w.org\/{rel}","templated":true}]}}