{"id":13979,"date":"2020-11-21T17:42:15","date_gmt":"2020-11-21T15:42:15","guid":{"rendered":"https:\/\/my-french-grocery.com\/?post_type=product&#038;p=13979"},"modified":"2024-11-21T18:59:04","modified_gmt":"2024-11-21T16:59:04","slug":"beaujolais-nouveau-2021-georges-duboeuf","status":"publish","type":"product","link":"https:\/\/my-french-grocery.com\/es\/producto\/beaujolais-nouveau-2021-georges-duboeuf\/","title":{"rendered":"Vino Tinto Beaujolais Nouveau 2024 LA CAVE D\u2019AUGUSTIN FLORENT"},"content":{"rendered":"<p class=\"product-title__title c-text c-text--size-m c-text--style-h3 c-text--spacing-default\"><span>Vino Tinto Beaujolais Village Nouveau 2024 LA CAVE D\u2019AUGUSTIN FLORENT<\/span><\/p>\n<p>Botella de 75cl<\/p>\n<p>Descubra esta DOP Beaujolais Villages elaborada con la variedad de uva gamay, de color rub\u00ed brillante y aromas de frutos rojos. En boca es elegante y acompa\u00f1ar\u00e1 perfectamente tus embutidos, carnes rojas y quesos. Sirva fr\u00edo para un sabor \u00f3ptimo.<\/p>\n","protected":false},"excerpt":{"rendered":"<p class=\"product-title__title c-text c-text--size-m c-text--style-h3 c-text--spacing-default\">Vino Tinto Beaujolais Village Nouveau 2024 LA CAVE D\u2019AUGUSTIN FLORENT<\/p>\n<p>Botella de 75cl<\/p>\n","protected":false},"featured_media":45211,"comment_status":"open","ping_status":"closed","template":"","meta":[],"pwb-brand":[],"product_brand":[],"product_cat":[1700],"product_tag":[1759,1765,1760],"class_list":{"0":"post-13979","1":"product","2":"type-product","3":"status-publish","4":"has-post-thumbnail","6":"product_cat-valle-del-rodano","7":"product_tag-frances","8":"product_tag-valle-del-rodano","9":"product_tag-vino-tinto","10":"product_shipping_class-expedicion-mundial","12":"first","13":"outofstock","14":"taxable","15":"shipping-taxable","16":"purchasable","17":"product-type-simple"},"yoast_head":"<!-- This site is optimized with the Yoast SEO plugin v27.3 - https:\/\/yoast.com\/product\/yoast-seo-wordpress\/ -->\n<title>Vino Tinto Beaujolais Nouveau 2024 LA CAVE D\u2019AUGUSTIN FLORENT | Comprar En Linea | My French Grocery<\/title>\n<meta name=\"description\" content=\"Vino Tinto Beaujolais Village Nouveau 2024 LA CAVE D\u2019AUGUSTIN FLORENT Botella de 75cl Descubra esta DOP Beaujolais Villages elaborada con la variedad de uva gamay, de color rub\u00ed brillante y aromas de frutos rojos.\" \/>\n<meta name=\"robots\" content=\"index, follow, max-snippet:-1, max-image-preview:large, max-video-preview:-1\" \/>\n<link rel=\"canonical\" href=\"https:\/\/my-french-grocery.com\/es\/producto\/beaujolais-nouveau-2021-georges-duboeuf\/\" \/>\n<meta property=\"og:locale\" content=\"es_ES\" \/>\n<meta property=\"og:type\" content=\"article\" \/>\n<meta property=\"og:title\" content=\"Vino Tinto Beaujolais Nouveau 2024 LA CAVE D\u2019AUGUSTIN FLORENT | Comprar En Linea | My French Grocery\" \/>\n<meta property=\"og:description\" content=\"Vino Tinto Beaujolais Village Nouveau 2024 LA CAVE D\u2019AUGUSTIN FLORENT Botella de 75cl Descubra esta DOP Beaujolais Villages elaborada con la variedad de uva gamay, de color rub\u00ed brillante y aromas de frutos rojos.\" \/>\n<meta property=\"og:url\" content=\"https:\/\/my-french-grocery.com\/es\/producto\/beaujolais-nouveau-2021-georges-duboeuf\/\" \/>\n<meta property=\"og:site_name\" content=\"My French Grocery\" \/>\n<meta property=\"article:publisher\" content=\"https:\/\/www.facebook.com\/myfrenchgrocery\/\" \/>\n<meta property=\"article:modified_time\" content=\"2024-11-21T16:59:04+00:00\" \/>\n<meta property=\"og:image\" content=\"https:\/\/my-french-grocery.com\/wp-content\/uploads\/2020\/11\/Beaujolais-nouveau-2024-cave-augustin-Florent.webp\" \/>\n\t<meta property=\"og:image:width\" content=\"1500\" \/>\n\t<meta property=\"og:image:height\" content=\"1500\" \/>\n\t<meta property=\"og:image:type\" content=\"image\/webp\" \/>\n<meta name=\"twitter:card\" content=\"summary_large_image\" \/>\n<script type=\"application\/ld+json\" class=\"yoast-schema-graph\">{\"@context\":\"https:\\\/\\\/schema.org\",\"@graph\":[{\"@type\":\"WebPage\",\"@id\":\"https:\\\/\\\/my-french-grocery.com\\\/es\\\/producto\\\/beaujolais-nouveau-2021-georges-duboeuf\\\/\",\"url\":\"https:\\\/\\\/my-french-grocery.com\\\/es\\\/producto\\\/beaujolais-nouveau-2021-georges-duboeuf\\\/\",\"name\":\"Vino Tinto Beaujolais Nouveau 2024 LA CAVE D\u2019AUGUSTIN FLORENT | Comprar En Linea | My French Grocery\",\"isPartOf\":{\"@id\":\"https:\\\/\\\/my-french-grocery.com\\\/es\\\/#website\"},\"primaryImageOfPage\":{\"@id\":\"https:\\\/\\\/my-french-grocery.com\\\/es\\\/producto\\\/beaujolais-nouveau-2021-georges-duboeuf\\\/#primaryimage\"},\"image\":{\"@id\":\"https:\\\/\\\/my-french-grocery.com\\\/es\\\/producto\\\/beaujolais-nouveau-2021-georges-duboeuf\\\/#primaryimage\"},\"thumbnailUrl\":\"https:\\\/\\\/my-french-grocery.com\\\/wp-content\\\/uploads\\\/2020\\\/11\\\/Beaujolais-nouveau-2024-cave-augustin-Florent.webp\",\"datePublished\":\"2020-11-21T15:42:15+00:00\",\"dateModified\":\"2024-11-21T16:59:04+00:00\",\"description\":\"Vino Tinto Beaujolais Village Nouveau 2024 LA CAVE D\u2019AUGUSTIN FLORENT Botella de 75cl Descubra esta DOP Beaujolais Villages elaborada con la variedad de uva gamay, de color rub\u00ed brillante y aromas de frutos rojos.\",\"breadcrumb\":{\"@id\":\"https:\\\/\\\/my-french-grocery.com\\\/es\\\/producto\\\/beaujolais-nouveau-2021-georges-duboeuf\\\/#breadcrumb\"},\"inLanguage\":\"es-ES\",\"potentialAction\":[{\"@type\":\"ReadAction\",\"target\":[\"https:\\\/\\\/my-french-grocery.com\\\/es\\\/producto\\\/beaujolais-nouveau-2021-georges-duboeuf\\\/\"]}]},{\"@type\":\"ImageObject\",\"inLanguage\":\"es-ES\",\"@id\":\"https:\\\/\\\/my-french-grocery.com\\\/es\\\/producto\\\/beaujolais-nouveau-2021-georges-duboeuf\\\/#primaryimage\",\"url\":\"https:\\\/\\\/my-french-grocery.com\\\/wp-content\\\/uploads\\\/2020\\\/11\\\/Beaujolais-nouveau-2024-cave-augustin-Florent.webp\",\"contentUrl\":\"https:\\\/\\\/my-french-grocery.com\\\/wp-content\\\/uploads\\\/2020\\\/11\\\/Beaujolais-nouveau-2024-cave-augustin-Florent.webp\",\"width\":1500,\"height\":1500,\"caption\":\"Vino Tinto Beaujolais Village Nouveau 2024 LA CAVE D\u2019AUGUSTIN FLORENT\"},{\"@type\":\"BreadcrumbList\",\"@id\":\"https:\\\/\\\/my-french-grocery.com\\\/es\\\/producto\\\/beaujolais-nouveau-2021-georges-duboeuf\\\/#breadcrumb\",\"itemListElement\":[{\"@type\":\"ListItem\",\"position\":1,\"name\":\"Home\",\"item\":\"https:\\\/\\\/my-french-grocery.com\\\/es\\\/tienda-2\\\/\"},{\"@type\":\"ListItem\",\"position\":2,\"name\":\"Shop\",\"item\":\"https:\\\/\\\/my-french-grocery.com\\\/shop\\\/\"},{\"@type\":\"ListItem\",\"position\":3,\"name\":\"Bebidas - Vinos - Champa\u00f1a\",\"item\":\"https:\\\/\\\/my-french-grocery.com\\\/es\\\/categoria-producto\\\/bebidas-vinos-champana\\\/\"},{\"@type\":\"ListItem\",\"position\":4,\"name\":\"Vinos Tintos\",\"item\":\"https:\\\/\\\/my-french-grocery.com\\\/es\\\/categoria-producto\\\/bebidas-vinos-champana\\\/vinos-tintos\\\/\"},{\"@type\":\"ListItem\",\"position\":5,\"name\":\"Valle Del R\u00f3dano\",\"item\":\"https:\\\/\\\/my-french-grocery.com\\\/es\\\/categoria-producto\\\/bebidas-vinos-champana\\\/vinos-tintos\\\/valle-del-rodano\\\/\"},{\"@type\":\"ListItem\",\"position\":6,\"name\":\"Vino Tinto Beaujolais Nouveau 2024 LA CAVE D\u2019AUGUSTIN FLORENT\"}]},{\"@type\":\"WebSite\",\"@id\":\"https:\\\/\\\/my-french-grocery.com\\\/es\\\/#website\",\"url\":\"https:\\\/\\\/my-french-grocery.com\\\/es\\\/\",\"name\":\"My French Grocery\",\"description\":\"Your Online French Grocery  !\",\"publisher\":{\"@id\":\"https:\\\/\\\/my-french-grocery.com\\\/es\\\/#organization\"},\"potentialAction\":[{\"@type\":\"SearchAction\",\"target\":{\"@type\":\"EntryPoint\",\"urlTemplate\":\"https:\\\/\\\/my-french-grocery.com\\\/es\\\/?s={search_term_string}\"},\"query-input\":{\"@type\":\"PropertyValueSpecification\",\"valueRequired\":true,\"valueName\":\"search_term_string\"}}],\"inLanguage\":\"es-ES\"},{\"@type\":\"Organization\",\"@id\":\"https:\\\/\\\/my-french-grocery.com\\\/es\\\/#organization\",\"name\":\"MY FRENCH GROCERY\",\"url\":\"https:\\\/\\\/my-french-grocery.com\\\/es\\\/\",\"logo\":{\"@type\":\"ImageObject\",\"inLanguage\":\"es-ES\",\"@id\":\"https:\\\/\\\/my-french-grocery.com\\\/es\\\/#\\\/schema\\\/logo\\\/image\\\/\",\"url\":\"https:\\\/\\\/my-french-grocery.com\\\/wp-content\\\/uploads\\\/2021\\\/11\\\/My-French-Grocery-Online-French-Grocery.png\",\"contentUrl\":\"https:\\\/\\\/my-french-grocery.com\\\/wp-content\\\/uploads\\\/2021\\\/11\\\/My-French-Grocery-Online-French-Grocery.png\",\"width\":100,\"height\":100,\"caption\":\"MY FRENCH GROCERY\"},\"image\":{\"@id\":\"https:\\\/\\\/my-french-grocery.com\\\/es\\\/#\\\/schema\\\/logo\\\/image\\\/\"},\"sameAs\":[\"https:\\\/\\\/www.facebook.com\\\/myfrenchgrocery\\\/\"]}]}<\/script>\n<!-- \/ Yoast SEO plugin. -->","yoast_head_json":{"title":"Vino Tinto Beaujolais Nouveau 2024 LA CAVE D\u2019AUGUSTIN FLORENT | Comprar En Linea | My French Grocery","description":"Vino Tinto Beaujolais Village Nouveau 2024 LA CAVE D\u2019AUGUSTIN FLORENT Botella de 75cl Descubra esta DOP Beaujolais Villages elaborada con la variedad de uva gamay, de color rub\u00ed brillante y aromas de frutos rojos.","robots":{"index":"index","follow":"follow","max-snippet":"max-snippet:-1","max-image-preview":"max-image-preview:large","max-video-preview":"max-video-preview:-1"},"canonical":"https:\/\/my-french-grocery.com\/es\/producto\/beaujolais-nouveau-2021-georges-duboeuf\/","og_locale":"es_ES","og_type":"article","og_title":"Vino Tinto Beaujolais Nouveau 2024 LA CAVE D\u2019AUGUSTIN FLORENT | Comprar En Linea | My French Grocery","og_description":"Vino Tinto Beaujolais Village Nouveau 2024 LA CAVE D\u2019AUGUSTIN FLORENT Botella de 75cl Descubra esta DOP Beaujolais Villages elaborada con la variedad de uva gamay, de color rub\u00ed brillante y aromas de frutos rojos.","og_url":"https:\/\/my-french-grocery.com\/es\/producto\/beaujolais-nouveau-2021-georges-duboeuf\/","og_site_name":"My French Grocery","article_publisher":"https:\/\/www.facebook.com\/myfrenchgrocery\/","article_modified_time":"2024-11-21T16:59:04+00:00","og_image":[{"width":1500,"height":1500,"url":"https:\/\/my-french-grocery.com\/wp-content\/uploads\/2020\/11\/Beaujolais-nouveau-2024-cave-augustin-Florent.webp","type":"image\/webp"}],"twitter_card":"summary_large_image","schema":{"@context":"https:\/\/schema.org","@graph":[{"@type":"WebPage","@id":"https:\/\/my-french-grocery.com\/es\/producto\/beaujolais-nouveau-2021-georges-duboeuf\/","url":"https:\/\/my-french-grocery.com\/es\/producto\/beaujolais-nouveau-2021-georges-duboeuf\/","name":"Vino Tinto Beaujolais Nouveau 2024 LA CAVE D\u2019AUGUSTIN FLORENT | Comprar En Linea | My French Grocery","isPartOf":{"@id":"https:\/\/my-french-grocery.com\/es\/#website"},"primaryImageOfPage":{"@id":"https:\/\/my-french-grocery.com\/es\/producto\/beaujolais-nouveau-2021-georges-duboeuf\/#primaryimage"},"image":{"@id":"https:\/\/my-french-grocery.com\/es\/producto\/beaujolais-nouveau-2021-georges-duboeuf\/#primaryimage"},"thumbnailUrl":"https:\/\/my-french-grocery.com\/wp-content\/uploads\/2020\/11\/Beaujolais-nouveau-2024-cave-augustin-Florent.webp","datePublished":"2020-11-21T15:42:15+00:00","dateModified":"2024-11-21T16:59:04+00:00","description":"Vino Tinto Beaujolais Village Nouveau 2024 LA CAVE D\u2019AUGUSTIN FLORENT Botella de 75cl Descubra esta DOP Beaujolais Villages elaborada con la variedad de uva gamay, de color rub\u00ed brillante y aromas de frutos rojos.","breadcrumb":{"@id":"https:\/\/my-french-grocery.com\/es\/producto\/beaujolais-nouveau-2021-georges-duboeuf\/#breadcrumb"},"inLanguage":"es-ES","potentialAction":[{"@type":"ReadAction","target":["https:\/\/my-french-grocery.com\/es\/producto\/beaujolais-nouveau-2021-georges-duboeuf\/"]}]},{"@type":"ImageObject","inLanguage":"es-ES","@id":"https:\/\/my-french-grocery.com\/es\/producto\/beaujolais-nouveau-2021-georges-duboeuf\/#primaryimage","url":"https:\/\/my-french-grocery.com\/wp-content\/uploads\/2020\/11\/Beaujolais-nouveau-2024-cave-augustin-Florent.webp","contentUrl":"https:\/\/my-french-grocery.com\/wp-content\/uploads\/2020\/11\/Beaujolais-nouveau-2024-cave-augustin-Florent.webp","width":1500,"height":1500,"caption":"Vino Tinto Beaujolais Village Nouveau 2024 LA CAVE D\u2019AUGUSTIN FLORENT"},{"@type":"BreadcrumbList","@id":"https:\/\/my-french-grocery.com\/es\/producto\/beaujolais-nouveau-2021-georges-duboeuf\/#breadcrumb","itemListElement":[{"@type":"ListItem","position":1,"name":"Home","item":"https:\/\/my-french-grocery.com\/es\/tienda-2\/"},{"@type":"ListItem","position":2,"name":"Shop","item":"https:\/\/my-french-grocery.com\/shop\/"},{"@type":"ListItem","position":3,"name":"Bebidas - Vinos - Champa\u00f1a","item":"https:\/\/my-french-grocery.com\/es\/categoria-producto\/bebidas-vinos-champana\/"},{"@type":"ListItem","position":4,"name":"Vinos Tintos","item":"https:\/\/my-french-grocery.com\/es\/categoria-producto\/bebidas-vinos-champana\/vinos-tintos\/"},{"@type":"ListItem","position":5,"name":"Valle Del R\u00f3dano","item":"https:\/\/my-french-grocery.com\/es\/categoria-producto\/bebidas-vinos-champana\/vinos-tintos\/valle-del-rodano\/"},{"@type":"ListItem","position":6,"name":"Vino Tinto Beaujolais Nouveau 2024 LA CAVE D\u2019AUGUSTIN FLORENT"}]},{"@type":"WebSite","@id":"https:\/\/my-french-grocery.com\/es\/#website","url":"https:\/\/my-french-grocery.com\/es\/","name":"My French Grocery","description":"Your Online French Grocery  !","publisher":{"@id":"https:\/\/my-french-grocery.com\/es\/#organization"},"potentialAction":[{"@type":"SearchAction","target":{"@type":"EntryPoint","urlTemplate":"https:\/\/my-french-grocery.com\/es\/?s={search_term_string}"},"query-input":{"@type":"PropertyValueSpecification","valueRequired":true,"valueName":"search_term_string"}}],"inLanguage":"es-ES"},{"@type":"Organization","@id":"https:\/\/my-french-grocery.com\/es\/#organization","name":"MY FRENCH GROCERY","url":"https:\/\/my-french-grocery.com\/es\/","logo":{"@type":"ImageObject","inLanguage":"es-ES","@id":"https:\/\/my-french-grocery.com\/es\/#\/schema\/logo\/image\/","url":"https:\/\/my-french-grocery.com\/wp-content\/uploads\/2021\/11\/My-French-Grocery-Online-French-Grocery.png","contentUrl":"https:\/\/my-french-grocery.com\/wp-content\/uploads\/2021\/11\/My-French-Grocery-Online-French-Grocery.png","width":100,"height":100,"caption":"MY FRENCH GROCERY"},"image":{"@id":"https:\/\/my-french-grocery.com\/es\/#\/schema\/logo\/image\/"},"sameAs":["https:\/\/www.facebook.com\/myfrenchgrocery\/"]}]}},"brands":[],"_links":{"self":[{"href":"https:\/\/my-french-grocery.com\/es\/wp-json\/wp\/v2\/product\/13979","targetHints":{"allow":["GET"]}}],"collection":[{"href":"https:\/\/my-french-grocery.com\/es\/wp-json\/wp\/v2\/product"}],"about":[{"href":"https:\/\/my-french-grocery.com\/es\/wp-json\/wp\/v2\/types\/product"}],"replies":[{"embeddable":true,"href":"https:\/\/my-french-grocery.com\/es\/wp-json\/wp\/v2\/comments?post=13979"}],"wp:featuredmedia":[{"embeddable":true,"href":"https:\/\/my-french-grocery.com\/es\/wp-json\/wp\/v2\/media\/45211"}],"wp:attachment":[{"href":"https:\/\/my-french-grocery.com\/es\/wp-json\/wp\/v2\/media?parent=13979"}],"wp:term":[{"taxonomy":"pwb-brand","embeddable":true,"href":"https:\/\/my-french-grocery.com\/es\/wp-json\/wp\/v2\/pwb-brand?post=13979"},{"taxonomy":"product_brand","embeddable":true,"href":"https:\/\/my-french-grocery.com\/es\/wp-json\/wp\/v2\/product_brand?post=13979"},{"taxonomy":"product_cat","embeddable":true,"href":"https:\/\/my-french-grocery.com\/es\/wp-json\/wp\/v2\/product_cat?post=13979"},{"taxonomy":"product_tag","embeddable":true,"href":"https:\/\/my-french-grocery.com\/es\/wp-json\/wp\/v2\/product_tag?post=13979"}],"curies":[{"name":"wp","href":"https:\/\/api.w.org\/{rel}","templated":true}]}}