{"id":14600,"date":"2018-08-30T14:22:02","date_gmt":"2018-08-30T12:22:02","guid":{"rendered":"https:\/\/my-french-grocery.com\/product\/brioche-chinois-con-crema-la-fournee-doree\/"},"modified":"2018-08-30T14:22:02","modified_gmt":"2018-08-30T12:22:02","slug":"brioche-chinois-con-crema-la-fournee-doree","status":"publish","type":"product","link":"https:\/\/my-french-grocery.com\/es\/producto\/brioche-chinois-con-crema-la-fournee-doree\/","title":{"rendered":"Brioche Chinois Con Crema La Fourn\u00e9e Dor\u00e9e"},"content":{"rendered":"<p>Brioche Chinois Con Crema La Fourn\u00e9e Dor\u00e9e<\/p>\n<p>6 Chinois de 50 g<\/p>\n<p><span>Estos Petit Chinois son bollos individuales, rellenos de crema pastelera.\u00a0<\/span><span>Un verdadero momento de dulzura y placer que fusionar\u00e1 a grandes y peque\u00f1os. Practicidad: envases individuales, aut\u00e9nticos snacks suaves<\/span><\/p>\n","protected":false},"excerpt":{"rendered":"<p>Brioche Chinois Con Crema La Fourn\u00e9e Dor\u00e9e<\/p>\n<p>6 Chinois de 50 g<\/p>\n","protected":false},"featured_media":14601,"comment_status":"open","ping_status":"closed","template":"","meta":[],"pwb-brand":[1870],"product_brand":[],"product_cat":[1867],"product_tag":[1868],"class_list":{"0":"post-14600","1":"product","2":"type-product","3":"status-publish","4":"has-post-thumbnail","6":"pwb-brand-fournee-doree-es","7":"product_cat-cereales-brioches-bolleria","8":"product_tag-brioche-es","9":"product_shipping_class-expedicion-mundial","11":"first","12":"instock","13":"taxable","14":"shipping-taxable","15":"purchasable","16":"product-type-simple"},"brands":[{"id":1870,"name":"Fourn\u00e9e Dor\u00e9e","slug":"fournee-doree-es"}],"_links":{"self":[{"href":"https:\/\/my-french-grocery.com\/es\/wp-json\/wp\/v2\/product\/14600","targetHints":{"allow":["GET"]}}],"collection":[{"href":"https:\/\/my-french-grocery.com\/es\/wp-json\/wp\/v2\/product"}],"about":[{"href":"https:\/\/my-french-grocery.com\/es\/wp-json\/wp\/v2\/types\/product"}],"replies":[{"embeddable":true,"href":"https:\/\/my-french-grocery.com\/es\/wp-json\/wp\/v2\/comments?post=14600"}],"wp:featuredmedia":[{"embeddable":true,"href":"https:\/\/my-french-grocery.com\/es\/wp-json\/wp\/v2\/media\/14601"}],"wp:attachment":[{"href":"https:\/\/my-french-grocery.com\/es\/wp-json\/wp\/v2\/media?parent=14600"}],"wp:term":[{"taxonomy":"pwb-brand","embeddable":true,"href":"https:\/\/my-french-grocery.com\/es\/wp-json\/wp\/v2\/pwb-brand?post=14600"},{"taxonomy":"product_brand","embeddable":true,"href":"https:\/\/my-french-grocery.com\/es\/wp-json\/wp\/v2\/product_brand?post=14600"},{"taxonomy":"product_cat","embeddable":true,"href":"https:\/\/my-french-grocery.com\/es\/wp-json\/wp\/v2\/product_cat?post=14600"},{"taxonomy":"product_tag","embeddable":true,"href":"https:\/\/my-french-grocery.com\/es\/wp-json\/wp\/v2\/product_tag?post=14600"}],"curies":[{"name":"wp","href":"https:\/\/api.w.org\/{rel}","templated":true}]}}