{"id":14602,"date":"2018-08-30T14:31:12","date_gmt":"2018-08-30T12:31:12","guid":{"rendered":"https:\/\/my-french-grocery.com\/product\/brioche-en-rodajas-pasquier\/"},"modified":"2018-08-30T14:31:12","modified_gmt":"2018-08-30T12:31:12","slug":"brioche-en-rodajas-pasquier","status":"publish","type":"product","link":"https:\/\/my-french-grocery.com\/es\/producto\/brioche-en-rodajas-pasquier\/","title":{"rendered":"Brioche En Rodajas Pasquier"},"content":{"rendered":"<p>Brioche En Rodajas Pasquier<\/p>\n<p>Paquete de 450 g<\/p>\n<p id=\"tw-target-text\" class=\"tw-data-text tw-text-large XcVN5d tw-ta\" dir=\"ltr\" data-placeholder=\"Traduction\"><span lang=\"es\">Todo comienza en 1936, en Cerqueux, una peque\u00f1a ciudad de Maine et Loire. Louise y Gabriel Pasquier, los panaderos del pueblo, elaboran pan y boller\u00eda en su panader\u00eda, adem\u00e1s de un brioche conocido en toda la regi\u00f3n. Cuando Gabriel Pasquier falleci\u00f3 a principios de los 70, sus cinco hijos se hicieron cargo del negocio familiar y decidieron ir a ofrecer su briochette, protegido por una bolsa, en los supermercados. La idea es revolucionaria para la \u00e9poca y encuentra un verdadero \u00e9xito.<\/span><\/p>\n","protected":false},"excerpt":{"rendered":"<p>Brioche En Rodajas Pasquier<\/p>\n<p>Paquete de 450 g<\/p>\n","protected":false},"featured_media":37930,"comment_status":"open","ping_status":"closed","template":"","meta":[],"pwb-brand":[1871],"product_brand":[],"product_cat":[1867],"product_tag":[1868],"class_list":{"0":"post-14602","1":"product","2":"type-product","3":"status-publish","4":"has-post-thumbnail","6":"pwb-brand-pasquier-es","7":"product_cat-cereales-brioches-bolleria","8":"product_tag-brioche-es","9":"product_shipping_class-expedicion-mundial","11":"first","12":"instock","13":"taxable","14":"shipping-taxable","15":"purchasable","16":"product-type-simple"},"brands":[{"id":1871,"name":"Pasquier","slug":"pasquier-es"}],"_links":{"self":[{"href":"https:\/\/my-french-grocery.com\/es\/wp-json\/wp\/v2\/product\/14602","targetHints":{"allow":["GET"]}}],"collection":[{"href":"https:\/\/my-french-grocery.com\/es\/wp-json\/wp\/v2\/product"}],"about":[{"href":"https:\/\/my-french-grocery.com\/es\/wp-json\/wp\/v2\/types\/product"}],"replies":[{"embeddable":true,"href":"https:\/\/my-french-grocery.com\/es\/wp-json\/wp\/v2\/comments?post=14602"}],"wp:featuredmedia":[{"embeddable":true,"href":"https:\/\/my-french-grocery.com\/es\/wp-json\/wp\/v2\/media\/37930"}],"wp:attachment":[{"href":"https:\/\/my-french-grocery.com\/es\/wp-json\/wp\/v2\/media?parent=14602"}],"wp:term":[{"taxonomy":"pwb-brand","embeddable":true,"href":"https:\/\/my-french-grocery.com\/es\/wp-json\/wp\/v2\/pwb-brand?post=14602"},{"taxonomy":"product_brand","embeddable":true,"href":"https:\/\/my-french-grocery.com\/es\/wp-json\/wp\/v2\/product_brand?post=14602"},{"taxonomy":"product_cat","embeddable":true,"href":"https:\/\/my-french-grocery.com\/es\/wp-json\/wp\/v2\/product_cat?post=14602"},{"taxonomy":"product_tag","embeddable":true,"href":"https:\/\/my-french-grocery.com\/es\/wp-json\/wp\/v2\/product_tag?post=14602"}],"curies":[{"name":"wp","href":"https:\/\/api.w.org\/{rel}","templated":true}]}}