{"id":14614,"date":"2018-08-30T15:29:16","date_gmt":"2018-08-30T13:29:16","guid":{"rendered":"https:\/\/my-french-grocery.com\/product\/panes-de-chocolate-pasquier\/"},"modified":"2018-08-30T15:29:16","modified_gmt":"2018-08-30T13:29:16","slug":"panes-de-chocolate-pasquier","status":"publish","type":"product","link":"https:\/\/my-french-grocery.com\/es\/producto\/panes-de-chocolate-pasquier\/","title":{"rendered":"Panes De Chocolate Pasquier"},"content":{"rendered":"<p>Panes De Chocolate Pasquier<\/p>\n<div class=\"pdp-card__header--text\"><span class=\"ds-body-text ds-body-text--weight-bold ds-body-text--size-m ds-body-text--color-standard-2\"><span>Paquete de 8 \u2013 360 g<\/span><\/span><\/div>\n<div><\/div>\n<div>Todo comienza en 1936, en Cerqueux, una peque\u00f1a ciudad de Maine et Loire. Louise y Gabriel Pasquier, los panaderos del pueblo, elaboran pan y boller\u00eda en su panader\u00eda, adem\u00e1s de un brioche conocido en toda la regi\u00f3n. Cuando Gabriel Pasquier falleci\u00f3 a principios de los 70, sus cinco hijos se hicieron cargo del negocio familiar y decidieron ir a ofrecer su briochette, protegido por una bolsa, en los supermercados. La idea es revolucionaria para la \u00e9poca y encuentra un verdadero \u00e9xito.<\/div>\n<div class=\"main-details__shoppinglist\"><\/div>\n","protected":false},"excerpt":{"rendered":"<p>Panes De Chocolate Pasquier<\/p>\n<div class=\"pdp-card__header--text\"><span class=\"ds-body-text ds-body-text--weight-bold ds-body-text--size-m ds-body-text--color-standard-2\">Paquete de 8 &#8211; 360 g<\/span><\/div>\n","protected":false},"featured_media":14615,"comment_status":"open","ping_status":"closed","template":"","meta":[],"pwb-brand":[1871],"product_brand":[],"product_cat":[1867],"product_tag":[1868],"class_list":{"0":"post-14614","1":"product","2":"type-product","3":"status-publish","4":"has-post-thumbnail","6":"pwb-brand-pasquier-es","7":"product_cat-cereales-brioches-bolleria","8":"product_tag-brioche-es","9":"product_shipping_class-expedicion-mundial","11":"first","12":"instock","13":"taxable","14":"shipping-taxable","15":"purchasable","16":"product-type-simple"},"brands":[{"id":1871,"name":"Pasquier","slug":"pasquier-es"}],"_links":{"self":[{"href":"https:\/\/my-french-grocery.com\/es\/wp-json\/wp\/v2\/product\/14614","targetHints":{"allow":["GET"]}}],"collection":[{"href":"https:\/\/my-french-grocery.com\/es\/wp-json\/wp\/v2\/product"}],"about":[{"href":"https:\/\/my-french-grocery.com\/es\/wp-json\/wp\/v2\/types\/product"}],"replies":[{"embeddable":true,"href":"https:\/\/my-french-grocery.com\/es\/wp-json\/wp\/v2\/comments?post=14614"}],"wp:featuredmedia":[{"embeddable":true,"href":"https:\/\/my-french-grocery.com\/es\/wp-json\/wp\/v2\/media\/14615"}],"wp:attachment":[{"href":"https:\/\/my-french-grocery.com\/es\/wp-json\/wp\/v2\/media?parent=14614"}],"wp:term":[{"taxonomy":"pwb-brand","embeddable":true,"href":"https:\/\/my-french-grocery.com\/es\/wp-json\/wp\/v2\/pwb-brand?post=14614"},{"taxonomy":"product_brand","embeddable":true,"href":"https:\/\/my-french-grocery.com\/es\/wp-json\/wp\/v2\/product_brand?post=14614"},{"taxonomy":"product_cat","embeddable":true,"href":"https:\/\/my-french-grocery.com\/es\/wp-json\/wp\/v2\/product_cat?post=14614"},{"taxonomy":"product_tag","embeddable":true,"href":"https:\/\/my-french-grocery.com\/es\/wp-json\/wp\/v2\/product_tag?post=14614"}],"curies":[{"name":"wp","href":"https:\/\/api.w.org\/{rel}","templated":true}]}}