{"id":14658,"date":"2018-09-01T13:51:00","date_gmt":"2018-09-01T11:51:00","guid":{"rendered":"https:\/\/my-french-grocery.com\/product\/sidra-tradicional-loic-raison\/"},"modified":"2024-02-10T00:00:07","modified_gmt":"2024-02-09T22:00:07","slug":"sidra-tradicional-loic-raison","status":"publish","type":"product","link":"https:\/\/my-french-grocery.com\/es\/producto\/sidra-tradicional-loic-raison\/","title":{"rendered":"Sidra Tradicional Lo\u00efc Raison"},"content":{"rendered":"<p>Sidra Tradicional Lo\u00efc Raison<\/p>\n<p>Botella de 1.5L<\/p>\n<p><span>Lo\u00efc Raison viaj\u00f3 por su Breta\u00f1a natal para compartir su pasi\u00f3n por la sidra y forjar su saber hacer. <\/span><span>Pionero, embotell\u00f3 su sidra fresca y afrutada para darla a conocer por toda Francia Made in Brittany.\u00a0<\/span><span>Elaborado con manzanas para sidra de Breta\u00f1a<\/span><\/p>\n","protected":false},"excerpt":{"rendered":"<p>Sidra Tradicional Lo\u00efc Raison<\/p>\n<p>Botella de 1.5L<\/p>\n","protected":false},"featured_media":38138,"comment_status":"open","ping_status":"closed","template":"","meta":[],"pwb-brand":[1881],"product_brand":[],"product_cat":[1879],"product_tag":[1880],"class_list":{"0":"post-14658","1":"product","2":"type-product","3":"status-publish","4":"has-post-thumbnail","6":"pwb-brand-loic-raison-es","7":"product_cat-cervezas-sidras","8":"product_tag-sidra","9":"product_shipping_class-expedicion-mundial","11":"first","12":"instock","13":"taxable","14":"shipping-taxable","15":"purchasable","16":"product-type-simple"},"yoast_head":"<!-- This site is optimized with the Yoast SEO plugin v27.4 - https:\/\/yoast.com\/product\/yoast-seo-wordpress\/ -->\n<title>Sidra Tradicional Lo\u00efc Raison | Comprar En Linea | My French Grocery<\/title>\n<meta name=\"description\" content=\"Sidra Tradicional Lo\u00efc Raison - Botella de 1.5L - Lo\u00efc Raison viaj\u00f3 por su Breta\u00f1a natal para compartir su pasi\u00f3n por la sidra y forjar su saber hacer.\" \/>\n<meta name=\"robots\" content=\"index, follow, max-snippet:-1, max-image-preview:large, max-video-preview:-1\" \/>\n<link rel=\"canonical\" href=\"https:\/\/my-french-grocery.com\/es\/producto\/sidra-tradicional-loic-raison\/\" \/>\n<meta property=\"og:locale\" content=\"es_ES\" \/>\n<meta property=\"og:type\" content=\"article\" \/>\n<meta property=\"og:title\" content=\"Sidra Tradicional Lo\u00efc Raison | Comprar En Linea | My French Grocery\" \/>\n<meta property=\"og:description\" content=\"Sidra Tradicional Lo\u00efc Raison - Botella de 1.5L - Lo\u00efc Raison viaj\u00f3 por su Breta\u00f1a natal para compartir su pasi\u00f3n por la sidra y forjar su saber hacer.\" \/>\n<meta property=\"og:url\" content=\"https:\/\/my-french-grocery.com\/es\/producto\/sidra-tradicional-loic-raison\/\" \/>\n<meta property=\"og:site_name\" content=\"My French Grocery\" \/>\n<meta property=\"article:publisher\" content=\"https:\/\/www.facebook.com\/myfrenchgrocery\/\" \/>\n<meta property=\"article:modified_time\" content=\"2024-02-09T22:00:07+00:00\" \/>\n<meta property=\"og:image\" content=\"https:\/\/my-french-grocery.com\/wp-content\/uploads\/2018\/09\/Cider-Loic-Raison.webp\" \/>\n\t<meta property=\"og:image:width\" content=\"1500\" \/>\n\t<meta property=\"og:image:height\" content=\"1500\" \/>\n\t<meta property=\"og:image:type\" content=\"image\/webp\" \/>\n<meta name=\"twitter:card\" content=\"summary_large_image\" \/>\n<script type=\"application\/ld+json\" class=\"yoast-schema-graph\">{\"@context\":\"https:\\\/\\\/schema.org\",\"@graph\":[{\"@type\":\"WebPage\",\"@id\":\"https:\\\/\\\/my-french-grocery.com\\\/es\\\/producto\\\/sidra-tradicional-loic-raison\\\/\",\"url\":\"https:\\\/\\\/my-french-grocery.com\\\/es\\\/producto\\\/sidra-tradicional-loic-raison\\\/\",\"name\":\"Sidra Tradicional Lo\u00efc Raison | Comprar En Linea | My French Grocery\",\"isPartOf\":{\"@id\":\"https:\\\/\\\/my-french-grocery.com\\\/es\\\/#website\"},\"primaryImageOfPage\":{\"@id\":\"https:\\\/\\\/my-french-grocery.com\\\/es\\\/producto\\\/sidra-tradicional-loic-raison\\\/#primaryimage\"},\"image\":{\"@id\":\"https:\\\/\\\/my-french-grocery.com\\\/es\\\/producto\\\/sidra-tradicional-loic-raison\\\/#primaryimage\"},\"thumbnailUrl\":\"https:\\\/\\\/my-french-grocery.com\\\/wp-content\\\/uploads\\\/2018\\\/09\\\/Cider-Loic-Raison.webp\",\"datePublished\":\"2018-09-01T11:51:00+00:00\",\"dateModified\":\"2024-02-09T22:00:07+00:00\",\"description\":\"Sidra Tradicional Lo\u00efc Raison - Botella de 1.5L - Lo\u00efc Raison viaj\u00f3 por su Breta\u00f1a natal para compartir su pasi\u00f3n por la sidra y forjar su saber hacer.\",\"breadcrumb\":{\"@id\":\"https:\\\/\\\/my-french-grocery.com\\\/es\\\/producto\\\/sidra-tradicional-loic-raison\\\/#breadcrumb\"},\"inLanguage\":\"es-ES\",\"potentialAction\":[{\"@type\":\"ReadAction\",\"target\":[\"https:\\\/\\\/my-french-grocery.com\\\/es\\\/producto\\\/sidra-tradicional-loic-raison\\\/\"]}]},{\"@type\":\"ImageObject\",\"inLanguage\":\"es-ES\",\"@id\":\"https:\\\/\\\/my-french-grocery.com\\\/es\\\/producto\\\/sidra-tradicional-loic-raison\\\/#primaryimage\",\"url\":\"https:\\\/\\\/my-french-grocery.com\\\/wp-content\\\/uploads\\\/2018\\\/09\\\/Cider-Loic-Raison.webp\",\"contentUrl\":\"https:\\\/\\\/my-french-grocery.com\\\/wp-content\\\/uploads\\\/2018\\\/09\\\/Cider-Loic-Raison.webp\",\"width\":1500,\"height\":1500},{\"@type\":\"BreadcrumbList\",\"@id\":\"https:\\\/\\\/my-french-grocery.com\\\/es\\\/producto\\\/sidra-tradicional-loic-raison\\\/#breadcrumb\",\"itemListElement\":[{\"@type\":\"ListItem\",\"position\":1,\"name\":\"Home\",\"item\":\"https:\\\/\\\/my-french-grocery.com\\\/es\\\/tienda-2\\\/\"},{\"@type\":\"ListItem\",\"position\":2,\"name\":\"Shop\",\"item\":\"https:\\\/\\\/my-french-grocery.com\\\/shop\\\/\"},{\"@type\":\"ListItem\",\"position\":3,\"name\":\"Cervezas &amp; Sidras\",\"item\":\"https:\\\/\\\/my-french-grocery.com\\\/es\\\/categoria-producto\\\/cervezas-sidras\\\/\"},{\"@type\":\"ListItem\",\"position\":4,\"name\":\"Sidra Tradicional Lo\u00efc Raison\"}]},{\"@type\":\"WebSite\",\"@id\":\"https:\\\/\\\/my-french-grocery.com\\\/es\\\/#website\",\"url\":\"https:\\\/\\\/my-french-grocery.com\\\/es\\\/\",\"name\":\"My French Grocery\",\"description\":\"Your Online French Grocery  !\",\"publisher\":{\"@id\":\"https:\\\/\\\/my-french-grocery.com\\\/es\\\/#organization\"},\"potentialAction\":[{\"@type\":\"SearchAction\",\"target\":{\"@type\":\"EntryPoint\",\"urlTemplate\":\"https:\\\/\\\/my-french-grocery.com\\\/es\\\/?s={search_term_string}\"},\"query-input\":{\"@type\":\"PropertyValueSpecification\",\"valueRequired\":true,\"valueName\":\"search_term_string\"}}],\"inLanguage\":\"es-ES\"},{\"@type\":\"Organization\",\"@id\":\"https:\\\/\\\/my-french-grocery.com\\\/es\\\/#organization\",\"name\":\"MY FRENCH GROCERY\",\"url\":\"https:\\\/\\\/my-french-grocery.com\\\/es\\\/\",\"logo\":{\"@type\":\"ImageObject\",\"inLanguage\":\"es-ES\",\"@id\":\"https:\\\/\\\/my-french-grocery.com\\\/es\\\/#\\\/schema\\\/logo\\\/image\\\/\",\"url\":\"https:\\\/\\\/my-french-grocery.com\\\/wp-content\\\/uploads\\\/2021\\\/11\\\/My-French-Grocery-Online-French-Grocery.png\",\"contentUrl\":\"https:\\\/\\\/my-french-grocery.com\\\/wp-content\\\/uploads\\\/2021\\\/11\\\/My-French-Grocery-Online-French-Grocery.png\",\"width\":100,\"height\":100,\"caption\":\"MY FRENCH GROCERY\"},\"image\":{\"@id\":\"https:\\\/\\\/my-french-grocery.com\\\/es\\\/#\\\/schema\\\/logo\\\/image\\\/\"},\"sameAs\":[\"https:\\\/\\\/www.facebook.com\\\/myfrenchgrocery\\\/\"]}]}<\/script>\n<!-- \/ Yoast SEO plugin. -->","yoast_head_json":{"title":"Sidra Tradicional Lo\u00efc Raison | Comprar En Linea | My French Grocery","description":"Sidra Tradicional Lo\u00efc Raison - Botella de 1.5L - Lo\u00efc Raison viaj\u00f3 por su Breta\u00f1a natal para compartir su pasi\u00f3n por la sidra y forjar su saber hacer.","robots":{"index":"index","follow":"follow","max-snippet":"max-snippet:-1","max-image-preview":"max-image-preview:large","max-video-preview":"max-video-preview:-1"},"canonical":"https:\/\/my-french-grocery.com\/es\/producto\/sidra-tradicional-loic-raison\/","og_locale":"es_ES","og_type":"article","og_title":"Sidra Tradicional Lo\u00efc Raison | Comprar En Linea | My French Grocery","og_description":"Sidra Tradicional Lo\u00efc Raison - Botella de 1.5L - Lo\u00efc Raison viaj\u00f3 por su Breta\u00f1a natal para compartir su pasi\u00f3n por la sidra y forjar su saber hacer.","og_url":"https:\/\/my-french-grocery.com\/es\/producto\/sidra-tradicional-loic-raison\/","og_site_name":"My French Grocery","article_publisher":"https:\/\/www.facebook.com\/myfrenchgrocery\/","article_modified_time":"2024-02-09T22:00:07+00:00","og_image":[{"width":1500,"height":1500,"url":"https:\/\/my-french-grocery.com\/wp-content\/uploads\/2018\/09\/Cider-Loic-Raison.webp","type":"image\/webp"}],"twitter_card":"summary_large_image","schema":{"@context":"https:\/\/schema.org","@graph":[{"@type":"WebPage","@id":"https:\/\/my-french-grocery.com\/es\/producto\/sidra-tradicional-loic-raison\/","url":"https:\/\/my-french-grocery.com\/es\/producto\/sidra-tradicional-loic-raison\/","name":"Sidra Tradicional Lo\u00efc Raison | Comprar En Linea | My French Grocery","isPartOf":{"@id":"https:\/\/my-french-grocery.com\/es\/#website"},"primaryImageOfPage":{"@id":"https:\/\/my-french-grocery.com\/es\/producto\/sidra-tradicional-loic-raison\/#primaryimage"},"image":{"@id":"https:\/\/my-french-grocery.com\/es\/producto\/sidra-tradicional-loic-raison\/#primaryimage"},"thumbnailUrl":"https:\/\/my-french-grocery.com\/wp-content\/uploads\/2018\/09\/Cider-Loic-Raison.webp","datePublished":"2018-09-01T11:51:00+00:00","dateModified":"2024-02-09T22:00:07+00:00","description":"Sidra Tradicional Lo\u00efc Raison - Botella de 1.5L - Lo\u00efc Raison viaj\u00f3 por su Breta\u00f1a natal para compartir su pasi\u00f3n por la sidra y forjar su saber hacer.","breadcrumb":{"@id":"https:\/\/my-french-grocery.com\/es\/producto\/sidra-tradicional-loic-raison\/#breadcrumb"},"inLanguage":"es-ES","potentialAction":[{"@type":"ReadAction","target":["https:\/\/my-french-grocery.com\/es\/producto\/sidra-tradicional-loic-raison\/"]}]},{"@type":"ImageObject","inLanguage":"es-ES","@id":"https:\/\/my-french-grocery.com\/es\/producto\/sidra-tradicional-loic-raison\/#primaryimage","url":"https:\/\/my-french-grocery.com\/wp-content\/uploads\/2018\/09\/Cider-Loic-Raison.webp","contentUrl":"https:\/\/my-french-grocery.com\/wp-content\/uploads\/2018\/09\/Cider-Loic-Raison.webp","width":1500,"height":1500},{"@type":"BreadcrumbList","@id":"https:\/\/my-french-grocery.com\/es\/producto\/sidra-tradicional-loic-raison\/#breadcrumb","itemListElement":[{"@type":"ListItem","position":1,"name":"Home","item":"https:\/\/my-french-grocery.com\/es\/tienda-2\/"},{"@type":"ListItem","position":2,"name":"Shop","item":"https:\/\/my-french-grocery.com\/shop\/"},{"@type":"ListItem","position":3,"name":"Cervezas &amp; Sidras","item":"https:\/\/my-french-grocery.com\/es\/categoria-producto\/cervezas-sidras\/"},{"@type":"ListItem","position":4,"name":"Sidra Tradicional Lo\u00efc Raison"}]},{"@type":"WebSite","@id":"https:\/\/my-french-grocery.com\/es\/#website","url":"https:\/\/my-french-grocery.com\/es\/","name":"My French Grocery","description":"Your Online French Grocery  !","publisher":{"@id":"https:\/\/my-french-grocery.com\/es\/#organization"},"potentialAction":[{"@type":"SearchAction","target":{"@type":"EntryPoint","urlTemplate":"https:\/\/my-french-grocery.com\/es\/?s={search_term_string}"},"query-input":{"@type":"PropertyValueSpecification","valueRequired":true,"valueName":"search_term_string"}}],"inLanguage":"es-ES"},{"@type":"Organization","@id":"https:\/\/my-french-grocery.com\/es\/#organization","name":"MY FRENCH GROCERY","url":"https:\/\/my-french-grocery.com\/es\/","logo":{"@type":"ImageObject","inLanguage":"es-ES","@id":"https:\/\/my-french-grocery.com\/es\/#\/schema\/logo\/image\/","url":"https:\/\/my-french-grocery.com\/wp-content\/uploads\/2021\/11\/My-French-Grocery-Online-French-Grocery.png","contentUrl":"https:\/\/my-french-grocery.com\/wp-content\/uploads\/2021\/11\/My-French-Grocery-Online-French-Grocery.png","width":100,"height":100,"caption":"MY FRENCH GROCERY"},"image":{"@id":"https:\/\/my-french-grocery.com\/es\/#\/schema\/logo\/image\/"},"sameAs":["https:\/\/www.facebook.com\/myfrenchgrocery\/"]}]}},"brands":[{"id":1881,"name":"Lo\u00efc Raison","slug":"loic-raison-es"}],"_links":{"self":[{"href":"https:\/\/my-french-grocery.com\/es\/wp-json\/wp\/v2\/product\/14658","targetHints":{"allow":["GET"]}}],"collection":[{"href":"https:\/\/my-french-grocery.com\/es\/wp-json\/wp\/v2\/product"}],"about":[{"href":"https:\/\/my-french-grocery.com\/es\/wp-json\/wp\/v2\/types\/product"}],"replies":[{"embeddable":true,"href":"https:\/\/my-french-grocery.com\/es\/wp-json\/wp\/v2\/comments?post=14658"}],"wp:featuredmedia":[{"embeddable":true,"href":"https:\/\/my-french-grocery.com\/es\/wp-json\/wp\/v2\/media\/38138"}],"wp:attachment":[{"href":"https:\/\/my-french-grocery.com\/es\/wp-json\/wp\/v2\/media?parent=14658"}],"wp:term":[{"taxonomy":"pwb-brand","embeddable":true,"href":"https:\/\/my-french-grocery.com\/es\/wp-json\/wp\/v2\/pwb-brand?post=14658"},{"taxonomy":"product_brand","embeddable":true,"href":"https:\/\/my-french-grocery.com\/es\/wp-json\/wp\/v2\/product_brand?post=14658"},{"taxonomy":"product_cat","embeddable":true,"href":"https:\/\/my-french-grocery.com\/es\/wp-json\/wp\/v2\/product_cat?post=14658"},{"taxonomy":"product_tag","embeddable":true,"href":"https:\/\/my-french-grocery.com\/es\/wp-json\/wp\/v2\/product_tag?post=14658"}],"curies":[{"name":"wp","href":"https:\/\/api.w.org\/{rel}","templated":true}]}}