{"id":14723,"date":"2018-09-04T10:34:43","date_gmt":"2018-09-04T08:34:43","guid":{"rendered":"https:\/\/my-french-grocery.com\/product\/caramelos-tetes-brulees-star\/"},"modified":"2018-09-04T10:34:43","modified_gmt":"2018-09-04T08:34:43","slug":"caramelos-tetes-brulees-star","status":"publish","type":"product","link":"https:\/\/my-french-grocery.com\/es\/producto\/caramelos-tetes-brulees-star\/","title":{"rendered":"Caramelos T\u00eates Brul\u00e9es Star"},"content":{"rendered":"<p>Caramelos T\u00eates Brul\u00e9es Star<\/p>\n<div class=\"pdp-card__header--text\"><span class=\"ds-body-text ds-body-text--weight-bold ds-body-text--size-m ds-body-text--color-standard-2\"><span>Bolsita de 100 g<\/span><\/span><\/div>\n<div class=\"main-details__shoppinglist\"><\/div>\n<div>\n<div class=\"secondary-details__description\">\n<p class=\"paragraph\"><span>Dulces aromatizados con relleno \u00e1cido, sabor a fresa y grosella negra<\/span><\/p>\n<\/div>\n<\/div>\n","protected":false},"excerpt":{"rendered":"<p>Caramelos T\u00eates Brul\u00e9es Star<\/p>\n<div class=\"pdp-card__header--text\"><span class=\"ds-body-text ds-body-text--weight-bold ds-body-text--size-m ds-body-text--color-standard-2\">Bolsita de 100 g<\/span><\/div>\n","protected":false},"featured_media":14725,"comment_status":"open","ping_status":"closed","template":"","meta":[],"pwb-brand":[1887],"product_brand":[],"product_cat":[1654],"product_tag":[1886],"class_list":{"0":"post-14723","1":"product","2":"type-product","3":"status-publish","4":"has-post-thumbnail","6":"pwb-brand-verquin-es","7":"product_cat-caramelos","8":"product_tag-tetes-brulees-es","9":"product_shipping_class-expedicion-mundial","11":"first","12":"outofstock","13":"taxable","14":"shipping-taxable","15":"purchasable","16":"product-type-simple"},"yoast_head":"<!-- This site is optimized with the Yoast SEO plugin v27.3 - https:\/\/yoast.com\/product\/yoast-seo-wordpress\/ -->\n<title>Caramelos T\u00eates Brul\u00e9es Star | Comprar En Linea | My French Grocery<\/title>\n<meta name=\"description\" content=\"Caramelos T\u00eates Brul\u00e9es Star - Bolsita de 100 g - Dulces aromatizados con relleno \u00e1cido, sabor a fresa y grosella negra\" \/>\n<meta name=\"robots\" content=\"index, follow, max-snippet:-1, max-image-preview:large, max-video-preview:-1\" \/>\n<link rel=\"canonical\" href=\"https:\/\/my-french-grocery.com\/es\/producto\/caramelos-tetes-brulees-star\/\" \/>\n<meta property=\"og:locale\" content=\"es_ES\" \/>\n<meta property=\"og:type\" content=\"article\" \/>\n<meta property=\"og:title\" content=\"Caramelos T\u00eates Brul\u00e9es Star | Comprar En Linea | My French Grocery\" \/>\n<meta property=\"og:description\" content=\"Caramelos T\u00eates Brul\u00e9es Star - Bolsita de 100 g - Dulces aromatizados con relleno \u00e1cido, sabor a fresa y grosella negra\" \/>\n<meta property=\"og:url\" content=\"https:\/\/my-french-grocery.com\/es\/producto\/caramelos-tetes-brulees-star\/\" \/>\n<meta property=\"og:site_name\" content=\"My French Grocery\" \/>\n<meta property=\"article:publisher\" content=\"https:\/\/www.facebook.com\/myfrenchgrocery\/\" \/>\n<meta property=\"og:image\" content=\"https:\/\/my-french-grocery.com\/wp-content\/uploads\/2018\/09\/t\u00e9l\u00e9chargement.jpg\" \/>\n\t<meta property=\"og:image:width\" content=\"512\" \/>\n\t<meta property=\"og:image:height\" content=\"512\" \/>\n\t<meta property=\"og:image:type\" content=\"image\/jpeg\" \/>\n<meta name=\"twitter:card\" content=\"summary_large_image\" \/>\n<script type=\"application\/ld+json\" class=\"yoast-schema-graph\">{\"@context\":\"https:\\\/\\\/schema.org\",\"@graph\":[{\"@type\":\"WebPage\",\"@id\":\"https:\\\/\\\/my-french-grocery.com\\\/es\\\/producto\\\/caramelos-tetes-brulees-star\\\/\",\"url\":\"https:\\\/\\\/my-french-grocery.com\\\/es\\\/producto\\\/caramelos-tetes-brulees-star\\\/\",\"name\":\"Caramelos T\u00eates Brul\u00e9es Star | Comprar En Linea | My French Grocery\",\"isPartOf\":{\"@id\":\"https:\\\/\\\/my-french-grocery.com\\\/es\\\/#website\"},\"primaryImageOfPage\":{\"@id\":\"https:\\\/\\\/my-french-grocery.com\\\/es\\\/producto\\\/caramelos-tetes-brulees-star\\\/#primaryimage\"},\"image\":{\"@id\":\"https:\\\/\\\/my-french-grocery.com\\\/es\\\/producto\\\/caramelos-tetes-brulees-star\\\/#primaryimage\"},\"thumbnailUrl\":\"https:\\\/\\\/my-french-grocery.com\\\/wp-content\\\/uploads\\\/2018\\\/09\\\/t\u00e9l\u00e9chargement.jpg\",\"datePublished\":\"2018-09-04T08:34:43+00:00\",\"description\":\"Caramelos T\u00eates Brul\u00e9es Star - Bolsita de 100 g - Dulces aromatizados con relleno \u00e1cido, sabor a fresa y grosella negra\",\"breadcrumb\":{\"@id\":\"https:\\\/\\\/my-french-grocery.com\\\/es\\\/producto\\\/caramelos-tetes-brulees-star\\\/#breadcrumb\"},\"inLanguage\":\"es-ES\",\"potentialAction\":[{\"@type\":\"ReadAction\",\"target\":[\"https:\\\/\\\/my-french-grocery.com\\\/es\\\/producto\\\/caramelos-tetes-brulees-star\\\/\"]}]},{\"@type\":\"ImageObject\",\"inLanguage\":\"es-ES\",\"@id\":\"https:\\\/\\\/my-french-grocery.com\\\/es\\\/producto\\\/caramelos-tetes-brulees-star\\\/#primaryimage\",\"url\":\"https:\\\/\\\/my-french-grocery.com\\\/wp-content\\\/uploads\\\/2018\\\/09\\\/t\u00e9l\u00e9chargement.jpg\",\"contentUrl\":\"https:\\\/\\\/my-french-grocery.com\\\/wp-content\\\/uploads\\\/2018\\\/09\\\/t\u00e9l\u00e9chargement.jpg\",\"width\":512,\"height\":512,\"caption\":\"Caramelos T\u00eates Brul\u00e9es Star\"},{\"@type\":\"BreadcrumbList\",\"@id\":\"https:\\\/\\\/my-french-grocery.com\\\/es\\\/producto\\\/caramelos-tetes-brulees-star\\\/#breadcrumb\",\"itemListElement\":[{\"@type\":\"ListItem\",\"position\":1,\"name\":\"Home\",\"item\":\"https:\\\/\\\/my-french-grocery.com\\\/es\\\/tienda-2\\\/\"},{\"@type\":\"ListItem\",\"position\":2,\"name\":\"Shop\",\"item\":\"https:\\\/\\\/my-french-grocery.com\\\/shop\\\/\"},{\"@type\":\"ListItem\",\"position\":3,\"name\":\"Comida\",\"item\":\"https:\\\/\\\/my-french-grocery.com\\\/es\\\/categoria-producto\\\/comida\\\/\"},{\"@type\":\"ListItem\",\"position\":4,\"name\":\"Dulces - Chocolates\",\"item\":\"https:\\\/\\\/my-french-grocery.com\\\/es\\\/categoria-producto\\\/comida\\\/dulces-chocolates\\\/\"},{\"@type\":\"ListItem\",\"position\":5,\"name\":\"Caramelos\",\"item\":\"https:\\\/\\\/my-french-grocery.com\\\/es\\\/categoria-producto\\\/comida\\\/dulces-chocolates\\\/caramelos\\\/\"},{\"@type\":\"ListItem\",\"position\":6,\"name\":\"Caramelos T\u00eates Brul\u00e9es Star\"}]},{\"@type\":\"WebSite\",\"@id\":\"https:\\\/\\\/my-french-grocery.com\\\/es\\\/#website\",\"url\":\"https:\\\/\\\/my-french-grocery.com\\\/es\\\/\",\"name\":\"My French Grocery\",\"description\":\"Your Online French Grocery  !\",\"publisher\":{\"@id\":\"https:\\\/\\\/my-french-grocery.com\\\/es\\\/#organization\"},\"potentialAction\":[{\"@type\":\"SearchAction\",\"target\":{\"@type\":\"EntryPoint\",\"urlTemplate\":\"https:\\\/\\\/my-french-grocery.com\\\/es\\\/?s={search_term_string}\"},\"query-input\":{\"@type\":\"PropertyValueSpecification\",\"valueRequired\":true,\"valueName\":\"search_term_string\"}}],\"inLanguage\":\"es-ES\"},{\"@type\":\"Organization\",\"@id\":\"https:\\\/\\\/my-french-grocery.com\\\/es\\\/#organization\",\"name\":\"MY FRENCH GROCERY\",\"url\":\"https:\\\/\\\/my-french-grocery.com\\\/es\\\/\",\"logo\":{\"@type\":\"ImageObject\",\"inLanguage\":\"es-ES\",\"@id\":\"https:\\\/\\\/my-french-grocery.com\\\/es\\\/#\\\/schema\\\/logo\\\/image\\\/\",\"url\":\"https:\\\/\\\/my-french-grocery.com\\\/wp-content\\\/uploads\\\/2021\\\/11\\\/My-French-Grocery-Online-French-Grocery.png\",\"contentUrl\":\"https:\\\/\\\/my-french-grocery.com\\\/wp-content\\\/uploads\\\/2021\\\/11\\\/My-French-Grocery-Online-French-Grocery.png\",\"width\":100,\"height\":100,\"caption\":\"MY FRENCH GROCERY\"},\"image\":{\"@id\":\"https:\\\/\\\/my-french-grocery.com\\\/es\\\/#\\\/schema\\\/logo\\\/image\\\/\"},\"sameAs\":[\"https:\\\/\\\/www.facebook.com\\\/myfrenchgrocery\\\/\"]}]}<\/script>\n<!-- \/ Yoast SEO plugin. -->","yoast_head_json":{"title":"Caramelos T\u00eates Brul\u00e9es Star | Comprar En Linea | My French Grocery","description":"Caramelos T\u00eates Brul\u00e9es Star - Bolsita de 100 g - Dulces aromatizados con relleno \u00e1cido, sabor a fresa y grosella negra","robots":{"index":"index","follow":"follow","max-snippet":"max-snippet:-1","max-image-preview":"max-image-preview:large","max-video-preview":"max-video-preview:-1"},"canonical":"https:\/\/my-french-grocery.com\/es\/producto\/caramelos-tetes-brulees-star\/","og_locale":"es_ES","og_type":"article","og_title":"Caramelos T\u00eates Brul\u00e9es Star | Comprar En Linea | My French Grocery","og_description":"Caramelos T\u00eates Brul\u00e9es Star - Bolsita de 100 g - Dulces aromatizados con relleno \u00e1cido, sabor a fresa y grosella negra","og_url":"https:\/\/my-french-grocery.com\/es\/producto\/caramelos-tetes-brulees-star\/","og_site_name":"My French Grocery","article_publisher":"https:\/\/www.facebook.com\/myfrenchgrocery\/","og_image":[{"width":512,"height":512,"url":"https:\/\/my-french-grocery.com\/wp-content\/uploads\/2018\/09\/t\u00e9l\u00e9chargement.jpg","type":"image\/jpeg"}],"twitter_card":"summary_large_image","schema":{"@context":"https:\/\/schema.org","@graph":[{"@type":"WebPage","@id":"https:\/\/my-french-grocery.com\/es\/producto\/caramelos-tetes-brulees-star\/","url":"https:\/\/my-french-grocery.com\/es\/producto\/caramelos-tetes-brulees-star\/","name":"Caramelos T\u00eates Brul\u00e9es Star | Comprar En Linea | My French Grocery","isPartOf":{"@id":"https:\/\/my-french-grocery.com\/es\/#website"},"primaryImageOfPage":{"@id":"https:\/\/my-french-grocery.com\/es\/producto\/caramelos-tetes-brulees-star\/#primaryimage"},"image":{"@id":"https:\/\/my-french-grocery.com\/es\/producto\/caramelos-tetes-brulees-star\/#primaryimage"},"thumbnailUrl":"https:\/\/my-french-grocery.com\/wp-content\/uploads\/2018\/09\/t\u00e9l\u00e9chargement.jpg","datePublished":"2018-09-04T08:34:43+00:00","description":"Caramelos T\u00eates Brul\u00e9es Star - Bolsita de 100 g - Dulces aromatizados con relleno \u00e1cido, sabor a fresa y grosella negra","breadcrumb":{"@id":"https:\/\/my-french-grocery.com\/es\/producto\/caramelos-tetes-brulees-star\/#breadcrumb"},"inLanguage":"es-ES","potentialAction":[{"@type":"ReadAction","target":["https:\/\/my-french-grocery.com\/es\/producto\/caramelos-tetes-brulees-star\/"]}]},{"@type":"ImageObject","inLanguage":"es-ES","@id":"https:\/\/my-french-grocery.com\/es\/producto\/caramelos-tetes-brulees-star\/#primaryimage","url":"https:\/\/my-french-grocery.com\/wp-content\/uploads\/2018\/09\/t\u00e9l\u00e9chargement.jpg","contentUrl":"https:\/\/my-french-grocery.com\/wp-content\/uploads\/2018\/09\/t\u00e9l\u00e9chargement.jpg","width":512,"height":512,"caption":"Caramelos T\u00eates Brul\u00e9es Star"},{"@type":"BreadcrumbList","@id":"https:\/\/my-french-grocery.com\/es\/producto\/caramelos-tetes-brulees-star\/#breadcrumb","itemListElement":[{"@type":"ListItem","position":1,"name":"Home","item":"https:\/\/my-french-grocery.com\/es\/tienda-2\/"},{"@type":"ListItem","position":2,"name":"Shop","item":"https:\/\/my-french-grocery.com\/shop\/"},{"@type":"ListItem","position":3,"name":"Comida","item":"https:\/\/my-french-grocery.com\/es\/categoria-producto\/comida\/"},{"@type":"ListItem","position":4,"name":"Dulces - Chocolates","item":"https:\/\/my-french-grocery.com\/es\/categoria-producto\/comida\/dulces-chocolates\/"},{"@type":"ListItem","position":5,"name":"Caramelos","item":"https:\/\/my-french-grocery.com\/es\/categoria-producto\/comida\/dulces-chocolates\/caramelos\/"},{"@type":"ListItem","position":6,"name":"Caramelos T\u00eates Brul\u00e9es Star"}]},{"@type":"WebSite","@id":"https:\/\/my-french-grocery.com\/es\/#website","url":"https:\/\/my-french-grocery.com\/es\/","name":"My French Grocery","description":"Your Online French Grocery  !","publisher":{"@id":"https:\/\/my-french-grocery.com\/es\/#organization"},"potentialAction":[{"@type":"SearchAction","target":{"@type":"EntryPoint","urlTemplate":"https:\/\/my-french-grocery.com\/es\/?s={search_term_string}"},"query-input":{"@type":"PropertyValueSpecification","valueRequired":true,"valueName":"search_term_string"}}],"inLanguage":"es-ES"},{"@type":"Organization","@id":"https:\/\/my-french-grocery.com\/es\/#organization","name":"MY FRENCH GROCERY","url":"https:\/\/my-french-grocery.com\/es\/","logo":{"@type":"ImageObject","inLanguage":"es-ES","@id":"https:\/\/my-french-grocery.com\/es\/#\/schema\/logo\/image\/","url":"https:\/\/my-french-grocery.com\/wp-content\/uploads\/2021\/11\/My-French-Grocery-Online-French-Grocery.png","contentUrl":"https:\/\/my-french-grocery.com\/wp-content\/uploads\/2021\/11\/My-French-Grocery-Online-French-Grocery.png","width":100,"height":100,"caption":"MY FRENCH GROCERY"},"image":{"@id":"https:\/\/my-french-grocery.com\/es\/#\/schema\/logo\/image\/"},"sameAs":["https:\/\/www.facebook.com\/myfrenchgrocery\/"]}]}},"brands":[{"id":1887,"name":"Verquin","slug":"verquin-es"}],"_links":{"self":[{"href":"https:\/\/my-french-grocery.com\/es\/wp-json\/wp\/v2\/product\/14723","targetHints":{"allow":["GET"]}}],"collection":[{"href":"https:\/\/my-french-grocery.com\/es\/wp-json\/wp\/v2\/product"}],"about":[{"href":"https:\/\/my-french-grocery.com\/es\/wp-json\/wp\/v2\/types\/product"}],"replies":[{"embeddable":true,"href":"https:\/\/my-french-grocery.com\/es\/wp-json\/wp\/v2\/comments?post=14723"}],"wp:featuredmedia":[{"embeddable":true,"href":"https:\/\/my-french-grocery.com\/es\/wp-json\/wp\/v2\/media\/14725"}],"wp:attachment":[{"href":"https:\/\/my-french-grocery.com\/es\/wp-json\/wp\/v2\/media?parent=14723"}],"wp:term":[{"taxonomy":"pwb-brand","embeddable":true,"href":"https:\/\/my-french-grocery.com\/es\/wp-json\/wp\/v2\/pwb-brand?post=14723"},{"taxonomy":"product_brand","embeddable":true,"href":"https:\/\/my-french-grocery.com\/es\/wp-json\/wp\/v2\/product_brand?post=14723"},{"taxonomy":"product_cat","embeddable":true,"href":"https:\/\/my-french-grocery.com\/es\/wp-json\/wp\/v2\/product_cat?post=14723"},{"taxonomy":"product_tag","embeddable":true,"href":"https:\/\/my-french-grocery.com\/es\/wp-json\/wp\/v2\/product_tag?post=14723"}],"curies":[{"name":"wp","href":"https:\/\/api.w.org\/{rel}","templated":true}]}}