{"id":14766,"date":"2018-09-04T11:39:41","date_gmt":"2018-09-04T09:39:41","guid":{"rendered":"https:\/\/my-french-grocery.com\/product\/patatas-fritas-de-romero-tomillo-organico-brets\/"},"modified":"2024-02-28T17:19:18","modified_gmt":"2024-02-28T15:19:18","slug":"patatas-fritas-de-romero-tomillo-organico-brets","status":"publish","type":"product","link":"https:\/\/my-french-grocery.com\/es\/producto\/patatas-fritas-de-romero-tomillo-organico-brets\/","title":{"rendered":"Patatas Fritas De Romero &#038; Tomillo Org\u00e1nico Bret&#8217;s"},"content":{"rendered":"<p>Patatas Fritas De Romero & Tomillo Org\u00e1nico Bret\u2019s<\/p>\n<p>Bolsa de 100g<\/p>\n<p><span>Patatas fritas finas y crujientes con sutiles aromas org\u00e1nicos de tomillo y romero.\u00a0<\/span><span>\/ Bret\u2019s te ofrece estos chips \u00fanicos 100% ORG\u00c1NICOS con: patatas ecol\u00f3gicas, aceite de girasol ecol\u00f3gico y sabores ecol\u00f3gicos.<\/span><\/p>\n","protected":false},"excerpt":{"rendered":"<p>Patatas Fritas De Romero &amp; Tomillo Org\u00e1nico Bret&#8217;s<\/p>\n<p>Bolsa de 100g<\/p>\n<p><span style=\"color: #ffffff;\">Bret\u2019s, Brets, chips, crisps, Patatas Fritas, Patatine<\/span><\/p>\n","protected":false},"featured_media":14767,"comment_status":"open","ping_status":"closed","template":"","meta":[],"pwb-brand":[1890],"product_brand":[],"product_cat":[1888,1891],"product_tag":[1889],"class_list":{"0":"post-14766","1":"product","2":"type-product","3":"status-publish","4":"has-post-thumbnail","6":"pwb-brand-brets-es","7":"product_cat-patatas-fritas-galletas-saladas","8":"product_cat-patatas-fritas-galletas-saladas-organicos","9":"product_tag-patatas-fritas","10":"product_shipping_class-expedicion-mundial","12":"first","13":"outofstock","14":"taxable","15":"shipping-taxable","16":"purchasable","17":"product-type-simple"},"brands":[{"id":1890,"name":"Bret's","slug":"brets-es"}],"_links":{"self":[{"href":"https:\/\/my-french-grocery.com\/es\/wp-json\/wp\/v2\/product\/14766","targetHints":{"allow":["GET"]}}],"collection":[{"href":"https:\/\/my-french-grocery.com\/es\/wp-json\/wp\/v2\/product"}],"about":[{"href":"https:\/\/my-french-grocery.com\/es\/wp-json\/wp\/v2\/types\/product"}],"replies":[{"embeddable":true,"href":"https:\/\/my-french-grocery.com\/es\/wp-json\/wp\/v2\/comments?post=14766"}],"wp:featuredmedia":[{"embeddable":true,"href":"https:\/\/my-french-grocery.com\/es\/wp-json\/wp\/v2\/media\/14767"}],"wp:attachment":[{"href":"https:\/\/my-french-grocery.com\/es\/wp-json\/wp\/v2\/media?parent=14766"}],"wp:term":[{"taxonomy":"pwb-brand","embeddable":true,"href":"https:\/\/my-french-grocery.com\/es\/wp-json\/wp\/v2\/pwb-brand?post=14766"},{"taxonomy":"product_brand","embeddable":true,"href":"https:\/\/my-french-grocery.com\/es\/wp-json\/wp\/v2\/product_brand?post=14766"},{"taxonomy":"product_cat","embeddable":true,"href":"https:\/\/my-french-grocery.com\/es\/wp-json\/wp\/v2\/product_cat?post=14766"},{"taxonomy":"product_tag","embeddable":true,"href":"https:\/\/my-french-grocery.com\/es\/wp-json\/wp\/v2\/product_tag?post=14766"}],"curies":[{"name":"wp","href":"https:\/\/api.w.org\/{rel}","templated":true}]}}