{"id":14790,"date":"2018-09-07T15:20:40","date_gmt":"2018-09-07T13:20:40","guid":{"rendered":"https:\/\/my-french-grocery.com\/product\/galletas-de-aperitivo-sabor-tocino-lays-3d\/"},"modified":"2025-05-10T17:16:50","modified_gmt":"2025-05-10T15:16:50","slug":"galletas-de-aperitivo-sabor-tocino-lays-3d","status":"publish","type":"product","link":"https:\/\/my-french-grocery.com\/es\/producto\/galletas-de-aperitivo-sabor-tocino-lays-3d\/","title":{"rendered":"Galletas De Aperitivo Sabor Tocino Lay\u2019s 3D"},"content":{"rendered":"<p>Galletas De Aperitivo Sabor Tocino Lay\u2019s 3D<\/p>\n<div class=\"pdp-card__header--text\">bolsa de 85 g<\/div>\n<div class=\"main-details__shoppinglist\"><\/div>\n<div>Disfrute del 3D solo o con su salsa Gracias a su forma \u00fanica, el peque\u00f1o cono de ma\u00edz crujiente del 3D se adapta perfectamente a todos sus aperitivos.\u00a0Para hacer tu aperitivo a\u00fan m\u00e1s delicioso \u2026 \u00a1Combina 3D\u2019s con tu salsa favorita!<\/div>\n","protected":false},"excerpt":{"rendered":"<p>Galletas De Aperitivo Sabor Tocino Lay\u2019s 3D<\/p>\n<div class=\"pdp-card__header--text\">bolsa de 85 g<\/div>\n<div class=\"main-details__shoppinglist\"><\/div>\n","protected":false},"featured_media":48544,"comment_status":"open","ping_status":"closed","template":"","meta":[],"pwb-brand":[4060],"product_brand":[],"product_cat":[1888],"product_tag":[1892,4059],"class_list":{"0":"post-14790","1":"product","2":"type-product","3":"status-publish","4":"has-post-thumbnail","6":"pwb-brand-lays-es","7":"product_cat-patatas-fritas-galletas-saladas","8":"product_tag-galletas-saladas","9":"product_tag-lays-es","10":"product_shipping_class-expedicion-mundial","12":"first","13":"instock","14":"taxable","15":"shipping-taxable","16":"purchasable","17":"product-type-simple"},"brands":[{"id":4060,"name":"Lay's","slug":"lays-es"}],"_links":{"self":[{"href":"https:\/\/my-french-grocery.com\/es\/wp-json\/wp\/v2\/product\/14790","targetHints":{"allow":["GET"]}}],"collection":[{"href":"https:\/\/my-french-grocery.com\/es\/wp-json\/wp\/v2\/product"}],"about":[{"href":"https:\/\/my-french-grocery.com\/es\/wp-json\/wp\/v2\/types\/product"}],"replies":[{"embeddable":true,"href":"https:\/\/my-french-grocery.com\/es\/wp-json\/wp\/v2\/comments?post=14790"}],"wp:featuredmedia":[{"embeddable":true,"href":"https:\/\/my-french-grocery.com\/es\/wp-json\/wp\/v2\/media\/48544"}],"wp:attachment":[{"href":"https:\/\/my-french-grocery.com\/es\/wp-json\/wp\/v2\/media?parent=14790"}],"wp:term":[{"taxonomy":"pwb-brand","embeddable":true,"href":"https:\/\/my-french-grocery.com\/es\/wp-json\/wp\/v2\/pwb-brand?post=14790"},{"taxonomy":"product_brand","embeddable":true,"href":"https:\/\/my-french-grocery.com\/es\/wp-json\/wp\/v2\/product_brand?post=14790"},{"taxonomy":"product_cat","embeddable":true,"href":"https:\/\/my-french-grocery.com\/es\/wp-json\/wp\/v2\/product_cat?post=14790"},{"taxonomy":"product_tag","embeddable":true,"href":"https:\/\/my-french-grocery.com\/es\/wp-json\/wp\/v2\/product_tag?post=14790"}],"curies":[{"name":"wp","href":"https:\/\/api.w.org\/{rel}","templated":true}]}}