{"id":14871,"date":"2018-09-13T10:57:35","date_gmt":"2018-09-13T08:57:35","guid":{"rendered":"https:\/\/my-french-grocery.com\/product\/pop-corn-de-caramelo-baff\/"},"modified":"2018-09-13T10:57:35","modified_gmt":"2018-09-13T08:57:35","slug":"pop-corn-de-caramelo-baff","status":"publish","type":"product","link":"https:\/\/my-french-grocery.com\/es\/producto\/pop-corn-de-caramelo-baff\/","title":{"rendered":"Pop Corn De Caramelo Baff"},"content":{"rendered":"<p>Pop Corn De Caramelo Baff<\/p>\n<div class=\"pdp-card__header--text\"><span class=\"ds-body-text ds-body-text--weight-bold ds-body-text--size-m ds-body-text--color-standard-2\"><span>Bolsita de 100 g<\/span><\/span><\/div>\n<div class=\"main-details__shoppinglist\"><\/div>\n<div><span>Baff, experto en palomitas de ma\u00edz desde hace m\u00e1s de 30 a\u00f1os, te invita a saborear sus legendarias palomitas de ma\u00edz.\u00a0<\/span><span>\u00a1Un sabor \u00fanico a caramelo y un crujiente incomparable que seducir\u00e1 a toda la familia!<\/span><\/div>\n","protected":false},"excerpt":{"rendered":"<p>Pop Corn De Caramelo Baff<\/p>\n<div class=\"pdp-card__header--text\"><span class=\"ds-body-text ds-body-text--weight-bold ds-body-text--size-m ds-body-text--color-standard-2\">Bolsita de 100 g<\/span><\/div>\n","protected":false},"featured_media":14872,"comment_status":"open","ping_status":"closed","template":"","meta":[],"pwb-brand":[],"product_brand":[],"product_cat":[1888],"product_tag":[1901],"class_list":{"0":"post-14871","1":"product","2":"type-product","3":"status-publish","4":"has-post-thumbnail","6":"product_cat-patatas-fritas-galletas-saladas","7":"product_tag-palomitas-de-maiz","8":"product_shipping_class-expedicion-mundial","10":"first","11":"instock","12":"taxable","13":"shipping-taxable","14":"purchasable","15":"product-type-simple"},"brands":[],"_links":{"self":[{"href":"https:\/\/my-french-grocery.com\/es\/wp-json\/wp\/v2\/product\/14871","targetHints":{"allow":["GET"]}}],"collection":[{"href":"https:\/\/my-french-grocery.com\/es\/wp-json\/wp\/v2\/product"}],"about":[{"href":"https:\/\/my-french-grocery.com\/es\/wp-json\/wp\/v2\/types\/product"}],"replies":[{"embeddable":true,"href":"https:\/\/my-french-grocery.com\/es\/wp-json\/wp\/v2\/comments?post=14871"}],"wp:featuredmedia":[{"embeddable":true,"href":"https:\/\/my-french-grocery.com\/es\/wp-json\/wp\/v2\/media\/14872"}],"wp:attachment":[{"href":"https:\/\/my-french-grocery.com\/es\/wp-json\/wp\/v2\/media?parent=14871"}],"wp:term":[{"taxonomy":"pwb-brand","embeddable":true,"href":"https:\/\/my-french-grocery.com\/es\/wp-json\/wp\/v2\/pwb-brand?post=14871"},{"taxonomy":"product_brand","embeddable":true,"href":"https:\/\/my-french-grocery.com\/es\/wp-json\/wp\/v2\/product_brand?post=14871"},{"taxonomy":"product_cat","embeddable":true,"href":"https:\/\/my-french-grocery.com\/es\/wp-json\/wp\/v2\/product_cat?post=14871"},{"taxonomy":"product_tag","embeddable":true,"href":"https:\/\/my-french-grocery.com\/es\/wp-json\/wp\/v2\/product_tag?post=14871"}],"curies":[{"name":"wp","href":"https:\/\/api.w.org\/{rel}","templated":true}]}}