{"id":15133,"date":"2019-02-25T16:50:28","date_gmt":"2019-02-25T14:50:28","guid":{"rendered":"https:\/\/my-french-grocery.com\/product\/pure-de-crema-nuez-moscada-mousline\/"},"modified":"2021-05-07T13:58:24","modified_gmt":"2021-05-07T11:58:24","slug":"pure-de-crema-nuez-moscada-mousline","status":"publish","type":"product","link":"https:\/\/my-french-grocery.com\/es\/producto\/pure-de-crema-nuez-moscada-mousline\/","title":{"rendered":"Pur\u00e9 De Crema &#038; Nuez Moscada  Mousline"},"content":{"rendered":"<p>Pur\u00e9 De Crema &amp; Nuez Moscada Mousline<\/p>\n<div class=\"pdp-card__header--text\"><span class=\"ds-body-text ds-body-text--weight-bold ds-body-text--size-m ds-body-text--color-standard-2\"><span>4 sobres de 125 g<\/span><\/span><\/div>\n<div class=\"main-details__shoppinglist\"><\/div>\n<div><span>Nuestro pur\u00e9 de crema y nuez moscada MOUSLINE est\u00e1 elaborado con un 90% de patatas.\u00a0<\/span><span>Las patatas francesas, en su mayor\u00eda cosechadas en Picard\u00eda, se entregan al taller de fabricaci\u00f3n de MOUSLINE.\u00a0<\/span><\/div>\n","protected":false},"excerpt":{"rendered":"<p>Pur\u00e9 De Crema &amp; Nuez Moscada Mousline<\/p>\n<p>4 sobres de 125 g<\/p>\n","protected":false},"featured_media":15134,"comment_status":"open","ping_status":"closed","template":"","meta":[],"pwb-brand":[778],"product_brand":[],"product_cat":[1920],"product_tag":[1921],"class_list":{"0":"post-15133","1":"product","2":"type-product","3":"status-publish","4":"has-post-thumbnail","6":"pwb-brand-maggi-es","7":"product_cat-pastas-arroz-pures-granos","8":"product_tag-pure-de-papas","9":"product_shipping_class-expedicion-mundial","11":"first","12":"instock","13":"taxable","14":"shipping-taxable","15":"purchasable","16":"product-type-simple"},"yoast_head":"<!-- This site is optimized with the Yoast SEO plugin v27.3 - https:\/\/yoast.com\/product\/yoast-seo-wordpress\/ -->\n<title>Pur\u00e9 De Crema &amp; Nuez Moscada Mousline | Comprar En Linea | My French Grocery<\/title>\n<meta name=\"description\" content=\"Pur\u00e9 De Crema &amp; Nuez Moscada Mousline - 4 sobres de 125 g - Nuestro pur\u00e9 de crema y nuez moscada MOUSLINE est\u00e1 elaborado con un 90% de patatas.\u00a0Las patatas francesas, en su mayor\u00eda cosechadas en Picard\u00eda, se entregan al taller de fabricaci\u00f3n de MOUSLINE.\u00a0\" \/>\n<meta name=\"robots\" content=\"index, follow, max-snippet:-1, max-image-preview:large, max-video-preview:-1\" \/>\n<link rel=\"canonical\" href=\"https:\/\/my-french-grocery.com\/es\/producto\/pure-de-crema-nuez-moscada-mousline\/\" \/>\n<meta property=\"og:locale\" content=\"es_ES\" \/>\n<meta property=\"og:type\" content=\"article\" \/>\n<meta property=\"og:title\" content=\"Pur\u00e9 De Crema &amp; Nuez Moscada Mousline | Comprar En Linea | My French Grocery\" \/>\n<meta property=\"og:description\" content=\"Pur\u00e9 De Crema &amp; Nuez Moscada Mousline - 4 sobres de 125 g - Nuestro pur\u00e9 de crema y nuez moscada MOUSLINE est\u00e1 elaborado con un 90% de patatas.\u00a0Las patatas francesas, en su mayor\u00eda cosechadas en Picard\u00eda, se entregan al taller de fabricaci\u00f3n de MOUSLINE.\u00a0\" \/>\n<meta property=\"og:url\" content=\"https:\/\/my-french-grocery.com\/es\/producto\/pure-de-crema-nuez-moscada-mousline\/\" \/>\n<meta property=\"og:site_name\" content=\"My French Grocery\" \/>\n<meta property=\"article:publisher\" content=\"https:\/\/www.facebook.com\/myfrenchgrocery\/\" \/>\n<meta property=\"article:modified_time\" content=\"2021-05-07T11:58:24+00:00\" \/>\n<meta property=\"og:image\" content=\"https:\/\/my-french-grocery.com\/wp-content\/uploads\/2019\/02\/PUREE-ORIGINALE-MUSCADE.jpg\" \/>\n\t<meta property=\"og:image:width\" content=\"1500\" \/>\n\t<meta property=\"og:image:height\" content=\"1500\" \/>\n\t<meta property=\"og:image:type\" content=\"image\/jpeg\" \/>\n<meta name=\"twitter:card\" content=\"summary_large_image\" \/>\n<script type=\"application\/ld+json\" class=\"yoast-schema-graph\">{\"@context\":\"https:\\\/\\\/schema.org\",\"@graph\":[{\"@type\":\"WebPage\",\"@id\":\"https:\\\/\\\/my-french-grocery.com\\\/es\\\/producto\\\/pure-de-crema-nuez-moscada-mousline\\\/\",\"url\":\"https:\\\/\\\/my-french-grocery.com\\\/es\\\/producto\\\/pure-de-crema-nuez-moscada-mousline\\\/\",\"name\":\"Pur\u00e9 De Crema & Nuez Moscada Mousline | Comprar En Linea | My French Grocery\",\"isPartOf\":{\"@id\":\"https:\\\/\\\/my-french-grocery.com\\\/es\\\/#website\"},\"primaryImageOfPage\":{\"@id\":\"https:\\\/\\\/my-french-grocery.com\\\/es\\\/producto\\\/pure-de-crema-nuez-moscada-mousline\\\/#primaryimage\"},\"image\":{\"@id\":\"https:\\\/\\\/my-french-grocery.com\\\/es\\\/producto\\\/pure-de-crema-nuez-moscada-mousline\\\/#primaryimage\"},\"thumbnailUrl\":\"https:\\\/\\\/my-french-grocery.com\\\/wp-content\\\/uploads\\\/2019\\\/02\\\/PUREE-ORIGINALE-MUSCADE.jpg\",\"datePublished\":\"2019-02-25T14:50:28+00:00\",\"dateModified\":\"2021-05-07T11:58:24+00:00\",\"description\":\"Pur\u00e9 De Crema & Nuez Moscada Mousline - 4 sobres de 125 g - Nuestro pur\u00e9 de crema y nuez moscada MOUSLINE est\u00e1 elaborado con un 90% de patatas.\u00a0Las patatas francesas, en su mayor\u00eda cosechadas en Picard\u00eda, se entregan al taller de fabricaci\u00f3n de MOUSLINE.\u00a0\",\"breadcrumb\":{\"@id\":\"https:\\\/\\\/my-french-grocery.com\\\/es\\\/producto\\\/pure-de-crema-nuez-moscada-mousline\\\/#breadcrumb\"},\"inLanguage\":\"es-ES\",\"potentialAction\":[{\"@type\":\"ReadAction\",\"target\":[\"https:\\\/\\\/my-french-grocery.com\\\/es\\\/producto\\\/pure-de-crema-nuez-moscada-mousline\\\/\"]}]},{\"@type\":\"ImageObject\",\"inLanguage\":\"es-ES\",\"@id\":\"https:\\\/\\\/my-french-grocery.com\\\/es\\\/producto\\\/pure-de-crema-nuez-moscada-mousline\\\/#primaryimage\",\"url\":\"https:\\\/\\\/my-french-grocery.com\\\/wp-content\\\/uploads\\\/2019\\\/02\\\/PUREE-ORIGINALE-MUSCADE.jpg\",\"contentUrl\":\"https:\\\/\\\/my-french-grocery.com\\\/wp-content\\\/uploads\\\/2019\\\/02\\\/PUREE-ORIGINALE-MUSCADE.jpg\",\"width\":1500,\"height\":1500,\"caption\":\"Pur\u00e9 De Crema & Nuez Moscada Mousline\"},{\"@type\":\"BreadcrumbList\",\"@id\":\"https:\\\/\\\/my-french-grocery.com\\\/es\\\/producto\\\/pure-de-crema-nuez-moscada-mousline\\\/#breadcrumb\",\"itemListElement\":[{\"@type\":\"ListItem\",\"position\":1,\"name\":\"Home\",\"item\":\"https:\\\/\\\/my-french-grocery.com\\\/es\\\/tienda-2\\\/\"},{\"@type\":\"ListItem\",\"position\":2,\"name\":\"Shop\",\"item\":\"https:\\\/\\\/my-french-grocery.com\\\/shop\\\/\"},{\"@type\":\"ListItem\",\"position\":3,\"name\":\"Pastas, Arroz, Pur\u00e9s, Granos\",\"item\":\"https:\\\/\\\/my-french-grocery.com\\\/es\\\/categoria-producto\\\/pastas-arroz-pures-granos\\\/\"},{\"@type\":\"ListItem\",\"position\":4,\"name\":\"Pur\u00e9 De Crema &#038; Nuez Moscada Mousline\"}]},{\"@type\":\"WebSite\",\"@id\":\"https:\\\/\\\/my-french-grocery.com\\\/es\\\/#website\",\"url\":\"https:\\\/\\\/my-french-grocery.com\\\/es\\\/\",\"name\":\"My French Grocery\",\"description\":\"Your Online French Grocery  !\",\"publisher\":{\"@id\":\"https:\\\/\\\/my-french-grocery.com\\\/es\\\/#organization\"},\"potentialAction\":[{\"@type\":\"SearchAction\",\"target\":{\"@type\":\"EntryPoint\",\"urlTemplate\":\"https:\\\/\\\/my-french-grocery.com\\\/es\\\/?s={search_term_string}\"},\"query-input\":{\"@type\":\"PropertyValueSpecification\",\"valueRequired\":true,\"valueName\":\"search_term_string\"}}],\"inLanguage\":\"es-ES\"},{\"@type\":\"Organization\",\"@id\":\"https:\\\/\\\/my-french-grocery.com\\\/es\\\/#organization\",\"name\":\"MY FRENCH GROCERY\",\"url\":\"https:\\\/\\\/my-french-grocery.com\\\/es\\\/\",\"logo\":{\"@type\":\"ImageObject\",\"inLanguage\":\"es-ES\",\"@id\":\"https:\\\/\\\/my-french-grocery.com\\\/es\\\/#\\\/schema\\\/logo\\\/image\\\/\",\"url\":\"https:\\\/\\\/my-french-grocery.com\\\/wp-content\\\/uploads\\\/2021\\\/11\\\/My-French-Grocery-Online-French-Grocery.png\",\"contentUrl\":\"https:\\\/\\\/my-french-grocery.com\\\/wp-content\\\/uploads\\\/2021\\\/11\\\/My-French-Grocery-Online-French-Grocery.png\",\"width\":100,\"height\":100,\"caption\":\"MY FRENCH GROCERY\"},\"image\":{\"@id\":\"https:\\\/\\\/my-french-grocery.com\\\/es\\\/#\\\/schema\\\/logo\\\/image\\\/\"},\"sameAs\":[\"https:\\\/\\\/www.facebook.com\\\/myfrenchgrocery\\\/\"]}]}<\/script>\n<!-- \/ Yoast SEO plugin. -->","yoast_head_json":{"title":"Pur\u00e9 De Crema & Nuez Moscada Mousline | Comprar En Linea | My French Grocery","description":"Pur\u00e9 De Crema & Nuez Moscada Mousline - 4 sobres de 125 g - Nuestro pur\u00e9 de crema y nuez moscada MOUSLINE est\u00e1 elaborado con un 90% de patatas.\u00a0Las patatas francesas, en su mayor\u00eda cosechadas en Picard\u00eda, se entregan al taller de fabricaci\u00f3n de MOUSLINE.\u00a0","robots":{"index":"index","follow":"follow","max-snippet":"max-snippet:-1","max-image-preview":"max-image-preview:large","max-video-preview":"max-video-preview:-1"},"canonical":"https:\/\/my-french-grocery.com\/es\/producto\/pure-de-crema-nuez-moscada-mousline\/","og_locale":"es_ES","og_type":"article","og_title":"Pur\u00e9 De Crema & Nuez Moscada Mousline | Comprar En Linea | My French Grocery","og_description":"Pur\u00e9 De Crema & Nuez Moscada Mousline - 4 sobres de 125 g - Nuestro pur\u00e9 de crema y nuez moscada MOUSLINE est\u00e1 elaborado con un 90% de patatas.\u00a0Las patatas francesas, en su mayor\u00eda cosechadas en Picard\u00eda, se entregan al taller de fabricaci\u00f3n de MOUSLINE.\u00a0","og_url":"https:\/\/my-french-grocery.com\/es\/producto\/pure-de-crema-nuez-moscada-mousline\/","og_site_name":"My French Grocery","article_publisher":"https:\/\/www.facebook.com\/myfrenchgrocery\/","article_modified_time":"2021-05-07T11:58:24+00:00","og_image":[{"width":1500,"height":1500,"url":"https:\/\/my-french-grocery.com\/wp-content\/uploads\/2019\/02\/PUREE-ORIGINALE-MUSCADE.jpg","type":"image\/jpeg"}],"twitter_card":"summary_large_image","schema":{"@context":"https:\/\/schema.org","@graph":[{"@type":"WebPage","@id":"https:\/\/my-french-grocery.com\/es\/producto\/pure-de-crema-nuez-moscada-mousline\/","url":"https:\/\/my-french-grocery.com\/es\/producto\/pure-de-crema-nuez-moscada-mousline\/","name":"Pur\u00e9 De Crema & Nuez Moscada Mousline | Comprar En Linea | My French Grocery","isPartOf":{"@id":"https:\/\/my-french-grocery.com\/es\/#website"},"primaryImageOfPage":{"@id":"https:\/\/my-french-grocery.com\/es\/producto\/pure-de-crema-nuez-moscada-mousline\/#primaryimage"},"image":{"@id":"https:\/\/my-french-grocery.com\/es\/producto\/pure-de-crema-nuez-moscada-mousline\/#primaryimage"},"thumbnailUrl":"https:\/\/my-french-grocery.com\/wp-content\/uploads\/2019\/02\/PUREE-ORIGINALE-MUSCADE.jpg","datePublished":"2019-02-25T14:50:28+00:00","dateModified":"2021-05-07T11:58:24+00:00","description":"Pur\u00e9 De Crema & Nuez Moscada Mousline - 4 sobres de 125 g - Nuestro pur\u00e9 de crema y nuez moscada MOUSLINE est\u00e1 elaborado con un 90% de patatas.\u00a0Las patatas francesas, en su mayor\u00eda cosechadas en Picard\u00eda, se entregan al taller de fabricaci\u00f3n de MOUSLINE.\u00a0","breadcrumb":{"@id":"https:\/\/my-french-grocery.com\/es\/producto\/pure-de-crema-nuez-moscada-mousline\/#breadcrumb"},"inLanguage":"es-ES","potentialAction":[{"@type":"ReadAction","target":["https:\/\/my-french-grocery.com\/es\/producto\/pure-de-crema-nuez-moscada-mousline\/"]}]},{"@type":"ImageObject","inLanguage":"es-ES","@id":"https:\/\/my-french-grocery.com\/es\/producto\/pure-de-crema-nuez-moscada-mousline\/#primaryimage","url":"https:\/\/my-french-grocery.com\/wp-content\/uploads\/2019\/02\/PUREE-ORIGINALE-MUSCADE.jpg","contentUrl":"https:\/\/my-french-grocery.com\/wp-content\/uploads\/2019\/02\/PUREE-ORIGINALE-MUSCADE.jpg","width":1500,"height":1500,"caption":"Pur\u00e9 De Crema & Nuez Moscada Mousline"},{"@type":"BreadcrumbList","@id":"https:\/\/my-french-grocery.com\/es\/producto\/pure-de-crema-nuez-moscada-mousline\/#breadcrumb","itemListElement":[{"@type":"ListItem","position":1,"name":"Home","item":"https:\/\/my-french-grocery.com\/es\/tienda-2\/"},{"@type":"ListItem","position":2,"name":"Shop","item":"https:\/\/my-french-grocery.com\/shop\/"},{"@type":"ListItem","position":3,"name":"Pastas, Arroz, Pur\u00e9s, Granos","item":"https:\/\/my-french-grocery.com\/es\/categoria-producto\/pastas-arroz-pures-granos\/"},{"@type":"ListItem","position":4,"name":"Pur\u00e9 De Crema &#038; Nuez Moscada Mousline"}]},{"@type":"WebSite","@id":"https:\/\/my-french-grocery.com\/es\/#website","url":"https:\/\/my-french-grocery.com\/es\/","name":"My French Grocery","description":"Your Online French Grocery  !","publisher":{"@id":"https:\/\/my-french-grocery.com\/es\/#organization"},"potentialAction":[{"@type":"SearchAction","target":{"@type":"EntryPoint","urlTemplate":"https:\/\/my-french-grocery.com\/es\/?s={search_term_string}"},"query-input":{"@type":"PropertyValueSpecification","valueRequired":true,"valueName":"search_term_string"}}],"inLanguage":"es-ES"},{"@type":"Organization","@id":"https:\/\/my-french-grocery.com\/es\/#organization","name":"MY FRENCH GROCERY","url":"https:\/\/my-french-grocery.com\/es\/","logo":{"@type":"ImageObject","inLanguage":"es-ES","@id":"https:\/\/my-french-grocery.com\/es\/#\/schema\/logo\/image\/","url":"https:\/\/my-french-grocery.com\/wp-content\/uploads\/2021\/11\/My-French-Grocery-Online-French-Grocery.png","contentUrl":"https:\/\/my-french-grocery.com\/wp-content\/uploads\/2021\/11\/My-French-Grocery-Online-French-Grocery.png","width":100,"height":100,"caption":"MY FRENCH GROCERY"},"image":{"@id":"https:\/\/my-french-grocery.com\/es\/#\/schema\/logo\/image\/"},"sameAs":["https:\/\/www.facebook.com\/myfrenchgrocery\/"]}]}},"brands":[{"id":778,"name":"Maggi","slug":"maggi-es"}],"_links":{"self":[{"href":"https:\/\/my-french-grocery.com\/es\/wp-json\/wp\/v2\/product\/15133","targetHints":{"allow":["GET"]}}],"collection":[{"href":"https:\/\/my-french-grocery.com\/es\/wp-json\/wp\/v2\/product"}],"about":[{"href":"https:\/\/my-french-grocery.com\/es\/wp-json\/wp\/v2\/types\/product"}],"replies":[{"embeddable":true,"href":"https:\/\/my-french-grocery.com\/es\/wp-json\/wp\/v2\/comments?post=15133"}],"wp:featuredmedia":[{"embeddable":true,"href":"https:\/\/my-french-grocery.com\/es\/wp-json\/wp\/v2\/media\/15134"}],"wp:attachment":[{"href":"https:\/\/my-french-grocery.com\/es\/wp-json\/wp\/v2\/media?parent=15133"}],"wp:term":[{"taxonomy":"pwb-brand","embeddable":true,"href":"https:\/\/my-french-grocery.com\/es\/wp-json\/wp\/v2\/pwb-brand?post=15133"},{"taxonomy":"product_brand","embeddable":true,"href":"https:\/\/my-french-grocery.com\/es\/wp-json\/wp\/v2\/product_brand?post=15133"},{"taxonomy":"product_cat","embeddable":true,"href":"https:\/\/my-french-grocery.com\/es\/wp-json\/wp\/v2\/product_cat?post=15133"},{"taxonomy":"product_tag","embeddable":true,"href":"https:\/\/my-french-grocery.com\/es\/wp-json\/wp\/v2\/product_tag?post=15133"}],"curies":[{"name":"wp","href":"https:\/\/api.w.org\/{rel}","templated":true}]}}