{"id":15137,"date":"2019-02-26T18:26:29","date_gmt":"2019-02-26T16:26:29","guid":{"rendered":"https:\/\/my-french-grocery.com\/product\/queso-4-sabores-apericube\/"},"modified":"2023-12-29T18:45:16","modified_gmt":"2023-12-29T16:45:16","slug":"queso-4-sabores-apericube","status":"publish","type":"product","link":"https:\/\/my-french-grocery.com\/es\/producto\/queso-4-sabores-apericube\/","title":{"rendered":"Queso 4 Sabores Ap\u00e9ricube"},"content":{"rendered":"<p>Queso 4 Sabores Ap\u00e9ricube<\/p>\n<p>Caja de 48 cubos \u2013 250 g<\/p>\n<p>Con Apericube Tomate \/ Emmental \/ Salm\u00f3n \/ Finas Hierbas<\/p>\n<p>: \u00a1habr\u00e1 algo para todos! \u00a1Cubitos de queso peque\u00f1os, sencillos y cremosos, para aperitivos coloridos! Para un aperitivo elaborado en Francia en nuestras f\u00e1bricas del Jura, sin conservantes, colorantes ni aromatizantes artificiales a\u00f1adidos.<\/p>\n","protected":false},"excerpt":{"rendered":"<p>Queso 4 Sabores Ap\u00e9ricube<\/p>\n<p>Caja de 48 cubos &#8211; 250 g<\/p>\n","protected":false},"featured_media":37634,"comment_status":"open","ping_status":"closed","template":"","meta":[],"product_brand":[],"product_cat":[1907],"product_tag":[1922],"class_list":{"0":"post-15137","1":"product","2":"type-product","3":"status-publish","4":"has-post-thumbnail","6":"product_cat-quesos","7":"product_tag-apericubes-es","8":"product_shipping_class-expedicion-mundial","10":"first","11":"outofstock","12":"taxable","13":"shipping-taxable","14":"purchasable","15":"product-type-simple"},"_links":{"self":[{"href":"https:\/\/my-french-grocery.com\/es\/wp-json\/wp\/v2\/product\/15137","targetHints":{"allow":["GET"]}}],"collection":[{"href":"https:\/\/my-french-grocery.com\/es\/wp-json\/wp\/v2\/product"}],"about":[{"href":"https:\/\/my-french-grocery.com\/es\/wp-json\/wp\/v2\/types\/product"}],"replies":[{"embeddable":true,"href":"https:\/\/my-french-grocery.com\/es\/wp-json\/wp\/v2\/comments?post=15137"}],"wp:featuredmedia":[{"embeddable":true,"href":"https:\/\/my-french-grocery.com\/es\/wp-json\/wp\/v2\/media\/37634"}],"wp:attachment":[{"href":"https:\/\/my-french-grocery.com\/es\/wp-json\/wp\/v2\/media?parent=15137"}],"wp:term":[{"taxonomy":"product_brand","embeddable":true,"href":"https:\/\/my-french-grocery.com\/es\/wp-json\/wp\/v2\/product_brand?post=15137"},{"taxonomy":"product_cat","embeddable":true,"href":"https:\/\/my-french-grocery.com\/es\/wp-json\/wp\/v2\/product_cat?post=15137"},{"taxonomy":"product_tag","embeddable":true,"href":"https:\/\/my-french-grocery.com\/es\/wp-json\/wp\/v2\/product_tag?post=15137"}],"curies":[{"name":"wp","href":"https:\/\/api.w.org\/{rel}","templated":true}]}}