{"id":15245,"date":"2019-03-02T12:28:30","date_gmt":"2019-03-02T10:28:30","guid":{"rendered":"https:\/\/my-french-grocery.com\/product\/champu-gel-de-ducha-mineral-marino\/"},"modified":"2019-03-02T12:28:30","modified_gmt":"2019-03-02T10:28:30","slug":"champu-gel-de-ducha-mineral-marino","status":"publish","type":"product","link":"https:\/\/my-french-grocery.com\/es\/producto\/champu-gel-de-ducha-mineral-marino\/","title":{"rendered":"Champ\u00fa &#038; Gel De Ducha Mineral Marino Ushuaia"},"content":{"rendered":"<p>Champ\u00fa & Gel De Ducha Mineral Marino Ushuaia<\/p>\n<p>Botella de 250 ml<\/p>\n<p><span>Para lavar tu cabello y tu cuerpo en un solo gesto, Ushuaia Research ha extra\u00eddo estos Minerales Marinos y los ha combinado con una f\u00f3rmula de champ\u00fa-ducha ultra-refrescante.\u00a0<\/span><span>Tu cabello queda suave y puro gracias a una textura en gel que se aclara muy f\u00e1cilmente.<\/span><\/p>\n<p>\u00a0<\/p>\n","protected":false},"excerpt":{"rendered":"<p>Champ\u00fa &amp; Gel De Ducha Mineral Marino Ushuaia<\/p>\n<p>Botella de 250 ml<\/p>\n","protected":false},"featured_media":51080,"comment_status":"open","ping_status":"closed","template":"","meta":[],"pwb-brand":[1932],"product_brand":[],"product_cat":[1653],"product_tag":[1931],"class_list":{"0":"post-15245","1":"product","2":"type-product","3":"status-publish","4":"has-post-thumbnail","6":"pwb-brand-ushuaia-es","7":"product_cat-gel-de-ducha","8":"product_tag-ushuaia-es","9":"product_shipping_class-expedicion-mundial","11":"first","12":"instock","13":"taxable","14":"shipping-taxable","15":"purchasable","16":"product-type-simple"},"brands":[{"id":1932,"name":"Ushua\u00efa","slug":"ushuaia-es"}],"_links":{"self":[{"href":"https:\/\/my-french-grocery.com\/es\/wp-json\/wp\/v2\/product\/15245","targetHints":{"allow":["GET"]}}],"collection":[{"href":"https:\/\/my-french-grocery.com\/es\/wp-json\/wp\/v2\/product"}],"about":[{"href":"https:\/\/my-french-grocery.com\/es\/wp-json\/wp\/v2\/types\/product"}],"replies":[{"embeddable":true,"href":"https:\/\/my-french-grocery.com\/es\/wp-json\/wp\/v2\/comments?post=15245"}],"wp:featuredmedia":[{"embeddable":true,"href":"https:\/\/my-french-grocery.com\/es\/wp-json\/wp\/v2\/media\/51080"}],"wp:attachment":[{"href":"https:\/\/my-french-grocery.com\/es\/wp-json\/wp\/v2\/media?parent=15245"}],"wp:term":[{"taxonomy":"pwb-brand","embeddable":true,"href":"https:\/\/my-french-grocery.com\/es\/wp-json\/wp\/v2\/pwb-brand?post=15245"},{"taxonomy":"product_brand","embeddable":true,"href":"https:\/\/my-french-grocery.com\/es\/wp-json\/wp\/v2\/product_brand?post=15245"},{"taxonomy":"product_cat","embeddable":true,"href":"https:\/\/my-french-grocery.com\/es\/wp-json\/wp\/v2\/product_cat?post=15245"},{"taxonomy":"product_tag","embeddable":true,"href":"https:\/\/my-french-grocery.com\/es\/wp-json\/wp\/v2\/product_tag?post=15245"}],"curies":[{"name":"wp","href":"https:\/\/api.w.org\/{rel}","templated":true}]}}