{"id":15295,"date":"2019-03-02T15:36:41","date_gmt":"2019-03-02T13:36:41","guid":{"rendered":"https:\/\/my-french-grocery.com\/product\/pasta-torti-panzani\/"},"modified":"2019-03-02T15:36:41","modified_gmt":"2019-03-02T13:36:41","slug":"pasta-torti-panzani","status":"publish","type":"product","link":"https:\/\/my-french-grocery.com\/es\/producto\/pasta-torti-panzani\/","title":{"rendered":"Pasta Torti Panzani"},"content":{"rendered":"<p>Pasta Torti Panzani<\/p>\n<p>Paquete de 500 g<\/p>\n<p>Descubre el Torti Panzani de 3 minutos: \u00a1todo el placer de Torti Panzani con una masa m\u00e1s fina que se cocina m\u00e1s r\u00e1pido para disfrutar en un abrir y cerrar de ojos!<\/p>\n","protected":false},"excerpt":{"rendered":"<p>Pasta Torti Panzani<\/p>\n<p>Paquete de 500 g<\/p>\n","protected":false},"featured_media":15296,"comment_status":"open","ping_status":"closed","template":"","meta":[],"pwb-brand":[1916],"product_brand":[],"product_cat":[1920],"product_tag":[1935],"class_list":{"0":"post-15295","1":"product","2":"type-product","3":"status-publish","4":"has-post-thumbnail","6":"pwb-brand-panzani-es","7":"product_cat-pastas-arroz-pures-granos","8":"product_tag-pasta-panzani-es","9":"product_shipping_class-expedicion-mundial","11":"first","12":"instock","13":"taxable","14":"shipping-taxable","15":"purchasable","16":"product-type-simple"},"brands":[{"id":1916,"name":"Panzani","slug":"panzani-es"}],"_links":{"self":[{"href":"https:\/\/my-french-grocery.com\/es\/wp-json\/wp\/v2\/product\/15295","targetHints":{"allow":["GET"]}}],"collection":[{"href":"https:\/\/my-french-grocery.com\/es\/wp-json\/wp\/v2\/product"}],"about":[{"href":"https:\/\/my-french-grocery.com\/es\/wp-json\/wp\/v2\/types\/product"}],"replies":[{"embeddable":true,"href":"https:\/\/my-french-grocery.com\/es\/wp-json\/wp\/v2\/comments?post=15295"}],"wp:featuredmedia":[{"embeddable":true,"href":"https:\/\/my-french-grocery.com\/es\/wp-json\/wp\/v2\/media\/15296"}],"wp:attachment":[{"href":"https:\/\/my-french-grocery.com\/es\/wp-json\/wp\/v2\/media?parent=15295"}],"wp:term":[{"taxonomy":"pwb-brand","embeddable":true,"href":"https:\/\/my-french-grocery.com\/es\/wp-json\/wp\/v2\/pwb-brand?post=15295"},{"taxonomy":"product_brand","embeddable":true,"href":"https:\/\/my-french-grocery.com\/es\/wp-json\/wp\/v2\/product_brand?post=15295"},{"taxonomy":"product_cat","embeddable":true,"href":"https:\/\/my-french-grocery.com\/es\/wp-json\/wp\/v2\/product_cat?post=15295"},{"taxonomy":"product_tag","embeddable":true,"href":"https:\/\/my-french-grocery.com\/es\/wp-json\/wp\/v2\/product_tag?post=15295"}],"curies":[{"name":"wp","href":"https:\/\/api.w.org\/{rel}","templated":true}]}}