{"id":15299,"date":"2019-03-02T15:44:02","date_gmt":"2019-03-02T13:44:02","guid":{"rendered":"https:\/\/my-french-grocery.com\/product\/pasta-alphabet-panzani\/"},"modified":"2019-03-02T15:44:02","modified_gmt":"2019-03-02T13:44:02","slug":"pasta-alphabet-panzani","status":"publish","type":"product","link":"https:\/\/my-french-grocery.com\/es\/producto\/pasta-alphabet-panzani\/","title":{"rendered":"Pasta Alphabet Panzani"},"content":{"rendered":"<p>Pasta Alphabet Panzani<\/p>\n<p>Paquete de 500 g<\/p>\n<p><span>Pasta s\u00ed, \u00a1pero Panzani!\u00a0<\/span><span>Al elegir nuestra pasta, est\u00e1 eligiendo una calidad superior y est\u00e1 apoyando un trigo franc\u00e9s m\u00e1s responsable, para una pasta sabrosa.<\/span><\/p>\n","protected":false},"excerpt":{"rendered":"<p>Pasta Alphabet Panzani<\/p>\n<p>Paquete de 500 g<\/p>\n","protected":false},"featured_media":15300,"comment_status":"open","ping_status":"closed","template":"","meta":[],"pwb-brand":[1916],"product_brand":[],"product_cat":[1920],"product_tag":[1935],"class_list":{"0":"post-15299","1":"product","2":"type-product","3":"status-publish","4":"has-post-thumbnail","6":"pwb-brand-panzani-es","7":"product_cat-pastas-arroz-pures-granos","8":"product_tag-pasta-panzani-es","9":"product_shipping_class-expedicion-mundial","11":"first","12":"instock","13":"taxable","14":"shipping-taxable","15":"purchasable","16":"product-type-simple"},"brands":[{"id":1916,"name":"Panzani","slug":"panzani-es"}],"_links":{"self":[{"href":"https:\/\/my-french-grocery.com\/es\/wp-json\/wp\/v2\/product\/15299","targetHints":{"allow":["GET"]}}],"collection":[{"href":"https:\/\/my-french-grocery.com\/es\/wp-json\/wp\/v2\/product"}],"about":[{"href":"https:\/\/my-french-grocery.com\/es\/wp-json\/wp\/v2\/types\/product"}],"replies":[{"embeddable":true,"href":"https:\/\/my-french-grocery.com\/es\/wp-json\/wp\/v2\/comments?post=15299"}],"wp:featuredmedia":[{"embeddable":true,"href":"https:\/\/my-french-grocery.com\/es\/wp-json\/wp\/v2\/media\/15300"}],"wp:attachment":[{"href":"https:\/\/my-french-grocery.com\/es\/wp-json\/wp\/v2\/media?parent=15299"}],"wp:term":[{"taxonomy":"pwb-brand","embeddable":true,"href":"https:\/\/my-french-grocery.com\/es\/wp-json\/wp\/v2\/pwb-brand?post=15299"},{"taxonomy":"product_brand","embeddable":true,"href":"https:\/\/my-french-grocery.com\/es\/wp-json\/wp\/v2\/product_brand?post=15299"},{"taxonomy":"product_cat","embeddable":true,"href":"https:\/\/my-french-grocery.com\/es\/wp-json\/wp\/v2\/product_cat?post=15299"},{"taxonomy":"product_tag","embeddable":true,"href":"https:\/\/my-french-grocery.com\/es\/wp-json\/wp\/v2\/product_tag?post=15299"}],"curies":[{"name":"wp","href":"https:\/\/api.w.org\/{rel}","templated":true}]}}