{"id":15343,"date":"2019-03-18T17:37:18","date_gmt":"2019-03-18T15:37:18","guid":{"rendered":"https:\/\/my-french-grocery.com\/product\/cereal-de-arroz-inflado-con-chocolate-coco-pops\/"},"modified":"2026-03-01T20:16:32","modified_gmt":"2026-03-01T18:16:32","slug":"cereal-de-arroz-inflado-con-chocolate-coco-pops","status":"publish","type":"product","link":"https:\/\/my-french-grocery.com\/es\/producto\/cereal-de-arroz-inflado-con-chocolate-coco-pops\/","title":{"rendered":"Cereal De Arroz Inflado Con Chocolate Coco Pops"},"content":{"rendered":"<p>Cereal De Arroz Inflado Con Chocolate Coco Pops<\/p>\n<p>Caja de 330 g<\/p>\n<p>Para empezar bien el d\u00eda, \u00a1nada como desayunar con Coco Pops y su amiga Coco, la traviesa mona!\u00a0Delicioso cereal de arroz inflado con el gran sabor del chocolate de la selva.<\/p>\n","protected":false},"excerpt":{"rendered":"<p>Cereal De Arroz Inflado Con Chocolate Coco Pops<\/p>\n<p>Caja de 330 g<\/p>\n","protected":false},"featured_media":15344,"comment_status":"open","ping_status":"closed","template":"","meta":[],"pwb-brand":[],"product_brand":[],"product_cat":[1867],"product_tag":[1944],"class_list":{"0":"post-15343","1":"product","2":"type-product","3":"status-publish","4":"has-post-thumbnail","6":"product_cat-cereales-brioches-bolleria","7":"product_tag-coco-pops-es","8":"product_shipping_class-expedicion-mundial","10":"first","11":"instock","12":"taxable","13":"shipping-taxable","14":"purchasable","15":"product-type-simple"},"yoast_head":"<!-- This site is optimized with the Yoast SEO plugin v27.3 - https:\/\/yoast.com\/product\/yoast-seo-wordpress\/ -->\n<title>Cereal De Arroz Inflado Con Chocolate Coco Pops | Comprar En Linea | My French Grocery<\/title>\n<meta name=\"description\" content=\"Cereal De Arroz Inflado Con Chocolate Coco Pops - Caja de 330 g - Para empezar bien el d\u00eda, \u00a1nada como desayunar con Coco Pops y su amiga Coco, la traviesa mona!\u00a0\" \/>\n<meta name=\"robots\" content=\"index, follow, max-snippet:-1, max-image-preview:large, max-video-preview:-1\" \/>\n<link rel=\"canonical\" href=\"https:\/\/my-french-grocery.com\/es\/producto\/cereal-de-arroz-inflado-con-chocolate-coco-pops\/\" \/>\n<meta property=\"og:locale\" content=\"es_ES\" \/>\n<meta property=\"og:type\" content=\"article\" \/>\n<meta property=\"og:title\" content=\"Cereal De Arroz Inflado Con Chocolate Coco Pops | Comprar En Linea | My French Grocery\" \/>\n<meta property=\"og:description\" content=\"Cereal De Arroz Inflado Con Chocolate Coco Pops - Caja de 330 g - Para empezar bien el d\u00eda, \u00a1nada como desayunar con Coco Pops y su amiga Coco, la traviesa mona!\u00a0\" \/>\n<meta property=\"og:url\" content=\"https:\/\/my-french-grocery.com\/es\/producto\/cereal-de-arroz-inflado-con-chocolate-coco-pops\/\" \/>\n<meta property=\"og:site_name\" content=\"My French Grocery\" \/>\n<meta property=\"article:publisher\" content=\"https:\/\/www.facebook.com\/myfrenchgrocery\/\" \/>\n<meta property=\"article:modified_time\" content=\"2026-03-01T18:16:32+00:00\" \/>\n<meta property=\"og:image\" content=\"https:\/\/my-french-grocery.com\/wp-content\/uploads\/2019\/03\/COCO-POPS.jpg\" \/>\n\t<meta property=\"og:image:width\" content=\"1500\" \/>\n\t<meta property=\"og:image:height\" content=\"1500\" \/>\n\t<meta property=\"og:image:type\" content=\"image\/jpeg\" \/>\n<meta name=\"twitter:card\" content=\"summary_large_image\" \/>\n<script type=\"application\/ld+json\" class=\"yoast-schema-graph\">{\"@context\":\"https:\\\/\\\/schema.org\",\"@graph\":[{\"@type\":\"WebPage\",\"@id\":\"https:\\\/\\\/my-french-grocery.com\\\/es\\\/producto\\\/cereal-de-arroz-inflado-con-chocolate-coco-pops\\\/\",\"url\":\"https:\\\/\\\/my-french-grocery.com\\\/es\\\/producto\\\/cereal-de-arroz-inflado-con-chocolate-coco-pops\\\/\",\"name\":\"Cereal De Arroz Inflado Con Chocolate Coco Pops | Comprar En Linea | My French Grocery\",\"isPartOf\":{\"@id\":\"https:\\\/\\\/my-french-grocery.com\\\/#website\"},\"primaryImageOfPage\":{\"@id\":\"https:\\\/\\\/my-french-grocery.com\\\/es\\\/producto\\\/cereal-de-arroz-inflado-con-chocolate-coco-pops\\\/#primaryimage\"},\"image\":{\"@id\":\"https:\\\/\\\/my-french-grocery.com\\\/es\\\/producto\\\/cereal-de-arroz-inflado-con-chocolate-coco-pops\\\/#primaryimage\"},\"thumbnailUrl\":\"https:\\\/\\\/my-french-grocery.com\\\/wp-content\\\/uploads\\\/2019\\\/03\\\/COCO-POPS.jpg\",\"datePublished\":\"2019-03-18T15:37:18+00:00\",\"dateModified\":\"2026-03-01T18:16:32+00:00\",\"description\":\"Cereal De Arroz Inflado Con Chocolate Coco Pops - Caja de 330 g - Para empezar bien el d\u00eda, \u00a1nada como desayunar con Coco Pops y su amiga Coco, la traviesa mona!\u00a0\",\"breadcrumb\":{\"@id\":\"https:\\\/\\\/my-french-grocery.com\\\/es\\\/producto\\\/cereal-de-arroz-inflado-con-chocolate-coco-pops\\\/#breadcrumb\"},\"inLanguage\":\"es-ES\",\"potentialAction\":[{\"@type\":\"ReadAction\",\"target\":[\"https:\\\/\\\/my-french-grocery.com\\\/es\\\/producto\\\/cereal-de-arroz-inflado-con-chocolate-coco-pops\\\/\"]}]},{\"@type\":\"ImageObject\",\"inLanguage\":\"es-ES\",\"@id\":\"https:\\\/\\\/my-french-grocery.com\\\/es\\\/producto\\\/cereal-de-arroz-inflado-con-chocolate-coco-pops\\\/#primaryimage\",\"url\":\"https:\\\/\\\/my-french-grocery.com\\\/wp-content\\\/uploads\\\/2019\\\/03\\\/COCO-POPS.jpg\",\"contentUrl\":\"https:\\\/\\\/my-french-grocery.com\\\/wp-content\\\/uploads\\\/2019\\\/03\\\/COCO-POPS.jpg\",\"width\":1500,\"height\":1500,\"caption\":\"Cereal De Arroz Inflado Con Chocolate Coco Pops\"},{\"@type\":\"BreadcrumbList\",\"@id\":\"https:\\\/\\\/my-french-grocery.com\\\/es\\\/producto\\\/cereal-de-arroz-inflado-con-chocolate-coco-pops\\\/#breadcrumb\",\"itemListElement\":[{\"@type\":\"ListItem\",\"position\":1,\"name\":\"Home\",\"item\":\"https:\\\/\\\/my-french-grocery.com\\\/es\\\/tienda-2\\\/\"},{\"@type\":\"ListItem\",\"position\":2,\"name\":\"Shop\",\"item\":\"https:\\\/\\\/my-french-grocery.com\\\/shop\\\/\"},{\"@type\":\"ListItem\",\"position\":3,\"name\":\"C\u00e9r\u00e9ales, brioches &amp; Boller\u00eda\",\"item\":\"https:\\\/\\\/my-french-grocery.com\\\/es\\\/categoria-producto\\\/cereales-brioches-bolleria\\\/\"},{\"@type\":\"ListItem\",\"position\":4,\"name\":\"Cereal De Arroz Inflado Con Chocolate Coco Pops\"}]},{\"@type\":\"WebSite\",\"@id\":\"https:\\\/\\\/my-french-grocery.com\\\/#website\",\"url\":\"https:\\\/\\\/my-french-grocery.com\\\/\",\"name\":\"My French Grocery\",\"description\":\"Your Online French Grocery  !\",\"publisher\":{\"@id\":\"https:\\\/\\\/my-french-grocery.com\\\/#organization\"},\"potentialAction\":[{\"@type\":\"SearchAction\",\"target\":{\"@type\":\"EntryPoint\",\"urlTemplate\":\"https:\\\/\\\/my-french-grocery.com\\\/?s={search_term_string}\"},\"query-input\":{\"@type\":\"PropertyValueSpecification\",\"valueRequired\":true,\"valueName\":\"search_term_string\"}}],\"inLanguage\":\"es-ES\"},{\"@type\":\"Organization\",\"@id\":\"https:\\\/\\\/my-french-grocery.com\\\/#organization\",\"name\":\"MY FRENCH GROCERY\",\"url\":\"https:\\\/\\\/my-french-grocery.com\\\/\",\"logo\":{\"@type\":\"ImageObject\",\"inLanguage\":\"es-ES\",\"@id\":\"https:\\\/\\\/my-french-grocery.com\\\/#\\\/schema\\\/logo\\\/image\\\/\",\"url\":\"https:\\\/\\\/my-french-grocery.com\\\/wp-content\\\/uploads\\\/2021\\\/11\\\/My-French-Grocery-Online-French-Grocery.png\",\"contentUrl\":\"https:\\\/\\\/my-french-grocery.com\\\/wp-content\\\/uploads\\\/2021\\\/11\\\/My-French-Grocery-Online-French-Grocery.png\",\"width\":100,\"height\":100,\"caption\":\"MY FRENCH GROCERY\"},\"image\":{\"@id\":\"https:\\\/\\\/my-french-grocery.com\\\/#\\\/schema\\\/logo\\\/image\\\/\"},\"sameAs\":[\"https:\\\/\\\/www.facebook.com\\\/myfrenchgrocery\\\/\"]}]}<\/script>\n<!-- \/ Yoast SEO plugin. -->","yoast_head_json":{"title":"Cereal De Arroz Inflado Con Chocolate Coco Pops | Comprar En Linea | My French Grocery","description":"Cereal De Arroz Inflado Con Chocolate Coco Pops - Caja de 330 g - Para empezar bien el d\u00eda, \u00a1nada como desayunar con Coco Pops y su amiga Coco, la traviesa mona!\u00a0","robots":{"index":"index","follow":"follow","max-snippet":"max-snippet:-1","max-image-preview":"max-image-preview:large","max-video-preview":"max-video-preview:-1"},"canonical":"https:\/\/my-french-grocery.com\/es\/producto\/cereal-de-arroz-inflado-con-chocolate-coco-pops\/","og_locale":"es_ES","og_type":"article","og_title":"Cereal De Arroz Inflado Con Chocolate Coco Pops | Comprar En Linea | My French Grocery","og_description":"Cereal De Arroz Inflado Con Chocolate Coco Pops - Caja de 330 g - Para empezar bien el d\u00eda, \u00a1nada como desayunar con Coco Pops y su amiga Coco, la traviesa mona!\u00a0","og_url":"https:\/\/my-french-grocery.com\/es\/producto\/cereal-de-arroz-inflado-con-chocolate-coco-pops\/","og_site_name":"My French Grocery","article_publisher":"https:\/\/www.facebook.com\/myfrenchgrocery\/","article_modified_time":"2026-03-01T18:16:32+00:00","og_image":[{"width":1500,"height":1500,"url":"https:\/\/my-french-grocery.com\/wp-content\/uploads\/2019\/03\/COCO-POPS.jpg","type":"image\/jpeg"}],"twitter_card":"summary_large_image","schema":{"@context":"https:\/\/schema.org","@graph":[{"@type":"WebPage","@id":"https:\/\/my-french-grocery.com\/es\/producto\/cereal-de-arroz-inflado-con-chocolate-coco-pops\/","url":"https:\/\/my-french-grocery.com\/es\/producto\/cereal-de-arroz-inflado-con-chocolate-coco-pops\/","name":"Cereal De Arroz Inflado Con Chocolate Coco Pops | Comprar En Linea | My French Grocery","isPartOf":{"@id":"https:\/\/my-french-grocery.com\/#website"},"primaryImageOfPage":{"@id":"https:\/\/my-french-grocery.com\/es\/producto\/cereal-de-arroz-inflado-con-chocolate-coco-pops\/#primaryimage"},"image":{"@id":"https:\/\/my-french-grocery.com\/es\/producto\/cereal-de-arroz-inflado-con-chocolate-coco-pops\/#primaryimage"},"thumbnailUrl":"https:\/\/my-french-grocery.com\/wp-content\/uploads\/2019\/03\/COCO-POPS.jpg","datePublished":"2019-03-18T15:37:18+00:00","dateModified":"2026-03-01T18:16:32+00:00","description":"Cereal De Arroz Inflado Con Chocolate Coco Pops - Caja de 330 g - Para empezar bien el d\u00eda, \u00a1nada como desayunar con Coco Pops y su amiga Coco, la traviesa mona!\u00a0","breadcrumb":{"@id":"https:\/\/my-french-grocery.com\/es\/producto\/cereal-de-arroz-inflado-con-chocolate-coco-pops\/#breadcrumb"},"inLanguage":"es-ES","potentialAction":[{"@type":"ReadAction","target":["https:\/\/my-french-grocery.com\/es\/producto\/cereal-de-arroz-inflado-con-chocolate-coco-pops\/"]}]},{"@type":"ImageObject","inLanguage":"es-ES","@id":"https:\/\/my-french-grocery.com\/es\/producto\/cereal-de-arroz-inflado-con-chocolate-coco-pops\/#primaryimage","url":"https:\/\/my-french-grocery.com\/wp-content\/uploads\/2019\/03\/COCO-POPS.jpg","contentUrl":"https:\/\/my-french-grocery.com\/wp-content\/uploads\/2019\/03\/COCO-POPS.jpg","width":1500,"height":1500,"caption":"Cereal De Arroz Inflado Con Chocolate Coco Pops"},{"@type":"BreadcrumbList","@id":"https:\/\/my-french-grocery.com\/es\/producto\/cereal-de-arroz-inflado-con-chocolate-coco-pops\/#breadcrumb","itemListElement":[{"@type":"ListItem","position":1,"name":"Home","item":"https:\/\/my-french-grocery.com\/es\/tienda-2\/"},{"@type":"ListItem","position":2,"name":"Shop","item":"https:\/\/my-french-grocery.com\/shop\/"},{"@type":"ListItem","position":3,"name":"C\u00e9r\u00e9ales, brioches &amp; Boller\u00eda","item":"https:\/\/my-french-grocery.com\/es\/categoria-producto\/cereales-brioches-bolleria\/"},{"@type":"ListItem","position":4,"name":"Cereal De Arroz Inflado Con Chocolate Coco Pops"}]},{"@type":"WebSite","@id":"https:\/\/my-french-grocery.com\/#website","url":"https:\/\/my-french-grocery.com\/","name":"My French Grocery","description":"Your Online French Grocery  !","publisher":{"@id":"https:\/\/my-french-grocery.com\/#organization"},"potentialAction":[{"@type":"SearchAction","target":{"@type":"EntryPoint","urlTemplate":"https:\/\/my-french-grocery.com\/?s={search_term_string}"},"query-input":{"@type":"PropertyValueSpecification","valueRequired":true,"valueName":"search_term_string"}}],"inLanguage":"es-ES"},{"@type":"Organization","@id":"https:\/\/my-french-grocery.com\/#organization","name":"MY FRENCH GROCERY","url":"https:\/\/my-french-grocery.com\/","logo":{"@type":"ImageObject","inLanguage":"es-ES","@id":"https:\/\/my-french-grocery.com\/#\/schema\/logo\/image\/","url":"https:\/\/my-french-grocery.com\/wp-content\/uploads\/2021\/11\/My-French-Grocery-Online-French-Grocery.png","contentUrl":"https:\/\/my-french-grocery.com\/wp-content\/uploads\/2021\/11\/My-French-Grocery-Online-French-Grocery.png","width":100,"height":100,"caption":"MY FRENCH GROCERY"},"image":{"@id":"https:\/\/my-french-grocery.com\/#\/schema\/logo\/image\/"},"sameAs":["https:\/\/www.facebook.com\/myfrenchgrocery\/"]}]}},"brands":[],"_links":{"self":[{"href":"https:\/\/my-french-grocery.com\/es\/wp-json\/wp\/v2\/product\/15343","targetHints":{"allow":["GET"]}}],"collection":[{"href":"https:\/\/my-french-grocery.com\/es\/wp-json\/wp\/v2\/product"}],"about":[{"href":"https:\/\/my-french-grocery.com\/es\/wp-json\/wp\/v2\/types\/product"}],"replies":[{"embeddable":true,"href":"https:\/\/my-french-grocery.com\/es\/wp-json\/wp\/v2\/comments?post=15343"}],"wp:featuredmedia":[{"embeddable":true,"href":"https:\/\/my-french-grocery.com\/es\/wp-json\/wp\/v2\/media\/15344"}],"wp:attachment":[{"href":"https:\/\/my-french-grocery.com\/es\/wp-json\/wp\/v2\/media?parent=15343"}],"wp:term":[{"taxonomy":"pwb-brand","embeddable":true,"href":"https:\/\/my-french-grocery.com\/es\/wp-json\/wp\/v2\/pwb-brand?post=15343"},{"taxonomy":"product_brand","embeddable":true,"href":"https:\/\/my-french-grocery.com\/es\/wp-json\/wp\/v2\/product_brand?post=15343"},{"taxonomy":"product_cat","embeddable":true,"href":"https:\/\/my-french-grocery.com\/es\/wp-json\/wp\/v2\/product_cat?post=15343"},{"taxonomy":"product_tag","embeddable":true,"href":"https:\/\/my-french-grocery.com\/es\/wp-json\/wp\/v2\/product_tag?post=15343"}],"curies":[{"name":"wp","href":"https:\/\/api.w.org\/{rel}","templated":true}]}}