{"id":15371,"date":"2023-07-01T17:00:04","date_gmt":"2019-03-20T15:10:04","guid":{"rendered":"https:\/\/my-french-grocery.com\/product\/preparado-de-torta-de-arroz-con-caramelo-alsa\/"},"modified":"2019-03-20T17:10:04","modified_gmt":"2019-03-20T15:10:04","slug":"preparado-de-torta-de-arroz-con-caramelo-alsa","status":"publish","type":"product","link":"https:\/\/my-french-grocery.com\/es\/producto\/preparado-de-torta-de-arroz-con-caramelo-alsa\/","title":{"rendered":"Preparado De Torta De Arroz Con Caramelo Alsa"},"content":{"rendered":"<p>Preparado De Torta De Arroz Con Caramelo Alsa<\/p>\n<p>Caja de 400 g<\/p>\n<p><span>En Alsa\u00ae, queremos combinar la reposter\u00eda, el placer y la glotoner\u00eda y dejar solo lo mejor para nuestros consumidores: la alegr\u00eda y el orgullo de finalizar sus postres.\u00a0<\/span><span>Alsa\u00ae es el compa\u00f1ero ideal para sus postres diarios y sus momentos festivos.\u00a0<\/span><\/p>\n","protected":false},"excerpt":{"rendered":"<p>Preparado De Torta De Arroz Con Caramelo Alsa<\/p>\n<p>Caja de 400 g<\/p>\n","protected":false},"featured_media":15372,"comment_status":"open","ping_status":"closed","template":"","meta":[],"pwb-brand":[1947],"product_brand":[],"product_cat":[1948],"product_tag":[1949],"class_list":{"0":"post-15371","1":"product","2":"type-product","3":"status-publish","4":"has-post-thumbnail","6":"pwb-brand-alsa-es","7":"product_cat-panaderia","8":"product_tag-alsa-es","9":"product_shipping_class-expedicion-mundial","11":"first","12":"outofstock","13":"taxable","14":"shipping-taxable","15":"purchasable","16":"product-type-simple"},"brands":[{"id":1947,"name":"Alsa","slug":"alsa-es"}],"_links":{"self":[{"href":"https:\/\/my-french-grocery.com\/es\/wp-json\/wp\/v2\/product\/15371","targetHints":{"allow":["GET"]}}],"collection":[{"href":"https:\/\/my-french-grocery.com\/es\/wp-json\/wp\/v2\/product"}],"about":[{"href":"https:\/\/my-french-grocery.com\/es\/wp-json\/wp\/v2\/types\/product"}],"replies":[{"embeddable":true,"href":"https:\/\/my-french-grocery.com\/es\/wp-json\/wp\/v2\/comments?post=15371"}],"wp:featuredmedia":[{"embeddable":true,"href":"https:\/\/my-french-grocery.com\/es\/wp-json\/wp\/v2\/media\/15372"}],"wp:attachment":[{"href":"https:\/\/my-french-grocery.com\/es\/wp-json\/wp\/v2\/media?parent=15371"}],"wp:term":[{"taxonomy":"pwb-brand","embeddable":true,"href":"https:\/\/my-french-grocery.com\/es\/wp-json\/wp\/v2\/pwb-brand?post=15371"},{"taxonomy":"product_brand","embeddable":true,"href":"https:\/\/my-french-grocery.com\/es\/wp-json\/wp\/v2\/product_brand?post=15371"},{"taxonomy":"product_cat","embeddable":true,"href":"https:\/\/my-french-grocery.com\/es\/wp-json\/wp\/v2\/product_cat?post=15371"},{"taxonomy":"product_tag","embeddable":true,"href":"https:\/\/my-french-grocery.com\/es\/wp-json\/wp\/v2\/product_tag?post=15371"}],"curies":[{"name":"wp","href":"https:\/\/api.w.org\/{rel}","templated":true}]}}