{"id":15669,"date":"2019-04-10T15:21:37","date_gmt":"2019-04-10T13:21:37","guid":{"rendered":"https:\/\/my-french-grocery.com\/product\/frutas-en-almibar-de-melocoton-st-mamet\/"},"modified":"2019-04-10T15:21:37","modified_gmt":"2019-04-10T13:21:37","slug":"frutas-en-almibar-de-melocoton-st-mamet","status":"publish","type":"product","link":"https:\/\/my-french-grocery.com\/es\/producto\/frutas-en-almibar-de-melocoton-st-mamet\/","title":{"rendered":"Frutas En Alm\u00edbar De Melocot\u00f3n St-Mamet"},"content":{"rendered":"<p>Frutas En Alm\u00edbar De Melocot\u00f3n St-Mamet<\/p>\n<p>Caja de 475 g netos escurridos<\/p>\n<div class=\"secondary-details-intro\">\n<div class=\"regulated-name\">\n<p class=\"paragraph\"><span>Melocotones de media fruta en alm\u00edbar ligero<\/span><\/p>\n<\/div>\n<\/div>\n<div id=\"data-recommandation-zone-2\" class=\"secondary-details-cross-sell\">\n<div class=\"recommendations recommendations\" data-zone=\"2\"><\/div>\n<\/div>\n","protected":false},"excerpt":{"rendered":"<p>Frutas En Alm\u00edbar De Melocot\u00f3n St-Mamet<\/p>\n<p>Caja de 475 g netos escurridos<\/p>\n","protected":false},"featured_media":32853,"comment_status":"open","ping_status":"closed","template":"","meta":[],"pwb-brand":[1975],"product_brand":[],"product_cat":[1973],"product_tag":[1974],"class_list":{"0":"post-15669","1":"product","2":"type-product","3":"status-publish","4":"has-post-thumbnail","6":"pwb-brand-saint-mamet-es","7":"product_cat-postres","8":"product_tag-saint-mamet-es","9":"product_shipping_class-expedicion-mundial","11":"first","12":"instock","13":"taxable","14":"shipping-taxable","15":"purchasable","16":"product-type-simple"},"brands":[{"id":1975,"name":"Saint Mamet","slug":"saint-mamet-es"}],"_links":{"self":[{"href":"https:\/\/my-french-grocery.com\/es\/wp-json\/wp\/v2\/product\/15669","targetHints":{"allow":["GET"]}}],"collection":[{"href":"https:\/\/my-french-grocery.com\/es\/wp-json\/wp\/v2\/product"}],"about":[{"href":"https:\/\/my-french-grocery.com\/es\/wp-json\/wp\/v2\/types\/product"}],"replies":[{"embeddable":true,"href":"https:\/\/my-french-grocery.com\/es\/wp-json\/wp\/v2\/comments?post=15669"}],"wp:featuredmedia":[{"embeddable":true,"href":"https:\/\/my-french-grocery.com\/es\/wp-json\/wp\/v2\/media\/32853"}],"wp:attachment":[{"href":"https:\/\/my-french-grocery.com\/es\/wp-json\/wp\/v2\/media?parent=15669"}],"wp:term":[{"taxonomy":"pwb-brand","embeddable":true,"href":"https:\/\/my-french-grocery.com\/es\/wp-json\/wp\/v2\/pwb-brand?post=15669"},{"taxonomy":"product_brand","embeddable":true,"href":"https:\/\/my-french-grocery.com\/es\/wp-json\/wp\/v2\/product_brand?post=15669"},{"taxonomy":"product_cat","embeddable":true,"href":"https:\/\/my-french-grocery.com\/es\/wp-json\/wp\/v2\/product_cat?post=15669"},{"taxonomy":"product_tag","embeddable":true,"href":"https:\/\/my-french-grocery.com\/es\/wp-json\/wp\/v2\/product_tag?post=15669"}],"curies":[{"name":"wp","href":"https:\/\/api.w.org\/{rel}","templated":true}]}}