{"id":15685,"date":"2019-04-10T15:46:18","date_gmt":"2019-04-10T13:46:18","guid":{"rendered":"https:\/\/my-french-grocery.com\/product\/frutas-en-almibar-fresco-de-las-islas-st-mamet\/"},"modified":"2019-04-10T15:46:18","modified_gmt":"2019-04-10T13:46:18","slug":"frutas-en-almibar-fresco-de-las-islas-st-mamet","status":"publish","type":"product","link":"https:\/\/my-french-grocery.com\/es\/producto\/frutas-en-almibar-fresco-de-las-islas-st-mamet\/","title":{"rendered":"Frutas En Alm\u00edbar &#8220;Fresco De Las Islas&#8221; St-Mamet"},"content":{"rendered":"<p>Frutas En Alm\u00edbar &#8220;Fresco De Las Islas&#8221; St-Mamet<\/p>\n<div class=\"pdp-card__header--text\"><span class=\"ds-body-text ds-body-text--weight-bold ds-body-text--size-m ds-body-text--color-standard-2\"><span>3 latas de 125g netos, escurridas<\/span><\/span><\/div>\n<div class=\"main-details__shoppinglist\"><\/div>\n<div><span>Una nueva gama para completar la oferta de c\u00f3cteles en torno a la referencia hist\u00f3rica de St Mamet.\u00a0<\/span><span>Deliciosas mezclas de frutas para variar los placeres seg\u00fan sus deseos: deseo de dulzura o necesidad de exotismo, \u00a1las nuevas tazas de Verger et Paradis son un placer para el paladar!\u00a0<\/span><\/div>\n","protected":false},"excerpt":{"rendered":"<p>Frutas En Alm\u00edbar &#8220;Fresco De Las Islas&#8221; St-Mamet<\/p>\n<div class=\"pdp-card__header--text\"><span class=\"ds-body-text ds-body-text--weight-bold ds-body-text--size-m ds-body-text--color-standard-2\">3 latas de 125g netos, escurridas<\/span><\/div>\n","protected":false},"featured_media":15686,"comment_status":"open","ping_status":"closed","template":"","meta":[],"pwb-brand":[1975],"product_brand":[],"product_cat":[1973],"product_tag":[1974],"class_list":{"0":"post-15685","1":"product","2":"type-product","3":"status-publish","4":"has-post-thumbnail","6":"pwb-brand-saint-mamet-es","7":"product_cat-postres","8":"product_tag-saint-mamet-es","9":"product_shipping_class-expedicion-mundial","11":"first","12":"instock","13":"taxable","14":"shipping-taxable","15":"purchasable","16":"product-type-simple"},"yoast_head":"<!-- This site is optimized with the Yoast SEO plugin v27.3 - https:\/\/yoast.com\/product\/yoast-seo-wordpress\/ -->\n<title>Frutas En Alm\u00edbar &quot;Fresco De Las Islas&quot; St-Mamet | Comprar En Linea | My French Grocery<\/title>\n<meta name=\"description\" content=\"Frutas En Alm\u00edbar &quot;Fresco De Las Islas&quot; St-Mamet - 3 latas de 125g - Una nueva gama para completar la oferta de c\u00f3cteles en torno a la referencia hist\u00f3rica de St Mamet.\" \/>\n<meta name=\"robots\" content=\"index, follow, max-snippet:-1, max-image-preview:large, max-video-preview:-1\" \/>\n<link rel=\"canonical\" href=\"https:\/\/my-french-grocery.com\/es\/producto\/frutas-en-almibar-fresco-de-las-islas-st-mamet\/\" \/>\n<meta property=\"og:locale\" content=\"es_ES\" \/>\n<meta property=\"og:type\" content=\"article\" \/>\n<meta property=\"og:title\" content=\"Frutas En Alm\u00edbar &quot;Fresco De Las Islas&quot; St-Mamet | Comprar En Linea | My French Grocery\" \/>\n<meta property=\"og:description\" content=\"Frutas En Alm\u00edbar &quot;Fresco De Las Islas&quot; St-Mamet - 3 latas de 125g - Una nueva gama para completar la oferta de c\u00f3cteles en torno a la referencia hist\u00f3rica de St Mamet.\" \/>\n<meta property=\"og:url\" content=\"https:\/\/my-french-grocery.com\/es\/producto\/frutas-en-almibar-fresco-de-las-islas-st-mamet\/\" \/>\n<meta property=\"og:site_name\" content=\"My French Grocery\" \/>\n<meta property=\"article:publisher\" content=\"https:\/\/www.facebook.com\/myfrenchgrocery\/\" \/>\n<meta property=\"og:image\" content=\"https:\/\/my-french-grocery.com\/wp-content\/uploads\/2019\/04\/ST-MAMET-ISLANDS.jpg\" \/>\n\t<meta property=\"og:image:width\" content=\"1500\" \/>\n\t<meta property=\"og:image:height\" content=\"1500\" \/>\n\t<meta property=\"og:image:type\" content=\"image\/jpeg\" \/>\n<meta name=\"twitter:card\" content=\"summary_large_image\" \/>\n<script type=\"application\/ld+json\" class=\"yoast-schema-graph\">{\"@context\":\"https:\\\/\\\/schema.org\",\"@graph\":[{\"@type\":\"WebPage\",\"@id\":\"https:\\\/\\\/my-french-grocery.com\\\/es\\\/producto\\\/frutas-en-almibar-fresco-de-las-islas-st-mamet\\\/\",\"url\":\"https:\\\/\\\/my-french-grocery.com\\\/es\\\/producto\\\/frutas-en-almibar-fresco-de-las-islas-st-mamet\\\/\",\"name\":\"Frutas En Alm\u00edbar \\\"Fresco De Las Islas\\\" St-Mamet | Comprar En Linea | My French Grocery\",\"isPartOf\":{\"@id\":\"https:\\\/\\\/my-french-grocery.com\\\/es\\\/#website\"},\"primaryImageOfPage\":{\"@id\":\"https:\\\/\\\/my-french-grocery.com\\\/es\\\/producto\\\/frutas-en-almibar-fresco-de-las-islas-st-mamet\\\/#primaryimage\"},\"image\":{\"@id\":\"https:\\\/\\\/my-french-grocery.com\\\/es\\\/producto\\\/frutas-en-almibar-fresco-de-las-islas-st-mamet\\\/#primaryimage\"},\"thumbnailUrl\":\"https:\\\/\\\/my-french-grocery.com\\\/wp-content\\\/uploads\\\/2019\\\/04\\\/ST-MAMET-ISLANDS.jpg\",\"datePublished\":\"2019-04-10T13:46:18+00:00\",\"description\":\"Frutas En Alm\u00edbar \\\"Fresco De Las Islas\\\" St-Mamet - 3 latas de 125g - Una nueva gama para completar la oferta de c\u00f3cteles en torno a la referencia hist\u00f3rica de St Mamet.\",\"breadcrumb\":{\"@id\":\"https:\\\/\\\/my-french-grocery.com\\\/es\\\/producto\\\/frutas-en-almibar-fresco-de-las-islas-st-mamet\\\/#breadcrumb\"},\"inLanguage\":\"es-ES\",\"potentialAction\":[{\"@type\":\"ReadAction\",\"target\":[\"https:\\\/\\\/my-french-grocery.com\\\/es\\\/producto\\\/frutas-en-almibar-fresco-de-las-islas-st-mamet\\\/\"]}]},{\"@type\":\"ImageObject\",\"inLanguage\":\"es-ES\",\"@id\":\"https:\\\/\\\/my-french-grocery.com\\\/es\\\/producto\\\/frutas-en-almibar-fresco-de-las-islas-st-mamet\\\/#primaryimage\",\"url\":\"https:\\\/\\\/my-french-grocery.com\\\/wp-content\\\/uploads\\\/2019\\\/04\\\/ST-MAMET-ISLANDS.jpg\",\"contentUrl\":\"https:\\\/\\\/my-french-grocery.com\\\/wp-content\\\/uploads\\\/2019\\\/04\\\/ST-MAMET-ISLANDS.jpg\",\"width\":1500,\"height\":1500,\"caption\":\"Frutas En Alm\u00edbar \\\"Fresco De Las Islas\\\" St-Mamet\"},{\"@type\":\"BreadcrumbList\",\"@id\":\"https:\\\/\\\/my-french-grocery.com\\\/es\\\/producto\\\/frutas-en-almibar-fresco-de-las-islas-st-mamet\\\/#breadcrumb\",\"itemListElement\":[{\"@type\":\"ListItem\",\"position\":1,\"name\":\"Home\",\"item\":\"https:\\\/\\\/my-french-grocery.com\\\/es\\\/tienda-2\\\/\"},{\"@type\":\"ListItem\",\"position\":2,\"name\":\"Shop\",\"item\":\"https:\\\/\\\/my-french-grocery.com\\\/shop\\\/\"},{\"@type\":\"ListItem\",\"position\":3,\"name\":\"Postres\",\"item\":\"https:\\\/\\\/my-french-grocery.com\\\/es\\\/categoria-producto\\\/postres\\\/\"},{\"@type\":\"ListItem\",\"position\":4,\"name\":\"Frutas En Alm\u00edbar \u00abFresco De Las Islas\u00bb St-Mamet\"}]},{\"@type\":\"WebSite\",\"@id\":\"https:\\\/\\\/my-french-grocery.com\\\/es\\\/#website\",\"url\":\"https:\\\/\\\/my-french-grocery.com\\\/es\\\/\",\"name\":\"My French Grocery\",\"description\":\"Your Online French Grocery  !\",\"publisher\":{\"@id\":\"https:\\\/\\\/my-french-grocery.com\\\/es\\\/#organization\"},\"potentialAction\":[{\"@type\":\"SearchAction\",\"target\":{\"@type\":\"EntryPoint\",\"urlTemplate\":\"https:\\\/\\\/my-french-grocery.com\\\/es\\\/?s={search_term_string}\"},\"query-input\":{\"@type\":\"PropertyValueSpecification\",\"valueRequired\":true,\"valueName\":\"search_term_string\"}}],\"inLanguage\":\"es-ES\"},{\"@type\":\"Organization\",\"@id\":\"https:\\\/\\\/my-french-grocery.com\\\/es\\\/#organization\",\"name\":\"MY FRENCH GROCERY\",\"url\":\"https:\\\/\\\/my-french-grocery.com\\\/es\\\/\",\"logo\":{\"@type\":\"ImageObject\",\"inLanguage\":\"es-ES\",\"@id\":\"https:\\\/\\\/my-french-grocery.com\\\/es\\\/#\\\/schema\\\/logo\\\/image\\\/\",\"url\":\"https:\\\/\\\/my-french-grocery.com\\\/wp-content\\\/uploads\\\/2021\\\/11\\\/My-French-Grocery-Online-French-Grocery.png\",\"contentUrl\":\"https:\\\/\\\/my-french-grocery.com\\\/wp-content\\\/uploads\\\/2021\\\/11\\\/My-French-Grocery-Online-French-Grocery.png\",\"width\":100,\"height\":100,\"caption\":\"MY FRENCH GROCERY\"},\"image\":{\"@id\":\"https:\\\/\\\/my-french-grocery.com\\\/es\\\/#\\\/schema\\\/logo\\\/image\\\/\"},\"sameAs\":[\"https:\\\/\\\/www.facebook.com\\\/myfrenchgrocery\\\/\"]}]}<\/script>\n<!-- \/ Yoast SEO plugin. -->","yoast_head_json":{"title":"Frutas En Alm\u00edbar \"Fresco De Las Islas\" St-Mamet | Comprar En Linea | My French Grocery","description":"Frutas En Alm\u00edbar \"Fresco De Las Islas\" St-Mamet - 3 latas de 125g - Una nueva gama para completar la oferta de c\u00f3cteles en torno a la referencia hist\u00f3rica de St Mamet.","robots":{"index":"index","follow":"follow","max-snippet":"max-snippet:-1","max-image-preview":"max-image-preview:large","max-video-preview":"max-video-preview:-1"},"canonical":"https:\/\/my-french-grocery.com\/es\/producto\/frutas-en-almibar-fresco-de-las-islas-st-mamet\/","og_locale":"es_ES","og_type":"article","og_title":"Frutas En Alm\u00edbar \"Fresco De Las Islas\" St-Mamet | Comprar En Linea | My French Grocery","og_description":"Frutas En Alm\u00edbar \"Fresco De Las Islas\" St-Mamet - 3 latas de 125g - Una nueva gama para completar la oferta de c\u00f3cteles en torno a la referencia hist\u00f3rica de St Mamet.","og_url":"https:\/\/my-french-grocery.com\/es\/producto\/frutas-en-almibar-fresco-de-las-islas-st-mamet\/","og_site_name":"My French Grocery","article_publisher":"https:\/\/www.facebook.com\/myfrenchgrocery\/","og_image":[{"width":1500,"height":1500,"url":"https:\/\/my-french-grocery.com\/wp-content\/uploads\/2019\/04\/ST-MAMET-ISLANDS.jpg","type":"image\/jpeg"}],"twitter_card":"summary_large_image","schema":{"@context":"https:\/\/schema.org","@graph":[{"@type":"WebPage","@id":"https:\/\/my-french-grocery.com\/es\/producto\/frutas-en-almibar-fresco-de-las-islas-st-mamet\/","url":"https:\/\/my-french-grocery.com\/es\/producto\/frutas-en-almibar-fresco-de-las-islas-st-mamet\/","name":"Frutas En Alm\u00edbar \"Fresco De Las Islas\" St-Mamet | Comprar En Linea | My French Grocery","isPartOf":{"@id":"https:\/\/my-french-grocery.com\/es\/#website"},"primaryImageOfPage":{"@id":"https:\/\/my-french-grocery.com\/es\/producto\/frutas-en-almibar-fresco-de-las-islas-st-mamet\/#primaryimage"},"image":{"@id":"https:\/\/my-french-grocery.com\/es\/producto\/frutas-en-almibar-fresco-de-las-islas-st-mamet\/#primaryimage"},"thumbnailUrl":"https:\/\/my-french-grocery.com\/wp-content\/uploads\/2019\/04\/ST-MAMET-ISLANDS.jpg","datePublished":"2019-04-10T13:46:18+00:00","description":"Frutas En Alm\u00edbar \"Fresco De Las Islas\" St-Mamet - 3 latas de 125g - Una nueva gama para completar la oferta de c\u00f3cteles en torno a la referencia hist\u00f3rica de St Mamet.","breadcrumb":{"@id":"https:\/\/my-french-grocery.com\/es\/producto\/frutas-en-almibar-fresco-de-las-islas-st-mamet\/#breadcrumb"},"inLanguage":"es-ES","potentialAction":[{"@type":"ReadAction","target":["https:\/\/my-french-grocery.com\/es\/producto\/frutas-en-almibar-fresco-de-las-islas-st-mamet\/"]}]},{"@type":"ImageObject","inLanguage":"es-ES","@id":"https:\/\/my-french-grocery.com\/es\/producto\/frutas-en-almibar-fresco-de-las-islas-st-mamet\/#primaryimage","url":"https:\/\/my-french-grocery.com\/wp-content\/uploads\/2019\/04\/ST-MAMET-ISLANDS.jpg","contentUrl":"https:\/\/my-french-grocery.com\/wp-content\/uploads\/2019\/04\/ST-MAMET-ISLANDS.jpg","width":1500,"height":1500,"caption":"Frutas En Alm\u00edbar \"Fresco De Las Islas\" St-Mamet"},{"@type":"BreadcrumbList","@id":"https:\/\/my-french-grocery.com\/es\/producto\/frutas-en-almibar-fresco-de-las-islas-st-mamet\/#breadcrumb","itemListElement":[{"@type":"ListItem","position":1,"name":"Home","item":"https:\/\/my-french-grocery.com\/es\/tienda-2\/"},{"@type":"ListItem","position":2,"name":"Shop","item":"https:\/\/my-french-grocery.com\/shop\/"},{"@type":"ListItem","position":3,"name":"Postres","item":"https:\/\/my-french-grocery.com\/es\/categoria-producto\/postres\/"},{"@type":"ListItem","position":4,"name":"Frutas En Alm\u00edbar \u00abFresco De Las Islas\u00bb St-Mamet"}]},{"@type":"WebSite","@id":"https:\/\/my-french-grocery.com\/es\/#website","url":"https:\/\/my-french-grocery.com\/es\/","name":"My French Grocery","description":"Your Online French Grocery  !","publisher":{"@id":"https:\/\/my-french-grocery.com\/es\/#organization"},"potentialAction":[{"@type":"SearchAction","target":{"@type":"EntryPoint","urlTemplate":"https:\/\/my-french-grocery.com\/es\/?s={search_term_string}"},"query-input":{"@type":"PropertyValueSpecification","valueRequired":true,"valueName":"search_term_string"}}],"inLanguage":"es-ES"},{"@type":"Organization","@id":"https:\/\/my-french-grocery.com\/es\/#organization","name":"MY FRENCH GROCERY","url":"https:\/\/my-french-grocery.com\/es\/","logo":{"@type":"ImageObject","inLanguage":"es-ES","@id":"https:\/\/my-french-grocery.com\/es\/#\/schema\/logo\/image\/","url":"https:\/\/my-french-grocery.com\/wp-content\/uploads\/2021\/11\/My-French-Grocery-Online-French-Grocery.png","contentUrl":"https:\/\/my-french-grocery.com\/wp-content\/uploads\/2021\/11\/My-French-Grocery-Online-French-Grocery.png","width":100,"height":100,"caption":"MY FRENCH GROCERY"},"image":{"@id":"https:\/\/my-french-grocery.com\/es\/#\/schema\/logo\/image\/"},"sameAs":["https:\/\/www.facebook.com\/myfrenchgrocery\/"]}]}},"brands":[{"id":1975,"name":"Saint Mamet","slug":"saint-mamet-es"}],"_links":{"self":[{"href":"https:\/\/my-french-grocery.com\/es\/wp-json\/wp\/v2\/product\/15685","targetHints":{"allow":["GET"]}}],"collection":[{"href":"https:\/\/my-french-grocery.com\/es\/wp-json\/wp\/v2\/product"}],"about":[{"href":"https:\/\/my-french-grocery.com\/es\/wp-json\/wp\/v2\/types\/product"}],"replies":[{"embeddable":true,"href":"https:\/\/my-french-grocery.com\/es\/wp-json\/wp\/v2\/comments?post=15685"}],"wp:featuredmedia":[{"embeddable":true,"href":"https:\/\/my-french-grocery.com\/es\/wp-json\/wp\/v2\/media\/15686"}],"wp:attachment":[{"href":"https:\/\/my-french-grocery.com\/es\/wp-json\/wp\/v2\/media?parent=15685"}],"wp:term":[{"taxonomy":"pwb-brand","embeddable":true,"href":"https:\/\/my-french-grocery.com\/es\/wp-json\/wp\/v2\/pwb-brand?post=15685"},{"taxonomy":"product_brand","embeddable":true,"href":"https:\/\/my-french-grocery.com\/es\/wp-json\/wp\/v2\/product_brand?post=15685"},{"taxonomy":"product_cat","embeddable":true,"href":"https:\/\/my-french-grocery.com\/es\/wp-json\/wp\/v2\/product_cat?post=15685"},{"taxonomy":"product_tag","embeddable":true,"href":"https:\/\/my-french-grocery.com\/es\/wp-json\/wp\/v2\/product_tag?post=15685"}],"curies":[{"name":"wp","href":"https:\/\/api.w.org\/{rel}","templated":true}]}}