{"id":15726,"date":"2019-04-11T17:57:23","date_gmt":"2019-04-11T15:57:23","guid":{"rendered":"https:\/\/my-french-grocery.com\/product\/untar-de-comino-zanahoria-atun-petit-navire\/"},"modified":"2019-04-11T17:57:23","modified_gmt":"2019-04-11T15:57:23","slug":"untar-de-comino-zanahoria-atun-petit-navire","status":"publish","type":"product","link":"https:\/\/my-french-grocery.com\/es\/producto\/untar-de-comino-zanahoria-atun-petit-navire\/","title":{"rendered":"Untar De Comino, Zanahoria &#038; At\u00fan Petit Navire"},"content":{"rendered":"<p>Untar De Comino, Zanahoria &amp; At\u00fan Petit Navire<\/p>\n<p>Caja de 125 g<\/p>\n<p>At\u00fan finamente cortado acompa\u00f1ado de zanahorias y comino, \u00a1para una receta generosa, rica en sabor y f\u00e1cil de untar!<\/p>\n","protected":false},"excerpt":{"rendered":"<p>Untar De Comino, Zanahoria &amp; At\u00fan Petit Navire<\/p>\n<p>Caja de 125 g<\/p>\n","protected":false},"featured_media":15727,"comment_status":"open","ping_status":"closed","template":"","meta":[],"pwb-brand":[877],"product_brand":[],"product_cat":[1717],"product_tag":[1979],"class_list":{"0":"post-15726","1":"product","2":"type-product","3":"status-publish","4":"has-post-thumbnail","6":"pwb-brand-petit-navire-es-2","7":"product_cat-productos-del-mar","8":"product_tag-petit-navire-es","9":"product_shipping_class-expedicion-mundial","11":"first","12":"outofstock","13":"taxable","14":"shipping-taxable","15":"purchasable","16":"product-type-simple"},"yoast_head":"<!-- This site is optimized with the Yoast SEO plugin v27.3 - https:\/\/yoast.com\/product\/yoast-seo-wordpress\/ -->\n<title>Untar De Comino, Zanahoria &amp; At\u00fan Petit Navire | Comprar En Linea | My French Grocery<\/title>\n<meta name=\"description\" content=\"Untar De Comino, Zanahoria &amp; At\u00fan Petit Navire - Caja de 125 g - At\u00fan finamente cortado acompa\u00f1ado de zanahorias y comino, \u00a1para una receta generosa, rica en sabor y f\u00e1cil de untar!\" \/>\n<meta name=\"robots\" content=\"index, follow, max-snippet:-1, max-image-preview:large, max-video-preview:-1\" \/>\n<link rel=\"canonical\" href=\"https:\/\/my-french-grocery.com\/es\/producto\/untar-de-comino-zanahoria-atun-petit-navire\/\" \/>\n<meta property=\"og:locale\" content=\"es_ES\" \/>\n<meta property=\"og:type\" content=\"article\" \/>\n<meta property=\"og:title\" content=\"Untar De Comino, Zanahoria &amp; At\u00fan Petit Navire | Comprar En Linea | My French Grocery\" \/>\n<meta property=\"og:description\" content=\"Untar De Comino, Zanahoria &amp; At\u00fan Petit Navire - Caja de 125 g - At\u00fan finamente cortado acompa\u00f1ado de zanahorias y comino, \u00a1para una receta generosa, rica en sabor y f\u00e1cil de untar!\" \/>\n<meta property=\"og:url\" content=\"https:\/\/my-french-grocery.com\/es\/producto\/untar-de-comino-zanahoria-atun-petit-navire\/\" \/>\n<meta property=\"og:site_name\" content=\"My French Grocery\" \/>\n<meta property=\"article:publisher\" content=\"https:\/\/www.facebook.com\/myfrenchgrocery\/\" \/>\n<meta property=\"og:image\" content=\"https:\/\/my-french-grocery.com\/wp-content\/uploads\/2019\/04\/TARTINADE-CAROT-PETIT-NAVIRE.jpg\" \/>\n\t<meta property=\"og:image:width\" content=\"1500\" \/>\n\t<meta property=\"og:image:height\" content=\"1500\" \/>\n\t<meta property=\"og:image:type\" content=\"image\/jpeg\" \/>\n<meta name=\"twitter:card\" content=\"summary_large_image\" \/>\n<script type=\"application\/ld+json\" class=\"yoast-schema-graph\">{\"@context\":\"https:\\\/\\\/schema.org\",\"@graph\":[{\"@type\":\"WebPage\",\"@id\":\"https:\\\/\\\/my-french-grocery.com\\\/es\\\/producto\\\/untar-de-comino-zanahoria-atun-petit-navire\\\/\",\"url\":\"https:\\\/\\\/my-french-grocery.com\\\/es\\\/producto\\\/untar-de-comino-zanahoria-atun-petit-navire\\\/\",\"name\":\"Untar De Comino, Zanahoria & At\u00fan Petit Navire | Comprar En Linea | My French Grocery\",\"isPartOf\":{\"@id\":\"https:\\\/\\\/my-french-grocery.com\\\/es\\\/#website\"},\"primaryImageOfPage\":{\"@id\":\"https:\\\/\\\/my-french-grocery.com\\\/es\\\/producto\\\/untar-de-comino-zanahoria-atun-petit-navire\\\/#primaryimage\"},\"image\":{\"@id\":\"https:\\\/\\\/my-french-grocery.com\\\/es\\\/producto\\\/untar-de-comino-zanahoria-atun-petit-navire\\\/#primaryimage\"},\"thumbnailUrl\":\"https:\\\/\\\/my-french-grocery.com\\\/wp-content\\\/uploads\\\/2019\\\/04\\\/TARTINADE-CAROT-PETIT-NAVIRE.jpg\",\"datePublished\":\"2019-04-11T15:57:23+00:00\",\"description\":\"Untar De Comino, Zanahoria & At\u00fan Petit Navire - Caja de 125 g - At\u00fan finamente cortado acompa\u00f1ado de zanahorias y comino, \u00a1para una receta generosa, rica en sabor y f\u00e1cil de untar!\",\"breadcrumb\":{\"@id\":\"https:\\\/\\\/my-french-grocery.com\\\/es\\\/producto\\\/untar-de-comino-zanahoria-atun-petit-navire\\\/#breadcrumb\"},\"inLanguage\":\"es-ES\",\"potentialAction\":[{\"@type\":\"ReadAction\",\"target\":[\"https:\\\/\\\/my-french-grocery.com\\\/es\\\/producto\\\/untar-de-comino-zanahoria-atun-petit-navire\\\/\"]}]},{\"@type\":\"ImageObject\",\"inLanguage\":\"es-ES\",\"@id\":\"https:\\\/\\\/my-french-grocery.com\\\/es\\\/producto\\\/untar-de-comino-zanahoria-atun-petit-navire\\\/#primaryimage\",\"url\":\"https:\\\/\\\/my-french-grocery.com\\\/wp-content\\\/uploads\\\/2019\\\/04\\\/TARTINADE-CAROT-PETIT-NAVIRE.jpg\",\"contentUrl\":\"https:\\\/\\\/my-french-grocery.com\\\/wp-content\\\/uploads\\\/2019\\\/04\\\/TARTINADE-CAROT-PETIT-NAVIRE.jpg\",\"width\":1500,\"height\":1500,\"caption\":\"Untar De Comino, Zanahoria & At\u00fan Petit Navire\"},{\"@type\":\"BreadcrumbList\",\"@id\":\"https:\\\/\\\/my-french-grocery.com\\\/es\\\/producto\\\/untar-de-comino-zanahoria-atun-petit-navire\\\/#breadcrumb\",\"itemListElement\":[{\"@type\":\"ListItem\",\"position\":1,\"name\":\"Home\",\"item\":\"https:\\\/\\\/my-french-grocery.com\\\/es\\\/tienda-2\\\/\"},{\"@type\":\"ListItem\",\"position\":2,\"name\":\"Shop\",\"item\":\"https:\\\/\\\/my-french-grocery.com\\\/shop\\\/\"},{\"@type\":\"ListItem\",\"position\":3,\"name\":\"Comida\",\"item\":\"https:\\\/\\\/my-french-grocery.com\\\/es\\\/categoria-producto\\\/comida\\\/\"},{\"@type\":\"ListItem\",\"position\":4,\"name\":\"Productos Del Mar\",\"item\":\"https:\\\/\\\/my-french-grocery.com\\\/es\\\/categoria-producto\\\/comida\\\/productos-del-mar\\\/\"},{\"@type\":\"ListItem\",\"position\":5,\"name\":\"Untar De Comino, Zanahoria &#038; At\u00fan Petit Navire\"}]},{\"@type\":\"WebSite\",\"@id\":\"https:\\\/\\\/my-french-grocery.com\\\/es\\\/#website\",\"url\":\"https:\\\/\\\/my-french-grocery.com\\\/es\\\/\",\"name\":\"My French Grocery\",\"description\":\"Your Online French Grocery  !\",\"publisher\":{\"@id\":\"https:\\\/\\\/my-french-grocery.com\\\/es\\\/#organization\"},\"potentialAction\":[{\"@type\":\"SearchAction\",\"target\":{\"@type\":\"EntryPoint\",\"urlTemplate\":\"https:\\\/\\\/my-french-grocery.com\\\/es\\\/?s={search_term_string}\"},\"query-input\":{\"@type\":\"PropertyValueSpecification\",\"valueRequired\":true,\"valueName\":\"search_term_string\"}}],\"inLanguage\":\"es-ES\"},{\"@type\":\"Organization\",\"@id\":\"https:\\\/\\\/my-french-grocery.com\\\/es\\\/#organization\",\"name\":\"MY FRENCH GROCERY\",\"url\":\"https:\\\/\\\/my-french-grocery.com\\\/es\\\/\",\"logo\":{\"@type\":\"ImageObject\",\"inLanguage\":\"es-ES\",\"@id\":\"https:\\\/\\\/my-french-grocery.com\\\/es\\\/#\\\/schema\\\/logo\\\/image\\\/\",\"url\":\"https:\\\/\\\/my-french-grocery.com\\\/wp-content\\\/uploads\\\/2021\\\/11\\\/My-French-Grocery-Online-French-Grocery.png\",\"contentUrl\":\"https:\\\/\\\/my-french-grocery.com\\\/wp-content\\\/uploads\\\/2021\\\/11\\\/My-French-Grocery-Online-French-Grocery.png\",\"width\":100,\"height\":100,\"caption\":\"MY FRENCH GROCERY\"},\"image\":{\"@id\":\"https:\\\/\\\/my-french-grocery.com\\\/es\\\/#\\\/schema\\\/logo\\\/image\\\/\"},\"sameAs\":[\"https:\\\/\\\/www.facebook.com\\\/myfrenchgrocery\\\/\"]}]}<\/script>\n<!-- \/ Yoast SEO plugin. -->","yoast_head_json":{"title":"Untar De Comino, Zanahoria & At\u00fan Petit Navire | Comprar En Linea | My French Grocery","description":"Untar De Comino, Zanahoria & At\u00fan Petit Navire - Caja de 125 g - At\u00fan finamente cortado acompa\u00f1ado de zanahorias y comino, \u00a1para una receta generosa, rica en sabor y f\u00e1cil de untar!","robots":{"index":"index","follow":"follow","max-snippet":"max-snippet:-1","max-image-preview":"max-image-preview:large","max-video-preview":"max-video-preview:-1"},"canonical":"https:\/\/my-french-grocery.com\/es\/producto\/untar-de-comino-zanahoria-atun-petit-navire\/","og_locale":"es_ES","og_type":"article","og_title":"Untar De Comino, Zanahoria & At\u00fan Petit Navire | Comprar En Linea | My French Grocery","og_description":"Untar De Comino, Zanahoria & At\u00fan Petit Navire - Caja de 125 g - At\u00fan finamente cortado acompa\u00f1ado de zanahorias y comino, \u00a1para una receta generosa, rica en sabor y f\u00e1cil de untar!","og_url":"https:\/\/my-french-grocery.com\/es\/producto\/untar-de-comino-zanahoria-atun-petit-navire\/","og_site_name":"My French Grocery","article_publisher":"https:\/\/www.facebook.com\/myfrenchgrocery\/","og_image":[{"width":1500,"height":1500,"url":"https:\/\/my-french-grocery.com\/wp-content\/uploads\/2019\/04\/TARTINADE-CAROT-PETIT-NAVIRE.jpg","type":"image\/jpeg"}],"twitter_card":"summary_large_image","schema":{"@context":"https:\/\/schema.org","@graph":[{"@type":"WebPage","@id":"https:\/\/my-french-grocery.com\/es\/producto\/untar-de-comino-zanahoria-atun-petit-navire\/","url":"https:\/\/my-french-grocery.com\/es\/producto\/untar-de-comino-zanahoria-atun-petit-navire\/","name":"Untar De Comino, Zanahoria & At\u00fan Petit Navire | Comprar En Linea | My French Grocery","isPartOf":{"@id":"https:\/\/my-french-grocery.com\/es\/#website"},"primaryImageOfPage":{"@id":"https:\/\/my-french-grocery.com\/es\/producto\/untar-de-comino-zanahoria-atun-petit-navire\/#primaryimage"},"image":{"@id":"https:\/\/my-french-grocery.com\/es\/producto\/untar-de-comino-zanahoria-atun-petit-navire\/#primaryimage"},"thumbnailUrl":"https:\/\/my-french-grocery.com\/wp-content\/uploads\/2019\/04\/TARTINADE-CAROT-PETIT-NAVIRE.jpg","datePublished":"2019-04-11T15:57:23+00:00","description":"Untar De Comino, Zanahoria & At\u00fan Petit Navire - Caja de 125 g - At\u00fan finamente cortado acompa\u00f1ado de zanahorias y comino, \u00a1para una receta generosa, rica en sabor y f\u00e1cil de untar!","breadcrumb":{"@id":"https:\/\/my-french-grocery.com\/es\/producto\/untar-de-comino-zanahoria-atun-petit-navire\/#breadcrumb"},"inLanguage":"es-ES","potentialAction":[{"@type":"ReadAction","target":["https:\/\/my-french-grocery.com\/es\/producto\/untar-de-comino-zanahoria-atun-petit-navire\/"]}]},{"@type":"ImageObject","inLanguage":"es-ES","@id":"https:\/\/my-french-grocery.com\/es\/producto\/untar-de-comino-zanahoria-atun-petit-navire\/#primaryimage","url":"https:\/\/my-french-grocery.com\/wp-content\/uploads\/2019\/04\/TARTINADE-CAROT-PETIT-NAVIRE.jpg","contentUrl":"https:\/\/my-french-grocery.com\/wp-content\/uploads\/2019\/04\/TARTINADE-CAROT-PETIT-NAVIRE.jpg","width":1500,"height":1500,"caption":"Untar De Comino, Zanahoria & At\u00fan Petit Navire"},{"@type":"BreadcrumbList","@id":"https:\/\/my-french-grocery.com\/es\/producto\/untar-de-comino-zanahoria-atun-petit-navire\/#breadcrumb","itemListElement":[{"@type":"ListItem","position":1,"name":"Home","item":"https:\/\/my-french-grocery.com\/es\/tienda-2\/"},{"@type":"ListItem","position":2,"name":"Shop","item":"https:\/\/my-french-grocery.com\/shop\/"},{"@type":"ListItem","position":3,"name":"Comida","item":"https:\/\/my-french-grocery.com\/es\/categoria-producto\/comida\/"},{"@type":"ListItem","position":4,"name":"Productos Del Mar","item":"https:\/\/my-french-grocery.com\/es\/categoria-producto\/comida\/productos-del-mar\/"},{"@type":"ListItem","position":5,"name":"Untar De Comino, Zanahoria &#038; At\u00fan Petit Navire"}]},{"@type":"WebSite","@id":"https:\/\/my-french-grocery.com\/es\/#website","url":"https:\/\/my-french-grocery.com\/es\/","name":"My French Grocery","description":"Your Online French Grocery  !","publisher":{"@id":"https:\/\/my-french-grocery.com\/es\/#organization"},"potentialAction":[{"@type":"SearchAction","target":{"@type":"EntryPoint","urlTemplate":"https:\/\/my-french-grocery.com\/es\/?s={search_term_string}"},"query-input":{"@type":"PropertyValueSpecification","valueRequired":true,"valueName":"search_term_string"}}],"inLanguage":"es-ES"},{"@type":"Organization","@id":"https:\/\/my-french-grocery.com\/es\/#organization","name":"MY FRENCH GROCERY","url":"https:\/\/my-french-grocery.com\/es\/","logo":{"@type":"ImageObject","inLanguage":"es-ES","@id":"https:\/\/my-french-grocery.com\/es\/#\/schema\/logo\/image\/","url":"https:\/\/my-french-grocery.com\/wp-content\/uploads\/2021\/11\/My-French-Grocery-Online-French-Grocery.png","contentUrl":"https:\/\/my-french-grocery.com\/wp-content\/uploads\/2021\/11\/My-French-Grocery-Online-French-Grocery.png","width":100,"height":100,"caption":"MY FRENCH GROCERY"},"image":{"@id":"https:\/\/my-french-grocery.com\/es\/#\/schema\/logo\/image\/"},"sameAs":["https:\/\/www.facebook.com\/myfrenchgrocery\/"]}]}},"brands":[{"id":877,"name":"Petit navire","slug":"petit-navire-es-2"}],"_links":{"self":[{"href":"https:\/\/my-french-grocery.com\/es\/wp-json\/wp\/v2\/product\/15726","targetHints":{"allow":["GET"]}}],"collection":[{"href":"https:\/\/my-french-grocery.com\/es\/wp-json\/wp\/v2\/product"}],"about":[{"href":"https:\/\/my-french-grocery.com\/es\/wp-json\/wp\/v2\/types\/product"}],"replies":[{"embeddable":true,"href":"https:\/\/my-french-grocery.com\/es\/wp-json\/wp\/v2\/comments?post=15726"}],"wp:featuredmedia":[{"embeddable":true,"href":"https:\/\/my-french-grocery.com\/es\/wp-json\/wp\/v2\/media\/15727"}],"wp:attachment":[{"href":"https:\/\/my-french-grocery.com\/es\/wp-json\/wp\/v2\/media?parent=15726"}],"wp:term":[{"taxonomy":"pwb-brand","embeddable":true,"href":"https:\/\/my-french-grocery.com\/es\/wp-json\/wp\/v2\/pwb-brand?post=15726"},{"taxonomy":"product_brand","embeddable":true,"href":"https:\/\/my-french-grocery.com\/es\/wp-json\/wp\/v2\/product_brand?post=15726"},{"taxonomy":"product_cat","embeddable":true,"href":"https:\/\/my-french-grocery.com\/es\/wp-json\/wp\/v2\/product_cat?post=15726"},{"taxonomy":"product_tag","embeddable":true,"href":"https:\/\/my-french-grocery.com\/es\/wp-json\/wp\/v2\/product_tag?post=15726"}],"curies":[{"name":"wp","href":"https:\/\/api.w.org\/{rel}","templated":true}]}}