{"id":15797,"date":"2019-06-03T13:10:54","date_gmt":"2019-06-03T11:10:54","guid":{"rendered":"https:\/\/my-french-grocery.com\/product\/agua-mineral-natural-vittel\/"},"modified":"2019-06-03T13:10:54","modified_gmt":"2019-06-03T11:10:54","slug":"agua-mineral-natural-vittel","status":"publish","type":"product","link":"https:\/\/my-french-grocery.com\/es\/producto\/agua-mineral-natural-vittel\/","title":{"rendered":"Agua Mineral Natural Vittel"},"content":{"rendered":"<p>Agua Mineral Natural Vittel<\/p>\n<p>Botella De 1,5 l<\/p>\n<p>Lleno de vitalidad durante milenios, el agua mineral natural VITTEL naci\u00f3 en el coraz\u00f3n de la abundante naturaleza de los Vosgos, y sus rocas que le dan su mineralizaci\u00f3n \u00fanica.<\/p>\n","protected":false},"excerpt":{"rendered":"<p>Agua Mineral Natural Vittel<\/p>\n<p>Botella De 1,5 l<\/p>\n","protected":false},"featured_media":15798,"comment_status":"open","ping_status":"closed","template":"","meta":[],"pwb-brand":[1983],"product_brand":[],"product_cat":[1705],"product_tag":[1984],"class_list":{"0":"post-15797","1":"product","2":"type-product","3":"status-publish","4":"has-post-thumbnail","6":"pwb-brand-vittel-es","7":"product_cat-agua-jugo-de-fruta-refrescos-jarabes","8":"product_tag-vittel-es","9":"product_shipping_class-expedicion-mundial","11":"first","12":"instock","13":"taxable","14":"shipping-taxable","15":"purchasable","16":"product-type-simple"},"brands":[{"id":1983,"name":"Vittel","slug":"vittel-es"}],"_links":{"self":[{"href":"https:\/\/my-french-grocery.com\/es\/wp-json\/wp\/v2\/product\/15797","targetHints":{"allow":["GET"]}}],"collection":[{"href":"https:\/\/my-french-grocery.com\/es\/wp-json\/wp\/v2\/product"}],"about":[{"href":"https:\/\/my-french-grocery.com\/es\/wp-json\/wp\/v2\/types\/product"}],"replies":[{"embeddable":true,"href":"https:\/\/my-french-grocery.com\/es\/wp-json\/wp\/v2\/comments?post=15797"}],"wp:featuredmedia":[{"embeddable":true,"href":"https:\/\/my-french-grocery.com\/es\/wp-json\/wp\/v2\/media\/15798"}],"wp:attachment":[{"href":"https:\/\/my-french-grocery.com\/es\/wp-json\/wp\/v2\/media?parent=15797"}],"wp:term":[{"taxonomy":"pwb-brand","embeddable":true,"href":"https:\/\/my-french-grocery.com\/es\/wp-json\/wp\/v2\/pwb-brand?post=15797"},{"taxonomy":"product_brand","embeddable":true,"href":"https:\/\/my-french-grocery.com\/es\/wp-json\/wp\/v2\/product_brand?post=15797"},{"taxonomy":"product_cat","embeddable":true,"href":"https:\/\/my-french-grocery.com\/es\/wp-json\/wp\/v2\/product_cat?post=15797"},{"taxonomy":"product_tag","embeddable":true,"href":"https:\/\/my-french-grocery.com\/es\/wp-json\/wp\/v2\/product_tag?post=15797"}],"curies":[{"name":"wp","href":"https:\/\/api.w.org\/{rel}","templated":true}]}}