{"id":15934,"date":"2019-06-06T14:13:57","date_gmt":"2019-06-06T12:13:57","guid":{"rendered":"https:\/\/my-french-grocery.com\/product\/chili-con-carne-zapetti\/"},"modified":"2019-06-06T14:13:57","modified_gmt":"2019-06-06T12:13:57","slug":"chili-con-carne-zapetti","status":"publish","type":"product","link":"https:\/\/my-french-grocery.com\/es\/producto\/chili-con-carne-zapetti\/","title":{"rendered":"Chili Con Carne Zapetti"},"content":{"rendered":"<p>Chili Con Carne Zapetti<\/p>\n<p>Caja de 800 g<\/p>\n<p>Un chili con carne con sabores aut\u00e9nticos con carne picada 100% francesa acompa\u00f1ada de verduras tiernas (frijoles rojos, zanahorias, pimientos y ma\u00edz) y cocinada en una salsa condimentada con especias dulces.<\/p>\n","protected":false},"excerpt":{"rendered":"<p>Chili Con Carne Zapetti<\/p>\n<p>Caja de 800 g<\/p>\n","protected":false},"featured_media":15935,"comment_status":"open","ping_status":"closed","template":"","meta":[],"pwb-brand":[1996],"product_brand":[],"product_cat":[1724],"product_tag":[1997],"class_list":{"0":"post-15934","1":"product","2":"type-product","3":"status-publish","4":"has-post-thumbnail","6":"pwb-brand-zapetti-es","7":"product_cat-comidas-preparadas","8":"product_tag-zapetti-es","9":"product_shipping_class-expedicion-mundial","11":"first","12":"instock","13":"taxable","14":"shipping-taxable","15":"purchasable","16":"product-type-simple"},"yoast_head":"<!-- This site is optimized with the Yoast SEO plugin v27.4 - https:\/\/yoast.com\/product\/yoast-seo-wordpress\/ -->\n<title>Chili Con Carne Zapetti | Comprar En Linea | My French Grocery<\/title>\n<meta name=\"description\" content=\"Chili Con Carne Zapetti - Caja de 800 g - Un chili con carne con sabores aut\u00e9nticos con carne picada 100% francesa acompa\u00f1ada de verduras tiernas\" \/>\n<meta name=\"robots\" content=\"index, follow, max-snippet:-1, max-image-preview:large, max-video-preview:-1\" \/>\n<link rel=\"canonical\" href=\"https:\/\/my-french-grocery.com\/es\/producto\/chili-con-carne-zapetti\/\" \/>\n<meta property=\"og:locale\" content=\"es_ES\" \/>\n<meta property=\"og:type\" content=\"article\" \/>\n<meta property=\"og:title\" content=\"Chili Con Carne Zapetti | Comprar En Linea | My French Grocery\" \/>\n<meta property=\"og:description\" content=\"Chili Con Carne Zapetti - Caja de 800 g - Un chili con carne con sabores aut\u00e9nticos con carne picada 100% francesa acompa\u00f1ada de verduras tiernas\" \/>\n<meta property=\"og:url\" content=\"https:\/\/my-french-grocery.com\/es\/producto\/chili-con-carne-zapetti\/\" \/>\n<meta property=\"og:site_name\" content=\"My French Grocery\" \/>\n<meta property=\"article:publisher\" content=\"https:\/\/www.facebook.com\/myfrenchgrocery\/\" \/>\n<meta property=\"og:image\" content=\"https:\/\/my-french-grocery.com\/wp-content\/uploads\/2019\/06\/CHILI-CON-CARNE-ZAPETTI.jpg\" \/>\n\t<meta property=\"og:image:width\" content=\"540\" \/>\n\t<meta property=\"og:image:height\" content=\"540\" \/>\n\t<meta property=\"og:image:type\" content=\"image\/jpeg\" \/>\n<meta name=\"twitter:card\" content=\"summary_large_image\" \/>\n<script type=\"application\/ld+json\" class=\"yoast-schema-graph\">{\"@context\":\"https:\\\/\\\/schema.org\",\"@graph\":[{\"@type\":\"WebPage\",\"@id\":\"https:\\\/\\\/my-french-grocery.com\\\/es\\\/producto\\\/chili-con-carne-zapetti\\\/\",\"url\":\"https:\\\/\\\/my-french-grocery.com\\\/es\\\/producto\\\/chili-con-carne-zapetti\\\/\",\"name\":\"Chili Con Carne Zapetti | Comprar En Linea | My French Grocery\",\"isPartOf\":{\"@id\":\"https:\\\/\\\/my-french-grocery.com\\\/es\\\/#website\"},\"primaryImageOfPage\":{\"@id\":\"https:\\\/\\\/my-french-grocery.com\\\/es\\\/producto\\\/chili-con-carne-zapetti\\\/#primaryimage\"},\"image\":{\"@id\":\"https:\\\/\\\/my-french-grocery.com\\\/es\\\/producto\\\/chili-con-carne-zapetti\\\/#primaryimage\"},\"thumbnailUrl\":\"https:\\\/\\\/my-french-grocery.com\\\/wp-content\\\/uploads\\\/2019\\\/06\\\/CHILI-CON-CARNE-ZAPETTI.jpg\",\"datePublished\":\"2019-06-06T12:13:57+00:00\",\"description\":\"Chili Con Carne Zapetti - Caja de 800 g - Un chili con carne con sabores aut\u00e9nticos con carne picada 100% francesa acompa\u00f1ada de verduras tiernas\",\"breadcrumb\":{\"@id\":\"https:\\\/\\\/my-french-grocery.com\\\/es\\\/producto\\\/chili-con-carne-zapetti\\\/#breadcrumb\"},\"inLanguage\":\"es-ES\",\"potentialAction\":[{\"@type\":\"ReadAction\",\"target\":[\"https:\\\/\\\/my-french-grocery.com\\\/es\\\/producto\\\/chili-con-carne-zapetti\\\/\"]}]},{\"@type\":\"ImageObject\",\"inLanguage\":\"es-ES\",\"@id\":\"https:\\\/\\\/my-french-grocery.com\\\/es\\\/producto\\\/chili-con-carne-zapetti\\\/#primaryimage\",\"url\":\"https:\\\/\\\/my-french-grocery.com\\\/wp-content\\\/uploads\\\/2019\\\/06\\\/CHILI-CON-CARNE-ZAPETTI.jpg\",\"contentUrl\":\"https:\\\/\\\/my-french-grocery.com\\\/wp-content\\\/uploads\\\/2019\\\/06\\\/CHILI-CON-CARNE-ZAPETTI.jpg\",\"width\":540,\"height\":540,\"caption\":\"Chili Con Carne Zapetti\"},{\"@type\":\"BreadcrumbList\",\"@id\":\"https:\\\/\\\/my-french-grocery.com\\\/es\\\/producto\\\/chili-con-carne-zapetti\\\/#breadcrumb\",\"itemListElement\":[{\"@type\":\"ListItem\",\"position\":1,\"name\":\"Home\",\"item\":\"https:\\\/\\\/my-french-grocery.com\\\/es\\\/tienda-2\\\/\"},{\"@type\":\"ListItem\",\"position\":2,\"name\":\"Shop\",\"item\":\"https:\\\/\\\/my-french-grocery.com\\\/shop\\\/\"},{\"@type\":\"ListItem\",\"position\":3,\"name\":\"Comida\",\"item\":\"https:\\\/\\\/my-french-grocery.com\\\/es\\\/categoria-producto\\\/comida\\\/\"},{\"@type\":\"ListItem\",\"position\":4,\"name\":\"Conservas &amp; Comidas Preparadas\",\"item\":\"https:\\\/\\\/my-french-grocery.com\\\/es\\\/categoria-producto\\\/comida\\\/conservas-comidas-preparadas\\\/\"},{\"@type\":\"ListItem\",\"position\":5,\"name\":\"Comidas Preparadas\",\"item\":\"https:\\\/\\\/my-french-grocery.com\\\/es\\\/categoria-producto\\\/comida\\\/conservas-comidas-preparadas\\\/comidas-preparadas\\\/\"},{\"@type\":\"ListItem\",\"position\":6,\"name\":\"Chili Con Carne Zapetti\"}]},{\"@type\":\"WebSite\",\"@id\":\"https:\\\/\\\/my-french-grocery.com\\\/es\\\/#website\",\"url\":\"https:\\\/\\\/my-french-grocery.com\\\/es\\\/\",\"name\":\"My French Grocery\",\"description\":\"Your Online French Grocery  !\",\"publisher\":{\"@id\":\"https:\\\/\\\/my-french-grocery.com\\\/es\\\/#organization\"},\"potentialAction\":[{\"@type\":\"SearchAction\",\"target\":{\"@type\":\"EntryPoint\",\"urlTemplate\":\"https:\\\/\\\/my-french-grocery.com\\\/es\\\/?s={search_term_string}\"},\"query-input\":{\"@type\":\"PropertyValueSpecification\",\"valueRequired\":true,\"valueName\":\"search_term_string\"}}],\"inLanguage\":\"es-ES\"},{\"@type\":\"Organization\",\"@id\":\"https:\\\/\\\/my-french-grocery.com\\\/es\\\/#organization\",\"name\":\"MY FRENCH GROCERY\",\"url\":\"https:\\\/\\\/my-french-grocery.com\\\/es\\\/\",\"logo\":{\"@type\":\"ImageObject\",\"inLanguage\":\"es-ES\",\"@id\":\"https:\\\/\\\/my-french-grocery.com\\\/es\\\/#\\\/schema\\\/logo\\\/image\\\/\",\"url\":\"https:\\\/\\\/my-french-grocery.com\\\/wp-content\\\/uploads\\\/2021\\\/11\\\/My-French-Grocery-Online-French-Grocery.png\",\"contentUrl\":\"https:\\\/\\\/my-french-grocery.com\\\/wp-content\\\/uploads\\\/2021\\\/11\\\/My-French-Grocery-Online-French-Grocery.png\",\"width\":100,\"height\":100,\"caption\":\"MY FRENCH GROCERY\"},\"image\":{\"@id\":\"https:\\\/\\\/my-french-grocery.com\\\/es\\\/#\\\/schema\\\/logo\\\/image\\\/\"},\"sameAs\":[\"https:\\\/\\\/www.facebook.com\\\/myfrenchgrocery\\\/\"]}]}<\/script>\n<!-- \/ Yoast SEO plugin. -->","yoast_head_json":{"title":"Chili Con Carne Zapetti | Comprar En Linea | My French Grocery","description":"Chili Con Carne Zapetti - Caja de 800 g - Un chili con carne con sabores aut\u00e9nticos con carne picada 100% francesa acompa\u00f1ada de verduras tiernas","robots":{"index":"index","follow":"follow","max-snippet":"max-snippet:-1","max-image-preview":"max-image-preview:large","max-video-preview":"max-video-preview:-1"},"canonical":"https:\/\/my-french-grocery.com\/es\/producto\/chili-con-carne-zapetti\/","og_locale":"es_ES","og_type":"article","og_title":"Chili Con Carne Zapetti | Comprar En Linea | My French Grocery","og_description":"Chili Con Carne Zapetti - Caja de 800 g - Un chili con carne con sabores aut\u00e9nticos con carne picada 100% francesa acompa\u00f1ada de verduras tiernas","og_url":"https:\/\/my-french-grocery.com\/es\/producto\/chili-con-carne-zapetti\/","og_site_name":"My French Grocery","article_publisher":"https:\/\/www.facebook.com\/myfrenchgrocery\/","og_image":[{"width":540,"height":540,"url":"https:\/\/my-french-grocery.com\/wp-content\/uploads\/2019\/06\/CHILI-CON-CARNE-ZAPETTI.jpg","type":"image\/jpeg"}],"twitter_card":"summary_large_image","schema":{"@context":"https:\/\/schema.org","@graph":[{"@type":"WebPage","@id":"https:\/\/my-french-grocery.com\/es\/producto\/chili-con-carne-zapetti\/","url":"https:\/\/my-french-grocery.com\/es\/producto\/chili-con-carne-zapetti\/","name":"Chili Con Carne Zapetti | Comprar En Linea | My French Grocery","isPartOf":{"@id":"https:\/\/my-french-grocery.com\/es\/#website"},"primaryImageOfPage":{"@id":"https:\/\/my-french-grocery.com\/es\/producto\/chili-con-carne-zapetti\/#primaryimage"},"image":{"@id":"https:\/\/my-french-grocery.com\/es\/producto\/chili-con-carne-zapetti\/#primaryimage"},"thumbnailUrl":"https:\/\/my-french-grocery.com\/wp-content\/uploads\/2019\/06\/CHILI-CON-CARNE-ZAPETTI.jpg","datePublished":"2019-06-06T12:13:57+00:00","description":"Chili Con Carne Zapetti - Caja de 800 g - Un chili con carne con sabores aut\u00e9nticos con carne picada 100% francesa acompa\u00f1ada de verduras tiernas","breadcrumb":{"@id":"https:\/\/my-french-grocery.com\/es\/producto\/chili-con-carne-zapetti\/#breadcrumb"},"inLanguage":"es-ES","potentialAction":[{"@type":"ReadAction","target":["https:\/\/my-french-grocery.com\/es\/producto\/chili-con-carne-zapetti\/"]}]},{"@type":"ImageObject","inLanguage":"es-ES","@id":"https:\/\/my-french-grocery.com\/es\/producto\/chili-con-carne-zapetti\/#primaryimage","url":"https:\/\/my-french-grocery.com\/wp-content\/uploads\/2019\/06\/CHILI-CON-CARNE-ZAPETTI.jpg","contentUrl":"https:\/\/my-french-grocery.com\/wp-content\/uploads\/2019\/06\/CHILI-CON-CARNE-ZAPETTI.jpg","width":540,"height":540,"caption":"Chili Con Carne Zapetti"},{"@type":"BreadcrumbList","@id":"https:\/\/my-french-grocery.com\/es\/producto\/chili-con-carne-zapetti\/#breadcrumb","itemListElement":[{"@type":"ListItem","position":1,"name":"Home","item":"https:\/\/my-french-grocery.com\/es\/tienda-2\/"},{"@type":"ListItem","position":2,"name":"Shop","item":"https:\/\/my-french-grocery.com\/shop\/"},{"@type":"ListItem","position":3,"name":"Comida","item":"https:\/\/my-french-grocery.com\/es\/categoria-producto\/comida\/"},{"@type":"ListItem","position":4,"name":"Conservas &amp; Comidas Preparadas","item":"https:\/\/my-french-grocery.com\/es\/categoria-producto\/comida\/conservas-comidas-preparadas\/"},{"@type":"ListItem","position":5,"name":"Comidas Preparadas","item":"https:\/\/my-french-grocery.com\/es\/categoria-producto\/comida\/conservas-comidas-preparadas\/comidas-preparadas\/"},{"@type":"ListItem","position":6,"name":"Chili Con Carne Zapetti"}]},{"@type":"WebSite","@id":"https:\/\/my-french-grocery.com\/es\/#website","url":"https:\/\/my-french-grocery.com\/es\/","name":"My French Grocery","description":"Your Online French Grocery  !","publisher":{"@id":"https:\/\/my-french-grocery.com\/es\/#organization"},"potentialAction":[{"@type":"SearchAction","target":{"@type":"EntryPoint","urlTemplate":"https:\/\/my-french-grocery.com\/es\/?s={search_term_string}"},"query-input":{"@type":"PropertyValueSpecification","valueRequired":true,"valueName":"search_term_string"}}],"inLanguage":"es-ES"},{"@type":"Organization","@id":"https:\/\/my-french-grocery.com\/es\/#organization","name":"MY FRENCH GROCERY","url":"https:\/\/my-french-grocery.com\/es\/","logo":{"@type":"ImageObject","inLanguage":"es-ES","@id":"https:\/\/my-french-grocery.com\/es\/#\/schema\/logo\/image\/","url":"https:\/\/my-french-grocery.com\/wp-content\/uploads\/2021\/11\/My-French-Grocery-Online-French-Grocery.png","contentUrl":"https:\/\/my-french-grocery.com\/wp-content\/uploads\/2021\/11\/My-French-Grocery-Online-French-Grocery.png","width":100,"height":100,"caption":"MY FRENCH GROCERY"},"image":{"@id":"https:\/\/my-french-grocery.com\/es\/#\/schema\/logo\/image\/"},"sameAs":["https:\/\/www.facebook.com\/myfrenchgrocery\/"]}]}},"brands":[{"id":1996,"name":"Zapetti","slug":"zapetti-es"}],"_links":{"self":[{"href":"https:\/\/my-french-grocery.com\/es\/wp-json\/wp\/v2\/product\/15934","targetHints":{"allow":["GET"]}}],"collection":[{"href":"https:\/\/my-french-grocery.com\/es\/wp-json\/wp\/v2\/product"}],"about":[{"href":"https:\/\/my-french-grocery.com\/es\/wp-json\/wp\/v2\/types\/product"}],"replies":[{"embeddable":true,"href":"https:\/\/my-french-grocery.com\/es\/wp-json\/wp\/v2\/comments?post=15934"}],"wp:featuredmedia":[{"embeddable":true,"href":"https:\/\/my-french-grocery.com\/es\/wp-json\/wp\/v2\/media\/15935"}],"wp:attachment":[{"href":"https:\/\/my-french-grocery.com\/es\/wp-json\/wp\/v2\/media?parent=15934"}],"wp:term":[{"taxonomy":"pwb-brand","embeddable":true,"href":"https:\/\/my-french-grocery.com\/es\/wp-json\/wp\/v2\/pwb-brand?post=15934"},{"taxonomy":"product_brand","embeddable":true,"href":"https:\/\/my-french-grocery.com\/es\/wp-json\/wp\/v2\/product_brand?post=15934"},{"taxonomy":"product_cat","embeddable":true,"href":"https:\/\/my-french-grocery.com\/es\/wp-json\/wp\/v2\/product_cat?post=15934"},{"taxonomy":"product_tag","embeddable":true,"href":"https:\/\/my-french-grocery.com\/es\/wp-json\/wp\/v2\/product_tag?post=15934"}],"curies":[{"name":"wp","href":"https:\/\/api.w.org\/{rel}","templated":true}]}}