{"id":15953,"date":"2019-06-06T15:33:32","date_gmt":"2019-06-06T13:33:32","guid":{"rendered":"https:\/\/my-french-grocery.com\/product\/compotas-de-manzana-vainilla-materne\/"},"modified":"2023-12-02T11:49:37","modified_gmt":"2023-12-02T09:49:37","slug":"compotas-de-manzana-vainilla-materne","status":"publish","type":"product","link":"https:\/\/my-french-grocery.com\/es\/producto\/compotas-de-manzana-vainilla-materne\/","title":{"rendered":"Compotas De Manzana, Pera &#038; Vainilla Pom&#8217;Potes Materne"},"content":{"rendered":"<p>Compotas De Manzana, Pera &amp; Vainilla Pom&#8217;Potes Materne<\/p>\n<div class=\"pdp-card__header--text\"><span class=\"ds-body-text ds-body-text--weight-bold ds-body-text--size-m ds-body-text--color-standard-2\">4 calabazas de 90g<\/span><\/div>\n<div class=\"main-details__shoppinglist\"><\/div>\n<div>POM&#8217;POTES: \u00a1Calabazas para consumir en cualquier momento del d\u00eda!<br \/>\nPom&#8217;Potes est\u00e1 comprometida con la agricultura responsable mientras ofrece productos de calidad, respetando las reglas de nutrici\u00f3n, para el bienestar y el placer de los ni\u00f1os.<\/div>\n","protected":false},"excerpt":{"rendered":"<p>Compotas De Manzana, Pera &amp; Vainilla Pom&#8217;Potes Materne<\/p>\n<div class=\"pdp-card__header--text\"><span class=\"ds-body-text ds-body-text--weight-bold ds-body-text--size-m ds-body-text--color-standard-2\">4 calabazas de 90g<\/span><\/div>\n","protected":false},"featured_media":37180,"comment_status":"open","ping_status":"closed","template":"","meta":[],"pwb-brand":[2000],"product_brand":[],"product_cat":[1973],"product_tag":[2001],"class_list":{"0":"post-15953","1":"product","2":"type-product","3":"status-publish","4":"has-post-thumbnail","6":"pwb-brand-materne-es","7":"product_cat-postres","8":"product_tag-materne-es","9":"product_shipping_class-expedicion-mundial","11":"first","12":"instock","13":"taxable","14":"shipping-taxable","15":"purchasable","16":"product-type-simple"},"yoast_head":"<!-- This site is optimized with the Yoast SEO plugin v27.3 - https:\/\/yoast.com\/product\/yoast-seo-wordpress\/ -->\n<title>Compotas De Manzana, Pera &amp; Vainilla Pom&#039;Potes Materne | Comprar En Linea | My French Grocery<\/title>\n<meta name=\"description\" content=\"Compotas De Manzana, Pera &amp; Vainilla Pom&#039;Potes Materne - 4 calabazas de 90g - POM&#039;POTES: \u00a1Calabazas para consumir en cualquier momento del d\u00eda!\" \/>\n<meta name=\"robots\" content=\"index, follow, max-snippet:-1, max-image-preview:large, max-video-preview:-1\" \/>\n<link rel=\"canonical\" href=\"https:\/\/my-french-grocery.com\/es\/producto\/compotas-de-manzana-vainilla-materne\/\" \/>\n<meta property=\"og:locale\" content=\"es_ES\" \/>\n<meta property=\"og:type\" content=\"article\" \/>\n<meta property=\"og:title\" content=\"Compotas De Manzana, Pera &amp; Vainilla Pom&#039;Potes Materne | Comprar En Linea | My French Grocery\" \/>\n<meta property=\"og:description\" content=\"Compotas De Manzana, Pera &amp; Vainilla Pom&#039;Potes Materne - 4 calabazas de 90g - POM&#039;POTES: \u00a1Calabazas para consumir en cualquier momento del d\u00eda!\" \/>\n<meta property=\"og:url\" content=\"https:\/\/my-french-grocery.com\/es\/producto\/compotas-de-manzana-vainilla-materne\/\" \/>\n<meta property=\"og:site_name\" content=\"My French Grocery\" \/>\n<meta property=\"article:publisher\" content=\"https:\/\/www.facebook.com\/myfrenchgrocery\/\" \/>\n<meta property=\"article:modified_time\" content=\"2023-12-02T09:49:37+00:00\" \/>\n<meta property=\"og:image\" content=\"https:\/\/my-french-grocery.com\/wp-content\/uploads\/2019\/06\/POMPOTES-APPLE-PEAR-VANILLA.jpg\" \/>\n\t<meta property=\"og:image:width\" content=\"500\" \/>\n\t<meta property=\"og:image:height\" content=\"500\" \/>\n\t<meta property=\"og:image:type\" content=\"image\/jpeg\" \/>\n<meta name=\"twitter:card\" content=\"summary_large_image\" \/>\n<script type=\"application\/ld+json\" class=\"yoast-schema-graph\">{\"@context\":\"https:\\\/\\\/schema.org\",\"@graph\":[{\"@type\":\"WebPage\",\"@id\":\"https:\\\/\\\/my-french-grocery.com\\\/es\\\/producto\\\/compotas-de-manzana-vainilla-materne\\\/\",\"url\":\"https:\\\/\\\/my-french-grocery.com\\\/es\\\/producto\\\/compotas-de-manzana-vainilla-materne\\\/\",\"name\":\"Compotas De Manzana, Pera & Vainilla Pom'Potes Materne | Comprar En Linea | My French Grocery\",\"isPartOf\":{\"@id\":\"https:\\\/\\\/my-french-grocery.com\\\/es\\\/#website\"},\"primaryImageOfPage\":{\"@id\":\"https:\\\/\\\/my-french-grocery.com\\\/es\\\/producto\\\/compotas-de-manzana-vainilla-materne\\\/#primaryimage\"},\"image\":{\"@id\":\"https:\\\/\\\/my-french-grocery.com\\\/es\\\/producto\\\/compotas-de-manzana-vainilla-materne\\\/#primaryimage\"},\"thumbnailUrl\":\"https:\\\/\\\/my-french-grocery.com\\\/wp-content\\\/uploads\\\/2019\\\/06\\\/POMPOTES-APPLE-PEAR-VANILLA.jpg\",\"datePublished\":\"2019-06-06T13:33:32+00:00\",\"dateModified\":\"2023-12-02T09:49:37+00:00\",\"description\":\"Compotas De Manzana, Pera & Vainilla Pom'Potes Materne - 4 calabazas de 90g - POM'POTES: \u00a1Calabazas para consumir en cualquier momento del d\u00eda!\",\"breadcrumb\":{\"@id\":\"https:\\\/\\\/my-french-grocery.com\\\/es\\\/producto\\\/compotas-de-manzana-vainilla-materne\\\/#breadcrumb\"},\"inLanguage\":\"es-ES\",\"potentialAction\":[{\"@type\":\"ReadAction\",\"target\":[\"https:\\\/\\\/my-french-grocery.com\\\/es\\\/producto\\\/compotas-de-manzana-vainilla-materne\\\/\"]}]},{\"@type\":\"ImageObject\",\"inLanguage\":\"es-ES\",\"@id\":\"https:\\\/\\\/my-french-grocery.com\\\/es\\\/producto\\\/compotas-de-manzana-vainilla-materne\\\/#primaryimage\",\"url\":\"https:\\\/\\\/my-french-grocery.com\\\/wp-content\\\/uploads\\\/2019\\\/06\\\/POMPOTES-APPLE-PEAR-VANILLA.jpg\",\"contentUrl\":\"https:\\\/\\\/my-french-grocery.com\\\/wp-content\\\/uploads\\\/2019\\\/06\\\/POMPOTES-APPLE-PEAR-VANILLA.jpg\",\"width\":500,\"height\":500},{\"@type\":\"BreadcrumbList\",\"@id\":\"https:\\\/\\\/my-french-grocery.com\\\/es\\\/producto\\\/compotas-de-manzana-vainilla-materne\\\/#breadcrumb\",\"itemListElement\":[{\"@type\":\"ListItem\",\"position\":1,\"name\":\"Home\",\"item\":\"https:\\\/\\\/my-french-grocery.com\\\/es\\\/tienda-2\\\/\"},{\"@type\":\"ListItem\",\"position\":2,\"name\":\"Shop\",\"item\":\"https:\\\/\\\/my-french-grocery.com\\\/shop\\\/\"},{\"@type\":\"ListItem\",\"position\":3,\"name\":\"Postres\",\"item\":\"https:\\\/\\\/my-french-grocery.com\\\/es\\\/categoria-producto\\\/postres\\\/\"},{\"@type\":\"ListItem\",\"position\":4,\"name\":\"Compotas De Manzana, Pera &#038; Vainilla Pom&#8217;Potes Materne\"}]},{\"@type\":\"WebSite\",\"@id\":\"https:\\\/\\\/my-french-grocery.com\\\/es\\\/#website\",\"url\":\"https:\\\/\\\/my-french-grocery.com\\\/es\\\/\",\"name\":\"My French Grocery\",\"description\":\"Your Online French Grocery  !\",\"publisher\":{\"@id\":\"https:\\\/\\\/my-french-grocery.com\\\/es\\\/#organization\"},\"potentialAction\":[{\"@type\":\"SearchAction\",\"target\":{\"@type\":\"EntryPoint\",\"urlTemplate\":\"https:\\\/\\\/my-french-grocery.com\\\/es\\\/?s={search_term_string}\"},\"query-input\":{\"@type\":\"PropertyValueSpecification\",\"valueRequired\":true,\"valueName\":\"search_term_string\"}}],\"inLanguage\":\"es-ES\"},{\"@type\":\"Organization\",\"@id\":\"https:\\\/\\\/my-french-grocery.com\\\/es\\\/#organization\",\"name\":\"MY FRENCH GROCERY\",\"url\":\"https:\\\/\\\/my-french-grocery.com\\\/es\\\/\",\"logo\":{\"@type\":\"ImageObject\",\"inLanguage\":\"es-ES\",\"@id\":\"https:\\\/\\\/my-french-grocery.com\\\/es\\\/#\\\/schema\\\/logo\\\/image\\\/\",\"url\":\"https:\\\/\\\/my-french-grocery.com\\\/wp-content\\\/uploads\\\/2021\\\/11\\\/My-French-Grocery-Online-French-Grocery.png\",\"contentUrl\":\"https:\\\/\\\/my-french-grocery.com\\\/wp-content\\\/uploads\\\/2021\\\/11\\\/My-French-Grocery-Online-French-Grocery.png\",\"width\":100,\"height\":100,\"caption\":\"MY FRENCH GROCERY\"},\"image\":{\"@id\":\"https:\\\/\\\/my-french-grocery.com\\\/es\\\/#\\\/schema\\\/logo\\\/image\\\/\"},\"sameAs\":[\"https:\\\/\\\/www.facebook.com\\\/myfrenchgrocery\\\/\"]}]}<\/script>\n<!-- \/ Yoast SEO plugin. -->","yoast_head_json":{"title":"Compotas De Manzana, Pera & Vainilla Pom'Potes Materne | Comprar En Linea | My French Grocery","description":"Compotas De Manzana, Pera & Vainilla Pom'Potes Materne - 4 calabazas de 90g - POM'POTES: \u00a1Calabazas para consumir en cualquier momento del d\u00eda!","robots":{"index":"index","follow":"follow","max-snippet":"max-snippet:-1","max-image-preview":"max-image-preview:large","max-video-preview":"max-video-preview:-1"},"canonical":"https:\/\/my-french-grocery.com\/es\/producto\/compotas-de-manzana-vainilla-materne\/","og_locale":"es_ES","og_type":"article","og_title":"Compotas De Manzana, Pera & Vainilla Pom'Potes Materne | Comprar En Linea | My French Grocery","og_description":"Compotas De Manzana, Pera & Vainilla Pom'Potes Materne - 4 calabazas de 90g - POM'POTES: \u00a1Calabazas para consumir en cualquier momento del d\u00eda!","og_url":"https:\/\/my-french-grocery.com\/es\/producto\/compotas-de-manzana-vainilla-materne\/","og_site_name":"My French Grocery","article_publisher":"https:\/\/www.facebook.com\/myfrenchgrocery\/","article_modified_time":"2023-12-02T09:49:37+00:00","og_image":[{"width":500,"height":500,"url":"https:\/\/my-french-grocery.com\/wp-content\/uploads\/2019\/06\/POMPOTES-APPLE-PEAR-VANILLA.jpg","type":"image\/jpeg"}],"twitter_card":"summary_large_image","schema":{"@context":"https:\/\/schema.org","@graph":[{"@type":"WebPage","@id":"https:\/\/my-french-grocery.com\/es\/producto\/compotas-de-manzana-vainilla-materne\/","url":"https:\/\/my-french-grocery.com\/es\/producto\/compotas-de-manzana-vainilla-materne\/","name":"Compotas De Manzana, Pera & Vainilla Pom'Potes Materne | Comprar En Linea | My French Grocery","isPartOf":{"@id":"https:\/\/my-french-grocery.com\/es\/#website"},"primaryImageOfPage":{"@id":"https:\/\/my-french-grocery.com\/es\/producto\/compotas-de-manzana-vainilla-materne\/#primaryimage"},"image":{"@id":"https:\/\/my-french-grocery.com\/es\/producto\/compotas-de-manzana-vainilla-materne\/#primaryimage"},"thumbnailUrl":"https:\/\/my-french-grocery.com\/wp-content\/uploads\/2019\/06\/POMPOTES-APPLE-PEAR-VANILLA.jpg","datePublished":"2019-06-06T13:33:32+00:00","dateModified":"2023-12-02T09:49:37+00:00","description":"Compotas De Manzana, Pera & Vainilla Pom'Potes Materne - 4 calabazas de 90g - POM'POTES: \u00a1Calabazas para consumir en cualquier momento del d\u00eda!","breadcrumb":{"@id":"https:\/\/my-french-grocery.com\/es\/producto\/compotas-de-manzana-vainilla-materne\/#breadcrumb"},"inLanguage":"es-ES","potentialAction":[{"@type":"ReadAction","target":["https:\/\/my-french-grocery.com\/es\/producto\/compotas-de-manzana-vainilla-materne\/"]}]},{"@type":"ImageObject","inLanguage":"es-ES","@id":"https:\/\/my-french-grocery.com\/es\/producto\/compotas-de-manzana-vainilla-materne\/#primaryimage","url":"https:\/\/my-french-grocery.com\/wp-content\/uploads\/2019\/06\/POMPOTES-APPLE-PEAR-VANILLA.jpg","contentUrl":"https:\/\/my-french-grocery.com\/wp-content\/uploads\/2019\/06\/POMPOTES-APPLE-PEAR-VANILLA.jpg","width":500,"height":500},{"@type":"BreadcrumbList","@id":"https:\/\/my-french-grocery.com\/es\/producto\/compotas-de-manzana-vainilla-materne\/#breadcrumb","itemListElement":[{"@type":"ListItem","position":1,"name":"Home","item":"https:\/\/my-french-grocery.com\/es\/tienda-2\/"},{"@type":"ListItem","position":2,"name":"Shop","item":"https:\/\/my-french-grocery.com\/shop\/"},{"@type":"ListItem","position":3,"name":"Postres","item":"https:\/\/my-french-grocery.com\/es\/categoria-producto\/postres\/"},{"@type":"ListItem","position":4,"name":"Compotas De Manzana, Pera &#038; Vainilla Pom&#8217;Potes Materne"}]},{"@type":"WebSite","@id":"https:\/\/my-french-grocery.com\/es\/#website","url":"https:\/\/my-french-grocery.com\/es\/","name":"My French Grocery","description":"Your Online French Grocery  !","publisher":{"@id":"https:\/\/my-french-grocery.com\/es\/#organization"},"potentialAction":[{"@type":"SearchAction","target":{"@type":"EntryPoint","urlTemplate":"https:\/\/my-french-grocery.com\/es\/?s={search_term_string}"},"query-input":{"@type":"PropertyValueSpecification","valueRequired":true,"valueName":"search_term_string"}}],"inLanguage":"es-ES"},{"@type":"Organization","@id":"https:\/\/my-french-grocery.com\/es\/#organization","name":"MY FRENCH GROCERY","url":"https:\/\/my-french-grocery.com\/es\/","logo":{"@type":"ImageObject","inLanguage":"es-ES","@id":"https:\/\/my-french-grocery.com\/es\/#\/schema\/logo\/image\/","url":"https:\/\/my-french-grocery.com\/wp-content\/uploads\/2021\/11\/My-French-Grocery-Online-French-Grocery.png","contentUrl":"https:\/\/my-french-grocery.com\/wp-content\/uploads\/2021\/11\/My-French-Grocery-Online-French-Grocery.png","width":100,"height":100,"caption":"MY FRENCH GROCERY"},"image":{"@id":"https:\/\/my-french-grocery.com\/es\/#\/schema\/logo\/image\/"},"sameAs":["https:\/\/www.facebook.com\/myfrenchgrocery\/"]}]}},"brands":[{"id":2000,"name":"Materne","slug":"materne-es"}],"_links":{"self":[{"href":"https:\/\/my-french-grocery.com\/es\/wp-json\/wp\/v2\/product\/15953","targetHints":{"allow":["GET"]}}],"collection":[{"href":"https:\/\/my-french-grocery.com\/es\/wp-json\/wp\/v2\/product"}],"about":[{"href":"https:\/\/my-french-grocery.com\/es\/wp-json\/wp\/v2\/types\/product"}],"replies":[{"embeddable":true,"href":"https:\/\/my-french-grocery.com\/es\/wp-json\/wp\/v2\/comments?post=15953"}],"wp:featuredmedia":[{"embeddable":true,"href":"https:\/\/my-french-grocery.com\/es\/wp-json\/wp\/v2\/media\/37180"}],"wp:attachment":[{"href":"https:\/\/my-french-grocery.com\/es\/wp-json\/wp\/v2\/media?parent=15953"}],"wp:term":[{"taxonomy":"pwb-brand","embeddable":true,"href":"https:\/\/my-french-grocery.com\/es\/wp-json\/wp\/v2\/pwb-brand?post=15953"},{"taxonomy":"product_brand","embeddable":true,"href":"https:\/\/my-french-grocery.com\/es\/wp-json\/wp\/v2\/product_brand?post=15953"},{"taxonomy":"product_cat","embeddable":true,"href":"https:\/\/my-french-grocery.com\/es\/wp-json\/wp\/v2\/product_cat?post=15953"},{"taxonomy":"product_tag","embeddable":true,"href":"https:\/\/my-french-grocery.com\/es\/wp-json\/wp\/v2\/product_tag?post=15953"}],"curies":[{"name":"wp","href":"https:\/\/api.w.org\/{rel}","templated":true}]}}