{"id":16032,"date":"2019-07-16T17:29:47","date_gmt":"2019-07-16T15:29:47","guid":{"rendered":"https:\/\/my-french-grocery.com\/product\/nonettes-de-dijon-de-naranja-reflets-de-france\/"},"modified":"2021-05-07T15:04:34","modified_gmt":"2021-05-07T13:04:34","slug":"nonettes-de-dijon-de-naranja-reflets-de-france","status":"publish","type":"product","link":"https:\/\/my-french-grocery.com\/es\/producto\/nonettes-de-dijon-de-naranja-reflets-de-france\/","title":{"rendered":"Nonnettes De Dijon De Naranja Reflets De France"},"content":{"rendered":"<p>Nonnettes De Dijon De Naranja Reflets De France<\/p>\n<p>Paquete de 6 &#8211; 200g<\/p>\n<p>Todos los terru\u00f1os franceses est\u00e1n representados en los productos Reflets de France. Detr\u00e1s de cada producto: un terru\u00f1o, una historia, una tradici\u00f3n, un recuerdo, la pasi\u00f3n del productor; ingredientes esenciales para ofrecer lo mejor a cada gourmet<\/p>\n","protected":false},"excerpt":{"rendered":"<p>Nonnettes De Dijon De Naranja Reflets De France<\/p>\n<p>Paquete de 6 &#8211; 200g<\/p>\n","protected":false},"featured_media":16033,"comment_status":"open","ping_status":"closed","template":"","meta":[],"pwb-brand":[906],"product_brand":[],"product_cat":[1658],"product_tag":[2005],"class_list":{"0":"post-16032","1":"product","2":"type-product","3":"status-publish","4":"has-post-thumbnail","6":"pwb-brand-reflets-de-france-es","7":"product_cat-pasteles-galletas","8":"product_tag-galletas","9":"product_shipping_class-expedicion-mundial","11":"first","12":"instock","13":"taxable","14":"shipping-taxable","15":"purchasable","16":"product-type-simple"},"yoast_head":"<!-- This site is optimized with the Yoast SEO plugin v27.3 - https:\/\/yoast.com\/product\/yoast-seo-wordpress\/ -->\n<title>Nonnettes De Dijon De Naranja Reflets De France | Comprar En Linea | My French Grocery<\/title>\n<meta name=\"description\" content=\"Nonettes De Dijon De Naranja Reflets De France- Paquete de 6 - 200g - Todos los terru\u00f1os franceses est\u00e1n representados en los productos Reflets de France.\" \/>\n<meta name=\"robots\" content=\"index, follow, max-snippet:-1, max-image-preview:large, max-video-preview:-1\" \/>\n<link rel=\"canonical\" href=\"https:\/\/my-french-grocery.com\/es\/producto\/nonettes-de-dijon-de-naranja-reflets-de-france\/\" \/>\n<meta property=\"og:locale\" content=\"es_ES\" \/>\n<meta property=\"og:type\" content=\"article\" \/>\n<meta property=\"og:title\" content=\"Nonnettes De Dijon De Naranja Reflets De France | Comprar En Linea | My French Grocery\" \/>\n<meta property=\"og:description\" content=\"Nonettes De Dijon De Naranja Reflets De France- Paquete de 6 - 200g - Todos los terru\u00f1os franceses est\u00e1n representados en los productos Reflets de France.\" \/>\n<meta property=\"og:url\" content=\"https:\/\/my-french-grocery.com\/es\/producto\/nonettes-de-dijon-de-naranja-reflets-de-france\/\" \/>\n<meta property=\"og:site_name\" content=\"My French Grocery\" \/>\n<meta property=\"article:publisher\" content=\"https:\/\/www.facebook.com\/myfrenchgrocery\/\" \/>\n<meta property=\"article:modified_time\" content=\"2021-05-07T13:04:34+00:00\" \/>\n<meta property=\"og:image\" content=\"https:\/\/my-french-grocery.com\/wp-content\/uploads\/2019\/07\/nonettes.jpg\" \/>\n\t<meta property=\"og:image:width\" content=\"540\" \/>\n\t<meta property=\"og:image:height\" content=\"540\" \/>\n\t<meta property=\"og:image:type\" content=\"image\/jpeg\" \/>\n<meta name=\"twitter:card\" content=\"summary_large_image\" \/>\n<meta name=\"twitter:label1\" content=\"Tiempo de lectura\" \/>\n\t<meta name=\"twitter:data1\" content=\"1 minute\" \/>\n<script type=\"application\/ld+json\" class=\"yoast-schema-graph\">{\"@context\":\"https:\\\/\\\/schema.org\",\"@graph\":[{\"@type\":\"WebPage\",\"@id\":\"https:\\\/\\\/my-french-grocery.com\\\/es\\\/producto\\\/nonettes-de-dijon-de-naranja-reflets-de-france\\\/\",\"url\":\"https:\\\/\\\/my-french-grocery.com\\\/es\\\/producto\\\/nonettes-de-dijon-de-naranja-reflets-de-france\\\/\",\"name\":\"Nonnettes De Dijon De Naranja Reflets De France | Comprar En Linea | My French Grocery\",\"isPartOf\":{\"@id\":\"https:\\\/\\\/my-french-grocery.com\\\/es\\\/#website\"},\"primaryImageOfPage\":{\"@id\":\"https:\\\/\\\/my-french-grocery.com\\\/es\\\/producto\\\/nonettes-de-dijon-de-naranja-reflets-de-france\\\/#primaryimage\"},\"image\":{\"@id\":\"https:\\\/\\\/my-french-grocery.com\\\/es\\\/producto\\\/nonettes-de-dijon-de-naranja-reflets-de-france\\\/#primaryimage\"},\"thumbnailUrl\":\"https:\\\/\\\/my-french-grocery.com\\\/wp-content\\\/uploads\\\/2019\\\/07\\\/nonettes.jpg\",\"datePublished\":\"2019-07-16T15:29:47+00:00\",\"dateModified\":\"2021-05-07T13:04:34+00:00\",\"description\":\"Nonettes De Dijon De Naranja Reflets De France- Paquete de 6 - 200g - Todos los terru\u00f1os franceses est\u00e1n representados en los productos Reflets de France.\",\"breadcrumb\":{\"@id\":\"https:\\\/\\\/my-french-grocery.com\\\/es\\\/producto\\\/nonettes-de-dijon-de-naranja-reflets-de-france\\\/#breadcrumb\"},\"inLanguage\":\"es-ES\",\"potentialAction\":[{\"@type\":\"ReadAction\",\"target\":[\"https:\\\/\\\/my-french-grocery.com\\\/es\\\/producto\\\/nonettes-de-dijon-de-naranja-reflets-de-france\\\/\"]}]},{\"@type\":\"ImageObject\",\"inLanguage\":\"es-ES\",\"@id\":\"https:\\\/\\\/my-french-grocery.com\\\/es\\\/producto\\\/nonettes-de-dijon-de-naranja-reflets-de-france\\\/#primaryimage\",\"url\":\"https:\\\/\\\/my-french-grocery.com\\\/wp-content\\\/uploads\\\/2019\\\/07\\\/nonettes.jpg\",\"contentUrl\":\"https:\\\/\\\/my-french-grocery.com\\\/wp-content\\\/uploads\\\/2019\\\/07\\\/nonettes.jpg\",\"width\":540,\"height\":540,\"caption\":\"Nonettes De Dijon De Naranja Reflets De France\"},{\"@type\":\"BreadcrumbList\",\"@id\":\"https:\\\/\\\/my-french-grocery.com\\\/es\\\/producto\\\/nonettes-de-dijon-de-naranja-reflets-de-france\\\/#breadcrumb\",\"itemListElement\":[{\"@type\":\"ListItem\",\"position\":1,\"name\":\"Home\",\"item\":\"https:\\\/\\\/my-french-grocery.com\\\/es\\\/tienda-2\\\/\"},{\"@type\":\"ListItem\",\"position\":2,\"name\":\"Shop\",\"item\":\"https:\\\/\\\/my-french-grocery.com\\\/shop\\\/\"},{\"@type\":\"ListItem\",\"position\":3,\"name\":\"Comida\",\"item\":\"https:\\\/\\\/my-french-grocery.com\\\/es\\\/categoria-producto\\\/comida\\\/\"},{\"@type\":\"ListItem\",\"position\":4,\"name\":\"Pasteles &amp; Galletas\",\"item\":\"https:\\\/\\\/my-french-grocery.com\\\/es\\\/categoria-producto\\\/comida\\\/pasteles-galletas\\\/\"},{\"@type\":\"ListItem\",\"position\":5,\"name\":\"Nonnettes De Dijon De Naranja Reflets De France\"}]},{\"@type\":\"WebSite\",\"@id\":\"https:\\\/\\\/my-french-grocery.com\\\/es\\\/#website\",\"url\":\"https:\\\/\\\/my-french-grocery.com\\\/es\\\/\",\"name\":\"My French Grocery\",\"description\":\"Your Online French Grocery  !\",\"publisher\":{\"@id\":\"https:\\\/\\\/my-french-grocery.com\\\/es\\\/#organization\"},\"potentialAction\":[{\"@type\":\"SearchAction\",\"target\":{\"@type\":\"EntryPoint\",\"urlTemplate\":\"https:\\\/\\\/my-french-grocery.com\\\/es\\\/?s={search_term_string}\"},\"query-input\":{\"@type\":\"PropertyValueSpecification\",\"valueRequired\":true,\"valueName\":\"search_term_string\"}}],\"inLanguage\":\"es-ES\"},{\"@type\":\"Organization\",\"@id\":\"https:\\\/\\\/my-french-grocery.com\\\/es\\\/#organization\",\"name\":\"MY FRENCH GROCERY\",\"url\":\"https:\\\/\\\/my-french-grocery.com\\\/es\\\/\",\"logo\":{\"@type\":\"ImageObject\",\"inLanguage\":\"es-ES\",\"@id\":\"https:\\\/\\\/my-french-grocery.com\\\/es\\\/#\\\/schema\\\/logo\\\/image\\\/\",\"url\":\"https:\\\/\\\/my-french-grocery.com\\\/wp-content\\\/uploads\\\/2021\\\/11\\\/My-French-Grocery-Online-French-Grocery.png\",\"contentUrl\":\"https:\\\/\\\/my-french-grocery.com\\\/wp-content\\\/uploads\\\/2021\\\/11\\\/My-French-Grocery-Online-French-Grocery.png\",\"width\":100,\"height\":100,\"caption\":\"MY FRENCH GROCERY\"},\"image\":{\"@id\":\"https:\\\/\\\/my-french-grocery.com\\\/es\\\/#\\\/schema\\\/logo\\\/image\\\/\"},\"sameAs\":[\"https:\\\/\\\/www.facebook.com\\\/myfrenchgrocery\\\/\"]}]}<\/script>\n<!-- \/ Yoast SEO plugin. -->","yoast_head_json":{"title":"Nonnettes De Dijon De Naranja Reflets De France | Comprar En Linea | My French Grocery","description":"Nonettes De Dijon De Naranja Reflets De France- Paquete de 6 - 200g - Todos los terru\u00f1os franceses est\u00e1n representados en los productos Reflets de France.","robots":{"index":"index","follow":"follow","max-snippet":"max-snippet:-1","max-image-preview":"max-image-preview:large","max-video-preview":"max-video-preview:-1"},"canonical":"https:\/\/my-french-grocery.com\/es\/producto\/nonettes-de-dijon-de-naranja-reflets-de-france\/","og_locale":"es_ES","og_type":"article","og_title":"Nonnettes De Dijon De Naranja Reflets De France | Comprar En Linea | My French Grocery","og_description":"Nonettes De Dijon De Naranja Reflets De France- Paquete de 6 - 200g - Todos los terru\u00f1os franceses est\u00e1n representados en los productos Reflets de France.","og_url":"https:\/\/my-french-grocery.com\/es\/producto\/nonettes-de-dijon-de-naranja-reflets-de-france\/","og_site_name":"My French Grocery","article_publisher":"https:\/\/www.facebook.com\/myfrenchgrocery\/","article_modified_time":"2021-05-07T13:04:34+00:00","og_image":[{"width":540,"height":540,"url":"https:\/\/my-french-grocery.com\/wp-content\/uploads\/2019\/07\/nonettes.jpg","type":"image\/jpeg"}],"twitter_card":"summary_large_image","twitter_misc":{"Tiempo de lectura":"1 minute"},"schema":{"@context":"https:\/\/schema.org","@graph":[{"@type":"WebPage","@id":"https:\/\/my-french-grocery.com\/es\/producto\/nonettes-de-dijon-de-naranja-reflets-de-france\/","url":"https:\/\/my-french-grocery.com\/es\/producto\/nonettes-de-dijon-de-naranja-reflets-de-france\/","name":"Nonnettes De Dijon De Naranja Reflets De France | Comprar En Linea | My French Grocery","isPartOf":{"@id":"https:\/\/my-french-grocery.com\/es\/#website"},"primaryImageOfPage":{"@id":"https:\/\/my-french-grocery.com\/es\/producto\/nonettes-de-dijon-de-naranja-reflets-de-france\/#primaryimage"},"image":{"@id":"https:\/\/my-french-grocery.com\/es\/producto\/nonettes-de-dijon-de-naranja-reflets-de-france\/#primaryimage"},"thumbnailUrl":"https:\/\/my-french-grocery.com\/wp-content\/uploads\/2019\/07\/nonettes.jpg","datePublished":"2019-07-16T15:29:47+00:00","dateModified":"2021-05-07T13:04:34+00:00","description":"Nonettes De Dijon De Naranja Reflets De France- Paquete de 6 - 200g - Todos los terru\u00f1os franceses est\u00e1n representados en los productos Reflets de France.","breadcrumb":{"@id":"https:\/\/my-french-grocery.com\/es\/producto\/nonettes-de-dijon-de-naranja-reflets-de-france\/#breadcrumb"},"inLanguage":"es-ES","potentialAction":[{"@type":"ReadAction","target":["https:\/\/my-french-grocery.com\/es\/producto\/nonettes-de-dijon-de-naranja-reflets-de-france\/"]}]},{"@type":"ImageObject","inLanguage":"es-ES","@id":"https:\/\/my-french-grocery.com\/es\/producto\/nonettes-de-dijon-de-naranja-reflets-de-france\/#primaryimage","url":"https:\/\/my-french-grocery.com\/wp-content\/uploads\/2019\/07\/nonettes.jpg","contentUrl":"https:\/\/my-french-grocery.com\/wp-content\/uploads\/2019\/07\/nonettes.jpg","width":540,"height":540,"caption":"Nonettes De Dijon De Naranja Reflets De France"},{"@type":"BreadcrumbList","@id":"https:\/\/my-french-grocery.com\/es\/producto\/nonettes-de-dijon-de-naranja-reflets-de-france\/#breadcrumb","itemListElement":[{"@type":"ListItem","position":1,"name":"Home","item":"https:\/\/my-french-grocery.com\/es\/tienda-2\/"},{"@type":"ListItem","position":2,"name":"Shop","item":"https:\/\/my-french-grocery.com\/shop\/"},{"@type":"ListItem","position":3,"name":"Comida","item":"https:\/\/my-french-grocery.com\/es\/categoria-producto\/comida\/"},{"@type":"ListItem","position":4,"name":"Pasteles &amp; Galletas","item":"https:\/\/my-french-grocery.com\/es\/categoria-producto\/comida\/pasteles-galletas\/"},{"@type":"ListItem","position":5,"name":"Nonnettes De Dijon De Naranja Reflets De France"}]},{"@type":"WebSite","@id":"https:\/\/my-french-grocery.com\/es\/#website","url":"https:\/\/my-french-grocery.com\/es\/","name":"My French Grocery","description":"Your Online French Grocery  !","publisher":{"@id":"https:\/\/my-french-grocery.com\/es\/#organization"},"potentialAction":[{"@type":"SearchAction","target":{"@type":"EntryPoint","urlTemplate":"https:\/\/my-french-grocery.com\/es\/?s={search_term_string}"},"query-input":{"@type":"PropertyValueSpecification","valueRequired":true,"valueName":"search_term_string"}}],"inLanguage":"es-ES"},{"@type":"Organization","@id":"https:\/\/my-french-grocery.com\/es\/#organization","name":"MY FRENCH GROCERY","url":"https:\/\/my-french-grocery.com\/es\/","logo":{"@type":"ImageObject","inLanguage":"es-ES","@id":"https:\/\/my-french-grocery.com\/es\/#\/schema\/logo\/image\/","url":"https:\/\/my-french-grocery.com\/wp-content\/uploads\/2021\/11\/My-French-Grocery-Online-French-Grocery.png","contentUrl":"https:\/\/my-french-grocery.com\/wp-content\/uploads\/2021\/11\/My-French-Grocery-Online-French-Grocery.png","width":100,"height":100,"caption":"MY FRENCH GROCERY"},"image":{"@id":"https:\/\/my-french-grocery.com\/es\/#\/schema\/logo\/image\/"},"sameAs":["https:\/\/www.facebook.com\/myfrenchgrocery\/"]}]}},"brands":[{"id":906,"name":"Reflets De France","slug":"reflets-de-france-es"}],"_links":{"self":[{"href":"https:\/\/my-french-grocery.com\/es\/wp-json\/wp\/v2\/product\/16032","targetHints":{"allow":["GET"]}}],"collection":[{"href":"https:\/\/my-french-grocery.com\/es\/wp-json\/wp\/v2\/product"}],"about":[{"href":"https:\/\/my-french-grocery.com\/es\/wp-json\/wp\/v2\/types\/product"}],"replies":[{"embeddable":true,"href":"https:\/\/my-french-grocery.com\/es\/wp-json\/wp\/v2\/comments?post=16032"}],"wp:featuredmedia":[{"embeddable":true,"href":"https:\/\/my-french-grocery.com\/es\/wp-json\/wp\/v2\/media\/16033"}],"wp:attachment":[{"href":"https:\/\/my-french-grocery.com\/es\/wp-json\/wp\/v2\/media?parent=16032"}],"wp:term":[{"taxonomy":"pwb-brand","embeddable":true,"href":"https:\/\/my-french-grocery.com\/es\/wp-json\/wp\/v2\/pwb-brand?post=16032"},{"taxonomy":"product_brand","embeddable":true,"href":"https:\/\/my-french-grocery.com\/es\/wp-json\/wp\/v2\/product_brand?post=16032"},{"taxonomy":"product_cat","embeddable":true,"href":"https:\/\/my-french-grocery.com\/es\/wp-json\/wp\/v2\/product_cat?post=16032"},{"taxonomy":"product_tag","embeddable":true,"href":"https:\/\/my-french-grocery.com\/es\/wp-json\/wp\/v2\/product_tag?post=16032"}],"curies":[{"name":"wp","href":"https:\/\/api.w.org\/{rel}","templated":true}]}}