{"id":16036,"date":"2019-07-16T17:37:08","date_gmt":"2019-07-16T15:37:08","guid":{"rendered":"https:\/\/my-french-grocery.com\/product\/galletas-de-manzana-reflets-de-france\/"},"modified":"2019-07-16T17:37:08","modified_gmt":"2019-07-16T15:37:08","slug":"galletas-de-manzana-reflets-de-france","status":"publish","type":"product","link":"https:\/\/my-french-grocery.com\/es\/producto\/galletas-de-manzana-reflets-de-france\/","title":{"rendered":"Galletas De Manzana Reflets De France"},"content":{"rendered":"<p>Galletas De Manzana Reflets De France<\/p>\n<p>Paquete de 150g<\/p>\n<p id=\"tw-target-text\" class=\"tw-data-text tw-text-large XcVN5d tw-ta\" dir=\"ltr\" data-placeholder=\"Traduction\"><span class=\"Y2IQFc\" lang=\"es\">Nacida en 1996, Reflets de France es la marca de \u00abterru\u00f1o\u00bb n\u00famero 1 en Francia con m\u00e1s de 90 millones de productos vendidos cada a\u00f1o. Durante m\u00e1s de 20 a\u00f1os, hemos trabajado de la mano con productores locales apasionados para construir una gama \u00fanica en torno a las especialidades regionales.<\/span><\/p>\n","protected":false},"excerpt":{"rendered":"<p>Galletas De Manzana Reflets De France<\/p>\n<p>Paquete de 150g<\/p>\n","protected":false},"featured_media":16037,"comment_status":"open","ping_status":"closed","template":"","meta":[],"pwb-brand":[906],"product_brand":[],"product_cat":[1658],"product_tag":[2005],"class_list":{"0":"post-16036","1":"product","2":"type-product","3":"status-publish","4":"has-post-thumbnail","6":"pwb-brand-reflets-de-france-es","7":"product_cat-pasteles-galletas","8":"product_tag-galletas","9":"product_shipping_class-expedicion-mundial","11":"first","12":"outofstock","13":"taxable","14":"shipping-taxable","15":"purchasable","16":"product-type-simple"},"brands":[{"id":906,"name":"Reflets De France","slug":"reflets-de-france-es"}],"_links":{"self":[{"href":"https:\/\/my-french-grocery.com\/es\/wp-json\/wp\/v2\/product\/16036","targetHints":{"allow":["GET"]}}],"collection":[{"href":"https:\/\/my-french-grocery.com\/es\/wp-json\/wp\/v2\/product"}],"about":[{"href":"https:\/\/my-french-grocery.com\/es\/wp-json\/wp\/v2\/types\/product"}],"replies":[{"embeddable":true,"href":"https:\/\/my-french-grocery.com\/es\/wp-json\/wp\/v2\/comments?post=16036"}],"wp:featuredmedia":[{"embeddable":true,"href":"https:\/\/my-french-grocery.com\/es\/wp-json\/wp\/v2\/media\/16037"}],"wp:attachment":[{"href":"https:\/\/my-french-grocery.com\/es\/wp-json\/wp\/v2\/media?parent=16036"}],"wp:term":[{"taxonomy":"pwb-brand","embeddable":true,"href":"https:\/\/my-french-grocery.com\/es\/wp-json\/wp\/v2\/pwb-brand?post=16036"},{"taxonomy":"product_brand","embeddable":true,"href":"https:\/\/my-french-grocery.com\/es\/wp-json\/wp\/v2\/product_brand?post=16036"},{"taxonomy":"product_cat","embeddable":true,"href":"https:\/\/my-french-grocery.com\/es\/wp-json\/wp\/v2\/product_cat?post=16036"},{"taxonomy":"product_tag","embeddable":true,"href":"https:\/\/my-french-grocery.com\/es\/wp-json\/wp\/v2\/product_tag?post=16036"}],"curies":[{"name":"wp","href":"https:\/\/api.w.org\/{rel}","templated":true}]}}