{"id":16046,"date":"2019-07-22T16:41:40","date_gmt":"2019-07-22T14:41:40","guid":{"rendered":"https:\/\/my-french-grocery.com\/product\/sal-de-guerande-gruesa-reflets-de-france\/"},"modified":"2023-12-13T10:19:01","modified_gmt":"2023-12-13T08:19:01","slug":"sal-de-guerande-gruesa-reflets-de-france","status":"publish","type":"product","link":"https:\/\/my-french-grocery.com\/es\/producto\/sal-de-guerande-gruesa-reflets-de-france\/","title":{"rendered":"Sal de Gu\u00e9rande Gruesa Reflets De France"},"content":{"rendered":"<p>Sal de Gu\u00e9rande Gruesa Reflets De France<\/p>\n<div class=\"pdp-card__header--text\"><span class=\"ds-body-text ds-body-text--weight-bold ds-body-text--size-m ds-body-text--color-standard-2\">Sobre de 1 kg<\/span><\/div>\n<div class=\"main-details__shoppinglist\"><\/div>\n<div>Nacida en 1996, Reflets de France es la marca de \u00abterru\u00f1o\u00bb n\u00famero 1 en Francia con m\u00e1s de 90 millones de productos vendidos cada a\u00f1o.<br \/>\nDurante m\u00e1s de 20 a\u00f1os, hemos trabajado de la mano con productores locales apasionados para construir una gama \u00fanica en torno a las especialidades regionales.<\/div>\n","protected":false},"excerpt":{"rendered":"<p>Sal de Gu\u00e9rande Gruesa Reflets De France<\/p>\n<div class=\"pdp-card__header--text\"><span class=\"ds-body-text ds-body-text--weight-bold ds-body-text--size-m ds-body-text--color-standard-2\">Sobre de 1 kg<\/span><\/div>\n","protected":false},"featured_media":37427,"comment_status":"open","ping_status":"closed","template":"","meta":[],"pwb-brand":[906],"product_brand":[],"product_cat":[1655],"product_tag":[2007],"class_list":{"0":"post-16046","1":"product","2":"type-product","3":"status-publish","4":"has-post-thumbnail","6":"pwb-brand-reflets-de-france-es","7":"product_cat-condimentos","8":"product_tag-sal","9":"product_shipping_class-expedicion-mundial","11":"first","12":"instock","13":"taxable","14":"shipping-taxable","15":"purchasable","16":"product-type-simple"},"brands":[{"id":906,"name":"Reflets De France","slug":"reflets-de-france-es"}],"_links":{"self":[{"href":"https:\/\/my-french-grocery.com\/es\/wp-json\/wp\/v2\/product\/16046","targetHints":{"allow":["GET"]}}],"collection":[{"href":"https:\/\/my-french-grocery.com\/es\/wp-json\/wp\/v2\/product"}],"about":[{"href":"https:\/\/my-french-grocery.com\/es\/wp-json\/wp\/v2\/types\/product"}],"replies":[{"embeddable":true,"href":"https:\/\/my-french-grocery.com\/es\/wp-json\/wp\/v2\/comments?post=16046"}],"wp:featuredmedia":[{"embeddable":true,"href":"https:\/\/my-french-grocery.com\/es\/wp-json\/wp\/v2\/media\/37427"}],"wp:attachment":[{"href":"https:\/\/my-french-grocery.com\/es\/wp-json\/wp\/v2\/media?parent=16046"}],"wp:term":[{"taxonomy":"pwb-brand","embeddable":true,"href":"https:\/\/my-french-grocery.com\/es\/wp-json\/wp\/v2\/pwb-brand?post=16046"},{"taxonomy":"product_brand","embeddable":true,"href":"https:\/\/my-french-grocery.com\/es\/wp-json\/wp\/v2\/product_brand?post=16046"},{"taxonomy":"product_cat","embeddable":true,"href":"https:\/\/my-french-grocery.com\/es\/wp-json\/wp\/v2\/product_cat?post=16046"},{"taxonomy":"product_tag","embeddable":true,"href":"https:\/\/my-french-grocery.com\/es\/wp-json\/wp\/v2\/product_tag?post=16046"}],"curies":[{"name":"wp","href":"https:\/\/api.w.org\/{rel}","templated":true}]}}