{"id":16074,"date":"2019-07-23T15:29:40","date_gmt":"2019-07-23T13:29:40","guid":{"rendered":"https:\/\/my-french-grocery.com\/product\/rillettes-de-sardina-reflets-de-france\/"},"modified":"2019-07-23T15:29:40","modified_gmt":"2019-07-23T13:29:40","slug":"rillettes-de-sardina-reflets-de-france","status":"publish","type":"product","link":"https:\/\/my-french-grocery.com\/es\/producto\/rillettes-de-sardina-reflets-de-france\/","title":{"rendered":"Rillettes De Sardina Reflets De France"},"content":{"rendered":"<p>Rillettes De Sardina Reflets De France<\/p>\n<p>Caja de 125g<\/p>\n<p id=\"tw-target-text\" class=\"tw-data-text tw-text-large XcVN5d tw-ta\" dir=\"ltr\" data-placeholder=\"Traduction\"><span class=\"Y2IQFc\" lang=\"es\">Nacida en 1996, Reflets de France es la marca de \u00abterru\u00f1o\u00bb n\u00famero 1 en Francia con m\u00e1s de 90 millones de productos vendidos cada a\u00f1o. Durante m\u00e1s de 20 a\u00f1os, hemos trabajado de la mano con productores locales apasionados para construir una gama \u00fanica en torno a las especialidades regionales.<\/span><\/p>\n","protected":false},"excerpt":{"rendered":"<p>Rillettes De Sardina Reflets De France<\/p>\n<p>Caja de 125g<\/p>\n","protected":false},"featured_media":16075,"comment_status":"open","ping_status":"closed","template":"","meta":[],"pwb-brand":[906],"product_brand":[],"product_cat":[1717],"product_tag":[2013],"class_list":{"0":"post-16074","1":"product","2":"type-product","3":"status-publish","4":"has-post-thumbnail","6":"pwb-brand-reflets-de-france-es","7":"product_cat-productos-del-mar","8":"product_tag-rillettes-es","9":"product_shipping_class-expedicion-mundial","11":"first","12":"outofstock","13":"taxable","14":"shipping-taxable","15":"purchasable","16":"product-type-simple"},"yoast_head":"<!-- This site is optimized with the Yoast SEO plugin v27.4 - https:\/\/yoast.com\/product\/yoast-seo-wordpress\/ -->\n<title>Rillettes De Sardina Reflets De France | Buy Online | My French Grocery<\/title>\n<meta name=\"description\" content=\"Rillettes De Sardina Reflets De France - Caja de 125g - Nacida en 1996, Reflets de France es la marca de \u00abterru\u00f1o\u00bb n\u00famero 1 en Francia con m\u00e1s de 90 millones de productos vendidos cada a\u00f1o\" \/>\n<meta name=\"robots\" content=\"index, follow, max-snippet:-1, max-image-preview:large, max-video-preview:-1\" \/>\n<link rel=\"canonical\" href=\"https:\/\/my-french-grocery.com\/es\/producto\/rillettes-de-sardina-reflets-de-france\/\" \/>\n<meta property=\"og:locale\" content=\"es_ES\" \/>\n<meta property=\"og:type\" content=\"article\" \/>\n<meta property=\"og:title\" content=\"Rillettes De Sardina Reflets De France | Buy Online | My French Grocery\" \/>\n<meta property=\"og:description\" content=\"Rillettes De Sardina Reflets De France - Caja de 125g - Nacida en 1996, Reflets de France es la marca de \u00abterru\u00f1o\u00bb n\u00famero 1 en Francia con m\u00e1s de 90 millones de productos vendidos cada a\u00f1o\" \/>\n<meta property=\"og:url\" content=\"https:\/\/my-french-grocery.com\/es\/producto\/rillettes-de-sardina-reflets-de-france\/\" \/>\n<meta property=\"og:site_name\" content=\"My French Grocery\" \/>\n<meta property=\"article:publisher\" content=\"https:\/\/www.facebook.com\/myfrenchgrocery\/\" \/>\n<meta property=\"og:image\" content=\"https:\/\/my-french-grocery.com\/wp-content\/uploads\/2019\/07\/rilletes-sardines.jpg\" \/>\n\t<meta property=\"og:image:width\" content=\"540\" \/>\n\t<meta property=\"og:image:height\" content=\"540\" \/>\n\t<meta property=\"og:image:type\" content=\"image\/jpeg\" \/>\n<meta name=\"twitter:card\" content=\"summary_large_image\" \/>\n<script type=\"application\/ld+json\" class=\"yoast-schema-graph\">{\"@context\":\"https:\\\/\\\/schema.org\",\"@graph\":[{\"@type\":\"WebPage\",\"@id\":\"https:\\\/\\\/my-french-grocery.com\\\/es\\\/producto\\\/rillettes-de-sardina-reflets-de-france\\\/\",\"url\":\"https:\\\/\\\/my-french-grocery.com\\\/es\\\/producto\\\/rillettes-de-sardina-reflets-de-france\\\/\",\"name\":\"Rillettes De Sardina Reflets De France | Buy Online | My French Grocery\",\"isPartOf\":{\"@id\":\"https:\\\/\\\/my-french-grocery.com\\\/es\\\/#website\"},\"primaryImageOfPage\":{\"@id\":\"https:\\\/\\\/my-french-grocery.com\\\/es\\\/producto\\\/rillettes-de-sardina-reflets-de-france\\\/#primaryimage\"},\"image\":{\"@id\":\"https:\\\/\\\/my-french-grocery.com\\\/es\\\/producto\\\/rillettes-de-sardina-reflets-de-france\\\/#primaryimage\"},\"thumbnailUrl\":\"https:\\\/\\\/my-french-grocery.com\\\/wp-content\\\/uploads\\\/2019\\\/07\\\/rilletes-sardines.jpg\",\"datePublished\":\"2019-07-23T13:29:40+00:00\",\"description\":\"Rillettes De Sardina Reflets De France - Caja de 125g - Nacida en 1996, Reflets de France es la marca de \u00abterru\u00f1o\u00bb n\u00famero 1 en Francia con m\u00e1s de 90 millones de productos vendidos cada a\u00f1o\",\"breadcrumb\":{\"@id\":\"https:\\\/\\\/my-french-grocery.com\\\/es\\\/producto\\\/rillettes-de-sardina-reflets-de-france\\\/#breadcrumb\"},\"inLanguage\":\"es-ES\",\"potentialAction\":[{\"@type\":\"ReadAction\",\"target\":[\"https:\\\/\\\/my-french-grocery.com\\\/es\\\/producto\\\/rillettes-de-sardina-reflets-de-france\\\/\"]}]},{\"@type\":\"ImageObject\",\"inLanguage\":\"es-ES\",\"@id\":\"https:\\\/\\\/my-french-grocery.com\\\/es\\\/producto\\\/rillettes-de-sardina-reflets-de-france\\\/#primaryimage\",\"url\":\"https:\\\/\\\/my-french-grocery.com\\\/wp-content\\\/uploads\\\/2019\\\/07\\\/rilletes-sardines.jpg\",\"contentUrl\":\"https:\\\/\\\/my-french-grocery.com\\\/wp-content\\\/uploads\\\/2019\\\/07\\\/rilletes-sardines.jpg\",\"width\":540,\"height\":540,\"caption\":\"Rillettes De Sardina Reflets De France\"},{\"@type\":\"BreadcrumbList\",\"@id\":\"https:\\\/\\\/my-french-grocery.com\\\/es\\\/producto\\\/rillettes-de-sardina-reflets-de-france\\\/#breadcrumb\",\"itemListElement\":[{\"@type\":\"ListItem\",\"position\":1,\"name\":\"Home\",\"item\":\"https:\\\/\\\/my-french-grocery.com\\\/es\\\/tienda-2\\\/\"},{\"@type\":\"ListItem\",\"position\":2,\"name\":\"Shop\",\"item\":\"https:\\\/\\\/my-french-grocery.com\\\/shop\\\/\"},{\"@type\":\"ListItem\",\"position\":3,\"name\":\"Comida\",\"item\":\"https:\\\/\\\/my-french-grocery.com\\\/es\\\/categoria-producto\\\/comida\\\/\"},{\"@type\":\"ListItem\",\"position\":4,\"name\":\"Productos Del Mar\",\"item\":\"https:\\\/\\\/my-french-grocery.com\\\/es\\\/categoria-producto\\\/comida\\\/productos-del-mar\\\/\"},{\"@type\":\"ListItem\",\"position\":5,\"name\":\"Rillettes De Sardina Reflets De France\"}]},{\"@type\":\"WebSite\",\"@id\":\"https:\\\/\\\/my-french-grocery.com\\\/es\\\/#website\",\"url\":\"https:\\\/\\\/my-french-grocery.com\\\/es\\\/\",\"name\":\"My French Grocery\",\"description\":\"Your Online French Grocery  !\",\"publisher\":{\"@id\":\"https:\\\/\\\/my-french-grocery.com\\\/es\\\/#organization\"},\"potentialAction\":[{\"@type\":\"SearchAction\",\"target\":{\"@type\":\"EntryPoint\",\"urlTemplate\":\"https:\\\/\\\/my-french-grocery.com\\\/es\\\/?s={search_term_string}\"},\"query-input\":{\"@type\":\"PropertyValueSpecification\",\"valueRequired\":true,\"valueName\":\"search_term_string\"}}],\"inLanguage\":\"es-ES\"},{\"@type\":\"Organization\",\"@id\":\"https:\\\/\\\/my-french-grocery.com\\\/es\\\/#organization\",\"name\":\"MY FRENCH GROCERY\",\"url\":\"https:\\\/\\\/my-french-grocery.com\\\/es\\\/\",\"logo\":{\"@type\":\"ImageObject\",\"inLanguage\":\"es-ES\",\"@id\":\"https:\\\/\\\/my-french-grocery.com\\\/es\\\/#\\\/schema\\\/logo\\\/image\\\/\",\"url\":\"https:\\\/\\\/my-french-grocery.com\\\/wp-content\\\/uploads\\\/2021\\\/11\\\/My-French-Grocery-Online-French-Grocery.png\",\"contentUrl\":\"https:\\\/\\\/my-french-grocery.com\\\/wp-content\\\/uploads\\\/2021\\\/11\\\/My-French-Grocery-Online-French-Grocery.png\",\"width\":100,\"height\":100,\"caption\":\"MY FRENCH GROCERY\"},\"image\":{\"@id\":\"https:\\\/\\\/my-french-grocery.com\\\/es\\\/#\\\/schema\\\/logo\\\/image\\\/\"},\"sameAs\":[\"https:\\\/\\\/www.facebook.com\\\/myfrenchgrocery\\\/\"]}]}<\/script>\n<!-- \/ Yoast SEO plugin. -->","yoast_head_json":{"title":"Rillettes De Sardina Reflets De France | Buy Online | My French Grocery","description":"Rillettes De Sardina Reflets De France - Caja de 125g - Nacida en 1996, Reflets de France es la marca de \u00abterru\u00f1o\u00bb n\u00famero 1 en Francia con m\u00e1s de 90 millones de productos vendidos cada a\u00f1o","robots":{"index":"index","follow":"follow","max-snippet":"max-snippet:-1","max-image-preview":"max-image-preview:large","max-video-preview":"max-video-preview:-1"},"canonical":"https:\/\/my-french-grocery.com\/es\/producto\/rillettes-de-sardina-reflets-de-france\/","og_locale":"es_ES","og_type":"article","og_title":"Rillettes De Sardina Reflets De France | Buy Online | My French Grocery","og_description":"Rillettes De Sardina Reflets De France - Caja de 125g - Nacida en 1996, Reflets de France es la marca de \u00abterru\u00f1o\u00bb n\u00famero 1 en Francia con m\u00e1s de 90 millones de productos vendidos cada a\u00f1o","og_url":"https:\/\/my-french-grocery.com\/es\/producto\/rillettes-de-sardina-reflets-de-france\/","og_site_name":"My French Grocery","article_publisher":"https:\/\/www.facebook.com\/myfrenchgrocery\/","og_image":[{"width":540,"height":540,"url":"https:\/\/my-french-grocery.com\/wp-content\/uploads\/2019\/07\/rilletes-sardines.jpg","type":"image\/jpeg"}],"twitter_card":"summary_large_image","schema":{"@context":"https:\/\/schema.org","@graph":[{"@type":"WebPage","@id":"https:\/\/my-french-grocery.com\/es\/producto\/rillettes-de-sardina-reflets-de-france\/","url":"https:\/\/my-french-grocery.com\/es\/producto\/rillettes-de-sardina-reflets-de-france\/","name":"Rillettes De Sardina Reflets De France | Buy Online | My French Grocery","isPartOf":{"@id":"https:\/\/my-french-grocery.com\/es\/#website"},"primaryImageOfPage":{"@id":"https:\/\/my-french-grocery.com\/es\/producto\/rillettes-de-sardina-reflets-de-france\/#primaryimage"},"image":{"@id":"https:\/\/my-french-grocery.com\/es\/producto\/rillettes-de-sardina-reflets-de-france\/#primaryimage"},"thumbnailUrl":"https:\/\/my-french-grocery.com\/wp-content\/uploads\/2019\/07\/rilletes-sardines.jpg","datePublished":"2019-07-23T13:29:40+00:00","description":"Rillettes De Sardina Reflets De France - Caja de 125g - Nacida en 1996, Reflets de France es la marca de \u00abterru\u00f1o\u00bb n\u00famero 1 en Francia con m\u00e1s de 90 millones de productos vendidos cada a\u00f1o","breadcrumb":{"@id":"https:\/\/my-french-grocery.com\/es\/producto\/rillettes-de-sardina-reflets-de-france\/#breadcrumb"},"inLanguage":"es-ES","potentialAction":[{"@type":"ReadAction","target":["https:\/\/my-french-grocery.com\/es\/producto\/rillettes-de-sardina-reflets-de-france\/"]}]},{"@type":"ImageObject","inLanguage":"es-ES","@id":"https:\/\/my-french-grocery.com\/es\/producto\/rillettes-de-sardina-reflets-de-france\/#primaryimage","url":"https:\/\/my-french-grocery.com\/wp-content\/uploads\/2019\/07\/rilletes-sardines.jpg","contentUrl":"https:\/\/my-french-grocery.com\/wp-content\/uploads\/2019\/07\/rilletes-sardines.jpg","width":540,"height":540,"caption":"Rillettes De Sardina Reflets De France"},{"@type":"BreadcrumbList","@id":"https:\/\/my-french-grocery.com\/es\/producto\/rillettes-de-sardina-reflets-de-france\/#breadcrumb","itemListElement":[{"@type":"ListItem","position":1,"name":"Home","item":"https:\/\/my-french-grocery.com\/es\/tienda-2\/"},{"@type":"ListItem","position":2,"name":"Shop","item":"https:\/\/my-french-grocery.com\/shop\/"},{"@type":"ListItem","position":3,"name":"Comida","item":"https:\/\/my-french-grocery.com\/es\/categoria-producto\/comida\/"},{"@type":"ListItem","position":4,"name":"Productos Del Mar","item":"https:\/\/my-french-grocery.com\/es\/categoria-producto\/comida\/productos-del-mar\/"},{"@type":"ListItem","position":5,"name":"Rillettes De Sardina Reflets De France"}]},{"@type":"WebSite","@id":"https:\/\/my-french-grocery.com\/es\/#website","url":"https:\/\/my-french-grocery.com\/es\/","name":"My French Grocery","description":"Your Online French Grocery  !","publisher":{"@id":"https:\/\/my-french-grocery.com\/es\/#organization"},"potentialAction":[{"@type":"SearchAction","target":{"@type":"EntryPoint","urlTemplate":"https:\/\/my-french-grocery.com\/es\/?s={search_term_string}"},"query-input":{"@type":"PropertyValueSpecification","valueRequired":true,"valueName":"search_term_string"}}],"inLanguage":"es-ES"},{"@type":"Organization","@id":"https:\/\/my-french-grocery.com\/es\/#organization","name":"MY FRENCH GROCERY","url":"https:\/\/my-french-grocery.com\/es\/","logo":{"@type":"ImageObject","inLanguage":"es-ES","@id":"https:\/\/my-french-grocery.com\/es\/#\/schema\/logo\/image\/","url":"https:\/\/my-french-grocery.com\/wp-content\/uploads\/2021\/11\/My-French-Grocery-Online-French-Grocery.png","contentUrl":"https:\/\/my-french-grocery.com\/wp-content\/uploads\/2021\/11\/My-French-Grocery-Online-French-Grocery.png","width":100,"height":100,"caption":"MY FRENCH GROCERY"},"image":{"@id":"https:\/\/my-french-grocery.com\/es\/#\/schema\/logo\/image\/"},"sameAs":["https:\/\/www.facebook.com\/myfrenchgrocery\/"]}]}},"brands":[{"id":906,"name":"Reflets De France","slug":"reflets-de-france-es"}],"_links":{"self":[{"href":"https:\/\/my-french-grocery.com\/es\/wp-json\/wp\/v2\/product\/16074","targetHints":{"allow":["GET"]}}],"collection":[{"href":"https:\/\/my-french-grocery.com\/es\/wp-json\/wp\/v2\/product"}],"about":[{"href":"https:\/\/my-french-grocery.com\/es\/wp-json\/wp\/v2\/types\/product"}],"replies":[{"embeddable":true,"href":"https:\/\/my-french-grocery.com\/es\/wp-json\/wp\/v2\/comments?post=16074"}],"wp:featuredmedia":[{"embeddable":true,"href":"https:\/\/my-french-grocery.com\/es\/wp-json\/wp\/v2\/media\/16075"}],"wp:attachment":[{"href":"https:\/\/my-french-grocery.com\/es\/wp-json\/wp\/v2\/media?parent=16074"}],"wp:term":[{"taxonomy":"pwb-brand","embeddable":true,"href":"https:\/\/my-french-grocery.com\/es\/wp-json\/wp\/v2\/pwb-brand?post=16074"},{"taxonomy":"product_brand","embeddable":true,"href":"https:\/\/my-french-grocery.com\/es\/wp-json\/wp\/v2\/product_brand?post=16074"},{"taxonomy":"product_cat","embeddable":true,"href":"https:\/\/my-french-grocery.com\/es\/wp-json\/wp\/v2\/product_cat?post=16074"},{"taxonomy":"product_tag","embeddable":true,"href":"https:\/\/my-french-grocery.com\/es\/wp-json\/wp\/v2\/product_tag?post=16074"}],"curies":[{"name":"wp","href":"https:\/\/api.w.org\/{rel}","templated":true}]}}