{"id":16155,"date":"2019-08-02T15:12:31","date_gmt":"2019-08-02T13:12:31","guid":{"rendered":"https:\/\/my-french-grocery.com\/product\/chocolate-lindt-amargo-con-almendras\/"},"modified":"2019-08-02T15:12:31","modified_gmt":"2019-08-02T13:12:31","slug":"chocolate-lindt-amargo-con-almendras","status":"publish","type":"product","link":"https:\/\/my-french-grocery.com\/es\/producto\/chocolate-lindt-amargo-con-almendras\/","title":{"rendered":"Chocolate Amargo Con Toronja Lindt"},"content":{"rendered":"<p>Chocolate Amargo Con Toronja Lindt<\/p>\n<p>Tableta de 100 g<\/p>\n<p><span>Los <\/span><span>chocolates de degustaci\u00f3n Lindt Excellence son preparados para usted por nuestros Ma\u00eetres Chocolatiers con una rara exigencia de perfecci\u00f3n: desde la selecci\u00f3n de frijoles hasta la revelaci\u00f3n de los mejores sabores y texturas del chocolate.\u00a0<\/span><\/p>\n","protected":false},"excerpt":{"rendered":"<p>Chocolate Amargo Con Toronja Lindt<\/p>\n<p>Tableta de 100 g<\/p>\n","protected":false},"featured_media":16156,"comment_status":"open","ping_status":"closed","template":"","meta":[],"pwb-brand":[473],"product_brand":[],"product_cat":[1740],"product_tag":[1805,1271],"class_list":{"0":"post-16155","1":"product","2":"type-product","3":"status-publish","4":"has-post-thumbnail","6":"pwb-brand-lindt-es","7":"product_cat-chocolate-es","8":"product_tag-chocolate-es","9":"product_tag-lindt-es","10":"product_shipping_class-expedicion-mundial","12":"first","13":"outofstock","14":"taxable","15":"shipping-taxable","16":"purchasable","17":"product-type-simple"},"yoast_head":"<!-- This site is optimized with the Yoast SEO plugin v27.3 - https:\/\/yoast.com\/product\/yoast-seo-wordpress\/ -->\n<title>Chocolate Amargo Con Toronja Lindt | Comprar En Linea | My French Grocery<\/title>\n<meta name=\"description\" content=\"Chocolate Amargo Con Toronja Lindt - Tableta de 100 g - Los chocolates de degustaci\u00f3n Lindt Excellence son preparados para usted por nuestros Ma\u00eetres Chocolatiers con una rara exigencia de perfecci\u00f3n: desde la selecci\u00f3n de frijoles hasta la revelaci\u00f3n de los mejores sabores y texturas del chocolate.\u00a0\" \/>\n<meta name=\"robots\" content=\"index, follow, max-snippet:-1, max-image-preview:large, max-video-preview:-1\" \/>\n<link rel=\"canonical\" href=\"https:\/\/my-french-grocery.com\/es\/producto\/chocolate-lindt-amargo-con-almendras\/\" \/>\n<meta property=\"og:locale\" content=\"es_ES\" \/>\n<meta property=\"og:type\" content=\"article\" \/>\n<meta property=\"og:title\" content=\"Chocolate Amargo Con Toronja Lindt | Comprar En Linea | My French Grocery\" \/>\n<meta property=\"og:description\" content=\"Chocolate Amargo Con Toronja Lindt - Tableta de 100 g - Los chocolates de degustaci\u00f3n Lindt Excellence son preparados para usted por nuestros Ma\u00eetres Chocolatiers con una rara exigencia de perfecci\u00f3n: desde la selecci\u00f3n de frijoles hasta la revelaci\u00f3n de los mejores sabores y texturas del chocolate.\u00a0\" \/>\n<meta property=\"og:url\" content=\"https:\/\/my-french-grocery.com\/es\/producto\/chocolate-lindt-amargo-con-almendras\/\" \/>\n<meta property=\"og:site_name\" content=\"My French Grocery\" \/>\n<meta property=\"article:publisher\" content=\"https:\/\/www.facebook.com\/myfrenchgrocery\/\" \/>\n<meta property=\"og:image\" content=\"https:\/\/my-french-grocery.com\/wp-content\/uploads\/2019\/08\/Excellence-Pamplemousse.jpg\" \/>\n\t<meta property=\"og:image:width\" content=\"540\" \/>\n\t<meta property=\"og:image:height\" content=\"540\" \/>\n\t<meta property=\"og:image:type\" content=\"image\/jpeg\" \/>\n<meta name=\"twitter:card\" content=\"summary_large_image\" \/>\n<script type=\"application\/ld+json\" class=\"yoast-schema-graph\">{\"@context\":\"https:\\\/\\\/schema.org\",\"@graph\":[{\"@type\":\"WebPage\",\"@id\":\"https:\\\/\\\/my-french-grocery.com\\\/es\\\/producto\\\/chocolate-lindt-amargo-con-almendras\\\/\",\"url\":\"https:\\\/\\\/my-french-grocery.com\\\/es\\\/producto\\\/chocolate-lindt-amargo-con-almendras\\\/\",\"name\":\"Chocolate Amargo Con Toronja Lindt | Comprar En Linea | My French Grocery\",\"isPartOf\":{\"@id\":\"https:\\\/\\\/my-french-grocery.com\\\/es\\\/#website\"},\"primaryImageOfPage\":{\"@id\":\"https:\\\/\\\/my-french-grocery.com\\\/es\\\/producto\\\/chocolate-lindt-amargo-con-almendras\\\/#primaryimage\"},\"image\":{\"@id\":\"https:\\\/\\\/my-french-grocery.com\\\/es\\\/producto\\\/chocolate-lindt-amargo-con-almendras\\\/#primaryimage\"},\"thumbnailUrl\":\"https:\\\/\\\/my-french-grocery.com\\\/wp-content\\\/uploads\\\/2019\\\/08\\\/Excellence-Pamplemousse.jpg\",\"datePublished\":\"2019-08-02T13:12:31+00:00\",\"description\":\"Chocolate Amargo Con Toronja Lindt - Tableta de 100 g - Los chocolates de degustaci\u00f3n Lindt Excellence son preparados para usted por nuestros Ma\u00eetres Chocolatiers con una rara exigencia de perfecci\u00f3n: desde la selecci\u00f3n de frijoles hasta la revelaci\u00f3n de los mejores sabores y texturas del chocolate.\u00a0\",\"breadcrumb\":{\"@id\":\"https:\\\/\\\/my-french-grocery.com\\\/es\\\/producto\\\/chocolate-lindt-amargo-con-almendras\\\/#breadcrumb\"},\"inLanguage\":\"es-ES\",\"potentialAction\":[{\"@type\":\"ReadAction\",\"target\":[\"https:\\\/\\\/my-french-grocery.com\\\/es\\\/producto\\\/chocolate-lindt-amargo-con-almendras\\\/\"]}]},{\"@type\":\"ImageObject\",\"inLanguage\":\"es-ES\",\"@id\":\"https:\\\/\\\/my-french-grocery.com\\\/es\\\/producto\\\/chocolate-lindt-amargo-con-almendras\\\/#primaryimage\",\"url\":\"https:\\\/\\\/my-french-grocery.com\\\/wp-content\\\/uploads\\\/2019\\\/08\\\/Excellence-Pamplemousse.jpg\",\"contentUrl\":\"https:\\\/\\\/my-french-grocery.com\\\/wp-content\\\/uploads\\\/2019\\\/08\\\/Excellence-Pamplemousse.jpg\",\"width\":540,\"height\":540,\"caption\":\"Chocolate Amargo Con Toronja Lindt\"},{\"@type\":\"BreadcrumbList\",\"@id\":\"https:\\\/\\\/my-french-grocery.com\\\/es\\\/producto\\\/chocolate-lindt-amargo-con-almendras\\\/#breadcrumb\",\"itemListElement\":[{\"@type\":\"ListItem\",\"position\":1,\"name\":\"Home\",\"item\":\"https:\\\/\\\/my-french-grocery.com\\\/es\\\/tienda-2\\\/\"},{\"@type\":\"ListItem\",\"position\":2,\"name\":\"Shop\",\"item\":\"https:\\\/\\\/my-french-grocery.com\\\/shop\\\/\"},{\"@type\":\"ListItem\",\"position\":3,\"name\":\"Comida\",\"item\":\"https:\\\/\\\/my-french-grocery.com\\\/es\\\/categoria-producto\\\/comida\\\/\"},{\"@type\":\"ListItem\",\"position\":4,\"name\":\"Dulces - Chocolates\",\"item\":\"https:\\\/\\\/my-french-grocery.com\\\/es\\\/categoria-producto\\\/comida\\\/dulces-chocolates\\\/\"},{\"@type\":\"ListItem\",\"position\":5,\"name\":\"Chocolate\",\"item\":\"https:\\\/\\\/my-french-grocery.com\\\/es\\\/categoria-producto\\\/comida\\\/dulces-chocolates\\\/chocolate-es\\\/\"},{\"@type\":\"ListItem\",\"position\":6,\"name\":\"Chocolate Amargo Con Toronja Lindt\"}]},{\"@type\":\"WebSite\",\"@id\":\"https:\\\/\\\/my-french-grocery.com\\\/es\\\/#website\",\"url\":\"https:\\\/\\\/my-french-grocery.com\\\/es\\\/\",\"name\":\"My French Grocery\",\"description\":\"Your Online French Grocery  !\",\"publisher\":{\"@id\":\"https:\\\/\\\/my-french-grocery.com\\\/es\\\/#organization\"},\"potentialAction\":[{\"@type\":\"SearchAction\",\"target\":{\"@type\":\"EntryPoint\",\"urlTemplate\":\"https:\\\/\\\/my-french-grocery.com\\\/es\\\/?s={search_term_string}\"},\"query-input\":{\"@type\":\"PropertyValueSpecification\",\"valueRequired\":true,\"valueName\":\"search_term_string\"}}],\"inLanguage\":\"es-ES\"},{\"@type\":\"Organization\",\"@id\":\"https:\\\/\\\/my-french-grocery.com\\\/es\\\/#organization\",\"name\":\"MY FRENCH GROCERY\",\"url\":\"https:\\\/\\\/my-french-grocery.com\\\/es\\\/\",\"logo\":{\"@type\":\"ImageObject\",\"inLanguage\":\"es-ES\",\"@id\":\"https:\\\/\\\/my-french-grocery.com\\\/es\\\/#\\\/schema\\\/logo\\\/image\\\/\",\"url\":\"https:\\\/\\\/my-french-grocery.com\\\/wp-content\\\/uploads\\\/2021\\\/11\\\/My-French-Grocery-Online-French-Grocery.png\",\"contentUrl\":\"https:\\\/\\\/my-french-grocery.com\\\/wp-content\\\/uploads\\\/2021\\\/11\\\/My-French-Grocery-Online-French-Grocery.png\",\"width\":100,\"height\":100,\"caption\":\"MY FRENCH GROCERY\"},\"image\":{\"@id\":\"https:\\\/\\\/my-french-grocery.com\\\/es\\\/#\\\/schema\\\/logo\\\/image\\\/\"},\"sameAs\":[\"https:\\\/\\\/www.facebook.com\\\/myfrenchgrocery\\\/\"]}]}<\/script>\n<!-- \/ Yoast SEO plugin. -->","yoast_head_json":{"title":"Chocolate Amargo Con Toronja Lindt | Comprar En Linea | My French Grocery","description":"Chocolate Amargo Con Toronja Lindt - Tableta de 100 g - Los chocolates de degustaci\u00f3n Lindt Excellence son preparados para usted por nuestros Ma\u00eetres Chocolatiers con una rara exigencia de perfecci\u00f3n: desde la selecci\u00f3n de frijoles hasta la revelaci\u00f3n de los mejores sabores y texturas del chocolate.\u00a0","robots":{"index":"index","follow":"follow","max-snippet":"max-snippet:-1","max-image-preview":"max-image-preview:large","max-video-preview":"max-video-preview:-1"},"canonical":"https:\/\/my-french-grocery.com\/es\/producto\/chocolate-lindt-amargo-con-almendras\/","og_locale":"es_ES","og_type":"article","og_title":"Chocolate Amargo Con Toronja Lindt | Comprar En Linea | My French Grocery","og_description":"Chocolate Amargo Con Toronja Lindt - Tableta de 100 g - Los chocolates de degustaci\u00f3n Lindt Excellence son preparados para usted por nuestros Ma\u00eetres Chocolatiers con una rara exigencia de perfecci\u00f3n: desde la selecci\u00f3n de frijoles hasta la revelaci\u00f3n de los mejores sabores y texturas del chocolate.\u00a0","og_url":"https:\/\/my-french-grocery.com\/es\/producto\/chocolate-lindt-amargo-con-almendras\/","og_site_name":"My French Grocery","article_publisher":"https:\/\/www.facebook.com\/myfrenchgrocery\/","og_image":[{"width":540,"height":540,"url":"https:\/\/my-french-grocery.com\/wp-content\/uploads\/2019\/08\/Excellence-Pamplemousse.jpg","type":"image\/jpeg"}],"twitter_card":"summary_large_image","schema":{"@context":"https:\/\/schema.org","@graph":[{"@type":"WebPage","@id":"https:\/\/my-french-grocery.com\/es\/producto\/chocolate-lindt-amargo-con-almendras\/","url":"https:\/\/my-french-grocery.com\/es\/producto\/chocolate-lindt-amargo-con-almendras\/","name":"Chocolate Amargo Con Toronja Lindt | Comprar En Linea | My French Grocery","isPartOf":{"@id":"https:\/\/my-french-grocery.com\/es\/#website"},"primaryImageOfPage":{"@id":"https:\/\/my-french-grocery.com\/es\/producto\/chocolate-lindt-amargo-con-almendras\/#primaryimage"},"image":{"@id":"https:\/\/my-french-grocery.com\/es\/producto\/chocolate-lindt-amargo-con-almendras\/#primaryimage"},"thumbnailUrl":"https:\/\/my-french-grocery.com\/wp-content\/uploads\/2019\/08\/Excellence-Pamplemousse.jpg","datePublished":"2019-08-02T13:12:31+00:00","description":"Chocolate Amargo Con Toronja Lindt - Tableta de 100 g - Los chocolates de degustaci\u00f3n Lindt Excellence son preparados para usted por nuestros Ma\u00eetres Chocolatiers con una rara exigencia de perfecci\u00f3n: desde la selecci\u00f3n de frijoles hasta la revelaci\u00f3n de los mejores sabores y texturas del chocolate.\u00a0","breadcrumb":{"@id":"https:\/\/my-french-grocery.com\/es\/producto\/chocolate-lindt-amargo-con-almendras\/#breadcrumb"},"inLanguage":"es-ES","potentialAction":[{"@type":"ReadAction","target":["https:\/\/my-french-grocery.com\/es\/producto\/chocolate-lindt-amargo-con-almendras\/"]}]},{"@type":"ImageObject","inLanguage":"es-ES","@id":"https:\/\/my-french-grocery.com\/es\/producto\/chocolate-lindt-amargo-con-almendras\/#primaryimage","url":"https:\/\/my-french-grocery.com\/wp-content\/uploads\/2019\/08\/Excellence-Pamplemousse.jpg","contentUrl":"https:\/\/my-french-grocery.com\/wp-content\/uploads\/2019\/08\/Excellence-Pamplemousse.jpg","width":540,"height":540,"caption":"Chocolate Amargo Con Toronja Lindt"},{"@type":"BreadcrumbList","@id":"https:\/\/my-french-grocery.com\/es\/producto\/chocolate-lindt-amargo-con-almendras\/#breadcrumb","itemListElement":[{"@type":"ListItem","position":1,"name":"Home","item":"https:\/\/my-french-grocery.com\/es\/tienda-2\/"},{"@type":"ListItem","position":2,"name":"Shop","item":"https:\/\/my-french-grocery.com\/shop\/"},{"@type":"ListItem","position":3,"name":"Comida","item":"https:\/\/my-french-grocery.com\/es\/categoria-producto\/comida\/"},{"@type":"ListItem","position":4,"name":"Dulces - Chocolates","item":"https:\/\/my-french-grocery.com\/es\/categoria-producto\/comida\/dulces-chocolates\/"},{"@type":"ListItem","position":5,"name":"Chocolate","item":"https:\/\/my-french-grocery.com\/es\/categoria-producto\/comida\/dulces-chocolates\/chocolate-es\/"},{"@type":"ListItem","position":6,"name":"Chocolate Amargo Con Toronja Lindt"}]},{"@type":"WebSite","@id":"https:\/\/my-french-grocery.com\/es\/#website","url":"https:\/\/my-french-grocery.com\/es\/","name":"My French Grocery","description":"Your Online French Grocery  !","publisher":{"@id":"https:\/\/my-french-grocery.com\/es\/#organization"},"potentialAction":[{"@type":"SearchAction","target":{"@type":"EntryPoint","urlTemplate":"https:\/\/my-french-grocery.com\/es\/?s={search_term_string}"},"query-input":{"@type":"PropertyValueSpecification","valueRequired":true,"valueName":"search_term_string"}}],"inLanguage":"es-ES"},{"@type":"Organization","@id":"https:\/\/my-french-grocery.com\/es\/#organization","name":"MY FRENCH GROCERY","url":"https:\/\/my-french-grocery.com\/es\/","logo":{"@type":"ImageObject","inLanguage":"es-ES","@id":"https:\/\/my-french-grocery.com\/es\/#\/schema\/logo\/image\/","url":"https:\/\/my-french-grocery.com\/wp-content\/uploads\/2021\/11\/My-French-Grocery-Online-French-Grocery.png","contentUrl":"https:\/\/my-french-grocery.com\/wp-content\/uploads\/2021\/11\/My-French-Grocery-Online-French-Grocery.png","width":100,"height":100,"caption":"MY FRENCH GROCERY"},"image":{"@id":"https:\/\/my-french-grocery.com\/es\/#\/schema\/logo\/image\/"},"sameAs":["https:\/\/www.facebook.com\/myfrenchgrocery\/"]}]}},"brands":[{"id":473,"name":"Lindt","slug":"lindt-es"}],"_links":{"self":[{"href":"https:\/\/my-french-grocery.com\/es\/wp-json\/wp\/v2\/product\/16155","targetHints":{"allow":["GET"]}}],"collection":[{"href":"https:\/\/my-french-grocery.com\/es\/wp-json\/wp\/v2\/product"}],"about":[{"href":"https:\/\/my-french-grocery.com\/es\/wp-json\/wp\/v2\/types\/product"}],"replies":[{"embeddable":true,"href":"https:\/\/my-french-grocery.com\/es\/wp-json\/wp\/v2\/comments?post=16155"}],"wp:featuredmedia":[{"embeddable":true,"href":"https:\/\/my-french-grocery.com\/es\/wp-json\/wp\/v2\/media\/16156"}],"wp:attachment":[{"href":"https:\/\/my-french-grocery.com\/es\/wp-json\/wp\/v2\/media?parent=16155"}],"wp:term":[{"taxonomy":"pwb-brand","embeddable":true,"href":"https:\/\/my-french-grocery.com\/es\/wp-json\/wp\/v2\/pwb-brand?post=16155"},{"taxonomy":"product_brand","embeddable":true,"href":"https:\/\/my-french-grocery.com\/es\/wp-json\/wp\/v2\/product_brand?post=16155"},{"taxonomy":"product_cat","embeddable":true,"href":"https:\/\/my-french-grocery.com\/es\/wp-json\/wp\/v2\/product_cat?post=16155"},{"taxonomy":"product_tag","embeddable":true,"href":"https:\/\/my-french-grocery.com\/es\/wp-json\/wp\/v2\/product_tag?post=16155"}],"curies":[{"name":"wp","href":"https:\/\/api.w.org\/{rel}","templated":true}]}}