{"id":16335,"date":"2019-08-29T16:34:43","date_gmt":"2019-08-29T14:34:43","guid":{"rendered":"https:\/\/my-french-grocery.com\/product\/recarga-de-jabon-de-leche-le-petit-marseillais\/"},"modified":"2019-08-29T16:34:43","modified_gmt":"2019-08-29T14:34:43","slug":"recarga-de-jabon-de-leche-le-petit-marseillais","status":"publish","type":"product","link":"https:\/\/my-french-grocery.com\/es\/producto\/recarga-de-jabon-de-leche-le-petit-marseillais\/","title":{"rendered":"Recarga De Jab\u00f3n De Leche Le Petit Marseillais"},"content":{"rendered":"<p>Recarga De Jab\u00f3n De Leche Le Petit Marseillais<\/p>\n<p>Recarga de 250 ml<\/p>\n<p><span>\u00a1Todav\u00eda igual de fuerte pero m\u00e1s verde! * * 50% menos pl\u00e1stico que los viejos berlingots Inscrita en la historia de Petit Marseillais, la leche vegetal le ofrece toda su dulzura.\u00a0<\/span><span>Rica en l\u00edpidos por naturaleza, es apreciada por sus beneficios y su delicada fragancia.\u00a0<\/span><\/p>\n","protected":false},"excerpt":{"rendered":"<p>Recarga De Jab\u00f3n De Leche Le Petit Marseillais<\/p>\n<p>Recarga de 250 ml<\/p>\n","protected":false},"featured_media":40883,"comment_status":"open","ping_status":"closed","template":"","meta":[],"pwb-brand":[729],"product_brand":[],"product_cat":[1673],"product_tag":[1803,2027],"class_list":{"0":"post-16335","1":"product","2":"type-product","3":"status-publish","4":"has-post-thumbnail","6":"pwb-brand-le-petit-marseillais-es","7":"product_cat-jabon","8":"product_tag-jabon","9":"product_tag-petit-marseillais-es","10":"product_shipping_class-expedicion-mundial","12":"first","13":"instock","14":"taxable","15":"shipping-taxable","16":"purchasable","17":"product-type-simple"},"yoast_head":"<!-- This site is optimized with the Yoast SEO plugin v27.3 - https:\/\/yoast.com\/product\/yoast-seo-wordpress\/ -->\n<title>Recarga De Jab\u00f3n De Leche Le Petit Marseillais | Buy Online | My French Grocery<\/title>\n<meta name=\"description\" content=\"Recarga De Jab\u00f3n De Leche Le Petit Marseillais - Recarga de 250 ml - \u00a1Todav\u00eda igual de fuerte pero m\u00e1s verde!\" \/>\n<meta name=\"robots\" content=\"index, follow, max-snippet:-1, max-image-preview:large, max-video-preview:-1\" \/>\n<link rel=\"canonical\" href=\"https:\/\/my-french-grocery.com\/es\/producto\/recarga-de-jabon-de-leche-le-petit-marseillais\/\" \/>\n<meta property=\"og:locale\" content=\"es_ES\" \/>\n<meta property=\"og:type\" content=\"article\" \/>\n<meta property=\"og:title\" content=\"Recarga De Jab\u00f3n De Leche Le Petit Marseillais | Buy Online | My French Grocery\" \/>\n<meta property=\"og:description\" content=\"Recarga De Jab\u00f3n De Leche Le Petit Marseillais - Recarga de 250 ml - \u00a1Todav\u00eda igual de fuerte pero m\u00e1s verde!\" \/>\n<meta property=\"og:url\" content=\"https:\/\/my-french-grocery.com\/es\/producto\/recarga-de-jabon-de-leche-le-petit-marseillais\/\" \/>\n<meta property=\"og:site_name\" content=\"My French Grocery\" \/>\n<meta property=\"article:publisher\" content=\"https:\/\/www.facebook.com\/myfrenchgrocery\/\" \/>\n<meta property=\"og:image\" content=\"https:\/\/my-french-grocery.com\/wp-content\/uploads\/2019\/08\/Liquid-Soap-Lait.jpg\" \/>\n\t<meta property=\"og:image:width\" content=\"540\" \/>\n\t<meta property=\"og:image:height\" content=\"540\" \/>\n\t<meta property=\"og:image:type\" content=\"image\/jpeg\" \/>\n<meta name=\"twitter:card\" content=\"summary_large_image\" \/>\n<script type=\"application\/ld+json\" class=\"yoast-schema-graph\">{\"@context\":\"https:\\\/\\\/schema.org\",\"@graph\":[{\"@type\":\"WebPage\",\"@id\":\"https:\\\/\\\/my-french-grocery.com\\\/es\\\/producto\\\/recarga-de-jabon-de-leche-le-petit-marseillais\\\/\",\"url\":\"https:\\\/\\\/my-french-grocery.com\\\/es\\\/producto\\\/recarga-de-jabon-de-leche-le-petit-marseillais\\\/\",\"name\":\"Recarga De Jab\u00f3n De Leche Le Petit Marseillais | Buy Online | My French Grocery\",\"isPartOf\":{\"@id\":\"https:\\\/\\\/my-french-grocery.com\\\/es\\\/#website\"},\"primaryImageOfPage\":{\"@id\":\"https:\\\/\\\/my-french-grocery.com\\\/es\\\/producto\\\/recarga-de-jabon-de-leche-le-petit-marseillais\\\/#primaryimage\"},\"image\":{\"@id\":\"https:\\\/\\\/my-french-grocery.com\\\/es\\\/producto\\\/recarga-de-jabon-de-leche-le-petit-marseillais\\\/#primaryimage\"},\"thumbnailUrl\":\"https:\\\/\\\/my-french-grocery.com\\\/wp-content\\\/uploads\\\/2019\\\/08\\\/3574661701028-1.jpg\",\"datePublished\":\"2019-08-29T14:34:43+00:00\",\"description\":\"Recarga De Jab\u00f3n De Leche Le Petit Marseillais - Recarga de 250 ml - \u00a1Todav\u00eda igual de fuerte pero m\u00e1s verde!\",\"breadcrumb\":{\"@id\":\"https:\\\/\\\/my-french-grocery.com\\\/es\\\/producto\\\/recarga-de-jabon-de-leche-le-petit-marseillais\\\/#breadcrumb\"},\"inLanguage\":\"es-ES\",\"potentialAction\":[{\"@type\":\"ReadAction\",\"target\":[\"https:\\\/\\\/my-french-grocery.com\\\/es\\\/producto\\\/recarga-de-jabon-de-leche-le-petit-marseillais\\\/\"]}]},{\"@type\":\"ImageObject\",\"inLanguage\":\"es-ES\",\"@id\":\"https:\\\/\\\/my-french-grocery.com\\\/es\\\/producto\\\/recarga-de-jabon-de-leche-le-petit-marseillais\\\/#primaryimage\",\"url\":\"https:\\\/\\\/my-french-grocery.com\\\/wp-content\\\/uploads\\\/2019\\\/08\\\/3574661701028-1.jpg\",\"contentUrl\":\"https:\\\/\\\/my-french-grocery.com\\\/wp-content\\\/uploads\\\/2019\\\/08\\\/3574661701028-1.jpg\",\"width\":1200,\"height\":1200},{\"@type\":\"BreadcrumbList\",\"@id\":\"https:\\\/\\\/my-french-grocery.com\\\/es\\\/producto\\\/recarga-de-jabon-de-leche-le-petit-marseillais\\\/#breadcrumb\",\"itemListElement\":[{\"@type\":\"ListItem\",\"position\":1,\"name\":\"Home\",\"item\":\"https:\\\/\\\/my-french-grocery.com\\\/es\\\/tienda-2\\\/\"},{\"@type\":\"ListItem\",\"position\":2,\"name\":\"Shop\",\"item\":\"https:\\\/\\\/my-french-grocery.com\\\/shop\\\/\"},{\"@type\":\"ListItem\",\"position\":3,\"name\":\"cosm\u00e9ticos\",\"item\":\"https:\\\/\\\/my-french-grocery.com\\\/es\\\/categoria-producto\\\/cosmeticos\\\/\"},{\"@type\":\"ListItem\",\"position\":4,\"name\":\"Jab\u00f3n &amp; Gel De Ducha\",\"item\":\"https:\\\/\\\/my-french-grocery.com\\\/es\\\/categoria-producto\\\/cosmeticos\\\/jabon-gel-de-ducha\\\/\"},{\"@type\":\"ListItem\",\"position\":5,\"name\":\"Jab\u00f3n\",\"item\":\"https:\\\/\\\/my-french-grocery.com\\\/es\\\/categoria-producto\\\/cosmeticos\\\/jabon-gel-de-ducha\\\/jabon\\\/\"},{\"@type\":\"ListItem\",\"position\":6,\"name\":\"Recarga De Jab\u00f3n De Leche Le Petit Marseillais\"}]},{\"@type\":\"WebSite\",\"@id\":\"https:\\\/\\\/my-french-grocery.com\\\/es\\\/#website\",\"url\":\"https:\\\/\\\/my-french-grocery.com\\\/es\\\/\",\"name\":\"My French Grocery\",\"description\":\"Your Online French Grocery  !\",\"publisher\":{\"@id\":\"https:\\\/\\\/my-french-grocery.com\\\/es\\\/#organization\"},\"potentialAction\":[{\"@type\":\"SearchAction\",\"target\":{\"@type\":\"EntryPoint\",\"urlTemplate\":\"https:\\\/\\\/my-french-grocery.com\\\/es\\\/?s={search_term_string}\"},\"query-input\":{\"@type\":\"PropertyValueSpecification\",\"valueRequired\":true,\"valueName\":\"search_term_string\"}}],\"inLanguage\":\"es-ES\"},{\"@type\":\"Organization\",\"@id\":\"https:\\\/\\\/my-french-grocery.com\\\/es\\\/#organization\",\"name\":\"MY FRENCH GROCERY\",\"url\":\"https:\\\/\\\/my-french-grocery.com\\\/es\\\/\",\"logo\":{\"@type\":\"ImageObject\",\"inLanguage\":\"es-ES\",\"@id\":\"https:\\\/\\\/my-french-grocery.com\\\/es\\\/#\\\/schema\\\/logo\\\/image\\\/\",\"url\":\"https:\\\/\\\/my-french-grocery.com\\\/wp-content\\\/uploads\\\/2021\\\/11\\\/My-French-Grocery-Online-French-Grocery.png\",\"contentUrl\":\"https:\\\/\\\/my-french-grocery.com\\\/wp-content\\\/uploads\\\/2021\\\/11\\\/My-French-Grocery-Online-French-Grocery.png\",\"width\":100,\"height\":100,\"caption\":\"MY FRENCH GROCERY\"},\"image\":{\"@id\":\"https:\\\/\\\/my-french-grocery.com\\\/es\\\/#\\\/schema\\\/logo\\\/image\\\/\"},\"sameAs\":[\"https:\\\/\\\/www.facebook.com\\\/myfrenchgrocery\\\/\"]}]}<\/script>\n<!-- \/ Yoast SEO plugin. -->","yoast_head_json":{"title":"Recarga De Jab\u00f3n De Leche Le Petit Marseillais | Buy Online | My French Grocery","description":"Recarga De Jab\u00f3n De Leche Le Petit Marseillais - Recarga de 250 ml - \u00a1Todav\u00eda igual de fuerte pero m\u00e1s verde!","robots":{"index":"index","follow":"follow","max-snippet":"max-snippet:-1","max-image-preview":"max-image-preview:large","max-video-preview":"max-video-preview:-1"},"canonical":"https:\/\/my-french-grocery.com\/es\/producto\/recarga-de-jabon-de-leche-le-petit-marseillais\/","og_locale":"es_ES","og_type":"article","og_title":"Recarga De Jab\u00f3n De Leche Le Petit Marseillais | Buy Online | My French Grocery","og_description":"Recarga De Jab\u00f3n De Leche Le Petit Marseillais - Recarga de 250 ml - \u00a1Todav\u00eda igual de fuerte pero m\u00e1s verde!","og_url":"https:\/\/my-french-grocery.com\/es\/producto\/recarga-de-jabon-de-leche-le-petit-marseillais\/","og_site_name":"My French Grocery","article_publisher":"https:\/\/www.facebook.com\/myfrenchgrocery\/","og_image":[{"width":540,"height":540,"url":"https:\/\/my-french-grocery.com\/wp-content\/uploads\/2019\/08\/Liquid-Soap-Lait.jpg","type":"image\/jpeg"}],"twitter_card":"summary_large_image","schema":{"@context":"https:\/\/schema.org","@graph":[{"@type":"WebPage","@id":"https:\/\/my-french-grocery.com\/es\/producto\/recarga-de-jabon-de-leche-le-petit-marseillais\/","url":"https:\/\/my-french-grocery.com\/es\/producto\/recarga-de-jabon-de-leche-le-petit-marseillais\/","name":"Recarga De Jab\u00f3n De Leche Le Petit Marseillais | Buy Online | My French Grocery","isPartOf":{"@id":"https:\/\/my-french-grocery.com\/es\/#website"},"primaryImageOfPage":{"@id":"https:\/\/my-french-grocery.com\/es\/producto\/recarga-de-jabon-de-leche-le-petit-marseillais\/#primaryimage"},"image":{"@id":"https:\/\/my-french-grocery.com\/es\/producto\/recarga-de-jabon-de-leche-le-petit-marseillais\/#primaryimage"},"thumbnailUrl":"https:\/\/my-french-grocery.com\/wp-content\/uploads\/2019\/08\/3574661701028-1.jpg","datePublished":"2019-08-29T14:34:43+00:00","description":"Recarga De Jab\u00f3n De Leche Le Petit Marseillais - Recarga de 250 ml - \u00a1Todav\u00eda igual de fuerte pero m\u00e1s verde!","breadcrumb":{"@id":"https:\/\/my-french-grocery.com\/es\/producto\/recarga-de-jabon-de-leche-le-petit-marseillais\/#breadcrumb"},"inLanguage":"es-ES","potentialAction":[{"@type":"ReadAction","target":["https:\/\/my-french-grocery.com\/es\/producto\/recarga-de-jabon-de-leche-le-petit-marseillais\/"]}]},{"@type":"ImageObject","inLanguage":"es-ES","@id":"https:\/\/my-french-grocery.com\/es\/producto\/recarga-de-jabon-de-leche-le-petit-marseillais\/#primaryimage","url":"https:\/\/my-french-grocery.com\/wp-content\/uploads\/2019\/08\/3574661701028-1.jpg","contentUrl":"https:\/\/my-french-grocery.com\/wp-content\/uploads\/2019\/08\/3574661701028-1.jpg","width":1200,"height":1200},{"@type":"BreadcrumbList","@id":"https:\/\/my-french-grocery.com\/es\/producto\/recarga-de-jabon-de-leche-le-petit-marseillais\/#breadcrumb","itemListElement":[{"@type":"ListItem","position":1,"name":"Home","item":"https:\/\/my-french-grocery.com\/es\/tienda-2\/"},{"@type":"ListItem","position":2,"name":"Shop","item":"https:\/\/my-french-grocery.com\/shop\/"},{"@type":"ListItem","position":3,"name":"cosm\u00e9ticos","item":"https:\/\/my-french-grocery.com\/es\/categoria-producto\/cosmeticos\/"},{"@type":"ListItem","position":4,"name":"Jab\u00f3n &amp; Gel De Ducha","item":"https:\/\/my-french-grocery.com\/es\/categoria-producto\/cosmeticos\/jabon-gel-de-ducha\/"},{"@type":"ListItem","position":5,"name":"Jab\u00f3n","item":"https:\/\/my-french-grocery.com\/es\/categoria-producto\/cosmeticos\/jabon-gel-de-ducha\/jabon\/"},{"@type":"ListItem","position":6,"name":"Recarga De Jab\u00f3n De Leche Le Petit Marseillais"}]},{"@type":"WebSite","@id":"https:\/\/my-french-grocery.com\/es\/#website","url":"https:\/\/my-french-grocery.com\/es\/","name":"My French Grocery","description":"Your Online French Grocery  !","publisher":{"@id":"https:\/\/my-french-grocery.com\/es\/#organization"},"potentialAction":[{"@type":"SearchAction","target":{"@type":"EntryPoint","urlTemplate":"https:\/\/my-french-grocery.com\/es\/?s={search_term_string}"},"query-input":{"@type":"PropertyValueSpecification","valueRequired":true,"valueName":"search_term_string"}}],"inLanguage":"es-ES"},{"@type":"Organization","@id":"https:\/\/my-french-grocery.com\/es\/#organization","name":"MY FRENCH GROCERY","url":"https:\/\/my-french-grocery.com\/es\/","logo":{"@type":"ImageObject","inLanguage":"es-ES","@id":"https:\/\/my-french-grocery.com\/es\/#\/schema\/logo\/image\/","url":"https:\/\/my-french-grocery.com\/wp-content\/uploads\/2021\/11\/My-French-Grocery-Online-French-Grocery.png","contentUrl":"https:\/\/my-french-grocery.com\/wp-content\/uploads\/2021\/11\/My-French-Grocery-Online-French-Grocery.png","width":100,"height":100,"caption":"MY FRENCH GROCERY"},"image":{"@id":"https:\/\/my-french-grocery.com\/es\/#\/schema\/logo\/image\/"},"sameAs":["https:\/\/www.facebook.com\/myfrenchgrocery\/"]}]}},"brands":[{"id":729,"name":"Le Petit Marseillais","slug":"le-petit-marseillais-es"}],"_links":{"self":[{"href":"https:\/\/my-french-grocery.com\/es\/wp-json\/wp\/v2\/product\/16335","targetHints":{"allow":["GET"]}}],"collection":[{"href":"https:\/\/my-french-grocery.com\/es\/wp-json\/wp\/v2\/product"}],"about":[{"href":"https:\/\/my-french-grocery.com\/es\/wp-json\/wp\/v2\/types\/product"}],"replies":[{"embeddable":true,"href":"https:\/\/my-french-grocery.com\/es\/wp-json\/wp\/v2\/comments?post=16335"}],"wp:featuredmedia":[{"embeddable":true,"href":"https:\/\/my-french-grocery.com\/es\/wp-json\/wp\/v2\/media\/40883"}],"wp:attachment":[{"href":"https:\/\/my-french-grocery.com\/es\/wp-json\/wp\/v2\/media?parent=16335"}],"wp:term":[{"taxonomy":"pwb-brand","embeddable":true,"href":"https:\/\/my-french-grocery.com\/es\/wp-json\/wp\/v2\/pwb-brand?post=16335"},{"taxonomy":"product_brand","embeddable":true,"href":"https:\/\/my-french-grocery.com\/es\/wp-json\/wp\/v2\/product_brand?post=16335"},{"taxonomy":"product_cat","embeddable":true,"href":"https:\/\/my-french-grocery.com\/es\/wp-json\/wp\/v2\/product_cat?post=16335"},{"taxonomy":"product_tag","embeddable":true,"href":"https:\/\/my-french-grocery.com\/es\/wp-json\/wp\/v2\/product_tag?post=16335"}],"curies":[{"name":"wp","href":"https:\/\/api.w.org\/{rel}","templated":true}]}}