{"id":16353,"date":"2019-08-30T15:47:28","date_gmt":"2019-08-30T13:47:28","guid":{"rendered":"https:\/\/my-french-grocery.com\/product\/jabon-liquido-de-aceite-de-oliva-le-petit-marseillais\/"},"modified":"2019-08-30T15:47:28","modified_gmt":"2019-08-30T13:47:28","slug":"jabon-liquido-de-aceite-de-oliva-le-petit-marseillais","status":"publish","type":"product","link":"https:\/\/my-french-grocery.com\/es\/producto\/jabon-liquido-de-aceite-de-oliva-le-petit-marseillais\/","title":{"rendered":"Jab\u00f3n L\u00edquido De Aceite De Oliva Le Petit Marseillais"},"content":{"rendered":"<p>Jab\u00f3n L\u00edquido De Aceite De Oliva Le Petit Marseillais<\/p>\n<p>Botella de 300 ml<\/p>\n<p><span>Saponificado de aceites vegetales y luego cocido en un caldero, este jab\u00f3n l\u00edquido se prepara de acuerdo con el saber hacer de un maestro fabricante de jabones.<\/span><br \/>\n<span>Naturalmente glicerina, preserva delicadamente el equilibrio de las pieles m\u00e1s delicadas.<\/span><\/p>\n","protected":false},"excerpt":{"rendered":"<p>Jab\u00f3n L\u00edquido De Aceite De Oliva Le Petit Marseillais<\/p>\n<p>Botella de 300 ml<\/p>\n","protected":false},"featured_media":36947,"comment_status":"open","ping_status":"closed","template":"","meta":[],"pwb-brand":[729],"product_brand":[],"product_cat":[1673],"product_tag":[1803,2027],"class_list":{"0":"post-16353","1":"product","2":"type-product","3":"status-publish","4":"has-post-thumbnail","6":"pwb-brand-le-petit-marseillais-es","7":"product_cat-jabon","8":"product_tag-jabon","9":"product_tag-petit-marseillais-es","10":"product_shipping_class-expedicion-mundial","12":"first","13":"instock","14":"taxable","15":"shipping-taxable","16":"purchasable","17":"product-type-simple"},"brands":[{"id":729,"name":"Le Petit Marseillais","slug":"le-petit-marseillais-es"}],"_links":{"self":[{"href":"https:\/\/my-french-grocery.com\/es\/wp-json\/wp\/v2\/product\/16353","targetHints":{"allow":["GET"]}}],"collection":[{"href":"https:\/\/my-french-grocery.com\/es\/wp-json\/wp\/v2\/product"}],"about":[{"href":"https:\/\/my-french-grocery.com\/es\/wp-json\/wp\/v2\/types\/product"}],"replies":[{"embeddable":true,"href":"https:\/\/my-french-grocery.com\/es\/wp-json\/wp\/v2\/comments?post=16353"}],"wp:featuredmedia":[{"embeddable":true,"href":"https:\/\/my-french-grocery.com\/es\/wp-json\/wp\/v2\/media\/36947"}],"wp:attachment":[{"href":"https:\/\/my-french-grocery.com\/es\/wp-json\/wp\/v2\/media?parent=16353"}],"wp:term":[{"taxonomy":"pwb-brand","embeddable":true,"href":"https:\/\/my-french-grocery.com\/es\/wp-json\/wp\/v2\/pwb-brand?post=16353"},{"taxonomy":"product_brand","embeddable":true,"href":"https:\/\/my-french-grocery.com\/es\/wp-json\/wp\/v2\/product_brand?post=16353"},{"taxonomy":"product_cat","embeddable":true,"href":"https:\/\/my-french-grocery.com\/es\/wp-json\/wp\/v2\/product_cat?post=16353"},{"taxonomy":"product_tag","embeddable":true,"href":"https:\/\/my-french-grocery.com\/es\/wp-json\/wp\/v2\/product_tag?post=16353"}],"curies":[{"name":"wp","href":"https:\/\/api.w.org\/{rel}","templated":true}]}}