{"id":16358,"date":"2019-08-30T15:54:41","date_gmt":"2019-08-30T13:54:41","guid":{"rendered":"https:\/\/my-french-grocery.com\/product\/jabon-liquido-hidrata-nutre-suave-le-petit-marseillais\/"},"modified":"2019-08-30T15:54:41","modified_gmt":"2019-08-30T13:54:41","slug":"jabon-liquido-hidrata-nutre-suave-le-petit-marseillais","status":"publish","type":"product","link":"https:\/\/my-french-grocery.com\/es\/producto\/jabon-liquido-hidrata-nutre-suave-le-petit-marseillais\/","title":{"rendered":"Jab\u00f3n L\u00edquido Hidrata &#038; Nutre Suave Le Petit Marseillais"},"content":{"rendered":"<p>Jab\u00f3n L\u00edquido Hidrata & Nutre Suave Le Petit Marseillais<\/p>\n<p>Botella de 300 ml<\/p>\n<p><span>Naturalmente rica en l\u00edpidos, nuestra Leche es apreciada por sus beneficios y su delicada fragancia.<\/span><\/p>\n<p><span>\u2022 pH neutro para la piel<\/span><br \/>\n<span>\u2022 Probado bajo control dermatol\u00f3gico<\/span><br \/>\n<span>\u2022 Ingredientes base de lavado f\u00e1cilmente biodegradables<\/span><br \/>\n<span>\u2022 Enriquecido con agente hidratante de origen vegetal<\/span><\/p>\n","protected":false},"excerpt":{"rendered":"<p>Jab\u00f3n L\u00edquido Hidrata &amp; Nutre Suave Le Petit Marseillais<\/p>\n<p>Botella de 300 ml<\/p>\n","protected":false},"featured_media":45123,"comment_status":"open","ping_status":"closed","template":"","meta":[],"pwb-brand":[729],"product_brand":[],"product_cat":[1673],"product_tag":[1803,2027],"class_list":{"0":"post-16358","1":"product","2":"type-product","3":"status-publish","4":"has-post-thumbnail","6":"pwb-brand-le-petit-marseillais-es","7":"product_cat-jabon","8":"product_tag-jabon","9":"product_tag-petit-marseillais-es","10":"product_shipping_class-expedicion-mundial","12":"first","13":"instock","14":"taxable","15":"shipping-taxable","16":"purchasable","17":"product-type-simple"},"brands":[{"id":729,"name":"Le Petit Marseillais","slug":"le-petit-marseillais-es"}],"_links":{"self":[{"href":"https:\/\/my-french-grocery.com\/es\/wp-json\/wp\/v2\/product\/16358","targetHints":{"allow":["GET"]}}],"collection":[{"href":"https:\/\/my-french-grocery.com\/es\/wp-json\/wp\/v2\/product"}],"about":[{"href":"https:\/\/my-french-grocery.com\/es\/wp-json\/wp\/v2\/types\/product"}],"replies":[{"embeddable":true,"href":"https:\/\/my-french-grocery.com\/es\/wp-json\/wp\/v2\/comments?post=16358"}],"wp:featuredmedia":[{"embeddable":true,"href":"https:\/\/my-french-grocery.com\/es\/wp-json\/wp\/v2\/media\/45123"}],"wp:attachment":[{"href":"https:\/\/my-french-grocery.com\/es\/wp-json\/wp\/v2\/media?parent=16358"}],"wp:term":[{"taxonomy":"pwb-brand","embeddable":true,"href":"https:\/\/my-french-grocery.com\/es\/wp-json\/wp\/v2\/pwb-brand?post=16358"},{"taxonomy":"product_brand","embeddable":true,"href":"https:\/\/my-french-grocery.com\/es\/wp-json\/wp\/v2\/product_brand?post=16358"},{"taxonomy":"product_cat","embeddable":true,"href":"https:\/\/my-french-grocery.com\/es\/wp-json\/wp\/v2\/product_cat?post=16358"},{"taxonomy":"product_tag","embeddable":true,"href":"https:\/\/my-french-grocery.com\/es\/wp-json\/wp\/v2\/product_tag?post=16358"}],"curies":[{"name":"wp","href":"https:\/\/api.w.org\/{rel}","templated":true}]}}