{"id":16451,"date":"2020-06-21T18:17:09","date_gmt":"2020-06-21T16:17:09","guid":{"rendered":"https:\/\/my-french-grocery.com\/product\/trigo-precocido-con-tomate-albahaca-ebly\/"},"modified":"2020-06-21T18:17:09","modified_gmt":"2020-06-21T16:17:09","slug":"trigo-precocido-con-tomate-albahaca-ebly","status":"publish","type":"product","link":"https:\/\/my-french-grocery.com\/es\/producto\/trigo-precocido-con-tomate-albahaca-ebly\/","title":{"rendered":"Trigo Precocido Con Tomate &#038; Albahaca Ebly"},"content":{"rendered":"<p>Trigo Precocido Con Tomate &amp; Albahaca Ebly<\/p>\n<p>Bolsa De 220 g<\/p>\n<p>Delicadamente cocinado en aceite de oliva, el trigo Ebly\u00ae est\u00e1 listo para ser degustado en solo 2 minutos en el microondas. Para variar los placeres, dorarlo en una sart\u00e9n con pollo y algunas verduras. Este producto se fabrica en Francia en la regi\u00f3n del Centro Val-de Loire y no contiene colorantes, conservantes ni aromas artificiales.<\/p>\n","protected":false},"excerpt":{"rendered":"<p>Trigo Precocido Con Tomate &amp; Albahaca Ebly<\/p>\n<p>Bolsa De 220 g<\/p>\n","protected":false},"featured_media":9872,"comment_status":"open","ping_status":"closed","template":"","meta":[],"pwb-brand":[2042],"product_brand":[],"product_cat":[1920,2029],"product_tag":[2043],"class_list":{"0":"post-16451","1":"product","2":"type-product","3":"status-publish","4":"has-post-thumbnail","6":"pwb-brand-ebly-es","7":"product_cat-pastas-arroz-pures-granos","8":"product_cat-vegetales-enlatados","9":"product_tag-trigo","10":"product_shipping_class-expedicion-mundial","12":"first","13":"outofstock","14":"taxable","15":"shipping-taxable","16":"purchasable","17":"product-type-simple"},"yoast_head":"<!-- This site is optimized with the Yoast SEO plugin v27.4 - https:\/\/yoast.com\/product\/yoast-seo-wordpress\/ -->\n<title>Trigo Precocido Con Tomate &amp; Albahaca Ebly | Comprar En Linea | My French Grocery<\/title>\n<meta name=\"description\" content=\"Trigo Precocido Con Tomate &amp; Albahaca Ebly - Bolsa De 220 g - Delicadamente cocinado en aceite de oliva, el trigo Ebly\u00ae est\u00e1 listo para ser degustado en solo 2 minutos en el microondas.\" \/>\n<meta name=\"robots\" content=\"index, follow, max-snippet:-1, max-image-preview:large, max-video-preview:-1\" \/>\n<link rel=\"canonical\" href=\"https:\/\/my-french-grocery.com\/es\/producto\/trigo-precocido-con-tomate-albahaca-ebly\/\" \/>\n<meta property=\"og:locale\" content=\"es_ES\" \/>\n<meta property=\"og:type\" content=\"article\" \/>\n<meta property=\"og:title\" content=\"Trigo Precocido Con Tomate &amp; Albahaca Ebly | Comprar En Linea | My French Grocery\" \/>\n<meta property=\"og:description\" content=\"Trigo Precocido Con Tomate &amp; Albahaca Ebly - Bolsa De 220 g - Delicadamente cocinado en aceite de oliva, el trigo Ebly\u00ae est\u00e1 listo para ser degustado en solo 2 minutos en el microondas.\" \/>\n<meta property=\"og:url\" content=\"https:\/\/my-french-grocery.com\/es\/producto\/trigo-precocido-con-tomate-albahaca-ebly\/\" \/>\n<meta property=\"og:site_name\" content=\"My French Grocery\" \/>\n<meta property=\"article:publisher\" content=\"https:\/\/www.facebook.com\/myfrenchgrocery\/\" \/>\n<meta property=\"og:image\" content=\"https:\/\/my-french-grocery.com\/wp-content\/uploads\/2020\/06\/Ebly-Tomato-basil.jpg\" \/>\n\t<meta property=\"og:image:width\" content=\"350\" \/>\n\t<meta property=\"og:image:height\" content=\"350\" \/>\n\t<meta property=\"og:image:type\" content=\"image\/jpeg\" \/>\n<meta name=\"twitter:card\" content=\"summary_large_image\" \/>\n<script type=\"application\/ld+json\" class=\"yoast-schema-graph\">{\"@context\":\"https:\\\/\\\/schema.org\",\"@graph\":[{\"@type\":\"WebPage\",\"@id\":\"https:\\\/\\\/my-french-grocery.com\\\/es\\\/producto\\\/trigo-precocido-con-tomate-albahaca-ebly\\\/\",\"url\":\"https:\\\/\\\/my-french-grocery.com\\\/es\\\/producto\\\/trigo-precocido-con-tomate-albahaca-ebly\\\/\",\"name\":\"Trigo Precocido Con Tomate & Albahaca Ebly | Comprar En Linea | My French Grocery\",\"isPartOf\":{\"@id\":\"https:\\\/\\\/my-french-grocery.com\\\/es\\\/#website\"},\"primaryImageOfPage\":{\"@id\":\"https:\\\/\\\/my-french-grocery.com\\\/es\\\/producto\\\/trigo-precocido-con-tomate-albahaca-ebly\\\/#primaryimage\"},\"image\":{\"@id\":\"https:\\\/\\\/my-french-grocery.com\\\/es\\\/producto\\\/trigo-precocido-con-tomate-albahaca-ebly\\\/#primaryimage\"},\"thumbnailUrl\":\"https:\\\/\\\/my-french-grocery.com\\\/wp-content\\\/uploads\\\/2020\\\/06\\\/Ebly-Tomato-basil.jpg\",\"datePublished\":\"2020-06-21T16:17:09+00:00\",\"description\":\"Trigo Precocido Con Tomate & Albahaca Ebly - Bolsa De 220 g - Delicadamente cocinado en aceite de oliva, el trigo Ebly\u00ae est\u00e1 listo para ser degustado en solo 2 minutos en el microondas.\",\"breadcrumb\":{\"@id\":\"https:\\\/\\\/my-french-grocery.com\\\/es\\\/producto\\\/trigo-precocido-con-tomate-albahaca-ebly\\\/#breadcrumb\"},\"inLanguage\":\"es-ES\",\"potentialAction\":[{\"@type\":\"ReadAction\",\"target\":[\"https:\\\/\\\/my-french-grocery.com\\\/es\\\/producto\\\/trigo-precocido-con-tomate-albahaca-ebly\\\/\"]}]},{\"@type\":\"ImageObject\",\"inLanguage\":\"es-ES\",\"@id\":\"https:\\\/\\\/my-french-grocery.com\\\/es\\\/producto\\\/trigo-precocido-con-tomate-albahaca-ebly\\\/#primaryimage\",\"url\":\"https:\\\/\\\/my-french-grocery.com\\\/wp-content\\\/uploads\\\/2020\\\/06\\\/Ebly-Tomato-basil.jpg\",\"contentUrl\":\"https:\\\/\\\/my-french-grocery.com\\\/wp-content\\\/uploads\\\/2020\\\/06\\\/Ebly-Tomato-basil.jpg\",\"width\":350,\"height\":350,\"caption\":\"Trigo Precocido Con Tomate & Albahaca Ebly\"},{\"@type\":\"BreadcrumbList\",\"@id\":\"https:\\\/\\\/my-french-grocery.com\\\/es\\\/producto\\\/trigo-precocido-con-tomate-albahaca-ebly\\\/#breadcrumb\",\"itemListElement\":[{\"@type\":\"ListItem\",\"position\":1,\"name\":\"Home\",\"item\":\"https:\\\/\\\/my-french-grocery.com\\\/es\\\/tienda-2\\\/\"},{\"@type\":\"ListItem\",\"position\":2,\"name\":\"Shop\",\"item\":\"https:\\\/\\\/my-french-grocery.com\\\/shop\\\/\"},{\"@type\":\"ListItem\",\"position\":3,\"name\":\"Vegetales Enlatados\",\"item\":\"https:\\\/\\\/my-french-grocery.com\\\/es\\\/categoria-producto\\\/vegetales-enlatados\\\/\"},{\"@type\":\"ListItem\",\"position\":4,\"name\":\"Trigo Precocido Con Tomate &#038; Albahaca Ebly\"}]},{\"@type\":\"WebSite\",\"@id\":\"https:\\\/\\\/my-french-grocery.com\\\/es\\\/#website\",\"url\":\"https:\\\/\\\/my-french-grocery.com\\\/es\\\/\",\"name\":\"My French Grocery\",\"description\":\"Your Online French Grocery  !\",\"publisher\":{\"@id\":\"https:\\\/\\\/my-french-grocery.com\\\/es\\\/#organization\"},\"potentialAction\":[{\"@type\":\"SearchAction\",\"target\":{\"@type\":\"EntryPoint\",\"urlTemplate\":\"https:\\\/\\\/my-french-grocery.com\\\/es\\\/?s={search_term_string}\"},\"query-input\":{\"@type\":\"PropertyValueSpecification\",\"valueRequired\":true,\"valueName\":\"search_term_string\"}}],\"inLanguage\":\"es-ES\"},{\"@type\":\"Organization\",\"@id\":\"https:\\\/\\\/my-french-grocery.com\\\/es\\\/#organization\",\"name\":\"MY FRENCH GROCERY\",\"url\":\"https:\\\/\\\/my-french-grocery.com\\\/es\\\/\",\"logo\":{\"@type\":\"ImageObject\",\"inLanguage\":\"es-ES\",\"@id\":\"https:\\\/\\\/my-french-grocery.com\\\/es\\\/#\\\/schema\\\/logo\\\/image\\\/\",\"url\":\"https:\\\/\\\/my-french-grocery.com\\\/wp-content\\\/uploads\\\/2021\\\/11\\\/My-French-Grocery-Online-French-Grocery.png\",\"contentUrl\":\"https:\\\/\\\/my-french-grocery.com\\\/wp-content\\\/uploads\\\/2021\\\/11\\\/My-French-Grocery-Online-French-Grocery.png\",\"width\":100,\"height\":100,\"caption\":\"MY FRENCH GROCERY\"},\"image\":{\"@id\":\"https:\\\/\\\/my-french-grocery.com\\\/es\\\/#\\\/schema\\\/logo\\\/image\\\/\"},\"sameAs\":[\"https:\\\/\\\/www.facebook.com\\\/myfrenchgrocery\\\/\"]}]}<\/script>\n<!-- \/ Yoast SEO plugin. -->","yoast_head_json":{"title":"Trigo Precocido Con Tomate & Albahaca Ebly | Comprar En Linea | My French Grocery","description":"Trigo Precocido Con Tomate & Albahaca Ebly - Bolsa De 220 g - Delicadamente cocinado en aceite de oliva, el trigo Ebly\u00ae est\u00e1 listo para ser degustado en solo 2 minutos en el microondas.","robots":{"index":"index","follow":"follow","max-snippet":"max-snippet:-1","max-image-preview":"max-image-preview:large","max-video-preview":"max-video-preview:-1"},"canonical":"https:\/\/my-french-grocery.com\/es\/producto\/trigo-precocido-con-tomate-albahaca-ebly\/","og_locale":"es_ES","og_type":"article","og_title":"Trigo Precocido Con Tomate & Albahaca Ebly | Comprar En Linea | My French Grocery","og_description":"Trigo Precocido Con Tomate & Albahaca Ebly - Bolsa De 220 g - Delicadamente cocinado en aceite de oliva, el trigo Ebly\u00ae est\u00e1 listo para ser degustado en solo 2 minutos en el microondas.","og_url":"https:\/\/my-french-grocery.com\/es\/producto\/trigo-precocido-con-tomate-albahaca-ebly\/","og_site_name":"My French Grocery","article_publisher":"https:\/\/www.facebook.com\/myfrenchgrocery\/","og_image":[{"width":350,"height":350,"url":"https:\/\/my-french-grocery.com\/wp-content\/uploads\/2020\/06\/Ebly-Tomato-basil.jpg","type":"image\/jpeg"}],"twitter_card":"summary_large_image","schema":{"@context":"https:\/\/schema.org","@graph":[{"@type":"WebPage","@id":"https:\/\/my-french-grocery.com\/es\/producto\/trigo-precocido-con-tomate-albahaca-ebly\/","url":"https:\/\/my-french-grocery.com\/es\/producto\/trigo-precocido-con-tomate-albahaca-ebly\/","name":"Trigo Precocido Con Tomate & Albahaca Ebly | Comprar En Linea | My French Grocery","isPartOf":{"@id":"https:\/\/my-french-grocery.com\/es\/#website"},"primaryImageOfPage":{"@id":"https:\/\/my-french-grocery.com\/es\/producto\/trigo-precocido-con-tomate-albahaca-ebly\/#primaryimage"},"image":{"@id":"https:\/\/my-french-grocery.com\/es\/producto\/trigo-precocido-con-tomate-albahaca-ebly\/#primaryimage"},"thumbnailUrl":"https:\/\/my-french-grocery.com\/wp-content\/uploads\/2020\/06\/Ebly-Tomato-basil.jpg","datePublished":"2020-06-21T16:17:09+00:00","description":"Trigo Precocido Con Tomate & Albahaca Ebly - Bolsa De 220 g - Delicadamente cocinado en aceite de oliva, el trigo Ebly\u00ae est\u00e1 listo para ser degustado en solo 2 minutos en el microondas.","breadcrumb":{"@id":"https:\/\/my-french-grocery.com\/es\/producto\/trigo-precocido-con-tomate-albahaca-ebly\/#breadcrumb"},"inLanguage":"es-ES","potentialAction":[{"@type":"ReadAction","target":["https:\/\/my-french-grocery.com\/es\/producto\/trigo-precocido-con-tomate-albahaca-ebly\/"]}]},{"@type":"ImageObject","inLanguage":"es-ES","@id":"https:\/\/my-french-grocery.com\/es\/producto\/trigo-precocido-con-tomate-albahaca-ebly\/#primaryimage","url":"https:\/\/my-french-grocery.com\/wp-content\/uploads\/2020\/06\/Ebly-Tomato-basil.jpg","contentUrl":"https:\/\/my-french-grocery.com\/wp-content\/uploads\/2020\/06\/Ebly-Tomato-basil.jpg","width":350,"height":350,"caption":"Trigo Precocido Con Tomate & Albahaca Ebly"},{"@type":"BreadcrumbList","@id":"https:\/\/my-french-grocery.com\/es\/producto\/trigo-precocido-con-tomate-albahaca-ebly\/#breadcrumb","itemListElement":[{"@type":"ListItem","position":1,"name":"Home","item":"https:\/\/my-french-grocery.com\/es\/tienda-2\/"},{"@type":"ListItem","position":2,"name":"Shop","item":"https:\/\/my-french-grocery.com\/shop\/"},{"@type":"ListItem","position":3,"name":"Vegetales Enlatados","item":"https:\/\/my-french-grocery.com\/es\/categoria-producto\/vegetales-enlatados\/"},{"@type":"ListItem","position":4,"name":"Trigo Precocido Con Tomate &#038; Albahaca Ebly"}]},{"@type":"WebSite","@id":"https:\/\/my-french-grocery.com\/es\/#website","url":"https:\/\/my-french-grocery.com\/es\/","name":"My French Grocery","description":"Your Online French Grocery  !","publisher":{"@id":"https:\/\/my-french-grocery.com\/es\/#organization"},"potentialAction":[{"@type":"SearchAction","target":{"@type":"EntryPoint","urlTemplate":"https:\/\/my-french-grocery.com\/es\/?s={search_term_string}"},"query-input":{"@type":"PropertyValueSpecification","valueRequired":true,"valueName":"search_term_string"}}],"inLanguage":"es-ES"},{"@type":"Organization","@id":"https:\/\/my-french-grocery.com\/es\/#organization","name":"MY FRENCH GROCERY","url":"https:\/\/my-french-grocery.com\/es\/","logo":{"@type":"ImageObject","inLanguage":"es-ES","@id":"https:\/\/my-french-grocery.com\/es\/#\/schema\/logo\/image\/","url":"https:\/\/my-french-grocery.com\/wp-content\/uploads\/2021\/11\/My-French-Grocery-Online-French-Grocery.png","contentUrl":"https:\/\/my-french-grocery.com\/wp-content\/uploads\/2021\/11\/My-French-Grocery-Online-French-Grocery.png","width":100,"height":100,"caption":"MY FRENCH GROCERY"},"image":{"@id":"https:\/\/my-french-grocery.com\/es\/#\/schema\/logo\/image\/"},"sameAs":["https:\/\/www.facebook.com\/myfrenchgrocery\/"]}]}},"brands":[{"id":2042,"name":"Ebly","slug":"ebly-es"}],"_links":{"self":[{"href":"https:\/\/my-french-grocery.com\/es\/wp-json\/wp\/v2\/product\/16451","targetHints":{"allow":["GET"]}}],"collection":[{"href":"https:\/\/my-french-grocery.com\/es\/wp-json\/wp\/v2\/product"}],"about":[{"href":"https:\/\/my-french-grocery.com\/es\/wp-json\/wp\/v2\/types\/product"}],"replies":[{"embeddable":true,"href":"https:\/\/my-french-grocery.com\/es\/wp-json\/wp\/v2\/comments?post=16451"}],"wp:featuredmedia":[{"embeddable":true,"href":"https:\/\/my-french-grocery.com\/es\/wp-json\/wp\/v2\/media\/9872"}],"wp:attachment":[{"href":"https:\/\/my-french-grocery.com\/es\/wp-json\/wp\/v2\/media?parent=16451"}],"wp:term":[{"taxonomy":"pwb-brand","embeddable":true,"href":"https:\/\/my-french-grocery.com\/es\/wp-json\/wp\/v2\/pwb-brand?post=16451"},{"taxonomy":"product_brand","embeddable":true,"href":"https:\/\/my-french-grocery.com\/es\/wp-json\/wp\/v2\/product_brand?post=16451"},{"taxonomy":"product_cat","embeddable":true,"href":"https:\/\/my-french-grocery.com\/es\/wp-json\/wp\/v2\/product_cat?post=16451"},{"taxonomy":"product_tag","embeddable":true,"href":"https:\/\/my-french-grocery.com\/es\/wp-json\/wp\/v2\/product_tag?post=16451"}],"curies":[{"name":"wp","href":"https:\/\/api.w.org\/{rel}","templated":true}]}}