{"id":16463,"date":"2020-06-27T11:44:54","date_gmt":"2020-06-27T09:44:54","guid":{"rendered":"https:\/\/my-french-grocery.com\/product\/mazorca-de-maiz-lunor\/"},"modified":"2020-06-27T11:44:54","modified_gmt":"2020-06-27T09:44:54","slug":"mazorca-de-maiz-lunor","status":"publish","type":"product","link":"https:\/\/my-french-grocery.com\/es\/producto\/mazorca-de-maiz-lunor\/","title":{"rendered":"Mazorca De Ma\u00edz Lunor"},"content":{"rendered":"<p>Mazorca De Ma\u00edz Lunor<\/p>\n<p>Paquete de 400 g<\/p>\n<p id=\"tw-target-text\" class=\"tw-data-text tw-text-large XcVN5d tw-ta\" dir=\"ltr\" data-placeholder=\"Traduction\"><span class=\"Y2IQFc\" lang=\"es\">Ma\u00edz cocido; ideal para barbacoa, plancha .. ma\u00edz dulce en mazorca.<\/span><\/p>\n","protected":false},"excerpt":{"rendered":"<p>Mazorca De Ma\u00edz Lunor<\/p>\n<p>Paquete de 400 g<\/p>\n","protected":false},"featured_media":10136,"comment_status":"open","ping_status":"closed","template":"","meta":[],"pwb-brand":[2044],"product_brand":[],"product_cat":[1920,2029],"product_tag":[2039],"class_list":{"0":"post-16463","1":"product","2":"type-product","3":"status-publish","4":"has-post-thumbnail","6":"pwb-brand-lunor-es","7":"product_cat-pastas-arroz-pures-granos","8":"product_cat-vegetales-enlatados","9":"product_tag-maiz","10":"product_shipping_class-expedicion-mundial","12":"first","13":"instock","14":"taxable","15":"shipping-taxable","16":"purchasable","17":"product-type-simple"},"yoast_head":"<!-- This site is optimized with the Yoast SEO plugin v27.3 - https:\/\/yoast.com\/product\/yoast-seo-wordpress\/ -->\n<title>Mazorca De Ma\u00edz Lunor | Comprar En Linea | My French Grocery<\/title>\n<meta name=\"description\" content=\"Mazorca De Ma\u00edz Lunor - Paquete de 400 g - Ma\u00edz cocido; ideal para barbacoa, plancha ..\" \/>\n<meta name=\"robots\" content=\"index, follow, max-snippet:-1, max-image-preview:large, max-video-preview:-1\" \/>\n<link rel=\"canonical\" href=\"https:\/\/my-french-grocery.com\/es\/producto\/mazorca-de-maiz-lunor\/\" \/>\n<meta property=\"og:locale\" content=\"es_ES\" \/>\n<meta property=\"og:type\" content=\"article\" \/>\n<meta property=\"og:title\" content=\"Mazorca De Ma\u00edz Lunor | Comprar En Linea | My French Grocery\" \/>\n<meta property=\"og:description\" content=\"Mazorca De Ma\u00edz Lunor - Paquete de 400 g - Ma\u00edz cocido; ideal para barbacoa, plancha ..\" \/>\n<meta property=\"og:url\" content=\"https:\/\/my-french-grocery.com\/es\/producto\/mazorca-de-maiz-lunor\/\" \/>\n<meta property=\"og:site_name\" content=\"My French Grocery\" \/>\n<meta property=\"article:publisher\" content=\"https:\/\/www.facebook.com\/myfrenchgrocery\/\" \/>\n<meta property=\"og:image\" content=\"https:\/\/my-french-grocery.com\/wp-content\/uploads\/2020\/06\/Lunor-Ma\u00efs.jpg\" \/>\n\t<meta property=\"og:image:width\" content=\"1500\" \/>\n\t<meta property=\"og:image:height\" content=\"1500\" \/>\n\t<meta property=\"og:image:type\" content=\"image\/jpeg\" \/>\n<meta name=\"twitter:card\" content=\"summary_large_image\" \/>\n<script type=\"application\/ld+json\" class=\"yoast-schema-graph\">{\"@context\":\"https:\\\/\\\/schema.org\",\"@graph\":[{\"@type\":\"WebPage\",\"@id\":\"https:\\\/\\\/my-french-grocery.com\\\/es\\\/producto\\\/mazorca-de-maiz-lunor\\\/\",\"url\":\"https:\\\/\\\/my-french-grocery.com\\\/es\\\/producto\\\/mazorca-de-maiz-lunor\\\/\",\"name\":\"Mazorca De Ma\u00edz Lunor | Comprar En Linea | My French Grocery\",\"isPartOf\":{\"@id\":\"https:\\\/\\\/my-french-grocery.com\\\/es\\\/#website\"},\"primaryImageOfPage\":{\"@id\":\"https:\\\/\\\/my-french-grocery.com\\\/es\\\/producto\\\/mazorca-de-maiz-lunor\\\/#primaryimage\"},\"image\":{\"@id\":\"https:\\\/\\\/my-french-grocery.com\\\/es\\\/producto\\\/mazorca-de-maiz-lunor\\\/#primaryimage\"},\"thumbnailUrl\":\"https:\\\/\\\/my-french-grocery.com\\\/wp-content\\\/uploads\\\/2020\\\/06\\\/Lunor-Ma\u00efs.jpg\",\"datePublished\":\"2020-06-27T09:44:54+00:00\",\"description\":\"Mazorca De Ma\u00edz Lunor - Paquete de 400 g - Ma\u00edz cocido; ideal para barbacoa, plancha ..\",\"breadcrumb\":{\"@id\":\"https:\\\/\\\/my-french-grocery.com\\\/es\\\/producto\\\/mazorca-de-maiz-lunor\\\/#breadcrumb\"},\"inLanguage\":\"es-ES\",\"potentialAction\":[{\"@type\":\"ReadAction\",\"target\":[\"https:\\\/\\\/my-french-grocery.com\\\/es\\\/producto\\\/mazorca-de-maiz-lunor\\\/\"]}]},{\"@type\":\"ImageObject\",\"inLanguage\":\"es-ES\",\"@id\":\"https:\\\/\\\/my-french-grocery.com\\\/es\\\/producto\\\/mazorca-de-maiz-lunor\\\/#primaryimage\",\"url\":\"https:\\\/\\\/my-french-grocery.com\\\/wp-content\\\/uploads\\\/2020\\\/06\\\/Lunor-Ma\u00efs.jpg\",\"contentUrl\":\"https:\\\/\\\/my-french-grocery.com\\\/wp-content\\\/uploads\\\/2020\\\/06\\\/Lunor-Ma\u00efs.jpg\",\"width\":1500,\"height\":1500,\"caption\":\"Mazorca De Ma\u00edz Lunor\"},{\"@type\":\"BreadcrumbList\",\"@id\":\"https:\\\/\\\/my-french-grocery.com\\\/es\\\/producto\\\/mazorca-de-maiz-lunor\\\/#breadcrumb\",\"itemListElement\":[{\"@type\":\"ListItem\",\"position\":1,\"name\":\"Home\",\"item\":\"https:\\\/\\\/my-french-grocery.com\\\/es\\\/tienda-2\\\/\"},{\"@type\":\"ListItem\",\"position\":2,\"name\":\"Shop\",\"item\":\"https:\\\/\\\/my-french-grocery.com\\\/shop\\\/\"},{\"@type\":\"ListItem\",\"position\":3,\"name\":\"Pastas, Arroz, Pur\u00e9s, Granos\",\"item\":\"https:\\\/\\\/my-french-grocery.com\\\/es\\\/categoria-producto\\\/pastas-arroz-pures-granos\\\/\"},{\"@type\":\"ListItem\",\"position\":4,\"name\":\"Mazorca De Ma\u00edz Lunor\"}]},{\"@type\":\"WebSite\",\"@id\":\"https:\\\/\\\/my-french-grocery.com\\\/es\\\/#website\",\"url\":\"https:\\\/\\\/my-french-grocery.com\\\/es\\\/\",\"name\":\"My French Grocery\",\"description\":\"Your Online French Grocery  !\",\"publisher\":{\"@id\":\"https:\\\/\\\/my-french-grocery.com\\\/es\\\/#organization\"},\"potentialAction\":[{\"@type\":\"SearchAction\",\"target\":{\"@type\":\"EntryPoint\",\"urlTemplate\":\"https:\\\/\\\/my-french-grocery.com\\\/es\\\/?s={search_term_string}\"},\"query-input\":{\"@type\":\"PropertyValueSpecification\",\"valueRequired\":true,\"valueName\":\"search_term_string\"}}],\"inLanguage\":\"es-ES\"},{\"@type\":\"Organization\",\"@id\":\"https:\\\/\\\/my-french-grocery.com\\\/es\\\/#organization\",\"name\":\"MY FRENCH GROCERY\",\"url\":\"https:\\\/\\\/my-french-grocery.com\\\/es\\\/\",\"logo\":{\"@type\":\"ImageObject\",\"inLanguage\":\"es-ES\",\"@id\":\"https:\\\/\\\/my-french-grocery.com\\\/es\\\/#\\\/schema\\\/logo\\\/image\\\/\",\"url\":\"https:\\\/\\\/my-french-grocery.com\\\/wp-content\\\/uploads\\\/2021\\\/11\\\/My-French-Grocery-Online-French-Grocery.png\",\"contentUrl\":\"https:\\\/\\\/my-french-grocery.com\\\/wp-content\\\/uploads\\\/2021\\\/11\\\/My-French-Grocery-Online-French-Grocery.png\",\"width\":100,\"height\":100,\"caption\":\"MY FRENCH GROCERY\"},\"image\":{\"@id\":\"https:\\\/\\\/my-french-grocery.com\\\/es\\\/#\\\/schema\\\/logo\\\/image\\\/\"},\"sameAs\":[\"https:\\\/\\\/www.facebook.com\\\/myfrenchgrocery\\\/\"]}]}<\/script>\n<!-- \/ Yoast SEO plugin. -->","yoast_head_json":{"title":"Mazorca De Ma\u00edz Lunor | Comprar En Linea | My French Grocery","description":"Mazorca De Ma\u00edz Lunor - Paquete de 400 g - Ma\u00edz cocido; ideal para barbacoa, plancha ..","robots":{"index":"index","follow":"follow","max-snippet":"max-snippet:-1","max-image-preview":"max-image-preview:large","max-video-preview":"max-video-preview:-1"},"canonical":"https:\/\/my-french-grocery.com\/es\/producto\/mazorca-de-maiz-lunor\/","og_locale":"es_ES","og_type":"article","og_title":"Mazorca De Ma\u00edz Lunor | Comprar En Linea | My French Grocery","og_description":"Mazorca De Ma\u00edz Lunor - Paquete de 400 g - Ma\u00edz cocido; ideal para barbacoa, plancha ..","og_url":"https:\/\/my-french-grocery.com\/es\/producto\/mazorca-de-maiz-lunor\/","og_site_name":"My French Grocery","article_publisher":"https:\/\/www.facebook.com\/myfrenchgrocery\/","og_image":[{"width":1500,"height":1500,"url":"https:\/\/my-french-grocery.com\/wp-content\/uploads\/2020\/06\/Lunor-Ma\u00efs.jpg","type":"image\/jpeg"}],"twitter_card":"summary_large_image","schema":{"@context":"https:\/\/schema.org","@graph":[{"@type":"WebPage","@id":"https:\/\/my-french-grocery.com\/es\/producto\/mazorca-de-maiz-lunor\/","url":"https:\/\/my-french-grocery.com\/es\/producto\/mazorca-de-maiz-lunor\/","name":"Mazorca De Ma\u00edz Lunor | Comprar En Linea | My French Grocery","isPartOf":{"@id":"https:\/\/my-french-grocery.com\/es\/#website"},"primaryImageOfPage":{"@id":"https:\/\/my-french-grocery.com\/es\/producto\/mazorca-de-maiz-lunor\/#primaryimage"},"image":{"@id":"https:\/\/my-french-grocery.com\/es\/producto\/mazorca-de-maiz-lunor\/#primaryimage"},"thumbnailUrl":"https:\/\/my-french-grocery.com\/wp-content\/uploads\/2020\/06\/Lunor-Ma\u00efs.jpg","datePublished":"2020-06-27T09:44:54+00:00","description":"Mazorca De Ma\u00edz Lunor - Paquete de 400 g - Ma\u00edz cocido; ideal para barbacoa, plancha ..","breadcrumb":{"@id":"https:\/\/my-french-grocery.com\/es\/producto\/mazorca-de-maiz-lunor\/#breadcrumb"},"inLanguage":"es-ES","potentialAction":[{"@type":"ReadAction","target":["https:\/\/my-french-grocery.com\/es\/producto\/mazorca-de-maiz-lunor\/"]}]},{"@type":"ImageObject","inLanguage":"es-ES","@id":"https:\/\/my-french-grocery.com\/es\/producto\/mazorca-de-maiz-lunor\/#primaryimage","url":"https:\/\/my-french-grocery.com\/wp-content\/uploads\/2020\/06\/Lunor-Ma\u00efs.jpg","contentUrl":"https:\/\/my-french-grocery.com\/wp-content\/uploads\/2020\/06\/Lunor-Ma\u00efs.jpg","width":1500,"height":1500,"caption":"Mazorca De Ma\u00edz Lunor"},{"@type":"BreadcrumbList","@id":"https:\/\/my-french-grocery.com\/es\/producto\/mazorca-de-maiz-lunor\/#breadcrumb","itemListElement":[{"@type":"ListItem","position":1,"name":"Home","item":"https:\/\/my-french-grocery.com\/es\/tienda-2\/"},{"@type":"ListItem","position":2,"name":"Shop","item":"https:\/\/my-french-grocery.com\/shop\/"},{"@type":"ListItem","position":3,"name":"Pastas, Arroz, Pur\u00e9s, Granos","item":"https:\/\/my-french-grocery.com\/es\/categoria-producto\/pastas-arroz-pures-granos\/"},{"@type":"ListItem","position":4,"name":"Mazorca De Ma\u00edz Lunor"}]},{"@type":"WebSite","@id":"https:\/\/my-french-grocery.com\/es\/#website","url":"https:\/\/my-french-grocery.com\/es\/","name":"My French Grocery","description":"Your Online French Grocery  !","publisher":{"@id":"https:\/\/my-french-grocery.com\/es\/#organization"},"potentialAction":[{"@type":"SearchAction","target":{"@type":"EntryPoint","urlTemplate":"https:\/\/my-french-grocery.com\/es\/?s={search_term_string}"},"query-input":{"@type":"PropertyValueSpecification","valueRequired":true,"valueName":"search_term_string"}}],"inLanguage":"es-ES"},{"@type":"Organization","@id":"https:\/\/my-french-grocery.com\/es\/#organization","name":"MY FRENCH GROCERY","url":"https:\/\/my-french-grocery.com\/es\/","logo":{"@type":"ImageObject","inLanguage":"es-ES","@id":"https:\/\/my-french-grocery.com\/es\/#\/schema\/logo\/image\/","url":"https:\/\/my-french-grocery.com\/wp-content\/uploads\/2021\/11\/My-French-Grocery-Online-French-Grocery.png","contentUrl":"https:\/\/my-french-grocery.com\/wp-content\/uploads\/2021\/11\/My-French-Grocery-Online-French-Grocery.png","width":100,"height":100,"caption":"MY FRENCH GROCERY"},"image":{"@id":"https:\/\/my-french-grocery.com\/es\/#\/schema\/logo\/image\/"},"sameAs":["https:\/\/www.facebook.com\/myfrenchgrocery\/"]}]}},"brands":[{"id":2044,"name":"Lunor","slug":"lunor-es"}],"_links":{"self":[{"href":"https:\/\/my-french-grocery.com\/es\/wp-json\/wp\/v2\/product\/16463","targetHints":{"allow":["GET"]}}],"collection":[{"href":"https:\/\/my-french-grocery.com\/es\/wp-json\/wp\/v2\/product"}],"about":[{"href":"https:\/\/my-french-grocery.com\/es\/wp-json\/wp\/v2\/types\/product"}],"replies":[{"embeddable":true,"href":"https:\/\/my-french-grocery.com\/es\/wp-json\/wp\/v2\/comments?post=16463"}],"wp:featuredmedia":[{"embeddable":true,"href":"https:\/\/my-french-grocery.com\/es\/wp-json\/wp\/v2\/media\/10136"}],"wp:attachment":[{"href":"https:\/\/my-french-grocery.com\/es\/wp-json\/wp\/v2\/media?parent=16463"}],"wp:term":[{"taxonomy":"pwb-brand","embeddable":true,"href":"https:\/\/my-french-grocery.com\/es\/wp-json\/wp\/v2\/pwb-brand?post=16463"},{"taxonomy":"product_brand","embeddable":true,"href":"https:\/\/my-french-grocery.com\/es\/wp-json\/wp\/v2\/product_brand?post=16463"},{"taxonomy":"product_cat","embeddable":true,"href":"https:\/\/my-french-grocery.com\/es\/wp-json\/wp\/v2\/product_cat?post=16463"},{"taxonomy":"product_tag","embeddable":true,"href":"https:\/\/my-french-grocery.com\/es\/wp-json\/wp\/v2\/product_tag?post=16463"}],"curies":[{"name":"wp","href":"https:\/\/api.w.org\/{rel}","templated":true}]}}