{"id":16467,"date":"2020-06-27T14:57:30","date_gmt":"2020-06-27T12:57:30","guid":{"rendered":"https:\/\/my-french-grocery.com\/product\/desodorante-polinesio-vainilla-ushuaia\/"},"modified":"2024-09-05T09:54:18","modified_gmt":"2024-09-05T07:54:18","slug":"desodorante-polinesio-vainilla-ushuaia","status":"publish","type":"product","link":"https:\/\/my-french-grocery.com\/es\/producto\/desodorante-polinesio-vainilla-ushuaia\/","title":{"rendered":"Desodorante Madagascar Vainilla Ushuaia"},"content":{"rendered":"<p>Desodorante Madagascar Vainilla Ushuaia<\/p>\n<p>Roll-on de 50 ml<\/p>\n<p>Ushuaia, comprometida con la naturaleza desde hace m\u00e1s de 25 a\u00f1os, te ofrece un momento de evasi\u00f3n y placer con sus perlas desodorantes. Antihumedad y antiolor 48 horas. Tus axilas quedan delicadamente perfumadas y protegidas durante 48 horas de los olores y la transpiraci\u00f3n.<\/p>\n","protected":false},"excerpt":{"rendered":"<p>Desodorante Madagascar Vainilla Ushuaia<\/p>\n<p>Roll-on de 50 ml<\/p>\n","protected":false},"featured_media":42067,"comment_status":"open","ping_status":"closed","template":"","meta":[],"pwb-brand":[1932],"product_brand":[],"product_cat":[1669],"product_tag":[1931],"class_list":{"0":"post-16467","1":"product","2":"type-product","3":"status-publish","4":"has-post-thumbnail","6":"pwb-brand-ushuaia-es","7":"product_cat-desodorantes-antitranspirantes","8":"product_tag-ushuaia-es","9":"product_shipping_class-expedicion-mundial","11":"first","12":"instock","13":"taxable","14":"shipping-taxable","15":"purchasable","16":"product-type-simple"},"brands":[{"id":1932,"name":"Ushua\u00efa","slug":"ushuaia-es"}],"_links":{"self":[{"href":"https:\/\/my-french-grocery.com\/es\/wp-json\/wp\/v2\/product\/16467","targetHints":{"allow":["GET"]}}],"collection":[{"href":"https:\/\/my-french-grocery.com\/es\/wp-json\/wp\/v2\/product"}],"about":[{"href":"https:\/\/my-french-grocery.com\/es\/wp-json\/wp\/v2\/types\/product"}],"replies":[{"embeddable":true,"href":"https:\/\/my-french-grocery.com\/es\/wp-json\/wp\/v2\/comments?post=16467"}],"wp:featuredmedia":[{"embeddable":true,"href":"https:\/\/my-french-grocery.com\/es\/wp-json\/wp\/v2\/media\/42067"}],"wp:attachment":[{"href":"https:\/\/my-french-grocery.com\/es\/wp-json\/wp\/v2\/media?parent=16467"}],"wp:term":[{"taxonomy":"pwb-brand","embeddable":true,"href":"https:\/\/my-french-grocery.com\/es\/wp-json\/wp\/v2\/pwb-brand?post=16467"},{"taxonomy":"product_brand","embeddable":true,"href":"https:\/\/my-french-grocery.com\/es\/wp-json\/wp\/v2\/product_brand?post=16467"},{"taxonomy":"product_cat","embeddable":true,"href":"https:\/\/my-french-grocery.com\/es\/wp-json\/wp\/v2\/product_cat?post=16467"},{"taxonomy":"product_tag","embeddable":true,"href":"https:\/\/my-french-grocery.com\/es\/wp-json\/wp\/v2\/product_tag?post=16467"}],"curies":[{"name":"wp","href":"https:\/\/api.w.org\/{rel}","templated":true}]}}