{"id":16472,"date":"2020-06-27T15:19:39","date_gmt":"2020-06-27T13:19:39","guid":{"rendered":"https:\/\/my-french-grocery.com\/product\/desodorante-organico-de-flor-de-naranja-ushuaia\/"},"modified":"2020-06-27T15:19:39","modified_gmt":"2020-06-27T13:19:39","slug":"desodorante-organico-de-flor-de-naranja-ushuaia","status":"publish","type":"product","link":"https:\/\/my-french-grocery.com\/es\/producto\/desodorante-organico-de-flor-de-naranja-ushuaia\/","title":{"rendered":"Desodorante Org\u00e1nico De Flor De Naranja Ushuaia"},"content":{"rendered":"<p>Desodorante Org\u00e1nico De Flor De Naranja Ushuaia<\/p>\n<p>Roll-on de 50 ml<\/p>\n<p><span>Desodorante roll-on certificado org\u00e1nico con Azahar de Marruecos y T\u00fanez, eficaz 48 horas contra los olores.\u00a0<\/span><span>F\u00f3rmula sin alcohol *, ideal para pieles afeitadas.\u00a0<\/span><span>Tu piel permanece suave y protegida todo el d\u00eda<\/span><\/p>\n","protected":false},"excerpt":{"rendered":"<p>Desodorante Org\u00e1nico De Flor De Naranja Ushuaia<\/p>\n<p>Roll-on de 50 ml<\/p>\n","protected":false},"featured_media":38057,"comment_status":"open","ping_status":"closed","template":"","meta":[],"pwb-brand":[1932],"product_brand":[],"product_cat":[1669],"product_tag":[1931],"class_list":{"0":"post-16472","1":"product","2":"type-product","3":"status-publish","4":"has-post-thumbnail","6":"pwb-brand-ushuaia-es","7":"product_cat-desodorantes-antitranspirantes","8":"product_tag-ushuaia-es","9":"product_shipping_class-expedicion-mundial","11":"first","12":"outofstock","13":"taxable","14":"shipping-taxable","15":"purchasable","16":"product-type-simple"},"yoast_head":"<!-- This site is optimized with the Yoast SEO plugin v27.4 - https:\/\/yoast.com\/product\/yoast-seo-wordpress\/ -->\n<title>Desodorante Org\u00e1nico De Flor De Naranja Ushuaia | Comprar En Linea | My French Grocery<\/title>\n<meta name=\"description\" content=\"Desodorante Org\u00e1nico De Flor De Naranja Ushuaia - Roll-on de 50 ml - Desodorante roll-on certificado org\u00e1nico con Azahar de Marruecos y T\u00fanez, eficaz 48 horas contra los olores\" \/>\n<meta name=\"robots\" content=\"index, follow, max-snippet:-1, max-image-preview:large, max-video-preview:-1\" \/>\n<link rel=\"canonical\" href=\"https:\/\/my-french-grocery.com\/es\/producto\/desodorante-organico-de-flor-de-naranja-ushuaia\/\" \/>\n<meta property=\"og:locale\" content=\"es_ES\" \/>\n<meta property=\"og:type\" content=\"article\" \/>\n<meta property=\"og:title\" content=\"Desodorante Org\u00e1nico De Flor De Naranja Ushuaia | Comprar En Linea | My French Grocery\" \/>\n<meta property=\"og:description\" content=\"Desodorante Org\u00e1nico De Flor De Naranja Ushuaia - Roll-on de 50 ml - Desodorante roll-on certificado org\u00e1nico con Azahar de Marruecos y T\u00fanez, eficaz 48 horas contra los olores\" \/>\n<meta property=\"og:url\" content=\"https:\/\/my-french-grocery.com\/es\/producto\/desodorante-organico-de-flor-de-naranja-ushuaia\/\" \/>\n<meta property=\"og:site_name\" content=\"My French Grocery\" \/>\n<meta property=\"article:publisher\" content=\"https:\/\/www.facebook.com\/myfrenchgrocery\/\" \/>\n<meta property=\"og:image\" content=\"https:\/\/my-french-grocery.com\/wp-content\/uploads\/2020\/06\/DEO-ORANGER-BIO-USHUAIA.jpg\" \/>\n\t<meta property=\"og:image:width\" content=\"1500\" \/>\n\t<meta property=\"og:image:height\" content=\"1500\" \/>\n\t<meta property=\"og:image:type\" content=\"image\/jpeg\" \/>\n<meta name=\"twitter:card\" content=\"summary_large_image\" \/>\n<script type=\"application\/ld+json\" class=\"yoast-schema-graph\">{\"@context\":\"https:\\\/\\\/schema.org\",\"@graph\":[{\"@type\":\"WebPage\",\"@id\":\"https:\\\/\\\/my-french-grocery.com\\\/es\\\/producto\\\/desodorante-organico-de-flor-de-naranja-ushuaia\\\/\",\"url\":\"https:\\\/\\\/my-french-grocery.com\\\/es\\\/producto\\\/desodorante-organico-de-flor-de-naranja-ushuaia\\\/\",\"name\":\"Desodorante Org\u00e1nico De Flor De Naranja Ushuaia | Comprar En Linea | My French Grocery\",\"isPartOf\":{\"@id\":\"https:\\\/\\\/my-french-grocery.com\\\/es\\\/#website\"},\"primaryImageOfPage\":{\"@id\":\"https:\\\/\\\/my-french-grocery.com\\\/es\\\/producto\\\/desodorante-organico-de-flor-de-naranja-ushuaia\\\/#primaryimage\"},\"image\":{\"@id\":\"https:\\\/\\\/my-french-grocery.com\\\/es\\\/producto\\\/desodorante-organico-de-flor-de-naranja-ushuaia\\\/#primaryimage\"},\"thumbnailUrl\":\"https:\\\/\\\/my-french-grocery.com\\\/wp-content\\\/uploads\\\/2020\\\/06\\\/5956101-sdeq54w9i0-ecommint.wjpg_.webp\",\"datePublished\":\"2020-06-27T13:19:39+00:00\",\"description\":\"Desodorante Org\u00e1nico De Flor De Naranja Ushuaia - Roll-on de 50 ml - Desodorante roll-on certificado org\u00e1nico con Azahar de Marruecos y T\u00fanez, eficaz 48 horas contra los olores\",\"breadcrumb\":{\"@id\":\"https:\\\/\\\/my-french-grocery.com\\\/es\\\/producto\\\/desodorante-organico-de-flor-de-naranja-ushuaia\\\/#breadcrumb\"},\"inLanguage\":\"es-ES\",\"potentialAction\":[{\"@type\":\"ReadAction\",\"target\":[\"https:\\\/\\\/my-french-grocery.com\\\/es\\\/producto\\\/desodorante-organico-de-flor-de-naranja-ushuaia\\\/\"]}]},{\"@type\":\"ImageObject\",\"inLanguage\":\"es-ES\",\"@id\":\"https:\\\/\\\/my-french-grocery.com\\\/es\\\/producto\\\/desodorante-organico-de-flor-de-naranja-ushuaia\\\/#primaryimage\",\"url\":\"https:\\\/\\\/my-french-grocery.com\\\/wp-content\\\/uploads\\\/2020\\\/06\\\/5956101-sdeq54w9i0-ecommint.wjpg_.webp\",\"contentUrl\":\"https:\\\/\\\/my-french-grocery.com\\\/wp-content\\\/uploads\\\/2020\\\/06\\\/5956101-sdeq54w9i0-ecommint.wjpg_.webp\",\"width\":1048,\"height\":1048},{\"@type\":\"BreadcrumbList\",\"@id\":\"https:\\\/\\\/my-french-grocery.com\\\/es\\\/producto\\\/desodorante-organico-de-flor-de-naranja-ushuaia\\\/#breadcrumb\",\"itemListElement\":[{\"@type\":\"ListItem\",\"position\":1,\"name\":\"Home\",\"item\":\"https:\\\/\\\/my-french-grocery.com\\\/es\\\/tienda-2\\\/\"},{\"@type\":\"ListItem\",\"position\":2,\"name\":\"Shop\",\"item\":\"https:\\\/\\\/my-french-grocery.com\\\/shop\\\/\"},{\"@type\":\"ListItem\",\"position\":3,\"name\":\"cosm\u00e9ticos\",\"item\":\"https:\\\/\\\/my-french-grocery.com\\\/es\\\/categoria-producto\\\/cosmeticos\\\/\"},{\"@type\":\"ListItem\",\"position\":4,\"name\":\"desodorantes &amp; antitranspirantes\",\"item\":\"https:\\\/\\\/my-french-grocery.com\\\/es\\\/categoria-producto\\\/cosmeticos\\\/desodorantes-antitranspirantes\\\/\"},{\"@type\":\"ListItem\",\"position\":5,\"name\":\"Desodorante Org\u00e1nico De Flor De Naranja Ushuaia\"}]},{\"@type\":\"WebSite\",\"@id\":\"https:\\\/\\\/my-french-grocery.com\\\/es\\\/#website\",\"url\":\"https:\\\/\\\/my-french-grocery.com\\\/es\\\/\",\"name\":\"My French Grocery\",\"description\":\"Your Online French Grocery  !\",\"publisher\":{\"@id\":\"https:\\\/\\\/my-french-grocery.com\\\/es\\\/#organization\"},\"potentialAction\":[{\"@type\":\"SearchAction\",\"target\":{\"@type\":\"EntryPoint\",\"urlTemplate\":\"https:\\\/\\\/my-french-grocery.com\\\/es\\\/?s={search_term_string}\"},\"query-input\":{\"@type\":\"PropertyValueSpecification\",\"valueRequired\":true,\"valueName\":\"search_term_string\"}}],\"inLanguage\":\"es-ES\"},{\"@type\":\"Organization\",\"@id\":\"https:\\\/\\\/my-french-grocery.com\\\/es\\\/#organization\",\"name\":\"MY FRENCH GROCERY\",\"url\":\"https:\\\/\\\/my-french-grocery.com\\\/es\\\/\",\"logo\":{\"@type\":\"ImageObject\",\"inLanguage\":\"es-ES\",\"@id\":\"https:\\\/\\\/my-french-grocery.com\\\/es\\\/#\\\/schema\\\/logo\\\/image\\\/\",\"url\":\"https:\\\/\\\/my-french-grocery.com\\\/wp-content\\\/uploads\\\/2021\\\/11\\\/My-French-Grocery-Online-French-Grocery.png\",\"contentUrl\":\"https:\\\/\\\/my-french-grocery.com\\\/wp-content\\\/uploads\\\/2021\\\/11\\\/My-French-Grocery-Online-French-Grocery.png\",\"width\":100,\"height\":100,\"caption\":\"MY FRENCH GROCERY\"},\"image\":{\"@id\":\"https:\\\/\\\/my-french-grocery.com\\\/es\\\/#\\\/schema\\\/logo\\\/image\\\/\"},\"sameAs\":[\"https:\\\/\\\/www.facebook.com\\\/myfrenchgrocery\\\/\"]}]}<\/script>\n<!-- \/ Yoast SEO plugin. -->","yoast_head_json":{"title":"Desodorante Org\u00e1nico De Flor De Naranja Ushuaia | Comprar En Linea | My French Grocery","description":"Desodorante Org\u00e1nico De Flor De Naranja Ushuaia - Roll-on de 50 ml - Desodorante roll-on certificado org\u00e1nico con Azahar de Marruecos y T\u00fanez, eficaz 48 horas contra los olores","robots":{"index":"index","follow":"follow","max-snippet":"max-snippet:-1","max-image-preview":"max-image-preview:large","max-video-preview":"max-video-preview:-1"},"canonical":"https:\/\/my-french-grocery.com\/es\/producto\/desodorante-organico-de-flor-de-naranja-ushuaia\/","og_locale":"es_ES","og_type":"article","og_title":"Desodorante Org\u00e1nico De Flor De Naranja Ushuaia | Comprar En Linea | My French Grocery","og_description":"Desodorante Org\u00e1nico De Flor De Naranja Ushuaia - Roll-on de 50 ml - Desodorante roll-on certificado org\u00e1nico con Azahar de Marruecos y T\u00fanez, eficaz 48 horas contra los olores","og_url":"https:\/\/my-french-grocery.com\/es\/producto\/desodorante-organico-de-flor-de-naranja-ushuaia\/","og_site_name":"My French Grocery","article_publisher":"https:\/\/www.facebook.com\/myfrenchgrocery\/","og_image":[{"width":1500,"height":1500,"url":"https:\/\/my-french-grocery.com\/wp-content\/uploads\/2020\/06\/DEO-ORANGER-BIO-USHUAIA.jpg","type":"image\/jpeg"}],"twitter_card":"summary_large_image","schema":{"@context":"https:\/\/schema.org","@graph":[{"@type":"WebPage","@id":"https:\/\/my-french-grocery.com\/es\/producto\/desodorante-organico-de-flor-de-naranja-ushuaia\/","url":"https:\/\/my-french-grocery.com\/es\/producto\/desodorante-organico-de-flor-de-naranja-ushuaia\/","name":"Desodorante Org\u00e1nico De Flor De Naranja Ushuaia | Comprar En Linea | My French Grocery","isPartOf":{"@id":"https:\/\/my-french-grocery.com\/es\/#website"},"primaryImageOfPage":{"@id":"https:\/\/my-french-grocery.com\/es\/producto\/desodorante-organico-de-flor-de-naranja-ushuaia\/#primaryimage"},"image":{"@id":"https:\/\/my-french-grocery.com\/es\/producto\/desodorante-organico-de-flor-de-naranja-ushuaia\/#primaryimage"},"thumbnailUrl":"https:\/\/my-french-grocery.com\/wp-content\/uploads\/2020\/06\/5956101-sdeq54w9i0-ecommint.wjpg_.webp","datePublished":"2020-06-27T13:19:39+00:00","description":"Desodorante Org\u00e1nico De Flor De Naranja Ushuaia - Roll-on de 50 ml - Desodorante roll-on certificado org\u00e1nico con Azahar de Marruecos y T\u00fanez, eficaz 48 horas contra los olores","breadcrumb":{"@id":"https:\/\/my-french-grocery.com\/es\/producto\/desodorante-organico-de-flor-de-naranja-ushuaia\/#breadcrumb"},"inLanguage":"es-ES","potentialAction":[{"@type":"ReadAction","target":["https:\/\/my-french-grocery.com\/es\/producto\/desodorante-organico-de-flor-de-naranja-ushuaia\/"]}]},{"@type":"ImageObject","inLanguage":"es-ES","@id":"https:\/\/my-french-grocery.com\/es\/producto\/desodorante-organico-de-flor-de-naranja-ushuaia\/#primaryimage","url":"https:\/\/my-french-grocery.com\/wp-content\/uploads\/2020\/06\/5956101-sdeq54w9i0-ecommint.wjpg_.webp","contentUrl":"https:\/\/my-french-grocery.com\/wp-content\/uploads\/2020\/06\/5956101-sdeq54w9i0-ecommint.wjpg_.webp","width":1048,"height":1048},{"@type":"BreadcrumbList","@id":"https:\/\/my-french-grocery.com\/es\/producto\/desodorante-organico-de-flor-de-naranja-ushuaia\/#breadcrumb","itemListElement":[{"@type":"ListItem","position":1,"name":"Home","item":"https:\/\/my-french-grocery.com\/es\/tienda-2\/"},{"@type":"ListItem","position":2,"name":"Shop","item":"https:\/\/my-french-grocery.com\/shop\/"},{"@type":"ListItem","position":3,"name":"cosm\u00e9ticos","item":"https:\/\/my-french-grocery.com\/es\/categoria-producto\/cosmeticos\/"},{"@type":"ListItem","position":4,"name":"desodorantes &amp; antitranspirantes","item":"https:\/\/my-french-grocery.com\/es\/categoria-producto\/cosmeticos\/desodorantes-antitranspirantes\/"},{"@type":"ListItem","position":5,"name":"Desodorante Org\u00e1nico De Flor De Naranja Ushuaia"}]},{"@type":"WebSite","@id":"https:\/\/my-french-grocery.com\/es\/#website","url":"https:\/\/my-french-grocery.com\/es\/","name":"My French Grocery","description":"Your Online French Grocery  !","publisher":{"@id":"https:\/\/my-french-grocery.com\/es\/#organization"},"potentialAction":[{"@type":"SearchAction","target":{"@type":"EntryPoint","urlTemplate":"https:\/\/my-french-grocery.com\/es\/?s={search_term_string}"},"query-input":{"@type":"PropertyValueSpecification","valueRequired":true,"valueName":"search_term_string"}}],"inLanguage":"es-ES"},{"@type":"Organization","@id":"https:\/\/my-french-grocery.com\/es\/#organization","name":"MY FRENCH GROCERY","url":"https:\/\/my-french-grocery.com\/es\/","logo":{"@type":"ImageObject","inLanguage":"es-ES","@id":"https:\/\/my-french-grocery.com\/es\/#\/schema\/logo\/image\/","url":"https:\/\/my-french-grocery.com\/wp-content\/uploads\/2021\/11\/My-French-Grocery-Online-French-Grocery.png","contentUrl":"https:\/\/my-french-grocery.com\/wp-content\/uploads\/2021\/11\/My-French-Grocery-Online-French-Grocery.png","width":100,"height":100,"caption":"MY FRENCH GROCERY"},"image":{"@id":"https:\/\/my-french-grocery.com\/es\/#\/schema\/logo\/image\/"},"sameAs":["https:\/\/www.facebook.com\/myfrenchgrocery\/"]}]}},"brands":[{"id":1932,"name":"Ushua\u00efa","slug":"ushuaia-es"}],"_links":{"self":[{"href":"https:\/\/my-french-grocery.com\/es\/wp-json\/wp\/v2\/product\/16472","targetHints":{"allow":["GET"]}}],"collection":[{"href":"https:\/\/my-french-grocery.com\/es\/wp-json\/wp\/v2\/product"}],"about":[{"href":"https:\/\/my-french-grocery.com\/es\/wp-json\/wp\/v2\/types\/product"}],"replies":[{"embeddable":true,"href":"https:\/\/my-french-grocery.com\/es\/wp-json\/wp\/v2\/comments?post=16472"}],"wp:featuredmedia":[{"embeddable":true,"href":"https:\/\/my-french-grocery.com\/es\/wp-json\/wp\/v2\/media\/38057"}],"wp:attachment":[{"href":"https:\/\/my-french-grocery.com\/es\/wp-json\/wp\/v2\/media?parent=16472"}],"wp:term":[{"taxonomy":"pwb-brand","embeddable":true,"href":"https:\/\/my-french-grocery.com\/es\/wp-json\/wp\/v2\/pwb-brand?post=16472"},{"taxonomy":"product_brand","embeddable":true,"href":"https:\/\/my-french-grocery.com\/es\/wp-json\/wp\/v2\/product_brand?post=16472"},{"taxonomy":"product_cat","embeddable":true,"href":"https:\/\/my-french-grocery.com\/es\/wp-json\/wp\/v2\/product_cat?post=16472"},{"taxonomy":"product_tag","embeddable":true,"href":"https:\/\/my-french-grocery.com\/es\/wp-json\/wp\/v2\/product_tag?post=16472"}],"curies":[{"name":"wp","href":"https:\/\/api.w.org\/{rel}","templated":true}]}}