{"id":16474,"date":"2020-06-27T15:30:04","date_gmt":"2020-06-27T13:30:04","guid":{"rendered":"https:\/\/my-french-grocery.com\/product\/desodorante-pulpa-de-granada-ushuaia\/"},"modified":"2020-06-27T15:30:04","modified_gmt":"2020-06-27T13:30:04","slug":"desodorante-pulpa-de-granada-ushuaia","status":"publish","type":"product","link":"https:\/\/my-french-grocery.com\/es\/producto\/desodorante-pulpa-de-granada-ushuaia\/","title":{"rendered":"Desodorante Pulpa De Granada Ushuaia"},"content":{"rendered":"<p>Desodorante Pulpa De Granada Ushuaia<\/p>\n<p>Spray de 200 ml<\/p>\n<p><span>Ushuaia Research ha seleccionado pulpa de granada con virtudes energizantes, y la ha asociado con una potente f\u00f3rmula para crear el desodorante con pulpa de granada de las Azores, eficaz durante 24 horas y anti-marcas.\u00a0<\/span><span>Est\u00e1s protegido todo el d\u00eda contra los efectos de la transpiraci\u00f3n, respetando tu piel.<\/span><\/p>\n","protected":false},"excerpt":{"rendered":"<p>Desodorante Pulpa De Granada Ushuaia<\/p>\n<p>Spray de 200 ml<\/p>\n","protected":false},"featured_media":48999,"comment_status":"open","ping_status":"closed","template":"","meta":[],"pwb-brand":[1932],"product_brand":[],"product_cat":[1669],"product_tag":[1931],"class_list":{"0":"post-16474","1":"product","2":"type-product","3":"status-publish","4":"has-post-thumbnail","6":"pwb-brand-ushuaia-es","7":"product_cat-desodorantes-antitranspirantes","8":"product_tag-ushuaia-es","9":"product_shipping_class-expedicion-mundial","11":"first","12":"instock","13":"taxable","14":"shipping-taxable","15":"purchasable","16":"product-type-simple"},"brands":[{"id":1932,"name":"Ushua\u00efa","slug":"ushuaia-es"}],"_links":{"self":[{"href":"https:\/\/my-french-grocery.com\/es\/wp-json\/wp\/v2\/product\/16474","targetHints":{"allow":["GET"]}}],"collection":[{"href":"https:\/\/my-french-grocery.com\/es\/wp-json\/wp\/v2\/product"}],"about":[{"href":"https:\/\/my-french-grocery.com\/es\/wp-json\/wp\/v2\/types\/product"}],"replies":[{"embeddable":true,"href":"https:\/\/my-french-grocery.com\/es\/wp-json\/wp\/v2\/comments?post=16474"}],"wp:featuredmedia":[{"embeddable":true,"href":"https:\/\/my-french-grocery.com\/es\/wp-json\/wp\/v2\/media\/48999"}],"wp:attachment":[{"href":"https:\/\/my-french-grocery.com\/es\/wp-json\/wp\/v2\/media?parent=16474"}],"wp:term":[{"taxonomy":"pwb-brand","embeddable":true,"href":"https:\/\/my-french-grocery.com\/es\/wp-json\/wp\/v2\/pwb-brand?post=16474"},{"taxonomy":"product_brand","embeddable":true,"href":"https:\/\/my-french-grocery.com\/es\/wp-json\/wp\/v2\/product_brand?post=16474"},{"taxonomy":"product_cat","embeddable":true,"href":"https:\/\/my-french-grocery.com\/es\/wp-json\/wp\/v2\/product_cat?post=16474"},{"taxonomy":"product_tag","embeddable":true,"href":"https:\/\/my-french-grocery.com\/es\/wp-json\/wp\/v2\/product_tag?post=16474"}],"curies":[{"name":"wp","href":"https:\/\/api.w.org\/{rel}","templated":true}]}}