{"id":16475,"date":"2020-06-27T15:33:42","date_gmt":"2020-06-27T13:33:42","guid":{"rendered":"https:\/\/my-french-grocery.com\/product\/desodorante-flor-de-vainilla-ushuaia\/"},"modified":"2024-09-01T11:14:01","modified_gmt":"2024-09-01T09:14:01","slug":"desodorante-flor-de-vainilla-ushuaia","status":"publish","type":"product","link":"https:\/\/my-french-grocery.com\/es\/producto\/desodorante-flor-de-vainilla-ushuaia\/","title":{"rendered":"Desodorante Flor De Vainilla Ushuaia"},"content":{"rendered":"<p>Desodorante Flor De Vainilla Ushuaia<\/p>\n<p>Spray de 200 ml<\/p>\n<p>Ushuaia, comprometida con la naturaleza desde hace m\u00e1s de 25 a\u00f1os, te ofrece un momento de evasi\u00f3n y placer con sus desodorantes eficaces y antimarcas de 48 horas. Benef\u00edciate de una protecci\u00f3n durante todo el d\u00eda contra los efectos de la transpiraci\u00f3n, con un respeto \u00f3ptimo por tu piel.<\/p>\n","protected":false},"excerpt":{"rendered":"<p>Desodorante Flor De Vainilla Ushuaia<\/p>\n<p>Spray de 200 ml<\/p>\n","protected":false},"featured_media":41989,"comment_status":"open","ping_status":"closed","template":"","meta":[],"pwb-brand":[1932],"product_brand":[],"product_cat":[1669],"product_tag":[1931],"class_list":{"0":"post-16475","1":"product","2":"type-product","3":"status-publish","4":"has-post-thumbnail","6":"pwb-brand-ushuaia-es","7":"product_cat-desodorantes-antitranspirantes","8":"product_tag-ushuaia-es","9":"product_shipping_class-expedicion-mundial","11":"first","12":"instock","13":"taxable","14":"shipping-taxable","15":"purchasable","16":"product-type-simple"},"yoast_head":"<!-- This site is optimized with the Yoast SEO plugin v27.4 - https:\/\/yoast.com\/product\/yoast-seo-wordpress\/ -->\n<title>Desodorante Flor De Vainilla Ushuaia | Comprar En Linea | My French Grocery<\/title>\n<meta name=\"description\" content=\"Desodorante Flor De Vainilla Ushuaia - Spray de 200 ml - Ushuaia Research ha seleccionado Vainilla y la ha asociado con una potente f\u00f3rmula para crear el Desodorante Ushuaia con Vainilla Polinesia, eficaz durante 24 horas y antihuellas.\" \/>\n<meta name=\"robots\" content=\"index, follow, max-snippet:-1, max-image-preview:large, max-video-preview:-1\" \/>\n<link rel=\"canonical\" href=\"https:\/\/my-french-grocery.com\/es\/producto\/desodorante-flor-de-vainilla-ushuaia\/\" \/>\n<meta property=\"og:locale\" content=\"es_ES\" \/>\n<meta property=\"og:type\" content=\"article\" \/>\n<meta property=\"og:title\" content=\"Desodorante Flor De Vainilla Ushuaia | Comprar En Linea | My French Grocery\" \/>\n<meta property=\"og:description\" content=\"Desodorante Flor De Vainilla Ushuaia - Spray de 200 ml - Ushuaia Research ha seleccionado Vainilla y la ha asociado con una potente f\u00f3rmula para crear el Desodorante Ushuaia con Vainilla Polinesia, eficaz durante 24 horas y antihuellas.\" \/>\n<meta property=\"og:url\" content=\"https:\/\/my-french-grocery.com\/es\/producto\/desodorante-flor-de-vainilla-ushuaia\/\" \/>\n<meta property=\"og:site_name\" content=\"My French Grocery\" \/>\n<meta property=\"article:publisher\" content=\"https:\/\/www.facebook.com\/myfrenchgrocery\/\" \/>\n<meta property=\"article:modified_time\" content=\"2024-09-01T09:14:01+00:00\" \/>\n<meta property=\"og:image\" content=\"https:\/\/my-french-grocery.com\/wp-content\/uploads\/2020\/06\/Vanilla-Flower-Deodorant-Ushuaia.webp\" \/>\n\t<meta property=\"og:image:width\" content=\"1500\" \/>\n\t<meta property=\"og:image:height\" content=\"1500\" \/>\n\t<meta property=\"og:image:type\" content=\"image\/webp\" \/>\n<meta name=\"twitter:card\" content=\"summary_large_image\" \/>\n<script type=\"application\/ld+json\" class=\"yoast-schema-graph\">{\"@context\":\"https:\\\/\\\/schema.org\",\"@graph\":[{\"@type\":\"WebPage\",\"@id\":\"https:\\\/\\\/my-french-grocery.com\\\/es\\\/producto\\\/desodorante-flor-de-vainilla-ushuaia\\\/\",\"url\":\"https:\\\/\\\/my-french-grocery.com\\\/es\\\/producto\\\/desodorante-flor-de-vainilla-ushuaia\\\/\",\"name\":\"Desodorante Flor De Vainilla Ushuaia | Comprar En Linea | My French Grocery\",\"isPartOf\":{\"@id\":\"https:\\\/\\\/my-french-grocery.com\\\/es\\\/#website\"},\"primaryImageOfPage\":{\"@id\":\"https:\\\/\\\/my-french-grocery.com\\\/es\\\/producto\\\/desodorante-flor-de-vainilla-ushuaia\\\/#primaryimage\"},\"image\":{\"@id\":\"https:\\\/\\\/my-french-grocery.com\\\/es\\\/producto\\\/desodorante-flor-de-vainilla-ushuaia\\\/#primaryimage\"},\"thumbnailUrl\":\"https:\\\/\\\/my-french-grocery.com\\\/wp-content\\\/uploads\\\/2020\\\/06\\\/Vanilla-Flower-Deodorant-Ushuaia.webp\",\"datePublished\":\"2020-06-27T13:33:42+00:00\",\"dateModified\":\"2024-09-01T09:14:01+00:00\",\"description\":\"Desodorante Flor De Vainilla Ushuaia - Spray de 200 ml - Ushuaia Research ha seleccionado Vainilla y la ha asociado con una potente f\u00f3rmula para crear el Desodorante Ushuaia con Vainilla Polinesia, eficaz durante 24 horas y antihuellas.\",\"breadcrumb\":{\"@id\":\"https:\\\/\\\/my-french-grocery.com\\\/es\\\/producto\\\/desodorante-flor-de-vainilla-ushuaia\\\/#breadcrumb\"},\"inLanguage\":\"es-ES\",\"potentialAction\":[{\"@type\":\"ReadAction\",\"target\":[\"https:\\\/\\\/my-french-grocery.com\\\/es\\\/producto\\\/desodorante-flor-de-vainilla-ushuaia\\\/\"]}]},{\"@type\":\"ImageObject\",\"inLanguage\":\"es-ES\",\"@id\":\"https:\\\/\\\/my-french-grocery.com\\\/es\\\/producto\\\/desodorante-flor-de-vainilla-ushuaia\\\/#primaryimage\",\"url\":\"https:\\\/\\\/my-french-grocery.com\\\/wp-content\\\/uploads\\\/2020\\\/06\\\/Vanilla-Flower-Deodorant-Ushuaia.webp\",\"contentUrl\":\"https:\\\/\\\/my-french-grocery.com\\\/wp-content\\\/uploads\\\/2020\\\/06\\\/Vanilla-Flower-Deodorant-Ushuaia.webp\",\"width\":1500,\"height\":1500},{\"@type\":\"BreadcrumbList\",\"@id\":\"https:\\\/\\\/my-french-grocery.com\\\/es\\\/producto\\\/desodorante-flor-de-vainilla-ushuaia\\\/#breadcrumb\",\"itemListElement\":[{\"@type\":\"ListItem\",\"position\":1,\"name\":\"Home\",\"item\":\"https:\\\/\\\/my-french-grocery.com\\\/es\\\/tienda-2\\\/\"},{\"@type\":\"ListItem\",\"position\":2,\"name\":\"Shop\",\"item\":\"https:\\\/\\\/my-french-grocery.com\\\/shop\\\/\"},{\"@type\":\"ListItem\",\"position\":3,\"name\":\"cosm\u00e9ticos\",\"item\":\"https:\\\/\\\/my-french-grocery.com\\\/es\\\/categoria-producto\\\/cosmeticos\\\/\"},{\"@type\":\"ListItem\",\"position\":4,\"name\":\"desodorantes &amp; antitranspirantes\",\"item\":\"https:\\\/\\\/my-french-grocery.com\\\/es\\\/categoria-producto\\\/cosmeticos\\\/desodorantes-antitranspirantes\\\/\"},{\"@type\":\"ListItem\",\"position\":5,\"name\":\"Desodorante Flor De Vainilla Ushuaia\"}]},{\"@type\":\"WebSite\",\"@id\":\"https:\\\/\\\/my-french-grocery.com\\\/es\\\/#website\",\"url\":\"https:\\\/\\\/my-french-grocery.com\\\/es\\\/\",\"name\":\"My French Grocery\",\"description\":\"Your Online French Grocery  !\",\"publisher\":{\"@id\":\"https:\\\/\\\/my-french-grocery.com\\\/es\\\/#organization\"},\"potentialAction\":[{\"@type\":\"SearchAction\",\"target\":{\"@type\":\"EntryPoint\",\"urlTemplate\":\"https:\\\/\\\/my-french-grocery.com\\\/es\\\/?s={search_term_string}\"},\"query-input\":{\"@type\":\"PropertyValueSpecification\",\"valueRequired\":true,\"valueName\":\"search_term_string\"}}],\"inLanguage\":\"es-ES\"},{\"@type\":\"Organization\",\"@id\":\"https:\\\/\\\/my-french-grocery.com\\\/es\\\/#organization\",\"name\":\"MY FRENCH GROCERY\",\"url\":\"https:\\\/\\\/my-french-grocery.com\\\/es\\\/\",\"logo\":{\"@type\":\"ImageObject\",\"inLanguage\":\"es-ES\",\"@id\":\"https:\\\/\\\/my-french-grocery.com\\\/es\\\/#\\\/schema\\\/logo\\\/image\\\/\",\"url\":\"https:\\\/\\\/my-french-grocery.com\\\/wp-content\\\/uploads\\\/2021\\\/11\\\/My-French-Grocery-Online-French-Grocery.png\",\"contentUrl\":\"https:\\\/\\\/my-french-grocery.com\\\/wp-content\\\/uploads\\\/2021\\\/11\\\/My-French-Grocery-Online-French-Grocery.png\",\"width\":100,\"height\":100,\"caption\":\"MY FRENCH GROCERY\"},\"image\":{\"@id\":\"https:\\\/\\\/my-french-grocery.com\\\/es\\\/#\\\/schema\\\/logo\\\/image\\\/\"},\"sameAs\":[\"https:\\\/\\\/www.facebook.com\\\/myfrenchgrocery\\\/\"]}]}<\/script>\n<!-- \/ Yoast SEO plugin. -->","yoast_head_json":{"title":"Desodorante Flor De Vainilla Ushuaia | Comprar En Linea | My French Grocery","description":"Desodorante Flor De Vainilla Ushuaia - Spray de 200 ml - Ushuaia Research ha seleccionado Vainilla y la ha asociado con una potente f\u00f3rmula para crear el Desodorante Ushuaia con Vainilla Polinesia, eficaz durante 24 horas y antihuellas.","robots":{"index":"index","follow":"follow","max-snippet":"max-snippet:-1","max-image-preview":"max-image-preview:large","max-video-preview":"max-video-preview:-1"},"canonical":"https:\/\/my-french-grocery.com\/es\/producto\/desodorante-flor-de-vainilla-ushuaia\/","og_locale":"es_ES","og_type":"article","og_title":"Desodorante Flor De Vainilla Ushuaia | Comprar En Linea | My French Grocery","og_description":"Desodorante Flor De Vainilla Ushuaia - Spray de 200 ml - Ushuaia Research ha seleccionado Vainilla y la ha asociado con una potente f\u00f3rmula para crear el Desodorante Ushuaia con Vainilla Polinesia, eficaz durante 24 horas y antihuellas.","og_url":"https:\/\/my-french-grocery.com\/es\/producto\/desodorante-flor-de-vainilla-ushuaia\/","og_site_name":"My French Grocery","article_publisher":"https:\/\/www.facebook.com\/myfrenchgrocery\/","article_modified_time":"2024-09-01T09:14:01+00:00","og_image":[{"width":1500,"height":1500,"url":"https:\/\/my-french-grocery.com\/wp-content\/uploads\/2020\/06\/Vanilla-Flower-Deodorant-Ushuaia.webp","type":"image\/webp"}],"twitter_card":"summary_large_image","schema":{"@context":"https:\/\/schema.org","@graph":[{"@type":"WebPage","@id":"https:\/\/my-french-grocery.com\/es\/producto\/desodorante-flor-de-vainilla-ushuaia\/","url":"https:\/\/my-french-grocery.com\/es\/producto\/desodorante-flor-de-vainilla-ushuaia\/","name":"Desodorante Flor De Vainilla Ushuaia | Comprar En Linea | My French Grocery","isPartOf":{"@id":"https:\/\/my-french-grocery.com\/es\/#website"},"primaryImageOfPage":{"@id":"https:\/\/my-french-grocery.com\/es\/producto\/desodorante-flor-de-vainilla-ushuaia\/#primaryimage"},"image":{"@id":"https:\/\/my-french-grocery.com\/es\/producto\/desodorante-flor-de-vainilla-ushuaia\/#primaryimage"},"thumbnailUrl":"https:\/\/my-french-grocery.com\/wp-content\/uploads\/2020\/06\/Vanilla-Flower-Deodorant-Ushuaia.webp","datePublished":"2020-06-27T13:33:42+00:00","dateModified":"2024-09-01T09:14:01+00:00","description":"Desodorante Flor De Vainilla Ushuaia - Spray de 200 ml - Ushuaia Research ha seleccionado Vainilla y la ha asociado con una potente f\u00f3rmula para crear el Desodorante Ushuaia con Vainilla Polinesia, eficaz durante 24 horas y antihuellas.","breadcrumb":{"@id":"https:\/\/my-french-grocery.com\/es\/producto\/desodorante-flor-de-vainilla-ushuaia\/#breadcrumb"},"inLanguage":"es-ES","potentialAction":[{"@type":"ReadAction","target":["https:\/\/my-french-grocery.com\/es\/producto\/desodorante-flor-de-vainilla-ushuaia\/"]}]},{"@type":"ImageObject","inLanguage":"es-ES","@id":"https:\/\/my-french-grocery.com\/es\/producto\/desodorante-flor-de-vainilla-ushuaia\/#primaryimage","url":"https:\/\/my-french-grocery.com\/wp-content\/uploads\/2020\/06\/Vanilla-Flower-Deodorant-Ushuaia.webp","contentUrl":"https:\/\/my-french-grocery.com\/wp-content\/uploads\/2020\/06\/Vanilla-Flower-Deodorant-Ushuaia.webp","width":1500,"height":1500},{"@type":"BreadcrumbList","@id":"https:\/\/my-french-grocery.com\/es\/producto\/desodorante-flor-de-vainilla-ushuaia\/#breadcrumb","itemListElement":[{"@type":"ListItem","position":1,"name":"Home","item":"https:\/\/my-french-grocery.com\/es\/tienda-2\/"},{"@type":"ListItem","position":2,"name":"Shop","item":"https:\/\/my-french-grocery.com\/shop\/"},{"@type":"ListItem","position":3,"name":"cosm\u00e9ticos","item":"https:\/\/my-french-grocery.com\/es\/categoria-producto\/cosmeticos\/"},{"@type":"ListItem","position":4,"name":"desodorantes &amp; antitranspirantes","item":"https:\/\/my-french-grocery.com\/es\/categoria-producto\/cosmeticos\/desodorantes-antitranspirantes\/"},{"@type":"ListItem","position":5,"name":"Desodorante Flor De Vainilla Ushuaia"}]},{"@type":"WebSite","@id":"https:\/\/my-french-grocery.com\/es\/#website","url":"https:\/\/my-french-grocery.com\/es\/","name":"My French Grocery","description":"Your Online French Grocery  !","publisher":{"@id":"https:\/\/my-french-grocery.com\/es\/#organization"},"potentialAction":[{"@type":"SearchAction","target":{"@type":"EntryPoint","urlTemplate":"https:\/\/my-french-grocery.com\/es\/?s={search_term_string}"},"query-input":{"@type":"PropertyValueSpecification","valueRequired":true,"valueName":"search_term_string"}}],"inLanguage":"es-ES"},{"@type":"Organization","@id":"https:\/\/my-french-grocery.com\/es\/#organization","name":"MY FRENCH GROCERY","url":"https:\/\/my-french-grocery.com\/es\/","logo":{"@type":"ImageObject","inLanguage":"es-ES","@id":"https:\/\/my-french-grocery.com\/es\/#\/schema\/logo\/image\/","url":"https:\/\/my-french-grocery.com\/wp-content\/uploads\/2021\/11\/My-French-Grocery-Online-French-Grocery.png","contentUrl":"https:\/\/my-french-grocery.com\/wp-content\/uploads\/2021\/11\/My-French-Grocery-Online-French-Grocery.png","width":100,"height":100,"caption":"MY FRENCH GROCERY"},"image":{"@id":"https:\/\/my-french-grocery.com\/es\/#\/schema\/logo\/image\/"},"sameAs":["https:\/\/www.facebook.com\/myfrenchgrocery\/"]}]}},"brands":[{"id":1932,"name":"Ushua\u00efa","slug":"ushuaia-es"}],"_links":{"self":[{"href":"https:\/\/my-french-grocery.com\/es\/wp-json\/wp\/v2\/product\/16475","targetHints":{"allow":["GET"]}}],"collection":[{"href":"https:\/\/my-french-grocery.com\/es\/wp-json\/wp\/v2\/product"}],"about":[{"href":"https:\/\/my-french-grocery.com\/es\/wp-json\/wp\/v2\/types\/product"}],"replies":[{"embeddable":true,"href":"https:\/\/my-french-grocery.com\/es\/wp-json\/wp\/v2\/comments?post=16475"}],"wp:featuredmedia":[{"embeddable":true,"href":"https:\/\/my-french-grocery.com\/es\/wp-json\/wp\/v2\/media\/41989"}],"wp:attachment":[{"href":"https:\/\/my-french-grocery.com\/es\/wp-json\/wp\/v2\/media?parent=16475"}],"wp:term":[{"taxonomy":"pwb-brand","embeddable":true,"href":"https:\/\/my-french-grocery.com\/es\/wp-json\/wp\/v2\/pwb-brand?post=16475"},{"taxonomy":"product_brand","embeddable":true,"href":"https:\/\/my-french-grocery.com\/es\/wp-json\/wp\/v2\/product_brand?post=16475"},{"taxonomy":"product_cat","embeddable":true,"href":"https:\/\/my-french-grocery.com\/es\/wp-json\/wp\/v2\/product_cat?post=16475"},{"taxonomy":"product_tag","embeddable":true,"href":"https:\/\/my-french-grocery.com\/es\/wp-json\/wp\/v2\/product_tag?post=16475"}],"curies":[{"name":"wp","href":"https:\/\/api.w.org\/{rel}","templated":true}]}}