{"id":16636,"date":"2021-05-17T16:05:46","date_gmt":"2021-05-17T14:05:46","guid":{"rendered":"https:\/\/my-french-grocery.com\/?post_type=product&#038;p=16636"},"modified":"2021-05-17T16:12:04","modified_gmt":"2021-05-17T14:12:04","slug":"desodorante-comprimido-flor-de-loto-leche-monsavon","status":"publish","type":"product","link":"https:\/\/my-french-grocery.com\/es\/producto\/desodorante-comprimido-flor-de-loto-leche-monsavon\/","title":{"rendered":"Desodorante Comprimido Flor De Loto &#038; Leche Monsavon"},"content":{"rendered":"<p>Desodorante Comprimido Flor De Loto & Leche Monsavon<\/p>\n<p>Spray de 100 ml<\/p>\n<p>El desodorante en aerosol para mujer Monsavon Lotus Flower Presque Divine combina la protecci\u00f3n desodorante las 24 horas con el delicado aroma de la flor de loto, para brindarle una agradable sensaci\u00f3n de frescura durante todo el d\u00eda.\u00a0Con su f\u00f3rmula de piedra de alumbre, conocida por sus propiedades desodorantes, el desodorante en aerosol para mujer Monsavon Lotus Flower protege tus axilas mientras las cuida.<\/p>\n","protected":false},"excerpt":{"rendered":"<p>Desodorante Comprimido Flor De Loto &amp; Leche Monsavon<\/p>\n<p>Spray de 100 ml<\/p>\n","protected":false},"featured_media":36685,"comment_status":"open","ping_status":"closed","template":"","meta":[],"pwb-brand":[2054],"product_brand":[],"product_cat":[1669],"product_tag":[1755,2067],"class_list":{"0":"post-16636","1":"product","2":"type-product","3":"status-publish","4":"has-post-thumbnail","6":"pwb-brand-monsavon-es","7":"product_cat-desodorantes-antitranspirantes","8":"product_tag-desodorante","9":"product_tag-monsavon-es","10":"product_shipping_class-expedicion-mundial","12":"first","13":"instock","14":"taxable","15":"shipping-taxable","16":"purchasable","17":"product-type-simple"},"brands":[{"id":2054,"name":"Monsavon","slug":"monsavon-es"}],"_links":{"self":[{"href":"https:\/\/my-french-grocery.com\/es\/wp-json\/wp\/v2\/product\/16636","targetHints":{"allow":["GET"]}}],"collection":[{"href":"https:\/\/my-french-grocery.com\/es\/wp-json\/wp\/v2\/product"}],"about":[{"href":"https:\/\/my-french-grocery.com\/es\/wp-json\/wp\/v2\/types\/product"}],"replies":[{"embeddable":true,"href":"https:\/\/my-french-grocery.com\/es\/wp-json\/wp\/v2\/comments?post=16636"}],"wp:featuredmedia":[{"embeddable":true,"href":"https:\/\/my-french-grocery.com\/es\/wp-json\/wp\/v2\/media\/36685"}],"wp:attachment":[{"href":"https:\/\/my-french-grocery.com\/es\/wp-json\/wp\/v2\/media?parent=16636"}],"wp:term":[{"taxonomy":"pwb-brand","embeddable":true,"href":"https:\/\/my-french-grocery.com\/es\/wp-json\/wp\/v2\/pwb-brand?post=16636"},{"taxonomy":"product_brand","embeddable":true,"href":"https:\/\/my-french-grocery.com\/es\/wp-json\/wp\/v2\/product_brand?post=16636"},{"taxonomy":"product_cat","embeddable":true,"href":"https:\/\/my-french-grocery.com\/es\/wp-json\/wp\/v2\/product_cat?post=16636"},{"taxonomy":"product_tag","embeddable":true,"href":"https:\/\/my-french-grocery.com\/es\/wp-json\/wp\/v2\/product_tag?post=16636"}],"curies":[{"name":"wp","href":"https:\/\/api.w.org\/{rel}","templated":true}]}}