{"id":16663,"date":"2021-05-17T16:42:04","date_gmt":"2021-05-17T14:42:04","guid":{"rendered":"https:\/\/my-french-grocery.com\/?post_type=product&#038;p=16663"},"modified":"2021-05-17T16:51:29","modified_gmt":"2021-05-17T14:51:29","slug":"desodorante-organico-de-aloe-vera-vainilla-monsavon","status":"publish","type":"product","link":"https:\/\/my-french-grocery.com\/es\/producto\/desodorante-organico-de-aloe-vera-vainilla-monsavon\/","title":{"rendered":"Desodorante Org\u00e1nico De Aloe Vera &#038; Vainilla Monsavon"},"content":{"rendered":"<p>Desodorante Org\u00e1nico De Aloe Vera & Vainilla Monsavon<\/p>\n<p>Roll-on de 50 ml<\/p>\n<p><span>Formulado sin alcohol, el desodorante Monsavon BIO Aloe Vera Vanilla combina una protecci\u00f3n desodorante eficaz con una fragancia dulce, todo en un formato roll-on.\u00a0<\/span><span>Di s\u00ed a la frescura y al buen humor con este desodorante roll-on.\u00a0<\/span><span>Este desodorante est\u00e1 certificado por COSMOS ORGANIC por ECOCERT y su f\u00f3rmula est\u00e1 testada dermatol\u00f3gicamente.\u00a0<\/span><\/p>\n","protected":false},"excerpt":{"rendered":"<p>Desodorante Org\u00e1nico De Aloe Vera &amp; Vainilla Monsavon<\/p>\n<p>Roll-on de 50 ml<\/p>\n","protected":false},"featured_media":16670,"comment_status":"open","ping_status":"closed","template":"","meta":[],"pwb-brand":[2054],"product_brand":[],"product_cat":[1669],"product_tag":[1755,2067],"class_list":{"0":"post-16663","1":"product","2":"type-product","3":"status-publish","4":"has-post-thumbnail","6":"pwb-brand-monsavon-es","7":"product_cat-desodorantes-antitranspirantes","8":"product_tag-desodorante","9":"product_tag-monsavon-es","10":"product_shipping_class-expedicion-mundial","12":"first","13":"outofstock","14":"taxable","15":"shipping-taxable","16":"purchasable","17":"product-type-simple"},"brands":[{"id":2054,"name":"Monsavon","slug":"monsavon-es"}],"_links":{"self":[{"href":"https:\/\/my-french-grocery.com\/es\/wp-json\/wp\/v2\/product\/16663","targetHints":{"allow":["GET"]}}],"collection":[{"href":"https:\/\/my-french-grocery.com\/es\/wp-json\/wp\/v2\/product"}],"about":[{"href":"https:\/\/my-french-grocery.com\/es\/wp-json\/wp\/v2\/types\/product"}],"replies":[{"embeddable":true,"href":"https:\/\/my-french-grocery.com\/es\/wp-json\/wp\/v2\/comments?post=16663"}],"wp:featuredmedia":[{"embeddable":true,"href":"https:\/\/my-french-grocery.com\/es\/wp-json\/wp\/v2\/media\/16670"}],"wp:attachment":[{"href":"https:\/\/my-french-grocery.com\/es\/wp-json\/wp\/v2\/media?parent=16663"}],"wp:term":[{"taxonomy":"pwb-brand","embeddable":true,"href":"https:\/\/my-french-grocery.com\/es\/wp-json\/wp\/v2\/pwb-brand?post=16663"},{"taxonomy":"product_brand","embeddable":true,"href":"https:\/\/my-french-grocery.com\/es\/wp-json\/wp\/v2\/product_brand?post=16663"},{"taxonomy":"product_cat","embeddable":true,"href":"https:\/\/my-french-grocery.com\/es\/wp-json\/wp\/v2\/product_cat?post=16663"},{"taxonomy":"product_tag","embeddable":true,"href":"https:\/\/my-french-grocery.com\/es\/wp-json\/wp\/v2\/product_tag?post=16663"}],"curies":[{"name":"wp","href":"https:\/\/api.w.org\/{rel}","templated":true}]}}