{"id":16826,"date":"2021-05-21T17:54:35","date_gmt":"2021-05-21T15:54:35","guid":{"rendered":"https:\/\/my-french-grocery.com\/?post_type=product&#038;p=16826"},"modified":"2021-05-25T15:10:06","modified_gmt":"2021-05-25T13:10:06","slug":"fideos-instantaneos-banzai-pollo-teriyaki-lustucru","status":"publish","type":"product","link":"https:\/\/my-french-grocery.com\/es\/producto\/fideos-instantaneos-banzai-pollo-teriyaki-lustucru\/","title":{"rendered":"Fideos Instant\u00e1neos Banza\u00ef Pollo Teriyaki  Lustucru"},"content":{"rendered":"<p>Fideos Instant\u00e1neos Banza\u00ef Pollo Teriyaki Lustucru<\/p>\n<p>Tarro de 60g<\/p>\n<div class=\"secondary-details__description\">\n<div class=\"secondary-details__description\">\n<div class=\"secondary-details__description\">\n<p class=\"paragraph\">Date un capricho con esta receta de sabor a Pollo Teriyaki BANZA\u00cf NOODLE<\/p>\n<\/div>\n<div id=\"data-recommandation-zone-2\" class=\"secondary-details-cross-sell\">\n<div class=\"recommendations recommendations\" data-zone=\"2\"><\/div>\n<\/div>\n<\/div>\n<div id=\"data-recommandation-zone-2\" class=\"secondary-details-cross-sell\">\n<div class=\"recommendations recommendations\" data-zone=\"2\"><\/div>\n<\/div>\n<\/div>\n<div id=\"data-recommandation-zone-2\" class=\"secondary-details-cross-sell\">\n<div class=\"recommendations recommendations\" data-zone=\"2\"><\/div>\n<\/div>\n","protected":false},"excerpt":{"rendered":"<p>Fideos Instant\u00e1neos Banza\u00ef Pollo Teriyaki Lustucru<\/p>\n<p>Tarro de 60g<\/p>\n<p>&nbsp;<\/p>\n","protected":false},"featured_media":16833,"comment_status":"open","ping_status":"closed","template":"","meta":[],"pwb-brand":[2091],"product_brand":[],"product_cat":[1920],"product_tag":[2090],"class_list":{"0":"post-16826","1":"product","2":"type-product","3":"status-publish","4":"has-post-thumbnail","6":"pwb-brand-lustucru-es-2","7":"product_cat-pastas-arroz-pures-granos","8":"product_tag-fideos-instantaneos-banzai","9":"product_shipping_class-expedicion-mundial","11":"first","12":"outofstock","13":"taxable","14":"shipping-taxable","15":"purchasable","16":"product-type-simple"},"yoast_head":"<!-- This site is optimized with the Yoast SEO plugin v27.3 - https:\/\/yoast.com\/product\/yoast-seo-wordpress\/ -->\n<title>Fideos Instant\u00e1neos Banza\u00ef Pollo Teriyaki Lustucru | Comprar En Linea | My French Grocery<\/title>\n<meta name=\"description\" content=\"Fideos Instant\u00e1neos Banza\u00ef Pollo Teriyaki Lustucru - Tarro de 60g - Date un capricho con esta receta de sabor a Pollo Teriyaki BANZA\u00cf NOODLE\" \/>\n<meta name=\"robots\" content=\"index, follow, max-snippet:-1, max-image-preview:large, max-video-preview:-1\" \/>\n<link rel=\"canonical\" href=\"https:\/\/my-french-grocery.com\/es\/producto\/fideos-instantaneos-banzai-pollo-teriyaki-lustucru\/\" \/>\n<meta property=\"og:locale\" content=\"es_ES\" \/>\n<meta property=\"og:type\" content=\"article\" \/>\n<meta property=\"og:title\" content=\"Fideos Instant\u00e1neos Banza\u00ef Pollo Teriyaki Lustucru | Comprar En Linea | My French Grocery\" \/>\n<meta property=\"og:description\" content=\"Fideos Instant\u00e1neos Banza\u00ef Pollo Teriyaki Lustucru - Tarro de 60g - Date un capricho con esta receta de sabor a Pollo Teriyaki BANZA\u00cf NOODLE\" \/>\n<meta property=\"og:url\" content=\"https:\/\/my-french-grocery.com\/es\/producto\/fideos-instantaneos-banzai-pollo-teriyaki-lustucru\/\" \/>\n<meta property=\"og:site_name\" content=\"My French Grocery\" \/>\n<meta property=\"article:publisher\" content=\"https:\/\/www.facebook.com\/myfrenchgrocery\/\" \/>\n<meta property=\"article:modified_time\" content=\"2021-05-25T13:10:06+00:00\" \/>\n<meta property=\"og:image\" content=\"https:\/\/my-french-grocery.com\/wp-content\/uploads\/2021\/05\/Banzai-Noodle-Chicken-teriyaki.jpg\" \/>\n\t<meta property=\"og:image:width\" content=\"1500\" \/>\n\t<meta property=\"og:image:height\" content=\"1500\" \/>\n\t<meta property=\"og:image:type\" content=\"image\/jpeg\" \/>\n<meta name=\"twitter:card\" content=\"summary_large_image\" \/>\n<script type=\"application\/ld+json\" class=\"yoast-schema-graph\">{\"@context\":\"https:\\\/\\\/schema.org\",\"@graph\":[{\"@type\":\"WebPage\",\"@id\":\"https:\\\/\\\/my-french-grocery.com\\\/es\\\/producto\\\/fideos-instantaneos-banzai-pollo-teriyaki-lustucru\\\/\",\"url\":\"https:\\\/\\\/my-french-grocery.com\\\/es\\\/producto\\\/fideos-instantaneos-banzai-pollo-teriyaki-lustucru\\\/\",\"name\":\"Fideos Instant\u00e1neos Banza\u00ef Pollo Teriyaki Lustucru | Comprar En Linea | My French Grocery\",\"isPartOf\":{\"@id\":\"https:\\\/\\\/my-french-grocery.com\\\/es\\\/#website\"},\"primaryImageOfPage\":{\"@id\":\"https:\\\/\\\/my-french-grocery.com\\\/es\\\/producto\\\/fideos-instantaneos-banzai-pollo-teriyaki-lustucru\\\/#primaryimage\"},\"image\":{\"@id\":\"https:\\\/\\\/my-french-grocery.com\\\/es\\\/producto\\\/fideos-instantaneos-banzai-pollo-teriyaki-lustucru\\\/#primaryimage\"},\"thumbnailUrl\":\"https:\\\/\\\/my-french-grocery.com\\\/wp-content\\\/uploads\\\/2021\\\/05\\\/Banzai-Noodle-Chicken-teriyaki.jpg\",\"datePublished\":\"2021-05-21T15:54:35+00:00\",\"dateModified\":\"2021-05-25T13:10:06+00:00\",\"description\":\"Fideos Instant\u00e1neos Banza\u00ef Pollo Teriyaki Lustucru - Tarro de 60g - Date un capricho con esta receta de sabor a Pollo Teriyaki BANZA\u00cf NOODLE\",\"breadcrumb\":{\"@id\":\"https:\\\/\\\/my-french-grocery.com\\\/es\\\/producto\\\/fideos-instantaneos-banzai-pollo-teriyaki-lustucru\\\/#breadcrumb\"},\"inLanguage\":\"es-ES\",\"potentialAction\":[{\"@type\":\"ReadAction\",\"target\":[\"https:\\\/\\\/my-french-grocery.com\\\/es\\\/producto\\\/fideos-instantaneos-banzai-pollo-teriyaki-lustucru\\\/\"]}]},{\"@type\":\"ImageObject\",\"inLanguage\":\"es-ES\",\"@id\":\"https:\\\/\\\/my-french-grocery.com\\\/es\\\/producto\\\/fideos-instantaneos-banzai-pollo-teriyaki-lustucru\\\/#primaryimage\",\"url\":\"https:\\\/\\\/my-french-grocery.com\\\/wp-content\\\/uploads\\\/2021\\\/05\\\/Banzai-Noodle-Chicken-teriyaki.jpg\",\"contentUrl\":\"https:\\\/\\\/my-french-grocery.com\\\/wp-content\\\/uploads\\\/2021\\\/05\\\/Banzai-Noodle-Chicken-teriyaki.jpg\",\"width\":1500,\"height\":1500,\"caption\":\"Fideos Instant\u00e1neos Banza\u00ef Pollo Teriyaki Lustucru\"},{\"@type\":\"BreadcrumbList\",\"@id\":\"https:\\\/\\\/my-french-grocery.com\\\/es\\\/producto\\\/fideos-instantaneos-banzai-pollo-teriyaki-lustucru\\\/#breadcrumb\",\"itemListElement\":[{\"@type\":\"ListItem\",\"position\":1,\"name\":\"Home\",\"item\":\"https:\\\/\\\/my-french-grocery.com\\\/es\\\/tienda-2\\\/\"},{\"@type\":\"ListItem\",\"position\":2,\"name\":\"Shop\",\"item\":\"https:\\\/\\\/my-french-grocery.com\\\/shop\\\/\"},{\"@type\":\"ListItem\",\"position\":3,\"name\":\"Pastas, Arroz, Pur\u00e9s, Granos\",\"item\":\"https:\\\/\\\/my-french-grocery.com\\\/es\\\/categoria-producto\\\/pastas-arroz-pures-granos\\\/\"},{\"@type\":\"ListItem\",\"position\":4,\"name\":\"Fideos Instant\u00e1neos Banza\u00ef Pollo Teriyaki Lustucru\"}]},{\"@type\":\"WebSite\",\"@id\":\"https:\\\/\\\/my-french-grocery.com\\\/es\\\/#website\",\"url\":\"https:\\\/\\\/my-french-grocery.com\\\/es\\\/\",\"name\":\"My French Grocery\",\"description\":\"Your Online French Grocery  !\",\"publisher\":{\"@id\":\"https:\\\/\\\/my-french-grocery.com\\\/es\\\/#organization\"},\"potentialAction\":[{\"@type\":\"SearchAction\",\"target\":{\"@type\":\"EntryPoint\",\"urlTemplate\":\"https:\\\/\\\/my-french-grocery.com\\\/es\\\/?s={search_term_string}\"},\"query-input\":{\"@type\":\"PropertyValueSpecification\",\"valueRequired\":true,\"valueName\":\"search_term_string\"}}],\"inLanguage\":\"es-ES\"},{\"@type\":\"Organization\",\"@id\":\"https:\\\/\\\/my-french-grocery.com\\\/es\\\/#organization\",\"name\":\"MY FRENCH GROCERY\",\"url\":\"https:\\\/\\\/my-french-grocery.com\\\/es\\\/\",\"logo\":{\"@type\":\"ImageObject\",\"inLanguage\":\"es-ES\",\"@id\":\"https:\\\/\\\/my-french-grocery.com\\\/es\\\/#\\\/schema\\\/logo\\\/image\\\/\",\"url\":\"https:\\\/\\\/my-french-grocery.com\\\/wp-content\\\/uploads\\\/2021\\\/11\\\/My-French-Grocery-Online-French-Grocery.png\",\"contentUrl\":\"https:\\\/\\\/my-french-grocery.com\\\/wp-content\\\/uploads\\\/2021\\\/11\\\/My-French-Grocery-Online-French-Grocery.png\",\"width\":100,\"height\":100,\"caption\":\"MY FRENCH GROCERY\"},\"image\":{\"@id\":\"https:\\\/\\\/my-french-grocery.com\\\/es\\\/#\\\/schema\\\/logo\\\/image\\\/\"},\"sameAs\":[\"https:\\\/\\\/www.facebook.com\\\/myfrenchgrocery\\\/\"]}]}<\/script>\n<!-- \/ Yoast SEO plugin. -->","yoast_head_json":{"title":"Fideos Instant\u00e1neos Banza\u00ef Pollo Teriyaki Lustucru | Comprar En Linea | My French Grocery","description":"Fideos Instant\u00e1neos Banza\u00ef Pollo Teriyaki Lustucru - Tarro de 60g - Date un capricho con esta receta de sabor a Pollo Teriyaki BANZA\u00cf NOODLE","robots":{"index":"index","follow":"follow","max-snippet":"max-snippet:-1","max-image-preview":"max-image-preview:large","max-video-preview":"max-video-preview:-1"},"canonical":"https:\/\/my-french-grocery.com\/es\/producto\/fideos-instantaneos-banzai-pollo-teriyaki-lustucru\/","og_locale":"es_ES","og_type":"article","og_title":"Fideos Instant\u00e1neos Banza\u00ef Pollo Teriyaki Lustucru | Comprar En Linea | My French Grocery","og_description":"Fideos Instant\u00e1neos Banza\u00ef Pollo Teriyaki Lustucru - Tarro de 60g - Date un capricho con esta receta de sabor a Pollo Teriyaki BANZA\u00cf NOODLE","og_url":"https:\/\/my-french-grocery.com\/es\/producto\/fideos-instantaneos-banzai-pollo-teriyaki-lustucru\/","og_site_name":"My French Grocery","article_publisher":"https:\/\/www.facebook.com\/myfrenchgrocery\/","article_modified_time":"2021-05-25T13:10:06+00:00","og_image":[{"width":1500,"height":1500,"url":"https:\/\/my-french-grocery.com\/wp-content\/uploads\/2021\/05\/Banzai-Noodle-Chicken-teriyaki.jpg","type":"image\/jpeg"}],"twitter_card":"summary_large_image","schema":{"@context":"https:\/\/schema.org","@graph":[{"@type":"WebPage","@id":"https:\/\/my-french-grocery.com\/es\/producto\/fideos-instantaneos-banzai-pollo-teriyaki-lustucru\/","url":"https:\/\/my-french-grocery.com\/es\/producto\/fideos-instantaneos-banzai-pollo-teriyaki-lustucru\/","name":"Fideos Instant\u00e1neos Banza\u00ef Pollo Teriyaki Lustucru | Comprar En Linea | My French Grocery","isPartOf":{"@id":"https:\/\/my-french-grocery.com\/es\/#website"},"primaryImageOfPage":{"@id":"https:\/\/my-french-grocery.com\/es\/producto\/fideos-instantaneos-banzai-pollo-teriyaki-lustucru\/#primaryimage"},"image":{"@id":"https:\/\/my-french-grocery.com\/es\/producto\/fideos-instantaneos-banzai-pollo-teriyaki-lustucru\/#primaryimage"},"thumbnailUrl":"https:\/\/my-french-grocery.com\/wp-content\/uploads\/2021\/05\/Banzai-Noodle-Chicken-teriyaki.jpg","datePublished":"2021-05-21T15:54:35+00:00","dateModified":"2021-05-25T13:10:06+00:00","description":"Fideos Instant\u00e1neos Banza\u00ef Pollo Teriyaki Lustucru - Tarro de 60g - Date un capricho con esta receta de sabor a Pollo Teriyaki BANZA\u00cf NOODLE","breadcrumb":{"@id":"https:\/\/my-french-grocery.com\/es\/producto\/fideos-instantaneos-banzai-pollo-teriyaki-lustucru\/#breadcrumb"},"inLanguage":"es-ES","potentialAction":[{"@type":"ReadAction","target":["https:\/\/my-french-grocery.com\/es\/producto\/fideos-instantaneos-banzai-pollo-teriyaki-lustucru\/"]}]},{"@type":"ImageObject","inLanguage":"es-ES","@id":"https:\/\/my-french-grocery.com\/es\/producto\/fideos-instantaneos-banzai-pollo-teriyaki-lustucru\/#primaryimage","url":"https:\/\/my-french-grocery.com\/wp-content\/uploads\/2021\/05\/Banzai-Noodle-Chicken-teriyaki.jpg","contentUrl":"https:\/\/my-french-grocery.com\/wp-content\/uploads\/2021\/05\/Banzai-Noodle-Chicken-teriyaki.jpg","width":1500,"height":1500,"caption":"Fideos Instant\u00e1neos Banza\u00ef Pollo Teriyaki Lustucru"},{"@type":"BreadcrumbList","@id":"https:\/\/my-french-grocery.com\/es\/producto\/fideos-instantaneos-banzai-pollo-teriyaki-lustucru\/#breadcrumb","itemListElement":[{"@type":"ListItem","position":1,"name":"Home","item":"https:\/\/my-french-grocery.com\/es\/tienda-2\/"},{"@type":"ListItem","position":2,"name":"Shop","item":"https:\/\/my-french-grocery.com\/shop\/"},{"@type":"ListItem","position":3,"name":"Pastas, Arroz, Pur\u00e9s, Granos","item":"https:\/\/my-french-grocery.com\/es\/categoria-producto\/pastas-arroz-pures-granos\/"},{"@type":"ListItem","position":4,"name":"Fideos Instant\u00e1neos Banza\u00ef Pollo Teriyaki Lustucru"}]},{"@type":"WebSite","@id":"https:\/\/my-french-grocery.com\/es\/#website","url":"https:\/\/my-french-grocery.com\/es\/","name":"My French Grocery","description":"Your Online French Grocery  !","publisher":{"@id":"https:\/\/my-french-grocery.com\/es\/#organization"},"potentialAction":[{"@type":"SearchAction","target":{"@type":"EntryPoint","urlTemplate":"https:\/\/my-french-grocery.com\/es\/?s={search_term_string}"},"query-input":{"@type":"PropertyValueSpecification","valueRequired":true,"valueName":"search_term_string"}}],"inLanguage":"es-ES"},{"@type":"Organization","@id":"https:\/\/my-french-grocery.com\/es\/#organization","name":"MY FRENCH GROCERY","url":"https:\/\/my-french-grocery.com\/es\/","logo":{"@type":"ImageObject","inLanguage":"es-ES","@id":"https:\/\/my-french-grocery.com\/es\/#\/schema\/logo\/image\/","url":"https:\/\/my-french-grocery.com\/wp-content\/uploads\/2021\/11\/My-French-Grocery-Online-French-Grocery.png","contentUrl":"https:\/\/my-french-grocery.com\/wp-content\/uploads\/2021\/11\/My-French-Grocery-Online-French-Grocery.png","width":100,"height":100,"caption":"MY FRENCH GROCERY"},"image":{"@id":"https:\/\/my-french-grocery.com\/es\/#\/schema\/logo\/image\/"},"sameAs":["https:\/\/www.facebook.com\/myfrenchgrocery\/"]}]}},"brands":[{"id":2091,"name":"Lustucru","slug":"lustucru-es-2"}],"_links":{"self":[{"href":"https:\/\/my-french-grocery.com\/es\/wp-json\/wp\/v2\/product\/16826","targetHints":{"allow":["GET"]}}],"collection":[{"href":"https:\/\/my-french-grocery.com\/es\/wp-json\/wp\/v2\/product"}],"about":[{"href":"https:\/\/my-french-grocery.com\/es\/wp-json\/wp\/v2\/types\/product"}],"replies":[{"embeddable":true,"href":"https:\/\/my-french-grocery.com\/es\/wp-json\/wp\/v2\/comments?post=16826"}],"wp:featuredmedia":[{"embeddable":true,"href":"https:\/\/my-french-grocery.com\/es\/wp-json\/wp\/v2\/media\/16833"}],"wp:attachment":[{"href":"https:\/\/my-french-grocery.com\/es\/wp-json\/wp\/v2\/media?parent=16826"}],"wp:term":[{"taxonomy":"pwb-brand","embeddable":true,"href":"https:\/\/my-french-grocery.com\/es\/wp-json\/wp\/v2\/pwb-brand?post=16826"},{"taxonomy":"product_brand","embeddable":true,"href":"https:\/\/my-french-grocery.com\/es\/wp-json\/wp\/v2\/product_brand?post=16826"},{"taxonomy":"product_cat","embeddable":true,"href":"https:\/\/my-french-grocery.com\/es\/wp-json\/wp\/v2\/product_cat?post=16826"},{"taxonomy":"product_tag","embeddable":true,"href":"https:\/\/my-french-grocery.com\/es\/wp-json\/wp\/v2\/product_tag?post=16826"}],"curies":[{"name":"wp","href":"https:\/\/api.w.org\/{rel}","templated":true}]}}